{"id":22661,"date":"2024-10-11T13:15:11","date_gmt":"2024-10-11T11:15:11","guid":{"rendered":"https:\/\/chakshu.fr\/terms-of-use\/"},"modified":"2025-12-04T19:49:04","modified_gmt":"2025-12-04T18:49:04","slug":"terms-of-use","status":"publish","type":"page","link":"https:\/\/chakshu.fr\/en\/terms-of-use\/","title":{"rendered":"Legal notices"},"content":{"rendered":"\t\t<div data-elementor-type=\"wp-page\" data-elementor-id=\"22661\" class=\"elementor elementor-22661 elementor-1990\" data-elementor-post-type=\"page\">\n\t\t\t\t<div class=\"elementor-element elementor-element-1bfd58d2 e-flex e-con-boxed e-con e-parent\" data-id=\"1bfd58d2\" data-element_type=\"container\" data-e-type=\"container\" data-settings=\"{&quot;jet_parallax_layout_list&quot;:[]}\">\n\t\t\t\t\t<div class=\"e-con-inner\">\n\t\t\t\t<div class=\"elementor-element elementor-element-63639a65 elementor-widget elementor-widget-image\" data-id=\"63639a65\" data-element_type=\"widget\" data-e-type=\"widget\" data-widget_type=\"image.default\">\n\t\t\t\t<div class=\"elementor-widget-container\">\n\t\t\t\t\t\t\t\t\t\t\t\t\t\t\t<img fetchpriority=\"high\" decoding=\"async\" width=\"4167\" height=\"4167\" src=\"https:\/\/chakshu.fr\/wp-content\/uploads\/2024\/08\/Jaguar-dore.png\" class=\"attachment-full size-full wp-image-22252\" alt=\"Bijou \u00e9l\u00e9gant en or, repr\u00e9sentant un l\u00e9opard stylis\u00e9, orn\u00e9 dune pierre lumineuse.\" srcset=\"https:\/\/chakshu.fr\/wp-content\/uploads\/2024\/08\/Jaguar-dore.png 4167w, https:\/\/chakshu.fr\/wp-content\/uploads\/2024\/08\/Jaguar-dore-300x300.png 300w, https:\/\/chakshu.fr\/wp-content\/uploads\/2024\/08\/Jaguar-dore-100x100.png 100w, https:\/\/chakshu.fr\/wp-content\/uploads\/2024\/08\/Jaguar-dore-600x600.png 600w, https:\/\/chakshu.fr\/wp-content\/uploads\/2024\/08\/Jaguar-dore-1024x1024.png 1024w, https:\/\/chakshu.fr\/wp-content\/uploads\/2024\/08\/Jaguar-dore-150x150.png 150w, https:\/\/chakshu.fr\/wp-content\/uploads\/2024\/08\/Jaguar-dore-768x768.png 768w, https:\/\/chakshu.fr\/wp-content\/uploads\/2024\/08\/Jaguar-dore-1536x1536.png 1536w, https:\/\/chakshu.fr\/wp-content\/uploads\/2024\/08\/Jaguar-dore-2048x2048.png 2048w\" sizes=\"(max-width: 4167px) 100vw, 4167px\" \/>\t\t\t\t\t\t\t\t\t\t\t\t\t\t\t<\/div>\n\t\t\t\t<\/div>\n\t\t\t\t<div class=\"elementor-element elementor-element-166e0f2b elementor-widget elementor-widget-heading\" data-id=\"166e0f2b\" data-element_type=\"widget\" data-e-type=\"widget\" data-widget_type=\"heading.default\">\n\t\t\t\t<div class=\"elementor-widget-container\">\n\t\t\t\t\t<h2 class=\"elementor-heading-title elementor-size-default\">Legal notices<\/h2>\t\t\t\t<\/div>\n\t\t\t\t<\/div>\n\t\t\t\t<div class=\"elementor-element elementor-element-1bbf6579 elementor-widget elementor-widget-text-editor\" data-id=\"1bbf6579\" data-element_type=\"widget\" data-e-type=\"widget\" data-widget_type=\"text-editor.default\">\n\t\t\t\t<div class=\"elementor-widget-container\">\n\t\t\t\t\t\t\t\t\t<p><strong>SITE EDITOR :<\/strong><\/p><p>Chakshu<br>Owner: Charlotte Guislain<br>Address: 38, avenue Secr\u00e9tan 75019 Paris<br>Contact: info@chakshu.fr<br>SIRET N\u00b0: 792 681 603 00033 <br>Publication manager: Charlotte Guislain<\/p><p><strong>SITE HOST :<\/strong><\/p><p>Host name: Infomaniak<\/p><p>Address of host: Les Acacias, Geneva, Switzerland<br>Contact of host: contact@infomaniak.com<\/p><p><strong>CONTRIBUTORS :<\/strong><\/p><p><strong>Artistic director:<\/strong> Ana\u00efs G\u00e9not<\/p><p><strong>Main photographs and portraits by<\/strong> Alice Lemarin, reworked using vintage recoloring techniques.<\/p><p><strong>Logo et charte graphique :<\/strong> Morgane Parma No Spoon<\/p><p><strong>Jewelry packshots:<\/strong> Beno\u00eet Teillet<br><br>Other photographs : Laetitia Duarte, Galina Turmine, Charlotte Guislain<br><br>Models : Clarita Beny, Rosa Gomez, Louise Deren<\/p><p><strong>Other photographs :<\/strong> Laetitia Duarte, Galina Turmine, Charlotte Guislain<\/p><p><strong>Models:<\/strong> Clarita Beny, Rosa Gomez, Louise Deren<\/p><p><strong>Website creation and integration:<\/strong> G\u00e9rard Zaka, Azka Agency<\/p>\t\t\t\t\t\t\t\t<\/div>\n\t\t\t\t<\/div>\n\t\t\t\t<div class=\"elementor-element elementor-element-a28459a elementor-widget elementor-widget-image\" data-id=\"a28459a\" data-element_type=\"widget\" data-e-type=\"widget\" data-widget_type=\"image.default\">\n\t\t\t\t<div class=\"elementor-widget-container\">\n\t\t\t\t\t\t\t\t\t\t\t\t\t\t\t<img decoding=\"async\" width=\"588\" height=\"424\" src=\"https:\/\/chakshu.fr\/wp-content\/uploads\/2024\/09\/Logo-vert-scaled-e1722539821609-removebg-preview.png\" class=\"attachment-full size-full wp-image-22454\" alt=\"Broche \u00e9l\u00e9gante en forme de l\u00e9opard, orn\u00e9e dune pierre pr\u00e9cieuse et dun motif floral.\" srcset=\"https:\/\/chakshu.fr\/wp-content\/uploads\/2024\/09\/Logo-vert-scaled-e1722539821609-removebg-preview.png 588w, https:\/\/chakshu.fr\/wp-content\/uploads\/2024\/09\/Logo-vert-scaled-e1722539821609-removebg-preview-300x216.png 300w\" sizes=\"(max-width: 588px) 100vw, 588px\" \/>\t\t\t\t\t\t\t\t\t\t\t\t\t\t\t<\/div>\n\t\t\t\t<\/div>\n\t\t\t\t\t<\/div>\n\t\t\t\t<\/div>\n\t\t\t\t<\/div>\n\t\t","protected":false},"excerpt":{"rendered":"<p>SITE EDITOR : ChakshuOwner: Charlotte GuislainAddress: 38, avenue Secr\u00e9tan 75019 ParisContact: info@chakshu.frSIRET N\u00b0: 792 681 603 00033 Publication manager: Charlotte Guislain SITE HOST : Host name: Infomaniak Address of host: Les Acacias, Geneva, SwitzerlandContact of host: contact@infomaniak.com CONTRIBUTORS : Artistic director: Ana\u00efs G\u00e9not Main photographs and portraits by Alice Lemarin, reworked using vintage recoloring techniques. [&hellip;]<\/p>\n","protected":false},"author":1,"featured_media":0,"parent":0,"menu_order":0,"comment_status":"closed","ping_status":"closed","template":"elementor_header_footer","meta":{"_acf_changed":false,"om_disable_all_campaigns":false,"_monsterinsights_skip_tracking":false,"_monsterinsights_sitenote_active":false,"_monsterinsights_sitenote_note":"","_monsterinsights_sitenote_category":0,"_uf_show_specific_survey":0,"_uf_disable_surveys":false,"footnotes":""},"class_list":["post-22661","page","type-page","status-publish","hentry"],"acf":[],"yoast_head":"<!-- This site is optimized with the Yoast SEO plugin v27.4 - https:\/\/yoast.com\/product\/yoast-seo-wordpress\/ -->\n<title>Legal notices - Chakshu<\/title>\n<meta name=\"robots\" content=\"index, follow, max-snippet:-1, max-image-preview:large, max-video-preview:-1\" \/>\n<link rel=\"canonical\" href=\"https:\/\/chakshu.fr\/en\/terms-of-use\/\" \/>\n<meta property=\"og:locale\" content=\"en_US\" \/>\n<meta property=\"og:type\" content=\"article\" \/>\n<meta property=\"og:title\" content=\"Legal notices - Chakshu\" \/>\n<meta property=\"og:description\" content=\"SITE EDITOR : ChakshuOwner: Charlotte GuislainAddress: 38, avenue Secr\u00e9tan 75019 ParisContact: info@chakshu.frSIRET N\u00b0: 792 681 603 00033 Publication manager: Charlotte Guislain SITE HOST : Host name: Infomaniak Address of host: Les Acacias, Geneva, SwitzerlandContact of host: contact@infomaniak.com CONTRIBUTORS : Artistic director: Ana\u00efs G\u00e9not Main photographs and portraits by Alice Lemarin, reworked using vintage recoloring techniques. [&hellip;]\" \/>\n<meta property=\"og:url\" content=\"https:\/\/chakshu.fr\/en\/terms-of-use\/\" \/>\n<meta property=\"og:site_name\" content=\"Chakshu\" \/>\n<meta property=\"article:publisher\" content=\"https:\/\/www.facebook.com\/chakshucreations\/?locale=fr_FR\" \/>\n<meta property=\"article:modified_time\" content=\"2025-12-04T18:49:04+00:00\" \/>\n<meta property=\"og:image\" content=\"https:\/\/chakshu.fr\/wp-content\/uploads\/2024\/08\/Jaguar-dore.png\" \/>\n<meta name=\"twitter:card\" content=\"summary_large_image\" \/>\n<script type=\"application\/ld+json\" class=\"yoast-schema-graph\">{\"@context\":\"https:\\\/\\\/schema.org\",\"@graph\":[{\"@type\":\"WebPage\",\"@id\":\"https:\\\/\\\/chakshu.fr\\\/en\\\/terms-of-use\\\/\",\"url\":\"https:\\\/\\\/chakshu.fr\\\/en\\\/terms-of-use\\\/\",\"name\":\"Legal notices - Chakshu\",\"isPartOf\":{\"@id\":\"https:\\\/\\\/chakshu.fr\\\/en\\\/#website\"},\"primaryImageOfPage\":{\"@id\":\"https:\\\/\\\/chakshu.fr\\\/en\\\/terms-of-use\\\/#primaryimage\"},\"image\":{\"@id\":\"https:\\\/\\\/chakshu.fr\\\/en\\\/terms-of-use\\\/#primaryimage\"},\"thumbnailUrl\":\"https:\\\/\\\/chakshu.fr\\\/wp-content\\\/uploads\\\/2024\\\/08\\\/Jaguar-dore.png\",\"datePublished\":\"2024-10-11T11:15:11+00:00\",\"dateModified\":\"2025-12-04T18:49:04+00:00\",\"breadcrumb\":{\"@id\":\"https:\\\/\\\/chakshu.fr\\\/en\\\/terms-of-use\\\/#breadcrumb\"},\"inLanguage\":\"en-US\",\"potentialAction\":[{\"@type\":\"ReadAction\",\"target\":[\"https:\\\/\\\/chakshu.fr\\\/en\\\/terms-of-use\\\/\"]}]},{\"@type\":\"ImageObject\",\"inLanguage\":\"en-US\",\"@id\":\"https:\\\/\\\/chakshu.fr\\\/en\\\/terms-of-use\\\/#primaryimage\",\"url\":\"https:\\\/\\\/chakshu.fr\\\/wp-content\\\/uploads\\\/2024\\\/08\\\/Jaguar-dore.png\",\"contentUrl\":\"https:\\\/\\\/chakshu.fr\\\/wp-content\\\/uploads\\\/2024\\\/08\\\/Jaguar-dore.png\"},{\"@type\":\"BreadcrumbList\",\"@id\":\"https:\\\/\\\/chakshu.fr\\\/en\\\/terms-of-use\\\/#breadcrumb\",\"itemListElement\":[{\"@type\":\"ListItem\",\"position\":1,\"name\":\"Accueil\",\"item\":\"https:\\\/\\\/chakshu.fr\\\/en\\\/homepage\\\/\"},{\"@type\":\"ListItem\",\"position\":2,\"name\":\"Legal notices\"}]},{\"@type\":\"WebSite\",\"@id\":\"https:\\\/\\\/chakshu.fr\\\/en\\\/#website\",\"url\":\"https:\\\/\\\/chakshu.fr\\\/en\\\/\",\"name\":\"Chakshu\",\"description\":\"Bijoux ethniques modernes\",\"potentialAction\":[{\"@type\":\"SearchAction\",\"target\":{\"@type\":\"EntryPoint\",\"urlTemplate\":\"https:\\\/\\\/chakshu.fr\\\/en\\\/?s={search_term_string}\"},\"query-input\":{\"@type\":\"PropertyValueSpecification\",\"valueRequired\":true,\"valueName\":\"search_term_string\"}}],\"inLanguage\":\"en-US\"}]}<\/script>\n<!-- \/ Yoast SEO plugin. -->","yoast_head_json":{"title":"Legal notices - Chakshu","robots":{"index":"index","follow":"follow","max-snippet":"max-snippet:-1","max-image-preview":"max-image-preview:large","max-video-preview":"max-video-preview:-1"},"canonical":"https:\/\/chakshu.fr\/en\/terms-of-use\/","og_locale":"en_US","og_type":"article","og_title":"Legal notices - Chakshu","og_description":"SITE EDITOR : ChakshuOwner: Charlotte GuislainAddress: 38, avenue Secr\u00e9tan 75019 ParisContact: info@chakshu.frSIRET N\u00b0: 792 681 603 00033 Publication manager: Charlotte Guislain SITE HOST : Host name: Infomaniak Address of host: Les Acacias, Geneva, SwitzerlandContact of host: contact@infomaniak.com CONTRIBUTORS : Artistic director: Ana\u00efs G\u00e9not Main photographs and portraits by Alice Lemarin, reworked using vintage recoloring techniques. [&hellip;]","og_url":"https:\/\/chakshu.fr\/en\/terms-of-use\/","og_site_name":"Chakshu","article_publisher":"https:\/\/www.facebook.com\/chakshucreations\/?locale=fr_FR","article_modified_time":"2025-12-04T18:49:04+00:00","og_image":[{"url":"https:\/\/chakshu.fr\/wp-content\/uploads\/2024\/08\/Jaguar-dore.png","type":"","width":"","height":""}],"twitter_card":"summary_large_image","schema":{"@context":"https:\/\/schema.org","@graph":[{"@type":"WebPage","@id":"https:\/\/chakshu.fr\/en\/terms-of-use\/","url":"https:\/\/chakshu.fr\/en\/terms-of-use\/","name":"Legal notices - Chakshu","isPartOf":{"@id":"https:\/\/chakshu.fr\/en\/#website"},"primaryImageOfPage":{"@id":"https:\/\/chakshu.fr\/en\/terms-of-use\/#primaryimage"},"image":{"@id":"https:\/\/chakshu.fr\/en\/terms-of-use\/#primaryimage"},"thumbnailUrl":"https:\/\/chakshu.fr\/wp-content\/uploads\/2024\/08\/Jaguar-dore.png","datePublished":"2024-10-11T11:15:11+00:00","dateModified":"2025-12-04T18:49:04+00:00","breadcrumb":{"@id":"https:\/\/chakshu.fr\/en\/terms-of-use\/#breadcrumb"},"inLanguage":"en-US","potentialAction":[{"@type":"ReadAction","target":["https:\/\/chakshu.fr\/en\/terms-of-use\/"]}]},{"@type":"ImageObject","inLanguage":"en-US","@id":"https:\/\/chakshu.fr\/en\/terms-of-use\/#primaryimage","url":"https:\/\/chakshu.fr\/wp-content\/uploads\/2024\/08\/Jaguar-dore.png","contentUrl":"https:\/\/chakshu.fr\/wp-content\/uploads\/2024\/08\/Jaguar-dore.png"},{"@type":"BreadcrumbList","@id":"https:\/\/chakshu.fr\/en\/terms-of-use\/#breadcrumb","itemListElement":[{"@type":"ListItem","position":1,"name":"Accueil","item":"https:\/\/chakshu.fr\/en\/homepage\/"},{"@type":"ListItem","position":2,"name":"Legal notices"}]},{"@type":"WebSite","@id":"https:\/\/chakshu.fr\/en\/#website","url":"https:\/\/chakshu.fr\/en\/","name":"Chakshu","description":"Bijoux ethniques modernes","potentialAction":[{"@type":"SearchAction","target":{"@type":"EntryPoint","urlTemplate":"https:\/\/chakshu.fr\/en\/?s={search_term_string}"},"query-input":{"@type":"PropertyValueSpecification","valueRequired":true,"valueName":"search_term_string"}}],"inLanguage":"en-US"}]}},"_links":{"self":[{"href":"https:\/\/chakshu.fr\/en\/wp-json\/wp\/v2\/pages\/22661","targetHints":{"allow":["GET"]}}],"collection":[{"href":"https:\/\/chakshu.fr\/en\/wp-json\/wp\/v2\/pages"}],"about":[{"href":"https:\/\/chakshu.fr\/en\/wp-json\/wp\/v2\/types\/page"}],"author":[{"embeddable":true,"href":"https:\/\/chakshu.fr\/en\/wp-json\/wp\/v2\/users\/1"}],"replies":[{"embeddable":true,"href":"https:\/\/chakshu.fr\/en\/wp-json\/wp\/v2\/comments?post=22661"}],"version-history":[{"count":5,"href":"https:\/\/chakshu.fr\/en\/wp-json\/wp\/v2\/pages\/22661\/revisions"}],"predecessor-version":[{"id":24804,"href":"https:\/\/chakshu.fr\/en\/wp-json\/wp\/v2\/pages\/22661\/revisions\/24804"}],"wp:attachment":[{"href":"https:\/\/chakshu.fr\/en\/wp-json\/wp\/v2\/media?parent=22661"}],"curies":[{"name":"wp","href":"https:\/\/api.w.org\/{rel}","templated":true}]}}