{"id":22691,"date":"2024-09-05T16:51:26","date_gmt":"2024-09-05T14:51:26","guid":{"rendered":"https:\/\/chakshu.fr\/the-material\/"},"modified":"2024-10-17T09:18:50","modified_gmt":"2024-10-17T07:18:50","slug":"the-material","status":"publish","type":"page","link":"https:\/\/chakshu.fr\/en\/the-material\/","title":{"rendered":"THE MATERIAL"},"content":{"rendered":"\t\t<div data-elementor-type=\"wp-page\" data-elementor-id=\"22691\" class=\"elementor elementor-22691 elementor-791\" data-elementor-post-type=\"page\">\n\t\t\t\t<div class=\"elementor-element elementor-element-d4d00f5 e-flex e-con-boxed e-con e-parent\" data-id=\"d4d00f5\" data-element_type=\"container\" data-e-type=\"container\" data-settings=\"{&quot;jet_parallax_layout_list&quot;:[]}\">\n\t\t\t\t\t<div class=\"e-con-inner\">\n\t\t\t\t<div class=\"elementor-element elementor-element-5dc4490d elementor-widget elementor-widget-heading\" data-id=\"5dc4490d\" data-element_type=\"widget\" data-e-type=\"widget\" data-widget_type=\"heading.default\">\n\t\t\t\t<div class=\"elementor-widget-container\">\n\t\t\t\t\t<h2 class=\"elementor-heading-title elementor-size-default\">THE MATERIAL<\/h2>\t\t\t\t<\/div>\n\t\t\t\t<\/div>\n\t\t\t\t<div class=\"elementor-element elementor-element-1d8ca05 elementor-widget elementor-widget-text-editor\" data-id=\"1d8ca05\" data-element_type=\"widget\" data-e-type=\"widget\" data-widget_type=\"text-editor.default\">\n\t\t\t\t<div class=\"elementor-widget-container\">\n\t\t\t\t\t\t\t\t\t<p>Each material, each stone, is a universe unto itself. From coral, which carries within it the power of the ocean, to beetles, ancient protectors, to opal, my fetish stone, mysterious and ever-changing. Each piece of jewelry tells a unique story, imbued with the symbolism of its rare and fascinating materials. By choosing a material, you choose the energy that will accompany you, a direct link with nature and its hidden treasures.   <\/p>\n\t\t\t\t\t\t\t\t<\/div>\n\t\t\t\t<\/div>\n\t\t<div class=\"elementor-element elementor-element-74c132c4 e-con-full e-flex e-con e-child\" data-id=\"74c132c4\" data-element_type=\"container\" data-e-type=\"container\" data-settings=\"{&quot;jet_parallax_layout_list&quot;:[]}\">\n\t\t\t\t<div class=\"elementor-element elementor-element-ea42395 jet-woo-builder-title-line-wrap-yes elementor-widget elementor-widget-jet-woo-categories\" data-id=\"ea42395\" data-element_type=\"widget\" data-e-type=\"widget\" data-settings=\"{&quot;columns&quot;:4,&quot;columns_tablet&quot;:2,&quot;columns_mobile&quot;:1}\" data-widget_type=\"jet-woo-categories.default\">\n\t\t\t\t<div class=\"elementor-widget-container\">\n\t\t\t\t\t<div class=\"elementor-jet-woo-categories jet-woo-builder\"><h3 class=\"jet-woo-categories__not-found\">Categories not found<\/h3><\/div>\t\t\t\t<\/div>\n\t\t\t\t<\/div>\n\t\t\t\t<\/div>\n\t\t\t\t\t<\/div>\n\t\t\t\t<\/div>\n\t\t<div class=\"elementor-element elementor-element-6ea15603 e-flex e-con-boxed e-con e-parent\" data-id=\"6ea15603\" data-element_type=\"container\" data-e-type=\"container\" data-settings=\"{&quot;jet_parallax_layout_list&quot;:[]}\">\n\t\t\t\t\t<div class=\"e-con-inner\">\n\t\t\t\t<div class=\"elementor-element elementor-element-613fb74e elementor-widget elementor-widget-heading\" data-id=\"613fb74e\" data-element_type=\"widget\" data-e-type=\"widget\" data-widget_type=\"heading.default\">\n\t\t\t\t<div class=\"elementor-widget-container\">\n\t\t\t\t\t<h2 class=\"elementor-heading-title elementor-size-default\">YOU'LL ALSO LIKE<\/h2>\t\t\t\t<\/div>\n\t\t\t\t<\/div>\n\t\t\t\t<div class=\"woocommerce elementor-element elementor-element-6470f547 elementor-grid-4 elementor-grid-tablet-3 elementor-grid-mobile-1 elementor-widget elementor-widget-loop-grid\" data-id=\"6470f547\" data-element_type=\"widget\" data-e-type=\"widget\" data-settings=\"{&quot;_skin&quot;:&quot;product&quot;,&quot;template_id&quot;:22744,&quot;columns&quot;:4,&quot;columns_tablet&quot;:3,&quot;columns_mobile&quot;:&quot;1&quot;,&quot;edit_handle_selector&quot;:&quot;[data-elementor-type=\\&quot;loop-item\\&quot;]&quot;,&quot;row_gap&quot;:{&quot;unit&quot;:&quot;px&quot;,&quot;size&quot;:&quot;&quot;,&quot;sizes&quot;:[]},&quot;row_gap_tablet&quot;:{&quot;unit&quot;:&quot;px&quot;,&quot;size&quot;:&quot;&quot;,&quot;sizes&quot;:[]},&quot;row_gap_mobile&quot;:{&quot;unit&quot;:&quot;px&quot;,&quot;size&quot;:&quot;&quot;,&quot;sizes&quot;:[]}}\" data-widget_type=\"loop-grid.product\">\n\t\t\t\t<div class=\"elementor-widget-container\">\n\t\t\t\t\t\t\t<div class=\"e-loop-nothing-found-message\">\n\t\t<\/div>\n\t\t\t\t\t\t<\/div>\n\t\t\t\t<\/div>\n\t\t\t\t<div class=\"elementor-element elementor-element-16977fdf elementor-widget elementor-widget-image\" data-id=\"16977fdf\" data-element_type=\"widget\" data-e-type=\"widget\" data-widget_type=\"image.default\">\n\t\t\t\t<div class=\"elementor-widget-container\">\n\t\t\t\t\t\t\t\t\t\t\t\t\t\t\t<img fetchpriority=\"high\" decoding=\"async\" width=\"2560\" height=\"1847\" src=\"https:\/\/chakshu.fr\/wp-content\/uploads\/2024\/08\/Logo-vert-scaled-e1722539821609.jpg\" class=\"attachment-full size-full wp-image-22243\" alt=\"Bijou \u00e9l\u00e9gant repr\u00e9sentant un l\u00e9opard stylis\u00e9, orn\u00e9 dune fleur et dun \u00e9clat lumineux.\" srcset=\"https:\/\/chakshu.fr\/wp-content\/uploads\/2024\/08\/Logo-vert-scaled-e1722539821609.jpg 2560w, https:\/\/chakshu.fr\/wp-content\/uploads\/2024\/08\/Logo-vert-scaled-e1722539821609-600x433.jpg 600w, https:\/\/chakshu.fr\/wp-content\/uploads\/2024\/08\/Logo-vert-scaled-e1722539821609-300x216.jpg 300w, https:\/\/chakshu.fr\/wp-content\/uploads\/2024\/08\/Logo-vert-scaled-e1722539821609-1024x739.jpg 1024w, https:\/\/chakshu.fr\/wp-content\/uploads\/2024\/08\/Logo-vert-scaled-e1722539821609-768x554.jpg 768w, https:\/\/chakshu.fr\/wp-content\/uploads\/2024\/08\/Logo-vert-scaled-e1722539821609-1536x1108.jpg 1536w, https:\/\/chakshu.fr\/wp-content\/uploads\/2024\/08\/Logo-vert-scaled-e1722539821609-2048x1478.jpg 2048w\" sizes=\"(max-width: 2560px) 100vw, 2560px\" \/>\t\t\t\t\t\t\t\t\t\t\t\t\t\t\t<\/div>\n\t\t\t\t<\/div>\n\t\t\t\t\t<\/div>\n\t\t\t\t<\/div>\n\t\t\t\t<\/div>\n\t\t","protected":false},"excerpt":{"rendered":"<p>Each material, each stone, is a universe unto itself. From coral, which carries within it the power of the ocean, to beetles, ancient protectors, to opal, my fetish stone, mysterious and ever-changing. Each piece of jewelry tells a unique story, imbued with the symbolism of its rare and fascinating materials. By choosing a material, you [&hellip;]<\/p>\n","protected":false},"author":1,"featured_media":0,"parent":0,"menu_order":0,"comment_status":"closed","ping_status":"closed","template":"elementor_header_footer","meta":{"_acf_changed":false,"om_disable_all_campaigns":false,"_monsterinsights_skip_tracking":false,"_monsterinsights_sitenote_active":false,"_monsterinsights_sitenote_note":"","_monsterinsights_sitenote_category":0,"_uf_show_specific_survey":0,"_uf_disable_surveys":false,"footnotes":""},"class_list":["post-22691","page","type-page","status-publish","hentry"],"acf":[],"yoast_head":"<!-- This site is optimized with the Yoast SEO plugin v27.4 - https:\/\/yoast.com\/product\/yoast-seo-wordpress\/ -->\n<title>THE MATERIAL - Chakshu<\/title>\n<meta name=\"robots\" content=\"index, follow, max-snippet:-1, max-image-preview:large, max-video-preview:-1\" \/>\n<link rel=\"canonical\" href=\"https:\/\/chakshu.fr\/en\/the-material\/\" \/>\n<meta property=\"og:locale\" content=\"en_US\" \/>\n<meta property=\"og:type\" content=\"article\" \/>\n<meta property=\"og:title\" content=\"THE MATERIAL - Chakshu\" \/>\n<meta property=\"og:description\" content=\"Each material, each stone, is a universe unto itself. From coral, which carries within it the power of the ocean, to beetles, ancient protectors, to opal, my fetish stone, mysterious and ever-changing. Each piece of jewelry tells a unique story, imbued with the symbolism of its rare and fascinating materials. By choosing a material, you [&hellip;]\" \/>\n<meta property=\"og:url\" content=\"https:\/\/chakshu.fr\/en\/the-material\/\" \/>\n<meta property=\"og:site_name\" content=\"Chakshu\" \/>\n<meta property=\"article:publisher\" content=\"https:\/\/www.facebook.com\/chakshucreations\/?locale=fr_FR\" \/>\n<meta property=\"article:modified_time\" content=\"2024-10-17T07:18:50+00:00\" \/>\n<meta property=\"og:image\" content=\"https:\/\/chakshu.fr\/wp-content\/uploads\/2024\/09\/Bague-Ganesh-Sphere-scaled.jpg\" \/>\n<meta name=\"twitter:card\" content=\"summary_large_image\" \/>\n<script type=\"application\/ld+json\" class=\"yoast-schema-graph\">{\"@context\":\"https:\\\/\\\/schema.org\",\"@graph\":[{\"@type\":\"WebPage\",\"@id\":\"https:\\\/\\\/chakshu.fr\\\/en\\\/the-material\\\/\",\"url\":\"https:\\\/\\\/chakshu.fr\\\/en\\\/the-material\\\/\",\"name\":\"THE MATERIAL - Chakshu\",\"isPartOf\":{\"@id\":\"https:\\\/\\\/chakshu.fr\\\/en\\\/#website\"},\"primaryImageOfPage\":{\"@id\":\"https:\\\/\\\/chakshu.fr\\\/en\\\/the-material\\\/#primaryimage\"},\"image\":{\"@id\":\"https:\\\/\\\/chakshu.fr\\\/en\\\/the-material\\\/#primaryimage\"},\"thumbnailUrl\":\"https:\\\/\\\/chakshu.fr\\\/wp-content\\\/uploads\\\/2024\\\/09\\\/Bague-Ganesh-Sphere-scaled.jpg\",\"datePublished\":\"2024-09-05T14:51:26+00:00\",\"dateModified\":\"2024-10-17T07:18:50+00:00\",\"breadcrumb\":{\"@id\":\"https:\\\/\\\/chakshu.fr\\\/en\\\/the-material\\\/#breadcrumb\"},\"inLanguage\":\"en-US\",\"potentialAction\":[{\"@type\":\"ReadAction\",\"target\":[\"https:\\\/\\\/chakshu.fr\\\/en\\\/the-material\\\/\"]}]},{\"@type\":\"ImageObject\",\"inLanguage\":\"en-US\",\"@id\":\"https:\\\/\\\/chakshu.fr\\\/en\\\/the-material\\\/#primaryimage\",\"url\":\"https:\\\/\\\/chakshu.fr\\\/wp-content\\\/uploads\\\/2024\\\/09\\\/Bague-Ganesh-Sphere-scaled.jpg\",\"contentUrl\":\"https:\\\/\\\/chakshu.fr\\\/wp-content\\\/uploads\\\/2024\\\/09\\\/Bague-Ganesh-Sphere-scaled.jpg\"},{\"@type\":\"BreadcrumbList\",\"@id\":\"https:\\\/\\\/chakshu.fr\\\/en\\\/the-material\\\/#breadcrumb\",\"itemListElement\":[{\"@type\":\"ListItem\",\"position\":1,\"name\":\"Accueil\",\"item\":\"https:\\\/\\\/chakshu.fr\\\/en\\\/homepage\\\/\"},{\"@type\":\"ListItem\",\"position\":2,\"name\":\"THE MATERIAL\"}]},{\"@type\":\"WebSite\",\"@id\":\"https:\\\/\\\/chakshu.fr\\\/en\\\/#website\",\"url\":\"https:\\\/\\\/chakshu.fr\\\/en\\\/\",\"name\":\"Chakshu\",\"description\":\"Bijoux ethniques modernes\",\"potentialAction\":[{\"@type\":\"SearchAction\",\"target\":{\"@type\":\"EntryPoint\",\"urlTemplate\":\"https:\\\/\\\/chakshu.fr\\\/en\\\/?s={search_term_string}\"},\"query-input\":{\"@type\":\"PropertyValueSpecification\",\"valueRequired\":true,\"valueName\":\"search_term_string\"}}],\"inLanguage\":\"en-US\"}]}<\/script>\n<!-- \/ Yoast SEO plugin. -->","yoast_head_json":{"title":"THE MATERIAL - Chakshu","robots":{"index":"index","follow":"follow","max-snippet":"max-snippet:-1","max-image-preview":"max-image-preview:large","max-video-preview":"max-video-preview:-1"},"canonical":"https:\/\/chakshu.fr\/en\/the-material\/","og_locale":"en_US","og_type":"article","og_title":"THE MATERIAL - Chakshu","og_description":"Each material, each stone, is a universe unto itself. From coral, which carries within it the power of the ocean, to beetles, ancient protectors, to opal, my fetish stone, mysterious and ever-changing. Each piece of jewelry tells a unique story, imbued with the symbolism of its rare and fascinating materials. By choosing a material, you [&hellip;]","og_url":"https:\/\/chakshu.fr\/en\/the-material\/","og_site_name":"Chakshu","article_publisher":"https:\/\/www.facebook.com\/chakshucreations\/?locale=fr_FR","article_modified_time":"2024-10-17T07:18:50+00:00","og_image":[{"url":"https:\/\/chakshu.fr\/wp-content\/uploads\/2024\/09\/Bague-Ganesh-Sphere-scaled.jpg","type":"","width":"","height":""}],"twitter_card":"summary_large_image","schema":{"@context":"https:\/\/schema.org","@graph":[{"@type":"WebPage","@id":"https:\/\/chakshu.fr\/en\/the-material\/","url":"https:\/\/chakshu.fr\/en\/the-material\/","name":"THE MATERIAL - Chakshu","isPartOf":{"@id":"https:\/\/chakshu.fr\/en\/#website"},"primaryImageOfPage":{"@id":"https:\/\/chakshu.fr\/en\/the-material\/#primaryimage"},"image":{"@id":"https:\/\/chakshu.fr\/en\/the-material\/#primaryimage"},"thumbnailUrl":"https:\/\/chakshu.fr\/wp-content\/uploads\/2024\/09\/Bague-Ganesh-Sphere-scaled.jpg","datePublished":"2024-09-05T14:51:26+00:00","dateModified":"2024-10-17T07:18:50+00:00","breadcrumb":{"@id":"https:\/\/chakshu.fr\/en\/the-material\/#breadcrumb"},"inLanguage":"en-US","potentialAction":[{"@type":"ReadAction","target":["https:\/\/chakshu.fr\/en\/the-material\/"]}]},{"@type":"ImageObject","inLanguage":"en-US","@id":"https:\/\/chakshu.fr\/en\/the-material\/#primaryimage","url":"https:\/\/chakshu.fr\/wp-content\/uploads\/2024\/09\/Bague-Ganesh-Sphere-scaled.jpg","contentUrl":"https:\/\/chakshu.fr\/wp-content\/uploads\/2024\/09\/Bague-Ganesh-Sphere-scaled.jpg"},{"@type":"BreadcrumbList","@id":"https:\/\/chakshu.fr\/en\/the-material\/#breadcrumb","itemListElement":[{"@type":"ListItem","position":1,"name":"Accueil","item":"https:\/\/chakshu.fr\/en\/homepage\/"},{"@type":"ListItem","position":2,"name":"THE MATERIAL"}]},{"@type":"WebSite","@id":"https:\/\/chakshu.fr\/en\/#website","url":"https:\/\/chakshu.fr\/en\/","name":"Chakshu","description":"Bijoux ethniques modernes","potentialAction":[{"@type":"SearchAction","target":{"@type":"EntryPoint","urlTemplate":"https:\/\/chakshu.fr\/en\/?s={search_term_string}"},"query-input":{"@type":"PropertyValueSpecification","valueRequired":true,"valueName":"search_term_string"}}],"inLanguage":"en-US"}]}},"_links":{"self":[{"href":"https:\/\/chakshu.fr\/en\/wp-json\/wp\/v2\/pages\/22691","targetHints":{"allow":["GET"]}}],"collection":[{"href":"https:\/\/chakshu.fr\/en\/wp-json\/wp\/v2\/pages"}],"about":[{"href":"https:\/\/chakshu.fr\/en\/wp-json\/wp\/v2\/types\/page"}],"author":[{"embeddable":true,"href":"https:\/\/chakshu.fr\/en\/wp-json\/wp\/v2\/users\/1"}],"replies":[{"embeddable":true,"href":"https:\/\/chakshu.fr\/en\/wp-json\/wp\/v2\/comments?post=22691"}],"version-history":[{"count":1,"href":"https:\/\/chakshu.fr\/en\/wp-json\/wp\/v2\/pages\/22691\/revisions"}],"predecessor-version":[{"id":22695,"href":"https:\/\/chakshu.fr\/en\/wp-json\/wp\/v2\/pages\/22691\/revisions\/22695"}],"wp:attachment":[{"href":"https:\/\/chakshu.fr\/en\/wp-json\/wp\/v2\/media?parent=22691"}],"curies":[{"name":"wp","href":"https:\/\/api.w.org\/{rel}","templated":true}]}}