{"id":22667,"date":"2024-09-24T13:41:48","date_gmt":"2024-09-24T11:41:48","guid":{"rendered":"https:\/\/chakshu.fr\/produit\/jaguar-rubi-ring\/"},"modified":"2025-12-13T10:46:39","modified_gmt":"2025-12-13T09:46:39","slug":"jaguar-rubi-ring","status":"publish","type":"product","link":"https:\/\/chakshu.fr\/en\/produit\/jaguar-rubi-ring\/","title":{"rendered":"Jaguar Rubi ring"},"content":{"rendered":"","protected":false},"excerpt":{"rendered":"<p data-start=\"182\" data-end=\"239\"><strong data-start=\"182\" data-end=\"239\">JAGUAR Collection &#8211; The talisman of instinctive courage<\/strong><\/p>\n<p data-start=\"241\" data-end=\"613\">The sacred feline of pre-Columbian civilizations, the jaguar embodies <strong data-start=\"306\" data-end=\"333\">sovereign power<\/strong>, <strong data-start=\"335\" data-end=\"362\">the ability to cross the shadows<\/strong> and the <strong data-start=\"369\" data-end=\"413\">deep connection to invisible worlds<\/strong>. In the shamanic traditions of Central and South America, it is the guide between worlds, the one who sees in the dark, the one who is not afraid to plunge where others dare not look. <\/p>\n<p data-start=\"615\" data-end=\"811\">The jaguar walks alone, free, sure of his strength. He reminds us that <strong data-start=\"683\" data-end=\"723\">our power doesn&#8217;t make a sound<\/strong>, that it lies in listening, in the right impulse, in anchoring and precision of gesture. <\/p>\n<p data-start=\"813\" data-end=\"1112\">This gold-plated brass bracelet and ring are <strong data-start=\"871\" data-end=\"915\">amulets of raw, silent courage<\/strong>. They help us to move forward without wavering, to choose what truly nourishes us, to connect with <strong data-start=\"1014\" data-end=\"1043\">our inner sacred fire<\/strong>, the one that roars when it&#8217;s time to say no, to assert, to dare. <\/p>\n<p data-start=\"1114\" data-end=\"1281\">Wearing the jaguar means <strong data-start=\"1138\" data-end=\"1162\">honoring your instincts<\/strong>, taking your place in the jungle of the world, and <strong data-start=\"1211\" data-end=\"1280\">remembering that you can cross the night without getting lost<\/strong>.<\/p>\n<p data-start=\"1283\" data-end=\"1371\">A talisman for untamed souls, for those in search of truth, strength and vision.<\/p>\n<p>Ring with jaguar head in brass plated with 24-carat 3-micron fine gold, ruby and opal. Length 2 cm, width 1.2 cm, total height with ring approx. 3 cm. <\/p>\n<p>Each piece is handmade. There may be small scratches, or slight variations with the model, this is what makes this piece unique. \u2661<\/p>\n","protected":false},"featured_media":22550,"comment_status":"open","ping_status":"closed","template":"","meta":{"_acf_changed":false,"om_disable_all_campaigns":false,"_monsterinsights_skip_tracking":false,"_monsterinsights_sitenote_active":false,"_monsterinsights_sitenote_note":"","_monsterinsights_sitenote_category":0,"_uf_show_specific_survey":0,"_uf_disable_surveys":false},"product_brand":[],"product_cat":[119,163,109,120],"product_tag":[],"class_list":{"0":"post-22667","1":"product","2":"type-product","3":"status-publish","4":"has-post-thumbnail","6":"product_cat-jaguar-en","7":"product_cat-my-great-talismans","8":"product_cat-rings","9":"product_cat-rubi-en","11":"first","12":"instock","13":"shipping-taxable","14":"purchasable","15":"product-type-variable"},"acf":[],"yoast_head":"<!-- This site is optimized with the Yoast SEO plugin v27.4 - https:\/\/yoast.com\/product\/yoast-seo-wordpress\/ -->\n<title>Jaguar Rubi ring - Chakshu<\/title>\n<meta name=\"description\" content=\"Jaguar ring in fine gold-plated brass, ruby and opal, a symbol of power and protection, combining inner strength and beauty.\" \/>\n<meta name=\"robots\" content=\"index, follow, max-snippet:-1, max-image-preview:large, max-video-preview:-1\" \/>\n<link rel=\"canonical\" href=\"https:\/\/chakshu.fr\/en\/produit\/jaguar-rubi-ring\/\" \/>\n<meta property=\"og:locale\" content=\"en_US\" \/>\n<meta property=\"og:type\" content=\"article\" \/>\n<meta property=\"og:title\" content=\"Jaguar Rubi ring - Chakshu\" \/>\n<meta property=\"og:description\" content=\"Jaguar ring in fine gold-plated brass, ruby and opal, a symbol of power and protection, combining inner strength and beauty.\" \/>\n<meta property=\"og:url\" content=\"https:\/\/chakshu.fr\/en\/produit\/jaguar-rubi-ring\/\" \/>\n<meta property=\"og:site_name\" content=\"Chakshu\" \/>\n<meta property=\"article:publisher\" content=\"https:\/\/www.facebook.com\/chakshucreations\/?locale=fr_FR\" \/>\n<meta property=\"article:modified_time\" content=\"2025-12-13T09:46:39+00:00\" \/>\n<meta property=\"og:image\" content=\"https:\/\/chakshu.fr\/wp-content\/uploads\/2024\/09\/Bague-Jaguar-Chacha-Sphere-scaled.jpg\" \/>\n\t<meta property=\"og:image:width\" content=\"2560\" \/>\n\t<meta property=\"og:image:height\" content=\"2560\" \/>\n\t<meta property=\"og:image:type\" content=\"image\/jpeg\" \/>\n<meta name=\"twitter:card\" content=\"summary_large_image\" \/>\n<script type=\"application\/ld+json\" class=\"yoast-schema-graph\">{\"@context\":\"https:\\\/\\\/schema.org\",\"@graph\":[{\"@type\":\"WebPage\",\"@id\":\"https:\\\/\\\/chakshu.fr\\\/en\\\/produit\\\/jaguar-rubi-ring\\\/\",\"url\":\"https:\\\/\\\/chakshu.fr\\\/en\\\/produit\\\/jaguar-rubi-ring\\\/\",\"name\":\"Jaguar Rubi ring - Chakshu\",\"isPartOf\":{\"@id\":\"https:\\\/\\\/chakshu.fr\\\/en\\\/#website\"},\"primaryImageOfPage\":{\"@id\":\"https:\\\/\\\/chakshu.fr\\\/en\\\/produit\\\/jaguar-rubi-ring\\\/#primaryimage\"},\"image\":{\"@id\":\"https:\\\/\\\/chakshu.fr\\\/en\\\/produit\\\/jaguar-rubi-ring\\\/#primaryimage\"},\"thumbnailUrl\":\"https:\\\/\\\/chakshu.fr\\\/wp-content\\\/uploads\\\/2024\\\/09\\\/Bague-Jaguar-Chacha-Sphere-scaled.jpg\",\"datePublished\":\"2024-09-24T11:41:48+00:00\",\"dateModified\":\"2025-12-13T09:46:39+00:00\",\"description\":\"Jaguar ring in fine gold-plated brass, ruby and opal, a symbol of power and protection, combining inner strength and beauty.\",\"breadcrumb\":{\"@id\":\"https:\\\/\\\/chakshu.fr\\\/en\\\/produit\\\/jaguar-rubi-ring\\\/#breadcrumb\"},\"inLanguage\":\"en-US\",\"potentialAction\":[{\"@type\":\"ReadAction\",\"target\":[\"https:\\\/\\\/chakshu.fr\\\/en\\\/produit\\\/jaguar-rubi-ring\\\/\"]}]},{\"@type\":\"ImageObject\",\"inLanguage\":\"en-US\",\"@id\":\"https:\\\/\\\/chakshu.fr\\\/en\\\/produit\\\/jaguar-rubi-ring\\\/#primaryimage\",\"url\":\"https:\\\/\\\/chakshu.fr\\\/wp-content\\\/uploads\\\/2024\\\/09\\\/Bague-Jaguar-Chacha-Sphere-scaled.jpg\",\"contentUrl\":\"https:\\\/\\\/chakshu.fr\\\/wp-content\\\/uploads\\\/2024\\\/09\\\/Bague-Jaguar-Chacha-Sphere-scaled.jpg\",\"width\":2560,\"height\":2560,\"caption\":\"Bague en or dor\u00e9, forme de t\u00eate de f\u00e9lin, orn\u00e9e de pierres pr\u00e9cieuses et finition polie.\"},{\"@type\":\"BreadcrumbList\",\"@id\":\"https:\\\/\\\/chakshu.fr\\\/en\\\/produit\\\/jaguar-rubi-ring\\\/#breadcrumb\",\"itemListElement\":[{\"@type\":\"ListItem\",\"position\":1,\"name\":\"Accueil\",\"item\":\"https:\\\/\\\/chakshu.fr\\\/en\\\/homepage\\\/\"},{\"@type\":\"ListItem\",\"position\":2,\"name\":\"Online Store\",\"item\":\"https:\\\/\\\/chakshu.fr\\\/en\\\/shop\\\/\"},{\"@type\":\"ListItem\",\"position\":3,\"name\":\"Jaguar Rubi ring\"}]},{\"@type\":\"WebSite\",\"@id\":\"https:\\\/\\\/chakshu.fr\\\/en\\\/#website\",\"url\":\"https:\\\/\\\/chakshu.fr\\\/en\\\/\",\"name\":\"Chakshu\",\"description\":\"Bijoux ethniques modernes\",\"potentialAction\":[{\"@type\":\"SearchAction\",\"target\":{\"@type\":\"EntryPoint\",\"urlTemplate\":\"https:\\\/\\\/chakshu.fr\\\/en\\\/?s={search_term_string}\"},\"query-input\":{\"@type\":\"PropertyValueSpecification\",\"valueRequired\":true,\"valueName\":\"search_term_string\"}}],\"inLanguage\":\"en-US\"}]}<\/script>\n<!-- \/ Yoast SEO plugin. -->","yoast_head_json":{"title":"Jaguar Rubi ring - Chakshu","description":"Jaguar ring in fine gold-plated brass, ruby and opal, a symbol of power and protection, combining inner strength and beauty.","robots":{"index":"index","follow":"follow","max-snippet":"max-snippet:-1","max-image-preview":"max-image-preview:large","max-video-preview":"max-video-preview:-1"},"canonical":"https:\/\/chakshu.fr\/en\/produit\/jaguar-rubi-ring\/","og_locale":"en_US","og_type":"article","og_title":"Jaguar Rubi ring - Chakshu","og_description":"Jaguar ring in fine gold-plated brass, ruby and opal, a symbol of power and protection, combining inner strength and beauty.","og_url":"https:\/\/chakshu.fr\/en\/produit\/jaguar-rubi-ring\/","og_site_name":"Chakshu","article_publisher":"https:\/\/www.facebook.com\/chakshucreations\/?locale=fr_FR","article_modified_time":"2025-12-13T09:46:39+00:00","og_image":[{"width":2560,"height":2560,"url":"https:\/\/chakshu.fr\/wp-content\/uploads\/2024\/09\/Bague-Jaguar-Chacha-Sphere-scaled.jpg","type":"image\/jpeg"}],"twitter_card":"summary_large_image","schema":{"@context":"https:\/\/schema.org","@graph":[{"@type":"WebPage","@id":"https:\/\/chakshu.fr\/en\/produit\/jaguar-rubi-ring\/","url":"https:\/\/chakshu.fr\/en\/produit\/jaguar-rubi-ring\/","name":"Jaguar Rubi ring - Chakshu","isPartOf":{"@id":"https:\/\/chakshu.fr\/en\/#website"},"primaryImageOfPage":{"@id":"https:\/\/chakshu.fr\/en\/produit\/jaguar-rubi-ring\/#primaryimage"},"image":{"@id":"https:\/\/chakshu.fr\/en\/produit\/jaguar-rubi-ring\/#primaryimage"},"thumbnailUrl":"https:\/\/chakshu.fr\/wp-content\/uploads\/2024\/09\/Bague-Jaguar-Chacha-Sphere-scaled.jpg","datePublished":"2024-09-24T11:41:48+00:00","dateModified":"2025-12-13T09:46:39+00:00","description":"Jaguar ring in fine gold-plated brass, ruby and opal, a symbol of power and protection, combining inner strength and beauty.","breadcrumb":{"@id":"https:\/\/chakshu.fr\/en\/produit\/jaguar-rubi-ring\/#breadcrumb"},"inLanguage":"en-US","potentialAction":[{"@type":"ReadAction","target":["https:\/\/chakshu.fr\/en\/produit\/jaguar-rubi-ring\/"]}]},{"@type":"ImageObject","inLanguage":"en-US","@id":"https:\/\/chakshu.fr\/en\/produit\/jaguar-rubi-ring\/#primaryimage","url":"https:\/\/chakshu.fr\/wp-content\/uploads\/2024\/09\/Bague-Jaguar-Chacha-Sphere-scaled.jpg","contentUrl":"https:\/\/chakshu.fr\/wp-content\/uploads\/2024\/09\/Bague-Jaguar-Chacha-Sphere-scaled.jpg","width":2560,"height":2560,"caption":"Bague en or dor\u00e9, forme de t\u00eate de f\u00e9lin, orn\u00e9e de pierres pr\u00e9cieuses et finition polie."},{"@type":"BreadcrumbList","@id":"https:\/\/chakshu.fr\/en\/produit\/jaguar-rubi-ring\/#breadcrumb","itemListElement":[{"@type":"ListItem","position":1,"name":"Accueil","item":"https:\/\/chakshu.fr\/en\/homepage\/"},{"@type":"ListItem","position":2,"name":"Online Store","item":"https:\/\/chakshu.fr\/en\/shop\/"},{"@type":"ListItem","position":3,"name":"Jaguar Rubi ring"}]},{"@type":"WebSite","@id":"https:\/\/chakshu.fr\/en\/#website","url":"https:\/\/chakshu.fr\/en\/","name":"Chakshu","description":"Bijoux ethniques modernes","potentialAction":[{"@type":"SearchAction","target":{"@type":"EntryPoint","urlTemplate":"https:\/\/chakshu.fr\/en\/?s={search_term_string}"},"query-input":{"@type":"PropertyValueSpecification","valueRequired":true,"valueName":"search_term_string"}}],"inLanguage":"en-US"}]}},"_links":{"self":[{"href":"https:\/\/chakshu.fr\/en\/wp-json\/wp\/v2\/product\/22667","targetHints":{"allow":["GET"]}}],"collection":[{"href":"https:\/\/chakshu.fr\/en\/wp-json\/wp\/v2\/product"}],"about":[{"href":"https:\/\/chakshu.fr\/en\/wp-json\/wp\/v2\/types\/product"}],"replies":[{"embeddable":true,"href":"https:\/\/chakshu.fr\/en\/wp-json\/wp\/v2\/comments?post=22667"}],"wp:featuredmedia":[{"embeddable":true,"href":"https:\/\/chakshu.fr\/en\/wp-json\/wp\/v2\/media\/22550"}],"wp:attachment":[{"href":"https:\/\/chakshu.fr\/en\/wp-json\/wp\/v2\/media?parent=22667"}],"wp:term":[{"taxonomy":"product_brand","embeddable":true,"href":"https:\/\/chakshu.fr\/en\/wp-json\/wp\/v2\/product_brand?post=22667"},{"taxonomy":"product_cat","embeddable":true,"href":"https:\/\/chakshu.fr\/en\/wp-json\/wp\/v2\/product_cat?post=22667"},{"taxonomy":"product_tag","embeddable":true,"href":"https:\/\/chakshu.fr\/en\/wp-json\/wp\/v2\/product_tag?post=22667"}],"curies":[{"name":"wp","href":"https:\/\/api.w.org\/{rel}","templated":true}]}}