{"id":22668,"date":"2024-09-24T15:04:09","date_gmt":"2024-09-24T13:04:09","guid":{"rendered":"https:\/\/chakshu.fr\/produit\/faceted-earrings\/"},"modified":"2024-09-24T15:04:09","modified_gmt":"2024-09-24T13:04:09","slug":"faceted-earrings","status":"publish","type":"product","link":"https:\/\/chakshu.fr\/en\/produit\/faceted-earrings\/","title":{"rendered":"Faceted Earrings"},"content":{"rendered":"","protected":false},"excerpt":{"rendered":"<p>The Facette collection celebrates the beauty of our inner complexity. Imagine yourself as a faceted ball, made up of multiple parts that each shine with a unique light, interact, support and sabotage each other, in the image of the &#8220;Internal Family System&#8221; therapy, which reminds us that every aspect of us deserves to be heard and understood. This collection evokes the idea that our multiple parts are allies in our quest for balance and well-being.<br \/>\nBy wearing a piece of jewelry from the Facette collection, we recognize that each facet contributes to our radiance and that the magic lies in the diversity of our being, a dance of lights revealing the richness of our essence. 24-carat gold-plated brass earrings. Width 2.8 cm, height 2.8 cm, thickness 0.6 cm. Each piece is handmade. There may be slight variations with the model, which is what makes this piece unique. \u2661  <\/p>\n","protected":false},"featured_media":22542,"comment_status":"open","ping_status":"closed","template":"","meta":{"_acf_changed":false,"om_disable_all_campaigns":false,"_monsterinsights_skip_tracking":false,"_monsterinsights_sitenote_active":false,"_monsterinsights_sitenote_note":"","_monsterinsights_sitenote_category":0,"_uf_show_specific_survey":0,"_uf_disable_surveys":false},"product_brand":[],"product_cat":[117,110,111],"product_tag":[],"class_list":{"0":"post-22668","1":"product","2":"type-product","3":"status-publish","4":"has-post-thumbnail","6":"product_cat-earrings","7":"product_cat-gold-plated-brass","8":"product_cat-veneer","10":"first","11":"onbackorder","12":"shipping-taxable","13":"purchasable","14":"product-type-simple"},"acf":[],"yoast_head":"<!-- This site is optimized with the Yoast SEO plugin v27.4 - https:\/\/yoast.com\/product\/yoast-seo-wordpress\/ -->\n<title>Faceted Earrings - Chakshu<\/title>\n<meta name=\"robots\" content=\"index, follow, max-snippet:-1, max-image-preview:large, max-video-preview:-1\" \/>\n<link rel=\"canonical\" href=\"https:\/\/chakshu.fr\/en\/produit\/faceted-earrings\/\" \/>\n<meta property=\"og:locale\" content=\"en_US\" \/>\n<meta property=\"og:type\" content=\"article\" \/>\n<meta property=\"og:title\" content=\"Faceted Earrings - Chakshu\" \/>\n<meta property=\"og:description\" content=\"The Facette collection celebrates the beauty of our inner complexity. Imagine yourself as a faceted ball, made up of multiple parts that each shine with a unique light, interact, support and sabotage each other, in the image of the &quot;Internal Family System&quot; therapy, which reminds us that every aspect of us deserves to be heard and understood. This collection evokes the idea that our multiple parts are allies in our quest for balance and well-being. By wearing a piece of jewelry from the Facette collection, we recognize that each facet contributes to our radiance and that the magic lies in the diversity of our being, a dance of lights revealing the richness of our essence. 24-carat gold-plated brass earrings. Width 2.8 cm, height 2.8 cm, thickness 0.6 cm. Each piece is handmade. There may be slight variations with the model, which is what makes this piece unique. \u2661\" \/>\n<meta property=\"og:url\" content=\"https:\/\/chakshu.fr\/en\/produit\/faceted-earrings\/\" \/>\n<meta property=\"og:site_name\" content=\"Chakshu\" \/>\n<meta property=\"article:publisher\" content=\"https:\/\/www.facebook.com\/chakshucreations\/?locale=fr_FR\" \/>\n<meta property=\"og:image\" content=\"https:\/\/chakshu.fr\/wp-content\/uploads\/2024\/09\/Packshot-Boucles-dOreilles-Facettes-scaled-e1727182895844.jpg\" \/>\n\t<meta property=\"og:image:width\" content=\"1706\" \/>\n\t<meta property=\"og:image:height\" content=\"1706\" \/>\n\t<meta property=\"og:image:type\" content=\"image\/jpeg\" \/>\n<meta name=\"twitter:card\" content=\"summary_large_image\" \/>\n<script type=\"application\/ld+json\" class=\"yoast-schema-graph\">{\"@context\":\"https:\\\/\\\/schema.org\",\"@graph\":[{\"@type\":\"WebPage\",\"@id\":\"https:\\\/\\\/chakshu.fr\\\/en\\\/produit\\\/faceted-earrings\\\/\",\"url\":\"https:\\\/\\\/chakshu.fr\\\/en\\\/produit\\\/faceted-earrings\\\/\",\"name\":\"Faceted Earrings - Chakshu\",\"isPartOf\":{\"@id\":\"https:\\\/\\\/chakshu.fr\\\/en\\\/#website\"},\"primaryImageOfPage\":{\"@id\":\"https:\\\/\\\/chakshu.fr\\\/en\\\/produit\\\/faceted-earrings\\\/#primaryimage\"},\"image\":{\"@id\":\"https:\\\/\\\/chakshu.fr\\\/en\\\/produit\\\/faceted-earrings\\\/#primaryimage\"},\"thumbnailUrl\":\"https:\\\/\\\/chakshu.fr\\\/wp-content\\\/uploads\\\/2024\\\/09\\\/Packshot-Boucles-dOreilles-Facettes-scaled-e1727182895844.jpg\",\"datePublished\":\"2024-09-24T13:04:09+00:00\",\"breadcrumb\":{\"@id\":\"https:\\\/\\\/chakshu.fr\\\/en\\\/produit\\\/faceted-earrings\\\/#breadcrumb\"},\"inLanguage\":\"en-US\",\"potentialAction\":[{\"@type\":\"ReadAction\",\"target\":[\"https:\\\/\\\/chakshu.fr\\\/en\\\/produit\\\/faceted-earrings\\\/\"]}]},{\"@type\":\"ImageObject\",\"inLanguage\":\"en-US\",\"@id\":\"https:\\\/\\\/chakshu.fr\\\/en\\\/produit\\\/faceted-earrings\\\/#primaryimage\",\"url\":\"https:\\\/\\\/chakshu.fr\\\/wp-content\\\/uploads\\\/2024\\\/09\\\/Packshot-Boucles-dOreilles-Facettes-scaled-e1727182895844.jpg\",\"contentUrl\":\"https:\\\/\\\/chakshu.fr\\\/wp-content\\\/uploads\\\/2024\\\/09\\\/Packshot-Boucles-dOreilles-Facettes-scaled-e1727182895844.jpg\",\"width\":1706,\"height\":1706,\"caption\":\"Boucles doreilles cr\u00e9oles dor\u00e9es, finition brillante, design g\u00e9om\u00e9trique \u00e9l\u00e9gant et moderne.\"},{\"@type\":\"BreadcrumbList\",\"@id\":\"https:\\\/\\\/chakshu.fr\\\/en\\\/produit\\\/faceted-earrings\\\/#breadcrumb\",\"itemListElement\":[{\"@type\":\"ListItem\",\"position\":1,\"name\":\"Accueil\",\"item\":\"https:\\\/\\\/chakshu.fr\\\/en\\\/homepage\\\/\"},{\"@type\":\"ListItem\",\"position\":2,\"name\":\"Online Store\",\"item\":\"https:\\\/\\\/chakshu.fr\\\/en\\\/shop\\\/\"},{\"@type\":\"ListItem\",\"position\":3,\"name\":\"Faceted Earrings\"}]},{\"@type\":\"WebSite\",\"@id\":\"https:\\\/\\\/chakshu.fr\\\/en\\\/#website\",\"url\":\"https:\\\/\\\/chakshu.fr\\\/en\\\/\",\"name\":\"Chakshu\",\"description\":\"Bijoux ethniques modernes\",\"potentialAction\":[{\"@type\":\"SearchAction\",\"target\":{\"@type\":\"EntryPoint\",\"urlTemplate\":\"https:\\\/\\\/chakshu.fr\\\/en\\\/?s={search_term_string}\"},\"query-input\":{\"@type\":\"PropertyValueSpecification\",\"valueRequired\":true,\"valueName\":\"search_term_string\"}}],\"inLanguage\":\"en-US\"}]}<\/script>\n<!-- \/ Yoast SEO plugin. -->","yoast_head_json":{"title":"Faceted Earrings - Chakshu","robots":{"index":"index","follow":"follow","max-snippet":"max-snippet:-1","max-image-preview":"max-image-preview:large","max-video-preview":"max-video-preview:-1"},"canonical":"https:\/\/chakshu.fr\/en\/produit\/faceted-earrings\/","og_locale":"en_US","og_type":"article","og_title":"Faceted Earrings - Chakshu","og_description":"The Facette collection celebrates the beauty of our inner complexity. Imagine yourself as a faceted ball, made up of multiple parts that each shine with a unique light, interact, support and sabotage each other, in the image of the \"Internal Family System\" therapy, which reminds us that every aspect of us deserves to be heard and understood. This collection evokes the idea that our multiple parts are allies in our quest for balance and well-being. By wearing a piece of jewelry from the Facette collection, we recognize that each facet contributes to our radiance and that the magic lies in the diversity of our being, a dance of lights revealing the richness of our essence. 24-carat gold-plated brass earrings. Width 2.8 cm, height 2.8 cm, thickness 0.6 cm. Each piece is handmade. There may be slight variations with the model, which is what makes this piece unique. \u2661","og_url":"https:\/\/chakshu.fr\/en\/produit\/faceted-earrings\/","og_site_name":"Chakshu","article_publisher":"https:\/\/www.facebook.com\/chakshucreations\/?locale=fr_FR","og_image":[{"width":1706,"height":1706,"url":"https:\/\/chakshu.fr\/wp-content\/uploads\/2024\/09\/Packshot-Boucles-dOreilles-Facettes-scaled-e1727182895844.jpg","type":"image\/jpeg"}],"twitter_card":"summary_large_image","schema":{"@context":"https:\/\/schema.org","@graph":[{"@type":"WebPage","@id":"https:\/\/chakshu.fr\/en\/produit\/faceted-earrings\/","url":"https:\/\/chakshu.fr\/en\/produit\/faceted-earrings\/","name":"Faceted Earrings - Chakshu","isPartOf":{"@id":"https:\/\/chakshu.fr\/en\/#website"},"primaryImageOfPage":{"@id":"https:\/\/chakshu.fr\/en\/produit\/faceted-earrings\/#primaryimage"},"image":{"@id":"https:\/\/chakshu.fr\/en\/produit\/faceted-earrings\/#primaryimage"},"thumbnailUrl":"https:\/\/chakshu.fr\/wp-content\/uploads\/2024\/09\/Packshot-Boucles-dOreilles-Facettes-scaled-e1727182895844.jpg","datePublished":"2024-09-24T13:04:09+00:00","breadcrumb":{"@id":"https:\/\/chakshu.fr\/en\/produit\/faceted-earrings\/#breadcrumb"},"inLanguage":"en-US","potentialAction":[{"@type":"ReadAction","target":["https:\/\/chakshu.fr\/en\/produit\/faceted-earrings\/"]}]},{"@type":"ImageObject","inLanguage":"en-US","@id":"https:\/\/chakshu.fr\/en\/produit\/faceted-earrings\/#primaryimage","url":"https:\/\/chakshu.fr\/wp-content\/uploads\/2024\/09\/Packshot-Boucles-dOreilles-Facettes-scaled-e1727182895844.jpg","contentUrl":"https:\/\/chakshu.fr\/wp-content\/uploads\/2024\/09\/Packshot-Boucles-dOreilles-Facettes-scaled-e1727182895844.jpg","width":1706,"height":1706,"caption":"Boucles doreilles cr\u00e9oles dor\u00e9es, finition brillante, design g\u00e9om\u00e9trique \u00e9l\u00e9gant et moderne."},{"@type":"BreadcrumbList","@id":"https:\/\/chakshu.fr\/en\/produit\/faceted-earrings\/#breadcrumb","itemListElement":[{"@type":"ListItem","position":1,"name":"Accueil","item":"https:\/\/chakshu.fr\/en\/homepage\/"},{"@type":"ListItem","position":2,"name":"Online Store","item":"https:\/\/chakshu.fr\/en\/shop\/"},{"@type":"ListItem","position":3,"name":"Faceted Earrings"}]},{"@type":"WebSite","@id":"https:\/\/chakshu.fr\/en\/#website","url":"https:\/\/chakshu.fr\/en\/","name":"Chakshu","description":"Bijoux ethniques modernes","potentialAction":[{"@type":"SearchAction","target":{"@type":"EntryPoint","urlTemplate":"https:\/\/chakshu.fr\/en\/?s={search_term_string}"},"query-input":{"@type":"PropertyValueSpecification","valueRequired":true,"valueName":"search_term_string"}}],"inLanguage":"en-US"}]}},"_links":{"self":[{"href":"https:\/\/chakshu.fr\/en\/wp-json\/wp\/v2\/product\/22668","targetHints":{"allow":["GET"]}}],"collection":[{"href":"https:\/\/chakshu.fr\/en\/wp-json\/wp\/v2\/product"}],"about":[{"href":"https:\/\/chakshu.fr\/en\/wp-json\/wp\/v2\/types\/product"}],"replies":[{"embeddable":true,"href":"https:\/\/chakshu.fr\/en\/wp-json\/wp\/v2\/comments?post=22668"}],"wp:featuredmedia":[{"embeddable":true,"href":"https:\/\/chakshu.fr\/en\/wp-json\/wp\/v2\/media\/22542"}],"wp:attachment":[{"href":"https:\/\/chakshu.fr\/en\/wp-json\/wp\/v2\/media?parent=22668"}],"wp:term":[{"taxonomy":"product_brand","embeddable":true,"href":"https:\/\/chakshu.fr\/en\/wp-json\/wp\/v2\/product_brand?post=22668"},{"taxonomy":"product_cat","embeddable":true,"href":"https:\/\/chakshu.fr\/en\/wp-json\/wp\/v2\/product_cat?post=22668"},{"taxonomy":"product_tag","embeddable":true,"href":"https:\/\/chakshu.fr\/en\/wp-json\/wp\/v2\/product_tag?post=22668"}],"curies":[{"name":"wp","href":"https:\/\/api.w.org\/{rel}","templated":true}]}}