{"id":22677,"date":"2024-09-24T15:20:33","date_gmt":"2024-09-24T13:20:33","guid":{"rendered":"https:\/\/chakshu.fr\/produit\/siren-pendant\/"},"modified":"2025-12-13T10:29:30","modified_gmt":"2025-12-13T09:29:30","slug":"siren-pendant","status":"publish","type":"product","link":"https:\/\/chakshu.fr\/en\/produit\/siren-pendant\/","title":{"rendered":"Siren Pendant"},"content":{"rendered":"","protected":false},"excerpt":{"rendered":"<p>The <em>Siren<\/em> is a fascinating creature, with one foot in the organic world and the other in the spiritual, reminding us of the duality we all carry within us. Linked to the goddesses of love such as Aphrodite and Venus, she embodies love, wild freedom and indomitable feminine power. Rebellious and mysterious, she appears only to those with a pure heart. Through her bewitching song, she symbolizes eroticism, temptation and even death. She whispers in our ears that love and death, Eros and Thanatos, are inextricably linked, while drawing us into the depths of this wild freedom.<\/p>\n<p>Wearing a piece of jewelry from the <em>Sir\u00e8ne<\/em> collection is an invitation to fully accept this duality and embrace your wild, independent nature.<\/p>\n<p>24-carat gold-plated brass pendant with genuine pearl. Length 7.5 cm, width 1.4 cm, thickness 0.7 cm. Chain length 66 cm.<\/p>\n<p>Each piece is handmade. There may be slight variations with the model, which is what makes this piece unique. \u2661<\/p>\n","protected":false},"featured_media":23904,"comment_status":"open","ping_status":"closed","template":"","meta":{"_acf_changed":false,"om_disable_all_campaigns":false,"_monsterinsights_skip_tracking":false,"_monsterinsights_sitenote_active":false,"_monsterinsights_sitenote_note":"","_monsterinsights_sitenote_category":0,"_uf_show_specific_survey":0,"_uf_disable_surveys":false},"product_brand":[],"product_cat":[167,106,124,125],"product_tag":[],"class_list":{"0":"post-22677","1":"product","2":"type-product","3":"status-publish","4":"has-post-thumbnail","6":"product_cat-my-little-magics","7":"product_cat-necklaces","8":"product_cat-pearl","9":"product_cat-siren","11":"first","12":"instock","13":"shipping-taxable","14":"purchasable","15":"product-type-simple"},"acf":[],"yoast_head":"<!-- This site is optimized with the Yoast SEO plugin v27.4 - https:\/\/yoast.com\/product\/yoast-seo-wordpress\/ -->\n<title>Siren Pendant - Chakshu<\/title>\n<meta name=\"description\" content=\"Siren pendant in fine gold-plated brass with genuine pearl, a symbol of femininity and freedom. A unique jewel inspired by the mysteries of the ocean.\" \/>\n<meta name=\"robots\" content=\"index, follow, max-snippet:-1, max-image-preview:large, max-video-preview:-1\" \/>\n<link rel=\"canonical\" href=\"https:\/\/chakshu.fr\/en\/produit\/siren-pendant\/\" \/>\n<meta property=\"og:locale\" content=\"en_US\" \/>\n<meta property=\"og:type\" content=\"article\" \/>\n<meta property=\"og:title\" content=\"Siren Pendant - Chakshu\" \/>\n<meta property=\"og:description\" content=\"Siren pendant in fine gold-plated brass with genuine pearl, a symbol of femininity and freedom. A unique jewel inspired by the mysteries of the ocean.\" \/>\n<meta property=\"og:url\" content=\"https:\/\/chakshu.fr\/en\/produit\/siren-pendant\/\" \/>\n<meta property=\"og:site_name\" content=\"Chakshu\" \/>\n<meta property=\"article:publisher\" content=\"https:\/\/www.facebook.com\/chakshucreations\/?locale=fr_FR\" \/>\n<meta property=\"article:modified_time\" content=\"2025-12-13T09:29:30+00:00\" \/>\n<meta property=\"og:image\" content=\"https:\/\/chakshu.fr\/wp-content\/uploads\/2025\/05\/69-1024x1024.png\" \/>\n\t<meta property=\"og:image:width\" content=\"1024\" \/>\n\t<meta property=\"og:image:height\" content=\"1024\" \/>\n\t<meta property=\"og:image:type\" content=\"image\/png\" \/>\n<meta name=\"twitter:card\" content=\"summary_large_image\" \/>\n<script type=\"application\/ld+json\" class=\"yoast-schema-graph\">{\"@context\":\"https:\\\/\\\/schema.org\",\"@graph\":[{\"@type\":\"WebPage\",\"@id\":\"https:\\\/\\\/chakshu.fr\\\/en\\\/produit\\\/siren-pendant\\\/\",\"url\":\"https:\\\/\\\/chakshu.fr\\\/en\\\/produit\\\/siren-pendant\\\/\",\"name\":\"Siren Pendant - Chakshu\",\"isPartOf\":{\"@id\":\"https:\\\/\\\/chakshu.fr\\\/en\\\/#website\"},\"primaryImageOfPage\":{\"@id\":\"https:\\\/\\\/chakshu.fr\\\/en\\\/produit\\\/siren-pendant\\\/#primaryimage\"},\"image\":{\"@id\":\"https:\\\/\\\/chakshu.fr\\\/en\\\/produit\\\/siren-pendant\\\/#primaryimage\"},\"thumbnailUrl\":\"https:\\\/\\\/chakshu.fr\\\/wp-content\\\/uploads\\\/2025\\\/05\\\/69.png\",\"datePublished\":\"2024-09-24T13:20:33+00:00\",\"dateModified\":\"2025-12-13T09:29:30+00:00\",\"description\":\"Siren pendant in fine gold-plated brass with genuine pearl, a symbol of femininity and freedom. A unique jewel inspired by the mysteries of the ocean.\",\"breadcrumb\":{\"@id\":\"https:\\\/\\\/chakshu.fr\\\/en\\\/produit\\\/siren-pendant\\\/#breadcrumb\"},\"inLanguage\":\"en-US\",\"potentialAction\":[{\"@type\":\"ReadAction\",\"target\":[\"https:\\\/\\\/chakshu.fr\\\/en\\\/produit\\\/siren-pendant\\\/\"]}]},{\"@type\":\"ImageObject\",\"inLanguage\":\"en-US\",\"@id\":\"https:\\\/\\\/chakshu.fr\\\/en\\\/produit\\\/siren-pendant\\\/#primaryimage\",\"url\":\"https:\\\/\\\/chakshu.fr\\\/wp-content\\\/uploads\\\/2025\\\/05\\\/69.png\",\"contentUrl\":\"https:\\\/\\\/chakshu.fr\\\/wp-content\\\/uploads\\\/2025\\\/05\\\/69.png\",\"width\":1100,\"height\":1100,\"caption\":\"Collier sir\u00e8ne en or, d\u00e9tails fins, \u00e9cailles brillantes et finition polie, \u00e9l\u00e9gant et unique.\"},{\"@type\":\"BreadcrumbList\",\"@id\":\"https:\\\/\\\/chakshu.fr\\\/en\\\/produit\\\/siren-pendant\\\/#breadcrumb\",\"itemListElement\":[{\"@type\":\"ListItem\",\"position\":1,\"name\":\"Accueil\",\"item\":\"https:\\\/\\\/chakshu.fr\\\/en\\\/homepage\\\/\"},{\"@type\":\"ListItem\",\"position\":2,\"name\":\"Online Store\",\"item\":\"https:\\\/\\\/chakshu.fr\\\/en\\\/shop\\\/\"},{\"@type\":\"ListItem\",\"position\":3,\"name\":\"Siren Pendant\"}]},{\"@type\":\"WebSite\",\"@id\":\"https:\\\/\\\/chakshu.fr\\\/en\\\/#website\",\"url\":\"https:\\\/\\\/chakshu.fr\\\/en\\\/\",\"name\":\"Chakshu\",\"description\":\"Bijoux ethniques modernes\",\"potentialAction\":[{\"@type\":\"SearchAction\",\"target\":{\"@type\":\"EntryPoint\",\"urlTemplate\":\"https:\\\/\\\/chakshu.fr\\\/en\\\/?s={search_term_string}\"},\"query-input\":{\"@type\":\"PropertyValueSpecification\",\"valueRequired\":true,\"valueName\":\"search_term_string\"}}],\"inLanguage\":\"en-US\"}]}<\/script>\n<!-- \/ Yoast SEO plugin. -->","yoast_head_json":{"title":"Siren Pendant - Chakshu","description":"Siren pendant in fine gold-plated brass with genuine pearl, a symbol of femininity and freedom. A unique jewel inspired by the mysteries of the ocean.","robots":{"index":"index","follow":"follow","max-snippet":"max-snippet:-1","max-image-preview":"max-image-preview:large","max-video-preview":"max-video-preview:-1"},"canonical":"https:\/\/chakshu.fr\/en\/produit\/siren-pendant\/","og_locale":"en_US","og_type":"article","og_title":"Siren Pendant - Chakshu","og_description":"Siren pendant in fine gold-plated brass with genuine pearl, a symbol of femininity and freedom. A unique jewel inspired by the mysteries of the ocean.","og_url":"https:\/\/chakshu.fr\/en\/produit\/siren-pendant\/","og_site_name":"Chakshu","article_publisher":"https:\/\/www.facebook.com\/chakshucreations\/?locale=fr_FR","article_modified_time":"2025-12-13T09:29:30+00:00","og_image":[{"width":1024,"height":1024,"url":"https:\/\/chakshu.fr\/wp-content\/uploads\/2025\/05\/69-1024x1024.png","type":"image\/png"}],"twitter_card":"summary_large_image","schema":{"@context":"https:\/\/schema.org","@graph":[{"@type":"WebPage","@id":"https:\/\/chakshu.fr\/en\/produit\/siren-pendant\/","url":"https:\/\/chakshu.fr\/en\/produit\/siren-pendant\/","name":"Siren Pendant - Chakshu","isPartOf":{"@id":"https:\/\/chakshu.fr\/en\/#website"},"primaryImageOfPage":{"@id":"https:\/\/chakshu.fr\/en\/produit\/siren-pendant\/#primaryimage"},"image":{"@id":"https:\/\/chakshu.fr\/en\/produit\/siren-pendant\/#primaryimage"},"thumbnailUrl":"https:\/\/chakshu.fr\/wp-content\/uploads\/2025\/05\/69.png","datePublished":"2024-09-24T13:20:33+00:00","dateModified":"2025-12-13T09:29:30+00:00","description":"Siren pendant in fine gold-plated brass with genuine pearl, a symbol of femininity and freedom. A unique jewel inspired by the mysteries of the ocean.","breadcrumb":{"@id":"https:\/\/chakshu.fr\/en\/produit\/siren-pendant\/#breadcrumb"},"inLanguage":"en-US","potentialAction":[{"@type":"ReadAction","target":["https:\/\/chakshu.fr\/en\/produit\/siren-pendant\/"]}]},{"@type":"ImageObject","inLanguage":"en-US","@id":"https:\/\/chakshu.fr\/en\/produit\/siren-pendant\/#primaryimage","url":"https:\/\/chakshu.fr\/wp-content\/uploads\/2025\/05\/69.png","contentUrl":"https:\/\/chakshu.fr\/wp-content\/uploads\/2025\/05\/69.png","width":1100,"height":1100,"caption":"Collier sir\u00e8ne en or, d\u00e9tails fins, \u00e9cailles brillantes et finition polie, \u00e9l\u00e9gant et unique."},{"@type":"BreadcrumbList","@id":"https:\/\/chakshu.fr\/en\/produit\/siren-pendant\/#breadcrumb","itemListElement":[{"@type":"ListItem","position":1,"name":"Accueil","item":"https:\/\/chakshu.fr\/en\/homepage\/"},{"@type":"ListItem","position":2,"name":"Online Store","item":"https:\/\/chakshu.fr\/en\/shop\/"},{"@type":"ListItem","position":3,"name":"Siren Pendant"}]},{"@type":"WebSite","@id":"https:\/\/chakshu.fr\/en\/#website","url":"https:\/\/chakshu.fr\/en\/","name":"Chakshu","description":"Bijoux ethniques modernes","potentialAction":[{"@type":"SearchAction","target":{"@type":"EntryPoint","urlTemplate":"https:\/\/chakshu.fr\/en\/?s={search_term_string}"},"query-input":{"@type":"PropertyValueSpecification","valueRequired":true,"valueName":"search_term_string"}}],"inLanguage":"en-US"}]}},"_links":{"self":[{"href":"https:\/\/chakshu.fr\/en\/wp-json\/wp\/v2\/product\/22677","targetHints":{"allow":["GET"]}}],"collection":[{"href":"https:\/\/chakshu.fr\/en\/wp-json\/wp\/v2\/product"}],"about":[{"href":"https:\/\/chakshu.fr\/en\/wp-json\/wp\/v2\/types\/product"}],"replies":[{"embeddable":true,"href":"https:\/\/chakshu.fr\/en\/wp-json\/wp\/v2\/comments?post=22677"}],"wp:featuredmedia":[{"embeddable":true,"href":"https:\/\/chakshu.fr\/en\/wp-json\/wp\/v2\/media\/23904"}],"wp:attachment":[{"href":"https:\/\/chakshu.fr\/en\/wp-json\/wp\/v2\/media?parent=22677"}],"wp:term":[{"taxonomy":"product_brand","embeddable":true,"href":"https:\/\/chakshu.fr\/en\/wp-json\/wp\/v2\/product_brand?post=22677"},{"taxonomy":"product_cat","embeddable":true,"href":"https:\/\/chakshu.fr\/en\/wp-json\/wp\/v2\/product_cat?post=22677"},{"taxonomy":"product_tag","embeddable":true,"href":"https:\/\/chakshu.fr\/en\/wp-json\/wp\/v2\/product_tag?post=22677"}],"curies":[{"name":"wp","href":"https:\/\/api.w.org\/{rel}","templated":true}]}}