{"id":22683,"date":"2024-10-06T13:55:44","date_gmt":"2024-10-06T11:55:44","guid":{"rendered":"https:\/\/chakshu.fr\/produit\/virgin-mary-pendant\/"},"modified":"2025-12-13T10:39:03","modified_gmt":"2025-12-13T09:39:03","slug":"virgin-mary-pendant","status":"publish","type":"product","link":"https:\/\/chakshu.fr\/en\/produit\/virgin-mary-pendant\/","title":{"rendered":"Virgin Mary Pendant"},"content":{"rendered":"","protected":false},"excerpt":{"rendered":"<p>The Virgin Mary collection is an ode to unconditional love and infinite compassion. It embodies gentleness, protection and motherhood, like a warm embrace reminding us of the quiet strength that resides within us. Each jewel in this collection evokes this benevolent energy, offering an invitation to embrace love in all its nuances.  <\/p>\n<p>Each piece in the Vierge Marie collection reflects this ancient wisdom, encouraging us to connect to a source of pure love and to cultivate kindness towards ourselves and others. To wear a piece of jewelry from this collection is to celebrate the power of unconditional love to unite and uplift, while accompanying your journey towards light and serenity. <\/p>\n<p>Pendant in brass gilded with 24-carat fine gold and small zirkoniums. Length 3 cm, width 1.2 cm, thickness 0.7 cm. Sold with 50 cm or 70 cm (specify in order notes) fine gold-plated chain.  <\/p>\n<p>Each piece is handmade. There may be slight variations with the model, which is what makes this piece unique. \u2661<\/p>\n","protected":false},"featured_media":23876,"comment_status":"open","ping_status":"closed","template":"","meta":{"_acf_changed":false,"om_disable_all_campaigns":false,"_monsterinsights_skip_tracking":false,"_monsterinsights_sitenote_active":false,"_monsterinsights_sitenote_note":"","_monsterinsights_sitenote_category":0,"_uf_show_specific_survey":0,"_uf_disable_surveys":false},"product_brand":[],"product_cat":[110,167,106,128],"product_tag":[],"class_list":{"0":"post-22683","1":"product","2":"type-product","3":"status-publish","4":"has-post-thumbnail","6":"product_cat-gold-plated-brass","7":"product_cat-my-little-magics","8":"product_cat-necklaces","9":"product_cat-virgin-mary","11":"first","12":"instock","13":"shipping-taxable","14":"purchasable","15":"product-type-simple"},"acf":[],"yoast_head":"<!-- This site is optimized with the Yoast SEO plugin v27.4 - https:\/\/yoast.com\/product\/yoast-seo-wordpress\/ -->\n<title>Virgin Mary Pendant - Chakshu<\/title>\n<meta name=\"description\" content=\"Virgin Mary pendant in fine gold-plated brass with zircons, symbol of unconditional love and protection. A delicate, benevolent jewel.\" \/>\n<meta name=\"robots\" content=\"index, follow, max-snippet:-1, max-image-preview:large, max-video-preview:-1\" \/>\n<link rel=\"canonical\" href=\"https:\/\/chakshu.fr\/en\/produit\/virgin-mary-pendant\/\" \/>\n<meta property=\"og:locale\" content=\"en_US\" \/>\n<meta property=\"og:type\" content=\"article\" \/>\n<meta property=\"og:title\" content=\"Virgin Mary Pendant - Chakshu\" \/>\n<meta property=\"og:description\" content=\"Virgin Mary pendant in fine gold-plated brass with zircons, symbol of unconditional love and protection. A delicate, benevolent jewel.\" \/>\n<meta property=\"og:url\" content=\"https:\/\/chakshu.fr\/en\/produit\/virgin-mary-pendant\/\" \/>\n<meta property=\"og:site_name\" content=\"Chakshu\" \/>\n<meta property=\"article:publisher\" content=\"https:\/\/www.facebook.com\/chakshucreations\/?locale=fr_FR\" \/>\n<meta property=\"article:modified_time\" content=\"2025-12-13T09:39:03+00:00\" \/>\n<meta property=\"og:image\" content=\"https:\/\/chakshu.fr\/wp-content\/uploads\/2025\/05\/55-1024x1024.png\" \/>\n\t<meta property=\"og:image:width\" content=\"1024\" \/>\n\t<meta property=\"og:image:height\" content=\"1024\" \/>\n\t<meta property=\"og:image:type\" content=\"image\/png\" \/>\n<meta name=\"twitter:card\" content=\"summary_large_image\" \/>\n<script type=\"application\/ld+json\" class=\"yoast-schema-graph\">{\"@context\":\"https:\\\/\\\/schema.org\",\"@graph\":[{\"@type\":\"WebPage\",\"@id\":\"https:\\\/\\\/chakshu.fr\\\/en\\\/produit\\\/virgin-mary-pendant\\\/\",\"url\":\"https:\\\/\\\/chakshu.fr\\\/en\\\/produit\\\/virgin-mary-pendant\\\/\",\"name\":\"Virgin Mary Pendant - Chakshu\",\"isPartOf\":{\"@id\":\"https:\\\/\\\/chakshu.fr\\\/en\\\/#website\"},\"primaryImageOfPage\":{\"@id\":\"https:\\\/\\\/chakshu.fr\\\/en\\\/produit\\\/virgin-mary-pendant\\\/#primaryimage\"},\"image\":{\"@id\":\"https:\\\/\\\/chakshu.fr\\\/en\\\/produit\\\/virgin-mary-pendant\\\/#primaryimage\"},\"thumbnailUrl\":\"https:\\\/\\\/chakshu.fr\\\/wp-content\\\/uploads\\\/2025\\\/05\\\/55.png\",\"datePublished\":\"2024-10-06T11:55:44+00:00\",\"dateModified\":\"2025-12-13T09:39:03+00:00\",\"description\":\"Virgin Mary pendant in fine gold-plated brass with zircons, symbol of unconditional love and protection. A delicate, benevolent jewel.\",\"breadcrumb\":{\"@id\":\"https:\\\/\\\/chakshu.fr\\\/en\\\/produit\\\/virgin-mary-pendant\\\/#breadcrumb\"},\"inLanguage\":\"en-US\",\"potentialAction\":[{\"@type\":\"ReadAction\",\"target\":[\"https:\\\/\\\/chakshu.fr\\\/en\\\/produit\\\/virgin-mary-pendant\\\/\"]}]},{\"@type\":\"ImageObject\",\"inLanguage\":\"en-US\",\"@id\":\"https:\\\/\\\/chakshu.fr\\\/en\\\/produit\\\/virgin-mary-pendant\\\/#primaryimage\",\"url\":\"https:\\\/\\\/chakshu.fr\\\/wp-content\\\/uploads\\\/2025\\\/05\\\/55.png\",\"contentUrl\":\"https:\\\/\\\/chakshu.fr\\\/wp-content\\\/uploads\\\/2025\\\/05\\\/55.png\",\"width\":1100,\"height\":1100,\"caption\":\"Pendentif en or dor\u00e9 repr\u00e9sentant une vierge, orn\u00e9 de d\u00e9tails d\u00e9licats et lumineux.\"},{\"@type\":\"BreadcrumbList\",\"@id\":\"https:\\\/\\\/chakshu.fr\\\/en\\\/produit\\\/virgin-mary-pendant\\\/#breadcrumb\",\"itemListElement\":[{\"@type\":\"ListItem\",\"position\":1,\"name\":\"Accueil\",\"item\":\"https:\\\/\\\/chakshu.fr\\\/en\\\/homepage\\\/\"},{\"@type\":\"ListItem\",\"position\":2,\"name\":\"Online Store\",\"item\":\"https:\\\/\\\/chakshu.fr\\\/en\\\/shop\\\/\"},{\"@type\":\"ListItem\",\"position\":3,\"name\":\"Virgin Mary Pendant\"}]},{\"@type\":\"WebSite\",\"@id\":\"https:\\\/\\\/chakshu.fr\\\/en\\\/#website\",\"url\":\"https:\\\/\\\/chakshu.fr\\\/en\\\/\",\"name\":\"Chakshu\",\"description\":\"Bijoux ethniques modernes\",\"potentialAction\":[{\"@type\":\"SearchAction\",\"target\":{\"@type\":\"EntryPoint\",\"urlTemplate\":\"https:\\\/\\\/chakshu.fr\\\/en\\\/?s={search_term_string}\"},\"query-input\":{\"@type\":\"PropertyValueSpecification\",\"valueRequired\":true,\"valueName\":\"search_term_string\"}}],\"inLanguage\":\"en-US\"}]}<\/script>\n<!-- \/ Yoast SEO plugin. -->","yoast_head_json":{"title":"Virgin Mary Pendant - Chakshu","description":"Virgin Mary pendant in fine gold-plated brass with zircons, symbol of unconditional love and protection. A delicate, benevolent jewel.","robots":{"index":"index","follow":"follow","max-snippet":"max-snippet:-1","max-image-preview":"max-image-preview:large","max-video-preview":"max-video-preview:-1"},"canonical":"https:\/\/chakshu.fr\/en\/produit\/virgin-mary-pendant\/","og_locale":"en_US","og_type":"article","og_title":"Virgin Mary Pendant - Chakshu","og_description":"Virgin Mary pendant in fine gold-plated brass with zircons, symbol of unconditional love and protection. A delicate, benevolent jewel.","og_url":"https:\/\/chakshu.fr\/en\/produit\/virgin-mary-pendant\/","og_site_name":"Chakshu","article_publisher":"https:\/\/www.facebook.com\/chakshucreations\/?locale=fr_FR","article_modified_time":"2025-12-13T09:39:03+00:00","og_image":[{"width":1024,"height":1024,"url":"https:\/\/chakshu.fr\/wp-content\/uploads\/2025\/05\/55-1024x1024.png","type":"image\/png"}],"twitter_card":"summary_large_image","schema":{"@context":"https:\/\/schema.org","@graph":[{"@type":"WebPage","@id":"https:\/\/chakshu.fr\/en\/produit\/virgin-mary-pendant\/","url":"https:\/\/chakshu.fr\/en\/produit\/virgin-mary-pendant\/","name":"Virgin Mary Pendant - Chakshu","isPartOf":{"@id":"https:\/\/chakshu.fr\/en\/#website"},"primaryImageOfPage":{"@id":"https:\/\/chakshu.fr\/en\/produit\/virgin-mary-pendant\/#primaryimage"},"image":{"@id":"https:\/\/chakshu.fr\/en\/produit\/virgin-mary-pendant\/#primaryimage"},"thumbnailUrl":"https:\/\/chakshu.fr\/wp-content\/uploads\/2025\/05\/55.png","datePublished":"2024-10-06T11:55:44+00:00","dateModified":"2025-12-13T09:39:03+00:00","description":"Virgin Mary pendant in fine gold-plated brass with zircons, symbol of unconditional love and protection. A delicate, benevolent jewel.","breadcrumb":{"@id":"https:\/\/chakshu.fr\/en\/produit\/virgin-mary-pendant\/#breadcrumb"},"inLanguage":"en-US","potentialAction":[{"@type":"ReadAction","target":["https:\/\/chakshu.fr\/en\/produit\/virgin-mary-pendant\/"]}]},{"@type":"ImageObject","inLanguage":"en-US","@id":"https:\/\/chakshu.fr\/en\/produit\/virgin-mary-pendant\/#primaryimage","url":"https:\/\/chakshu.fr\/wp-content\/uploads\/2025\/05\/55.png","contentUrl":"https:\/\/chakshu.fr\/wp-content\/uploads\/2025\/05\/55.png","width":1100,"height":1100,"caption":"Pendentif en or dor\u00e9 repr\u00e9sentant une vierge, orn\u00e9 de d\u00e9tails d\u00e9licats et lumineux."},{"@type":"BreadcrumbList","@id":"https:\/\/chakshu.fr\/en\/produit\/virgin-mary-pendant\/#breadcrumb","itemListElement":[{"@type":"ListItem","position":1,"name":"Accueil","item":"https:\/\/chakshu.fr\/en\/homepage\/"},{"@type":"ListItem","position":2,"name":"Online Store","item":"https:\/\/chakshu.fr\/en\/shop\/"},{"@type":"ListItem","position":3,"name":"Virgin Mary Pendant"}]},{"@type":"WebSite","@id":"https:\/\/chakshu.fr\/en\/#website","url":"https:\/\/chakshu.fr\/en\/","name":"Chakshu","description":"Bijoux ethniques modernes","potentialAction":[{"@type":"SearchAction","target":{"@type":"EntryPoint","urlTemplate":"https:\/\/chakshu.fr\/en\/?s={search_term_string}"},"query-input":{"@type":"PropertyValueSpecification","valueRequired":true,"valueName":"search_term_string"}}],"inLanguage":"en-US"}]}},"_links":{"self":[{"href":"https:\/\/chakshu.fr\/en\/wp-json\/wp\/v2\/product\/22683","targetHints":{"allow":["GET"]}}],"collection":[{"href":"https:\/\/chakshu.fr\/en\/wp-json\/wp\/v2\/product"}],"about":[{"href":"https:\/\/chakshu.fr\/en\/wp-json\/wp\/v2\/types\/product"}],"replies":[{"embeddable":true,"href":"https:\/\/chakshu.fr\/en\/wp-json\/wp\/v2\/comments?post=22683"}],"wp:featuredmedia":[{"embeddable":true,"href":"https:\/\/chakshu.fr\/en\/wp-json\/wp\/v2\/media\/23876"}],"wp:attachment":[{"href":"https:\/\/chakshu.fr\/en\/wp-json\/wp\/v2\/media?parent=22683"}],"wp:term":[{"taxonomy":"product_brand","embeddable":true,"href":"https:\/\/chakshu.fr\/en\/wp-json\/wp\/v2\/product_brand?post=22683"},{"taxonomy":"product_cat","embeddable":true,"href":"https:\/\/chakshu.fr\/en\/wp-json\/wp\/v2\/product_cat?post=22683"},{"taxonomy":"product_tag","embeddable":true,"href":"https:\/\/chakshu.fr\/en\/wp-json\/wp\/v2\/product_tag?post=22683"}],"curies":[{"name":"wp","href":"https:\/\/api.w.org\/{rel}","templated":true}]}}