{"id":22684,"date":"2024-10-06T14:38:39","date_gmt":"2024-10-06T12:38:39","guid":{"rendered":"https:\/\/chakshu.fr\/produit\/yoni-pendant\/"},"modified":"2025-12-13T10:39:04","modified_gmt":"2025-12-13T09:39:04","slug":"yoni-pendant","status":"publish","type":"product","link":"https:\/\/chakshu.fr\/en\/produit\/yoni-pendant\/","title":{"rendered":"Yoni pendant"},"content":{"rendered":"","protected":false},"excerpt":{"rendered":"<p data-start=\"186\" data-end=\"224\"><strong data-start=\"186\" data-end=\"224\">YONI collection, symbol of the sacred spring.<\/strong><\/p>\n<p data-start=\"226\" data-end=\"577\">The <strong data-start=\"229\" data-end=\"237\">Yoni<\/strong>, in Sanskrit tradition, refers to the origin of the world. Much more than a female sex, it is <g id=\"gid_1\">the portal of life<\/g>, <g id=\"gid_2\">the sanctuary of the sacred feminine<\/g>, <g id=\"gid_3\">the matrix of creation<\/g>. An ancestral symbol of fertility, power, sensuality and mystery, it connects women to their cycles, their intuitive wisdom and their original strength.  <\/p>\n<p data-start=\"579\" data-end=\"860\">This yoni-shaped pendant, set with <strong data-start=\"625\" data-end=\"644\">genuine opal<\/strong>, is an <strong data-start=\"654\" data-end=\"666\">offering<\/strong>. A tribute to the beauty of our bodies, to our capacity to create, transform, feel and be reborn again. Opal infuses it with its iridescent magic, mirroring our changing, luminous interiority.  <\/p>\n<p data-start=\"862\" data-end=\"1199\">To wear this talisman is to <strong data-start=\"888\" data-end=\"926\">reconnect with your inner fire<\/strong>, your free sensuality, your power to be a woman &#8211; in all its nuances, with gentleness, truth and boldness. It&#8217;s about remembering that our bodies are sacred. And that our pleasure, our intuition, our desire, are all keys to moving forward on our path of awareness.  <\/p>\n<p>24-carat gold-plated brass and opal pendant. Length 2.5 cm, width 1.1 cm, thickness 0.9 cm. Chain length 50 cm.  <\/p>\n<p>Each piece is handmade. There may be slight variations with the model, which is what makes this piece unique. \u2661<\/p>\n","protected":false},"featured_media":23872,"comment_status":"open","ping_status":"closed","template":"","meta":{"_acf_changed":false,"om_disable_all_campaigns":false,"_monsterinsights_skip_tracking":false,"_monsterinsights_sitenote_active":false,"_monsterinsights_sitenote_note":"","_monsterinsights_sitenote_category":0,"_uf_show_specific_survey":0,"_uf_disable_surveys":false},"product_brand":[],"product_cat":[167,106,107,129],"product_tag":[],"class_list":{"0":"post-22684","1":"product","2":"type-product","3":"status-publish","4":"has-post-thumbnail","6":"product_cat-my-little-magics","7":"product_cat-necklaces","8":"product_cat-opale-en","9":"product_cat-yoni-en","11":"first","12":"instock","13":"shipping-taxable","14":"purchasable","15":"product-type-simple"},"acf":[],"yoast_head":"<!-- This site is optimized with the Yoast SEO plugin v27.4 - https:\/\/yoast.com\/product\/yoast-seo-wordpress\/ -->\n<title>Yoni pendant - Chakshu<\/title>\n<meta name=\"description\" content=\"Yoni pendant in fine gold-plated brass with opal, celebrating sacred femininity and creation. A symbolic jewel imbued with gentleness and power.\" \/>\n<meta name=\"robots\" content=\"index, follow, max-snippet:-1, max-image-preview:large, max-video-preview:-1\" \/>\n<link rel=\"canonical\" href=\"https:\/\/chakshu.fr\/en\/produit\/yoni-pendant\/\" \/>\n<meta property=\"og:locale\" content=\"en_US\" \/>\n<meta property=\"og:type\" content=\"article\" \/>\n<meta property=\"og:title\" content=\"Yoni pendant - Chakshu\" \/>\n<meta property=\"og:description\" content=\"Yoni pendant in fine gold-plated brass with opal, celebrating sacred femininity and creation. A symbolic jewel imbued with gentleness and power.\" \/>\n<meta property=\"og:url\" content=\"https:\/\/chakshu.fr\/en\/produit\/yoni-pendant\/\" \/>\n<meta property=\"og:site_name\" content=\"Chakshu\" \/>\n<meta property=\"article:publisher\" content=\"https:\/\/www.facebook.com\/chakshucreations\/?locale=fr_FR\" \/>\n<meta property=\"article:modified_time\" content=\"2025-12-13T09:39:04+00:00\" \/>\n<meta property=\"og:image\" content=\"https:\/\/chakshu.fr\/wp-content\/uploads\/2025\/05\/53-1024x1024.png\" \/>\n\t<meta property=\"og:image:width\" content=\"1024\" \/>\n\t<meta property=\"og:image:height\" content=\"1024\" \/>\n\t<meta property=\"og:image:type\" content=\"image\/png\" \/>\n<meta name=\"twitter:card\" content=\"summary_large_image\" \/>\n<script type=\"application\/ld+json\" class=\"yoast-schema-graph\">{\"@context\":\"https:\\\/\\\/schema.org\",\"@graph\":[{\"@type\":\"WebPage\",\"@id\":\"https:\\\/\\\/chakshu.fr\\\/en\\\/produit\\\/yoni-pendant\\\/\",\"url\":\"https:\\\/\\\/chakshu.fr\\\/en\\\/produit\\\/yoni-pendant\\\/\",\"name\":\"Yoni pendant - Chakshu\",\"isPartOf\":{\"@id\":\"https:\\\/\\\/chakshu.fr\\\/en\\\/#website\"},\"primaryImageOfPage\":{\"@id\":\"https:\\\/\\\/chakshu.fr\\\/en\\\/produit\\\/yoni-pendant\\\/#primaryimage\"},\"image\":{\"@id\":\"https:\\\/\\\/chakshu.fr\\\/en\\\/produit\\\/yoni-pendant\\\/#primaryimage\"},\"thumbnailUrl\":\"https:\\\/\\\/chakshu.fr\\\/wp-content\\\/uploads\\\/2025\\\/05\\\/53.png\",\"datePublished\":\"2024-10-06T12:38:39+00:00\",\"dateModified\":\"2025-12-13T09:39:04+00:00\",\"description\":\"Yoni pendant in fine gold-plated brass with opal, celebrating sacred femininity and creation. A symbolic jewel imbued with gentleness and power.\",\"breadcrumb\":{\"@id\":\"https:\\\/\\\/chakshu.fr\\\/en\\\/produit\\\/yoni-pendant\\\/#breadcrumb\"},\"inLanguage\":\"en-US\",\"potentialAction\":[{\"@type\":\"ReadAction\",\"target\":[\"https:\\\/\\\/chakshu.fr\\\/en\\\/produit\\\/yoni-pendant\\\/\"]}]},{\"@type\":\"ImageObject\",\"inLanguage\":\"en-US\",\"@id\":\"https:\\\/\\\/chakshu.fr\\\/en\\\/produit\\\/yoni-pendant\\\/#primaryimage\",\"url\":\"https:\\\/\\\/chakshu.fr\\\/wp-content\\\/uploads\\\/2025\\\/05\\\/53.png\",\"contentUrl\":\"https:\\\/\\\/chakshu.fr\\\/wp-content\\\/uploads\\\/2025\\\/05\\\/53.png\",\"width\":1100,\"height\":1100,\"caption\":\"Collier d\u00e9licat en or, pendentif en forme de feuille, orn\u00e9 dune pierre turquoise \u00e9clatante.\"},{\"@type\":\"BreadcrumbList\",\"@id\":\"https:\\\/\\\/chakshu.fr\\\/en\\\/produit\\\/yoni-pendant\\\/#breadcrumb\",\"itemListElement\":[{\"@type\":\"ListItem\",\"position\":1,\"name\":\"Accueil\",\"item\":\"https:\\\/\\\/chakshu.fr\\\/en\\\/homepage\\\/\"},{\"@type\":\"ListItem\",\"position\":2,\"name\":\"Online Store\",\"item\":\"https:\\\/\\\/chakshu.fr\\\/en\\\/shop\\\/\"},{\"@type\":\"ListItem\",\"position\":3,\"name\":\"Yoni pendant\"}]},{\"@type\":\"WebSite\",\"@id\":\"https:\\\/\\\/chakshu.fr\\\/en\\\/#website\",\"url\":\"https:\\\/\\\/chakshu.fr\\\/en\\\/\",\"name\":\"Chakshu\",\"description\":\"Bijoux ethniques modernes\",\"potentialAction\":[{\"@type\":\"SearchAction\",\"target\":{\"@type\":\"EntryPoint\",\"urlTemplate\":\"https:\\\/\\\/chakshu.fr\\\/en\\\/?s={search_term_string}\"},\"query-input\":{\"@type\":\"PropertyValueSpecification\",\"valueRequired\":true,\"valueName\":\"search_term_string\"}}],\"inLanguage\":\"en-US\"}]}<\/script>\n<!-- \/ Yoast SEO plugin. -->","yoast_head_json":{"title":"Yoni pendant - Chakshu","description":"Yoni pendant in fine gold-plated brass with opal, celebrating sacred femininity and creation. A symbolic jewel imbued with gentleness and power.","robots":{"index":"index","follow":"follow","max-snippet":"max-snippet:-1","max-image-preview":"max-image-preview:large","max-video-preview":"max-video-preview:-1"},"canonical":"https:\/\/chakshu.fr\/en\/produit\/yoni-pendant\/","og_locale":"en_US","og_type":"article","og_title":"Yoni pendant - Chakshu","og_description":"Yoni pendant in fine gold-plated brass with opal, celebrating sacred femininity and creation. A symbolic jewel imbued with gentleness and power.","og_url":"https:\/\/chakshu.fr\/en\/produit\/yoni-pendant\/","og_site_name":"Chakshu","article_publisher":"https:\/\/www.facebook.com\/chakshucreations\/?locale=fr_FR","article_modified_time":"2025-12-13T09:39:04+00:00","og_image":[{"width":1024,"height":1024,"url":"https:\/\/chakshu.fr\/wp-content\/uploads\/2025\/05\/53-1024x1024.png","type":"image\/png"}],"twitter_card":"summary_large_image","schema":{"@context":"https:\/\/schema.org","@graph":[{"@type":"WebPage","@id":"https:\/\/chakshu.fr\/en\/produit\/yoni-pendant\/","url":"https:\/\/chakshu.fr\/en\/produit\/yoni-pendant\/","name":"Yoni pendant - Chakshu","isPartOf":{"@id":"https:\/\/chakshu.fr\/en\/#website"},"primaryImageOfPage":{"@id":"https:\/\/chakshu.fr\/en\/produit\/yoni-pendant\/#primaryimage"},"image":{"@id":"https:\/\/chakshu.fr\/en\/produit\/yoni-pendant\/#primaryimage"},"thumbnailUrl":"https:\/\/chakshu.fr\/wp-content\/uploads\/2025\/05\/53.png","datePublished":"2024-10-06T12:38:39+00:00","dateModified":"2025-12-13T09:39:04+00:00","description":"Yoni pendant in fine gold-plated brass with opal, celebrating sacred femininity and creation. A symbolic jewel imbued with gentleness and power.","breadcrumb":{"@id":"https:\/\/chakshu.fr\/en\/produit\/yoni-pendant\/#breadcrumb"},"inLanguage":"en-US","potentialAction":[{"@type":"ReadAction","target":["https:\/\/chakshu.fr\/en\/produit\/yoni-pendant\/"]}]},{"@type":"ImageObject","inLanguage":"en-US","@id":"https:\/\/chakshu.fr\/en\/produit\/yoni-pendant\/#primaryimage","url":"https:\/\/chakshu.fr\/wp-content\/uploads\/2025\/05\/53.png","contentUrl":"https:\/\/chakshu.fr\/wp-content\/uploads\/2025\/05\/53.png","width":1100,"height":1100,"caption":"Collier d\u00e9licat en or, pendentif en forme de feuille, orn\u00e9 dune pierre turquoise \u00e9clatante."},{"@type":"BreadcrumbList","@id":"https:\/\/chakshu.fr\/en\/produit\/yoni-pendant\/#breadcrumb","itemListElement":[{"@type":"ListItem","position":1,"name":"Accueil","item":"https:\/\/chakshu.fr\/en\/homepage\/"},{"@type":"ListItem","position":2,"name":"Online Store","item":"https:\/\/chakshu.fr\/en\/shop\/"},{"@type":"ListItem","position":3,"name":"Yoni pendant"}]},{"@type":"WebSite","@id":"https:\/\/chakshu.fr\/en\/#website","url":"https:\/\/chakshu.fr\/en\/","name":"Chakshu","description":"Bijoux ethniques modernes","potentialAction":[{"@type":"SearchAction","target":{"@type":"EntryPoint","urlTemplate":"https:\/\/chakshu.fr\/en\/?s={search_term_string}"},"query-input":{"@type":"PropertyValueSpecification","valueRequired":true,"valueName":"search_term_string"}}],"inLanguage":"en-US"}]}},"_links":{"self":[{"href":"https:\/\/chakshu.fr\/en\/wp-json\/wp\/v2\/product\/22684","targetHints":{"allow":["GET"]}}],"collection":[{"href":"https:\/\/chakshu.fr\/en\/wp-json\/wp\/v2\/product"}],"about":[{"href":"https:\/\/chakshu.fr\/en\/wp-json\/wp\/v2\/types\/product"}],"replies":[{"embeddable":true,"href":"https:\/\/chakshu.fr\/en\/wp-json\/wp\/v2\/comments?post=22684"}],"wp:featuredmedia":[{"embeddable":true,"href":"https:\/\/chakshu.fr\/en\/wp-json\/wp\/v2\/media\/23872"}],"wp:attachment":[{"href":"https:\/\/chakshu.fr\/en\/wp-json\/wp\/v2\/media?parent=22684"}],"wp:term":[{"taxonomy":"product_brand","embeddable":true,"href":"https:\/\/chakshu.fr\/en\/wp-json\/wp\/v2\/product_brand?post=22684"},{"taxonomy":"product_cat","embeddable":true,"href":"https:\/\/chakshu.fr\/en\/wp-json\/wp\/v2\/product_cat?post=22684"},{"taxonomy":"product_tag","embeddable":true,"href":"https:\/\/chakshu.fr\/en\/wp-json\/wp\/v2\/product_tag?post=22684"}],"curies":[{"name":"wp","href":"https:\/\/api.w.org\/{rel}","templated":true}]}}