{"id":22702,"date":"2024-09-17T16:31:27","date_gmt":"2024-09-17T14:31:27","guid":{"rendered":"https:\/\/chakshu.fr\/produit\/chin-mudra-mala-opale\/"},"modified":"2024-09-17T16:31:27","modified_gmt":"2024-09-17T14:31:27","slug":"chin-mudra-mala-opale","status":"publish","type":"product","link":"https:\/\/chakshu.fr\/en\/produit\/chin-mudra-mala-opale\/","title":{"rendered":"Chin Mudra Mala Opale"},"content":{"rendered":"","protected":false},"excerpt":{"rendered":"<p><span style=\"vertical-align: inherit;\"><span style=\"vertical-align: inherit;\">The Chin Mudra or Jnana Mudra collection is inspired by ancient Indian spiritual practices, where each Mudra, the precise position of the fingers used in meditation and other Indian practices, influences our consciousness and our connection with the universe. The Chin Mudra, palm down, symbolizes self-awareness, while the Jnana Mudra, palm up, represents union with the universe and inner wisdom. These Mudras illustrate the connection between the Self (Atman) and the universal soul (Brahman), inviting exploration of this spiritual union.  <\/span><\/span><\/p>\n<p><span style=\"vertical-align: inherit;\"><span style=\"vertical-align: inherit;\"><br \/>\nEach jewel in this collection invites you to explore this deep connection and embrace inner wisdom.<br \/>\n<\/span><\/span><\/p>\n<p>Indian prayer mala with 108 opals, with a chin mudra hand sculpture in brass gilded with 24-carat fine gold. Approx. 80cm long, it falls to the level of the solar plexus. Hand: height 3.5 cm, width 2 cm, thickness 1.5 cm. Each piece is handmade. There may be small scratches, or slight variations with the model, which is what makes this piece unique. \u2661  <\/p>\n","protected":false},"featured_media":22284,"comment_status":"closed","ping_status":"closed","template":"","meta":{"_acf_changed":false,"om_disable_all_campaigns":false,"_monsterinsights_skip_tracking":false,"_monsterinsights_sitenote_active":false,"_monsterinsights_sitenote_note":"","_monsterinsights_sitenote_category":0,"_uf_show_specific_survey":0,"_uf_disable_surveys":false},"product_brand":[],"product_cat":[130,126,106,107],"product_tag":[],"class_list":{"0":"post-22702","1":"product","2":"type-product","3":"status-publish","4":"has-post-thumbnail","6":"product_cat-chin-mudra-en","7":"product_cat-mudra-en","8":"product_cat-necklaces","9":"product_cat-opale-en","11":"first","12":"instock","13":"shipping-taxable","14":"purchasable","15":"product-type-simple"},"acf":[],"yoast_head":"<!-- This site is optimized with the Yoast SEO plugin v27.4 - https:\/\/yoast.com\/product\/yoast-seo-wordpress\/ -->\n<title>Chin Mudra Mala Opale - Chakshu<\/title>\n<meta name=\"robots\" content=\"index, follow, max-snippet:-1, max-image-preview:large, max-video-preview:-1\" \/>\n<link rel=\"canonical\" href=\"https:\/\/chakshu.fr\/en\/produit\/chin-mudra-mala-opale\/\" \/>\n<meta property=\"og:locale\" content=\"en_US\" \/>\n<meta property=\"og:type\" content=\"article\" \/>\n<meta property=\"og:title\" content=\"Chin Mudra Mala Opale - Chakshu\" \/>\n<meta property=\"og:description\" content=\"The Chin Mudra or Jnana Mudra collection is inspired by ancient Indian spiritual practices, where each Mudra, the precise position of the fingers used in meditation and other Indian practices, influences our consciousness and our connection with the universe. The Chin Mudra, palm down, symbolizes self-awareness, while the Jnana Mudra, palm up, represents union with the universe and inner wisdom. These Mudras illustrate the connection between the Self (Atman) and the universal soul (Brahman), inviting exploration of this spiritual union.   Each jewel in this collection invites you to explore this deep connection and embrace inner wisdom.  Indian prayer mala with 108 opals, with a chin mudra hand sculpture in brass gilded with 24-carat fine gold. Approx. 80cm long, it falls to the level of the solar plexus. Hand: height 3.5 cm, width 2 cm, thickness 1.5 cm. Each piece is handmade. There may be small scratches, or slight variations with the model, which is what makes this piece unique. \u2661\" \/>\n<meta property=\"og:url\" content=\"https:\/\/chakshu.fr\/en\/produit\/chin-mudra-mala-opale\/\" \/>\n<meta property=\"og:site_name\" content=\"Chakshu\" \/>\n<meta property=\"article:publisher\" content=\"https:\/\/www.facebook.com\/chakshucreations\/?locale=fr_FR\" \/>\n<meta property=\"og:image\" content=\"https:\/\/chakshu.fr\/wp-content\/uploads\/2024\/08\/Packshot-Mala-Chin-Mudra-Opale-scaled-e1726583694648.jpg\" \/>\n\t<meta property=\"og:image:width\" content=\"1706\" \/>\n\t<meta property=\"og:image:height\" content=\"1706\" \/>\n\t<meta property=\"og:image:type\" content=\"image\/jpeg\" \/>\n<meta name=\"twitter:card\" content=\"summary_large_image\" \/>\n<script type=\"application\/ld+json\" class=\"yoast-schema-graph\">{\"@context\":\"https:\\\/\\\/schema.org\",\"@graph\":[{\"@type\":\"WebPage\",\"@id\":\"https:\\\/\\\/chakshu.fr\\\/en\\\/produit\\\/chin-mudra-mala-opale\\\/\",\"url\":\"https:\\\/\\\/chakshu.fr\\\/en\\\/produit\\\/chin-mudra-mala-opale\\\/\",\"name\":\"Chin Mudra Mala Opale - Chakshu\",\"isPartOf\":{\"@id\":\"https:\\\/\\\/chakshu.fr\\\/en\\\/#website\"},\"primaryImageOfPage\":{\"@id\":\"https:\\\/\\\/chakshu.fr\\\/en\\\/produit\\\/chin-mudra-mala-opale\\\/#primaryimage\"},\"image\":{\"@id\":\"https:\\\/\\\/chakshu.fr\\\/en\\\/produit\\\/chin-mudra-mala-opale\\\/#primaryimage\"},\"thumbnailUrl\":\"https:\\\/\\\/chakshu.fr\\\/wp-content\\\/uploads\\\/2024\\\/08\\\/Packshot-Mala-Chin-Mudra-Opale-scaled-e1726583694648.jpg\",\"datePublished\":\"2024-09-17T14:31:27+00:00\",\"breadcrumb\":{\"@id\":\"https:\\\/\\\/chakshu.fr\\\/en\\\/produit\\\/chin-mudra-mala-opale\\\/#breadcrumb\"},\"inLanguage\":\"en-US\",\"potentialAction\":[{\"@type\":\"ReadAction\",\"target\":[\"https:\\\/\\\/chakshu.fr\\\/en\\\/produit\\\/chin-mudra-mala-opale\\\/\"]}]},{\"@type\":\"ImageObject\",\"inLanguage\":\"en-US\",\"@id\":\"https:\\\/\\\/chakshu.fr\\\/en\\\/produit\\\/chin-mudra-mala-opale\\\/#primaryimage\",\"url\":\"https:\\\/\\\/chakshu.fr\\\/wp-content\\\/uploads\\\/2024\\\/08\\\/Packshot-Mala-Chin-Mudra-Opale-scaled-e1726583694648.jpg\",\"contentUrl\":\"https:\\\/\\\/chakshu.fr\\\/wp-content\\\/uploads\\\/2024\\\/08\\\/Packshot-Mala-Chin-Mudra-Opale-scaled-e1726583694648.jpg\",\"width\":1706,\"height\":1706,\"caption\":\"Pendentif Chin Mudra en or, main d\u00e9licate, orn\u00e9e de pierres opalescentes et perles color\u00e9es.\"},{\"@type\":\"BreadcrumbList\",\"@id\":\"https:\\\/\\\/chakshu.fr\\\/en\\\/produit\\\/chin-mudra-mala-opale\\\/#breadcrumb\",\"itemListElement\":[{\"@type\":\"ListItem\",\"position\":1,\"name\":\"Accueil\",\"item\":\"https:\\\/\\\/chakshu.fr\\\/en\\\/homepage\\\/\"},{\"@type\":\"ListItem\",\"position\":2,\"name\":\"Online Store\",\"item\":\"https:\\\/\\\/chakshu.fr\\\/en\\\/shop\\\/\"},{\"@type\":\"ListItem\",\"position\":3,\"name\":\"Chin Mudra Mala Opale\"}]},{\"@type\":\"WebSite\",\"@id\":\"https:\\\/\\\/chakshu.fr\\\/en\\\/#website\",\"url\":\"https:\\\/\\\/chakshu.fr\\\/en\\\/\",\"name\":\"Chakshu\",\"description\":\"Bijoux ethniques modernes\",\"potentialAction\":[{\"@type\":\"SearchAction\",\"target\":{\"@type\":\"EntryPoint\",\"urlTemplate\":\"https:\\\/\\\/chakshu.fr\\\/en\\\/?s={search_term_string}\"},\"query-input\":{\"@type\":\"PropertyValueSpecification\",\"valueRequired\":true,\"valueName\":\"search_term_string\"}}],\"inLanguage\":\"en-US\"}]}<\/script>\n<!-- \/ Yoast SEO plugin. -->","yoast_head_json":{"title":"Chin Mudra Mala Opale - Chakshu","robots":{"index":"index","follow":"follow","max-snippet":"max-snippet:-1","max-image-preview":"max-image-preview:large","max-video-preview":"max-video-preview:-1"},"canonical":"https:\/\/chakshu.fr\/en\/produit\/chin-mudra-mala-opale\/","og_locale":"en_US","og_type":"article","og_title":"Chin Mudra Mala Opale - Chakshu","og_description":"The Chin Mudra or Jnana Mudra collection is inspired by ancient Indian spiritual practices, where each Mudra, the precise position of the fingers used in meditation and other Indian practices, influences our consciousness and our connection with the universe. The Chin Mudra, palm down, symbolizes self-awareness, while the Jnana Mudra, palm up, represents union with the universe and inner wisdom. These Mudras illustrate the connection between the Self (Atman) and the universal soul (Brahman), inviting exploration of this spiritual union.   Each jewel in this collection invites you to explore this deep connection and embrace inner wisdom.  Indian prayer mala with 108 opals, with a chin mudra hand sculpture in brass gilded with 24-carat fine gold. Approx. 80cm long, it falls to the level of the solar plexus. Hand: height 3.5 cm, width 2 cm, thickness 1.5 cm. Each piece is handmade. There may be small scratches, or slight variations with the model, which is what makes this piece unique. \u2661","og_url":"https:\/\/chakshu.fr\/en\/produit\/chin-mudra-mala-opale\/","og_site_name":"Chakshu","article_publisher":"https:\/\/www.facebook.com\/chakshucreations\/?locale=fr_FR","og_image":[{"width":1706,"height":1706,"url":"https:\/\/chakshu.fr\/wp-content\/uploads\/2024\/08\/Packshot-Mala-Chin-Mudra-Opale-scaled-e1726583694648.jpg","type":"image\/jpeg"}],"twitter_card":"summary_large_image","schema":{"@context":"https:\/\/schema.org","@graph":[{"@type":"WebPage","@id":"https:\/\/chakshu.fr\/en\/produit\/chin-mudra-mala-opale\/","url":"https:\/\/chakshu.fr\/en\/produit\/chin-mudra-mala-opale\/","name":"Chin Mudra Mala Opale - Chakshu","isPartOf":{"@id":"https:\/\/chakshu.fr\/en\/#website"},"primaryImageOfPage":{"@id":"https:\/\/chakshu.fr\/en\/produit\/chin-mudra-mala-opale\/#primaryimage"},"image":{"@id":"https:\/\/chakshu.fr\/en\/produit\/chin-mudra-mala-opale\/#primaryimage"},"thumbnailUrl":"https:\/\/chakshu.fr\/wp-content\/uploads\/2024\/08\/Packshot-Mala-Chin-Mudra-Opale-scaled-e1726583694648.jpg","datePublished":"2024-09-17T14:31:27+00:00","breadcrumb":{"@id":"https:\/\/chakshu.fr\/en\/produit\/chin-mudra-mala-opale\/#breadcrumb"},"inLanguage":"en-US","potentialAction":[{"@type":"ReadAction","target":["https:\/\/chakshu.fr\/en\/produit\/chin-mudra-mala-opale\/"]}]},{"@type":"ImageObject","inLanguage":"en-US","@id":"https:\/\/chakshu.fr\/en\/produit\/chin-mudra-mala-opale\/#primaryimage","url":"https:\/\/chakshu.fr\/wp-content\/uploads\/2024\/08\/Packshot-Mala-Chin-Mudra-Opale-scaled-e1726583694648.jpg","contentUrl":"https:\/\/chakshu.fr\/wp-content\/uploads\/2024\/08\/Packshot-Mala-Chin-Mudra-Opale-scaled-e1726583694648.jpg","width":1706,"height":1706,"caption":"Pendentif Chin Mudra en or, main d\u00e9licate, orn\u00e9e de pierres opalescentes et perles color\u00e9es."},{"@type":"BreadcrumbList","@id":"https:\/\/chakshu.fr\/en\/produit\/chin-mudra-mala-opale\/#breadcrumb","itemListElement":[{"@type":"ListItem","position":1,"name":"Accueil","item":"https:\/\/chakshu.fr\/en\/homepage\/"},{"@type":"ListItem","position":2,"name":"Online Store","item":"https:\/\/chakshu.fr\/en\/shop\/"},{"@type":"ListItem","position":3,"name":"Chin Mudra Mala Opale"}]},{"@type":"WebSite","@id":"https:\/\/chakshu.fr\/en\/#website","url":"https:\/\/chakshu.fr\/en\/","name":"Chakshu","description":"Bijoux ethniques modernes","potentialAction":[{"@type":"SearchAction","target":{"@type":"EntryPoint","urlTemplate":"https:\/\/chakshu.fr\/en\/?s={search_term_string}"},"query-input":{"@type":"PropertyValueSpecification","valueRequired":true,"valueName":"search_term_string"}}],"inLanguage":"en-US"}]}},"_links":{"self":[{"href":"https:\/\/chakshu.fr\/en\/wp-json\/wp\/v2\/product\/22702","targetHints":{"allow":["GET"]}}],"collection":[{"href":"https:\/\/chakshu.fr\/en\/wp-json\/wp\/v2\/product"}],"about":[{"href":"https:\/\/chakshu.fr\/en\/wp-json\/wp\/v2\/types\/product"}],"replies":[{"embeddable":true,"href":"https:\/\/chakshu.fr\/en\/wp-json\/wp\/v2\/comments?post=22702"}],"wp:featuredmedia":[{"embeddable":true,"href":"https:\/\/chakshu.fr\/en\/wp-json\/wp\/v2\/media\/22284"}],"wp:attachment":[{"href":"https:\/\/chakshu.fr\/en\/wp-json\/wp\/v2\/media?parent=22702"}],"wp:term":[{"taxonomy":"product_brand","embeddable":true,"href":"https:\/\/chakshu.fr\/en\/wp-json\/wp\/v2\/product_brand?post=22702"},{"taxonomy":"product_cat","embeddable":true,"href":"https:\/\/chakshu.fr\/en\/wp-json\/wp\/v2\/product_cat?post=22702"},{"taxonomy":"product_tag","embeddable":true,"href":"https:\/\/chakshu.fr\/en\/wp-json\/wp\/v2\/product_tag?post=22702"}],"curies":[{"name":"wp","href":"https:\/\/api.w.org\/{rel}","templated":true}]}}