{"id":22708,"date":"2024-09-17T17:01:58","date_gmt":"2024-09-17T15:01:58","guid":{"rendered":"https:\/\/chakshu.fr\/produit\/anjali-mudra-mala-opal-labradorite\/"},"modified":"2024-09-17T17:01:58","modified_gmt":"2024-09-17T15:01:58","slug":"anjali-mudra-mala-opal-labradorite","status":"publish","type":"product","link":"https:\/\/chakshu.fr\/en\/produit\/anjali-mudra-mala-opal-labradorite\/","title":{"rendered":"Anjali Mudra Mala Opal Labradorite"},"content":{"rendered":"","protected":false},"excerpt":{"rendered":"<p>The Anjali Mudra collection is inspired by ancient Indian spiritual practices, where each Mudra, the precise position of the fingers used in meditation in India, influences our consciousness and our connection with the universe. Anjali Mudra, which means &#8220;reverence&#8221; in Sanskrit, is a gesture of greeting, expressing gratitude and unity. It&#8217;s a gesture that says &#8220;I see you&#8221; and &#8220;I recognize you as my equal&#8221;, illustrating universal unity and gratitude for the present moment. Wearing jewelry from this collection invites humility and spiritual alignment, reminding us of our unity with the universe. Indian prayer mala with 108 labradorites, with a hand sculpture in anjali mudra in brass gilded with 24-carat fine gold. Approx. 80cm long, it falls to the level of the solar plexus. Hand: height 3 cm, width 2 cm, thickness 1.3 cm. Each piece is handmade. There may be slight variations with the model, which is what makes this piece unique. \u2661  <\/p>\n","protected":false},"featured_media":22280,"comment_status":"closed","ping_status":"closed","template":"","meta":{"_acf_changed":false,"om_disable_all_campaigns":false,"_monsterinsights_skip_tracking":false,"_monsterinsights_sitenote_active":false,"_monsterinsights_sitenote_note":"","_monsterinsights_sitenote_category":0,"_uf_show_specific_survey":0,"_uf_disable_surveys":false},"product_brand":[],"product_cat":[131,133,126,106],"product_tag":[],"class_list":{"0":"post-22708","1":"product","2":"type-product","3":"status-publish","4":"has-post-thumbnail","6":"product_cat-anjali-mudra-en","7":"product_cat-labradorite","8":"product_cat-mudra-en","9":"product_cat-necklaces","11":"first","12":"instock","13":"shipping-taxable","14":"purchasable","15":"product-type-simple"},"acf":[],"yoast_head":"<!-- This site is optimized with the Yoast SEO plugin v27.4 - https:\/\/yoast.com\/product\/yoast-seo-wordpress\/ -->\n<title>Anjali Mudra Mala Opal Labradorite - Chakshu<\/title>\n<meta name=\"robots\" content=\"index, follow, max-snippet:-1, max-image-preview:large, max-video-preview:-1\" \/>\n<link rel=\"canonical\" href=\"https:\/\/chakshu.fr\/en\/produit\/anjali-mudra-mala-opal-labradorite\/\" \/>\n<meta property=\"og:locale\" content=\"en_US\" \/>\n<meta property=\"og:type\" content=\"article\" \/>\n<meta property=\"og:title\" content=\"Anjali Mudra Mala Opal Labradorite - Chakshu\" \/>\n<meta property=\"og:description\" content=\"The Anjali Mudra collection is inspired by ancient Indian spiritual practices, where each Mudra, the precise position of the fingers used in meditation in India, influences our consciousness and our connection with the universe. Anjali Mudra, which means &quot;reverence&quot; in Sanskrit, is a gesture of greeting, expressing gratitude and unity. It&#039;s a gesture that says &quot;I see you&quot; and &quot;I recognize you as my equal&quot;, illustrating universal unity and gratitude for the present moment. Wearing jewelry from this collection invites humility and spiritual alignment, reminding us of our unity with the universe. Indian prayer mala with 108 labradorites, with a hand sculpture in anjali mudra in brass gilded with 24-carat fine gold. Approx. 80cm long, it falls to the level of the solar plexus. Hand: height 3 cm, width 2 cm, thickness 1.3 cm. Each piece is handmade. There may be slight variations with the model, which is what makes this piece unique. \u2661\" \/>\n<meta property=\"og:url\" content=\"https:\/\/chakshu.fr\/en\/produit\/anjali-mudra-mala-opal-labradorite\/\" \/>\n<meta property=\"og:site_name\" content=\"Chakshu\" \/>\n<meta property=\"article:publisher\" content=\"https:\/\/www.facebook.com\/chakshucreations\/?locale=fr_FR\" \/>\n<meta property=\"og:image\" content=\"https:\/\/chakshu.fr\/wp-content\/uploads\/2024\/08\/Packshot-Mala-Anjali-Mudra-Labradorite-scaled-e1726585412620.jpg\" \/>\n\t<meta property=\"og:image:width\" content=\"1706\" \/>\n\t<meta property=\"og:image:height\" content=\"1706\" \/>\n\t<meta property=\"og:image:type\" content=\"image\/jpeg\" \/>\n<meta name=\"twitter:card\" content=\"summary_large_image\" \/>\n<script type=\"application\/ld+json\" class=\"yoast-schema-graph\">{\"@context\":\"https:\\\/\\\/schema.org\",\"@graph\":[{\"@type\":\"WebPage\",\"@id\":\"https:\\\/\\\/chakshu.fr\\\/en\\\/produit\\\/anjali-mudra-mala-opal-labradorite\\\/\",\"url\":\"https:\\\/\\\/chakshu.fr\\\/en\\\/produit\\\/anjali-mudra-mala-opal-labradorite\\\/\",\"name\":\"Anjali Mudra Mala Opal Labradorite - Chakshu\",\"isPartOf\":{\"@id\":\"https:\\\/\\\/chakshu.fr\\\/en\\\/#website\"},\"primaryImageOfPage\":{\"@id\":\"https:\\\/\\\/chakshu.fr\\\/en\\\/produit\\\/anjali-mudra-mala-opal-labradorite\\\/#primaryimage\"},\"image\":{\"@id\":\"https:\\\/\\\/chakshu.fr\\\/en\\\/produit\\\/anjali-mudra-mala-opal-labradorite\\\/#primaryimage\"},\"thumbnailUrl\":\"https:\\\/\\\/chakshu.fr\\\/wp-content\\\/uploads\\\/2024\\\/08\\\/Packshot-Mala-Anjali-Mudra-Labradorite-scaled-e1726585412620.jpg\",\"datePublished\":\"2024-09-17T15:01:58+00:00\",\"breadcrumb\":{\"@id\":\"https:\\\/\\\/chakshu.fr\\\/en\\\/produit\\\/anjali-mudra-mala-opal-labradorite\\\/#breadcrumb\"},\"inLanguage\":\"en-US\",\"potentialAction\":[{\"@type\":\"ReadAction\",\"target\":[\"https:\\\/\\\/chakshu.fr\\\/en\\\/produit\\\/anjali-mudra-mala-opal-labradorite\\\/\"]}]},{\"@type\":\"ImageObject\",\"inLanguage\":\"en-US\",\"@id\":\"https:\\\/\\\/chakshu.fr\\\/en\\\/produit\\\/anjali-mudra-mala-opal-labradorite\\\/#primaryimage\",\"url\":\"https:\\\/\\\/chakshu.fr\\\/wp-content\\\/uploads\\\/2024\\\/08\\\/Packshot-Mala-Anjali-Mudra-Labradorite-scaled-e1726585412620.jpg\",\"contentUrl\":\"https:\\\/\\\/chakshu.fr\\\/wp-content\\\/uploads\\\/2024\\\/08\\\/Packshot-Mala-Anjali-Mudra-Labradorite-scaled-e1726585412620.jpg\",\"width\":1706,\"height\":1706,\"caption\":\"Pendentif Chin Mudra en or, mains stylis\u00e9es, orn\u00e9es de labradorites d\u00e9licates. \u00c9l\u00e9gance spirituelle.\"},{\"@type\":\"BreadcrumbList\",\"@id\":\"https:\\\/\\\/chakshu.fr\\\/en\\\/produit\\\/anjali-mudra-mala-opal-labradorite\\\/#breadcrumb\",\"itemListElement\":[{\"@type\":\"ListItem\",\"position\":1,\"name\":\"Accueil\",\"item\":\"https:\\\/\\\/chakshu.fr\\\/en\\\/homepage\\\/\"},{\"@type\":\"ListItem\",\"position\":2,\"name\":\"Online Store\",\"item\":\"https:\\\/\\\/chakshu.fr\\\/en\\\/shop\\\/\"},{\"@type\":\"ListItem\",\"position\":3,\"name\":\"Anjali Mudra Mala Opal Labradorite\"}]},{\"@type\":\"WebSite\",\"@id\":\"https:\\\/\\\/chakshu.fr\\\/en\\\/#website\",\"url\":\"https:\\\/\\\/chakshu.fr\\\/en\\\/\",\"name\":\"Chakshu\",\"description\":\"Bijoux ethniques modernes\",\"potentialAction\":[{\"@type\":\"SearchAction\",\"target\":{\"@type\":\"EntryPoint\",\"urlTemplate\":\"https:\\\/\\\/chakshu.fr\\\/en\\\/?s={search_term_string}\"},\"query-input\":{\"@type\":\"PropertyValueSpecification\",\"valueRequired\":true,\"valueName\":\"search_term_string\"}}],\"inLanguage\":\"en-US\"}]}<\/script>\n<!-- \/ Yoast SEO plugin. -->","yoast_head_json":{"title":"Anjali Mudra Mala Opal Labradorite - Chakshu","robots":{"index":"index","follow":"follow","max-snippet":"max-snippet:-1","max-image-preview":"max-image-preview:large","max-video-preview":"max-video-preview:-1"},"canonical":"https:\/\/chakshu.fr\/en\/produit\/anjali-mudra-mala-opal-labradorite\/","og_locale":"en_US","og_type":"article","og_title":"Anjali Mudra Mala Opal Labradorite - Chakshu","og_description":"The Anjali Mudra collection is inspired by ancient Indian spiritual practices, where each Mudra, the precise position of the fingers used in meditation in India, influences our consciousness and our connection with the universe. Anjali Mudra, which means \"reverence\" in Sanskrit, is a gesture of greeting, expressing gratitude and unity. It's a gesture that says \"I see you\" and \"I recognize you as my equal\", illustrating universal unity and gratitude for the present moment. Wearing jewelry from this collection invites humility and spiritual alignment, reminding us of our unity with the universe. Indian prayer mala with 108 labradorites, with a hand sculpture in anjali mudra in brass gilded with 24-carat fine gold. Approx. 80cm long, it falls to the level of the solar plexus. Hand: height 3 cm, width 2 cm, thickness 1.3 cm. Each piece is handmade. There may be slight variations with the model, which is what makes this piece unique. \u2661","og_url":"https:\/\/chakshu.fr\/en\/produit\/anjali-mudra-mala-opal-labradorite\/","og_site_name":"Chakshu","article_publisher":"https:\/\/www.facebook.com\/chakshucreations\/?locale=fr_FR","og_image":[{"width":1706,"height":1706,"url":"https:\/\/chakshu.fr\/wp-content\/uploads\/2024\/08\/Packshot-Mala-Anjali-Mudra-Labradorite-scaled-e1726585412620.jpg","type":"image\/jpeg"}],"twitter_card":"summary_large_image","schema":{"@context":"https:\/\/schema.org","@graph":[{"@type":"WebPage","@id":"https:\/\/chakshu.fr\/en\/produit\/anjali-mudra-mala-opal-labradorite\/","url":"https:\/\/chakshu.fr\/en\/produit\/anjali-mudra-mala-opal-labradorite\/","name":"Anjali Mudra Mala Opal Labradorite - Chakshu","isPartOf":{"@id":"https:\/\/chakshu.fr\/en\/#website"},"primaryImageOfPage":{"@id":"https:\/\/chakshu.fr\/en\/produit\/anjali-mudra-mala-opal-labradorite\/#primaryimage"},"image":{"@id":"https:\/\/chakshu.fr\/en\/produit\/anjali-mudra-mala-opal-labradorite\/#primaryimage"},"thumbnailUrl":"https:\/\/chakshu.fr\/wp-content\/uploads\/2024\/08\/Packshot-Mala-Anjali-Mudra-Labradorite-scaled-e1726585412620.jpg","datePublished":"2024-09-17T15:01:58+00:00","breadcrumb":{"@id":"https:\/\/chakshu.fr\/en\/produit\/anjali-mudra-mala-opal-labradorite\/#breadcrumb"},"inLanguage":"en-US","potentialAction":[{"@type":"ReadAction","target":["https:\/\/chakshu.fr\/en\/produit\/anjali-mudra-mala-opal-labradorite\/"]}]},{"@type":"ImageObject","inLanguage":"en-US","@id":"https:\/\/chakshu.fr\/en\/produit\/anjali-mudra-mala-opal-labradorite\/#primaryimage","url":"https:\/\/chakshu.fr\/wp-content\/uploads\/2024\/08\/Packshot-Mala-Anjali-Mudra-Labradorite-scaled-e1726585412620.jpg","contentUrl":"https:\/\/chakshu.fr\/wp-content\/uploads\/2024\/08\/Packshot-Mala-Anjali-Mudra-Labradorite-scaled-e1726585412620.jpg","width":1706,"height":1706,"caption":"Pendentif Chin Mudra en or, mains stylis\u00e9es, orn\u00e9es de labradorites d\u00e9licates. \u00c9l\u00e9gance spirituelle."},{"@type":"BreadcrumbList","@id":"https:\/\/chakshu.fr\/en\/produit\/anjali-mudra-mala-opal-labradorite\/#breadcrumb","itemListElement":[{"@type":"ListItem","position":1,"name":"Accueil","item":"https:\/\/chakshu.fr\/en\/homepage\/"},{"@type":"ListItem","position":2,"name":"Online Store","item":"https:\/\/chakshu.fr\/en\/shop\/"},{"@type":"ListItem","position":3,"name":"Anjali Mudra Mala Opal Labradorite"}]},{"@type":"WebSite","@id":"https:\/\/chakshu.fr\/en\/#website","url":"https:\/\/chakshu.fr\/en\/","name":"Chakshu","description":"Bijoux ethniques modernes","potentialAction":[{"@type":"SearchAction","target":{"@type":"EntryPoint","urlTemplate":"https:\/\/chakshu.fr\/en\/?s={search_term_string}"},"query-input":{"@type":"PropertyValueSpecification","valueRequired":true,"valueName":"search_term_string"}}],"inLanguage":"en-US"}]}},"_links":{"self":[{"href":"https:\/\/chakshu.fr\/en\/wp-json\/wp\/v2\/product\/22708","targetHints":{"allow":["GET"]}}],"collection":[{"href":"https:\/\/chakshu.fr\/en\/wp-json\/wp\/v2\/product"}],"about":[{"href":"https:\/\/chakshu.fr\/en\/wp-json\/wp\/v2\/types\/product"}],"replies":[{"embeddable":true,"href":"https:\/\/chakshu.fr\/en\/wp-json\/wp\/v2\/comments?post=22708"}],"wp:featuredmedia":[{"embeddable":true,"href":"https:\/\/chakshu.fr\/en\/wp-json\/wp\/v2\/media\/22280"}],"wp:attachment":[{"href":"https:\/\/chakshu.fr\/en\/wp-json\/wp\/v2\/media?parent=22708"}],"wp:term":[{"taxonomy":"product_brand","embeddable":true,"href":"https:\/\/chakshu.fr\/en\/wp-json\/wp\/v2\/product_brand?post=22708"},{"taxonomy":"product_cat","embeddable":true,"href":"https:\/\/chakshu.fr\/en\/wp-json\/wp\/v2\/product_cat?post=22708"},{"taxonomy":"product_tag","embeddable":true,"href":"https:\/\/chakshu.fr\/en\/wp-json\/wp\/v2\/product_tag?post=22708"}],"curies":[{"name":"wp","href":"https:\/\/api.w.org\/{rel}","templated":true}]}}