{"id":22741,"date":"2024-08-01T20:17:34","date_gmt":"2024-08-01T18:17:34","guid":{"rendered":"https:\/\/chakshu.fr\/produit\/naga-snake-bracelet\/"},"modified":"2024-08-01T20:17:34","modified_gmt":"2024-08-01T18:17:34","slug":"naga-snake-bracelet","status":"publish","type":"product","link":"https:\/\/chakshu.fr\/en\/produit\/naga-snake-bracelet\/","title":{"rendered":"N\u0101ga Snake Bracelet"},"content":{"rendered":"","protected":false},"excerpt":{"rendered":"<p>The Serpent collection draws its inspiration from Native American tradition, where the snake is a powerful symbol of transmutation, regeneration and spiritual transformation. In Hinduism, n\u0101gas &#8211; snakes in Sanskrit &#8211; symbolize prosperity, fertility and immortality; they also represent kundalini, the powerful spiritual energy located at the base of the spine that, once awakened, leads to Self-realization. By wearing jewelry from this collection, you connect with this symbolism and transformative energy, inviting spiritual rebirth and self-exploration. Bracelet in 24-carat gold-plated brass and genuine labradorite. Diameter 65 cm, height 5 cm. Each piece is handmade by Rajkumar in Jaipur, India. There may be slight variations with the model, which is what makes this piece unique. \u2661  <\/p>\n","protected":false},"featured_media":22342,"comment_status":"closed","ping_status":"closed","template":"","meta":{"_acf_changed":false,"om_disable_all_campaigns":false,"_monsterinsights_skip_tracking":false,"_monsterinsights_sitenote_active":false,"_monsterinsights_sitenote_note":"","_monsterinsights_sitenote_category":0,"_uf_show_specific_survey":0,"_uf_disable_surveys":false},"product_brand":[],"product_cat":[140,133,137],"product_tag":[],"class_list":{"0":"post-22741","1":"product","2":"type-product","3":"status-publish","4":"has-post-thumbnail","6":"product_cat-bracelets-en","7":"product_cat-labradorite","8":"product_cat-snake","10":"first","11":"outofstock","12":"shipping-taxable","13":"purchasable","14":"product-type-simple"},"acf":[],"yoast_head":"<!-- This site is optimized with the Yoast SEO plugin v27.4 - https:\/\/yoast.com\/product\/yoast-seo-wordpress\/ -->\n<title>N\u0101ga Snake Bracelet - Chakshu<\/title>\n<meta name=\"robots\" content=\"index, follow, max-snippet:-1, max-image-preview:large, max-video-preview:-1\" \/>\n<link rel=\"canonical\" href=\"https:\/\/chakshu.fr\/en\/produit\/naga-snake-bracelet\/\" \/>\n<meta property=\"og:locale\" content=\"en_US\" \/>\n<meta property=\"og:type\" content=\"article\" \/>\n<meta property=\"og:title\" content=\"N\u0101ga Snake Bracelet - Chakshu\" \/>\n<meta property=\"og:description\" content=\"The Serpent collection draws its inspiration from Native American tradition, where the snake is a powerful symbol of transmutation, regeneration and spiritual transformation. In Hinduism, n\u0101gas - snakes in Sanskrit - symbolize prosperity, fertility and immortality; they also represent kundalini, the powerful spiritual energy located at the base of the spine that, once awakened, leads to Self-realization. By wearing jewelry from this collection, you connect with this symbolism and transformative energy, inviting spiritual rebirth and self-exploration. Bracelet in 24-carat gold-plated brass and genuine labradorite. Diameter 65 cm, height 5 cm. Each piece is handmade by Rajkumar in Jaipur, India. There may be slight variations with the model, which is what makes this piece unique. \u2661\" \/>\n<meta property=\"og:url\" content=\"https:\/\/chakshu.fr\/en\/produit\/naga-snake-bracelet\/\" \/>\n<meta property=\"og:site_name\" content=\"Chakshu\" \/>\n<meta property=\"article:publisher\" content=\"https:\/\/www.facebook.com\/chakshucreations\/?locale=fr_FR\" \/>\n<meta property=\"og:image\" content=\"https:\/\/chakshu.fr\/wp-content\/uploads\/2024\/08\/Packshot-Bracelet-Naga-Serpent-scaled-e1726650519335.jpg\" \/>\n\t<meta property=\"og:image:width\" content=\"1706\" \/>\n\t<meta property=\"og:image:height\" content=\"1706\" \/>\n\t<meta property=\"og:image:type\" content=\"image\/jpeg\" \/>\n<meta name=\"twitter:card\" content=\"summary_large_image\" \/>\n<script type=\"application\/ld+json\" class=\"yoast-schema-graph\">{\"@context\":\"https:\\\/\\\/schema.org\",\"@graph\":[{\"@type\":\"WebPage\",\"@id\":\"https:\\\/\\\/chakshu.fr\\\/en\\\/produit\\\/naga-snake-bracelet\\\/\",\"url\":\"https:\\\/\\\/chakshu.fr\\\/en\\\/produit\\\/naga-snake-bracelet\\\/\",\"name\":\"N\u0101ga Snake Bracelet - Chakshu\",\"isPartOf\":{\"@id\":\"https:\\\/\\\/chakshu.fr\\\/en\\\/#website\"},\"primaryImageOfPage\":{\"@id\":\"https:\\\/\\\/chakshu.fr\\\/en\\\/produit\\\/naga-snake-bracelet\\\/#primaryimage\"},\"image\":{\"@id\":\"https:\\\/\\\/chakshu.fr\\\/en\\\/produit\\\/naga-snake-bracelet\\\/#primaryimage\"},\"thumbnailUrl\":\"https:\\\/\\\/chakshu.fr\\\/wp-content\\\/uploads\\\/2024\\\/08\\\/Packshot-Bracelet-Naga-Serpent-scaled-e1726650519335.jpg\",\"datePublished\":\"2024-08-01T18:17:34+00:00\",\"breadcrumb\":{\"@id\":\"https:\\\/\\\/chakshu.fr\\\/en\\\/produit\\\/naga-snake-bracelet\\\/#breadcrumb\"},\"inLanguage\":\"en-US\",\"potentialAction\":[{\"@type\":\"ReadAction\",\"target\":[\"https:\\\/\\\/chakshu.fr\\\/en\\\/produit\\\/naga-snake-bracelet\\\/\"]}]},{\"@type\":\"ImageObject\",\"inLanguage\":\"en-US\",\"@id\":\"https:\\\/\\\/chakshu.fr\\\/en\\\/produit\\\/naga-snake-bracelet\\\/#primaryimage\",\"url\":\"https:\\\/\\\/chakshu.fr\\\/wp-content\\\/uploads\\\/2024\\\/08\\\/Packshot-Bracelet-Naga-Serpent-scaled-e1726650519335.jpg\",\"contentUrl\":\"https:\\\/\\\/chakshu.fr\\\/wp-content\\\/uploads\\\/2024\\\/08\\\/Packshot-Bracelet-Naga-Serpent-scaled-e1726650519335.jpg\",\"width\":1706,\"height\":1706,\"caption\":\"Bracelet serpent en or, finition brillante, orn\u00e9 dune pierre scintillante, design \u00e9l\u00e9gant et\"},{\"@type\":\"BreadcrumbList\",\"@id\":\"https:\\\/\\\/chakshu.fr\\\/en\\\/produit\\\/naga-snake-bracelet\\\/#breadcrumb\",\"itemListElement\":[{\"@type\":\"ListItem\",\"position\":1,\"name\":\"Accueil\",\"item\":\"https:\\\/\\\/chakshu.fr\\\/en\\\/homepage\\\/\"},{\"@type\":\"ListItem\",\"position\":2,\"name\":\"Online Store\",\"item\":\"https:\\\/\\\/chakshu.fr\\\/en\\\/shop\\\/\"},{\"@type\":\"ListItem\",\"position\":3,\"name\":\"N\u0101ga Snake Bracelet\"}]},{\"@type\":\"WebSite\",\"@id\":\"https:\\\/\\\/chakshu.fr\\\/en\\\/#website\",\"url\":\"https:\\\/\\\/chakshu.fr\\\/en\\\/\",\"name\":\"Chakshu\",\"description\":\"Bijoux ethniques modernes\",\"potentialAction\":[{\"@type\":\"SearchAction\",\"target\":{\"@type\":\"EntryPoint\",\"urlTemplate\":\"https:\\\/\\\/chakshu.fr\\\/en\\\/?s={search_term_string}\"},\"query-input\":{\"@type\":\"PropertyValueSpecification\",\"valueRequired\":true,\"valueName\":\"search_term_string\"}}],\"inLanguage\":\"en-US\"}]}<\/script>\n<!-- \/ Yoast SEO plugin. -->","yoast_head_json":{"title":"N\u0101ga Snake Bracelet - Chakshu","robots":{"index":"index","follow":"follow","max-snippet":"max-snippet:-1","max-image-preview":"max-image-preview:large","max-video-preview":"max-video-preview:-1"},"canonical":"https:\/\/chakshu.fr\/en\/produit\/naga-snake-bracelet\/","og_locale":"en_US","og_type":"article","og_title":"N\u0101ga Snake Bracelet - Chakshu","og_description":"The Serpent collection draws its inspiration from Native American tradition, where the snake is a powerful symbol of transmutation, regeneration and spiritual transformation. In Hinduism, n\u0101gas - snakes in Sanskrit - symbolize prosperity, fertility and immortality; they also represent kundalini, the powerful spiritual energy located at the base of the spine that, once awakened, leads to Self-realization. By wearing jewelry from this collection, you connect with this symbolism and transformative energy, inviting spiritual rebirth and self-exploration. Bracelet in 24-carat gold-plated brass and genuine labradorite. Diameter 65 cm, height 5 cm. Each piece is handmade by Rajkumar in Jaipur, India. There may be slight variations with the model, which is what makes this piece unique. \u2661","og_url":"https:\/\/chakshu.fr\/en\/produit\/naga-snake-bracelet\/","og_site_name":"Chakshu","article_publisher":"https:\/\/www.facebook.com\/chakshucreations\/?locale=fr_FR","og_image":[{"width":1706,"height":1706,"url":"https:\/\/chakshu.fr\/wp-content\/uploads\/2024\/08\/Packshot-Bracelet-Naga-Serpent-scaled-e1726650519335.jpg","type":"image\/jpeg"}],"twitter_card":"summary_large_image","schema":{"@context":"https:\/\/schema.org","@graph":[{"@type":"WebPage","@id":"https:\/\/chakshu.fr\/en\/produit\/naga-snake-bracelet\/","url":"https:\/\/chakshu.fr\/en\/produit\/naga-snake-bracelet\/","name":"N\u0101ga Snake Bracelet - Chakshu","isPartOf":{"@id":"https:\/\/chakshu.fr\/en\/#website"},"primaryImageOfPage":{"@id":"https:\/\/chakshu.fr\/en\/produit\/naga-snake-bracelet\/#primaryimage"},"image":{"@id":"https:\/\/chakshu.fr\/en\/produit\/naga-snake-bracelet\/#primaryimage"},"thumbnailUrl":"https:\/\/chakshu.fr\/wp-content\/uploads\/2024\/08\/Packshot-Bracelet-Naga-Serpent-scaled-e1726650519335.jpg","datePublished":"2024-08-01T18:17:34+00:00","breadcrumb":{"@id":"https:\/\/chakshu.fr\/en\/produit\/naga-snake-bracelet\/#breadcrumb"},"inLanguage":"en-US","potentialAction":[{"@type":"ReadAction","target":["https:\/\/chakshu.fr\/en\/produit\/naga-snake-bracelet\/"]}]},{"@type":"ImageObject","inLanguage":"en-US","@id":"https:\/\/chakshu.fr\/en\/produit\/naga-snake-bracelet\/#primaryimage","url":"https:\/\/chakshu.fr\/wp-content\/uploads\/2024\/08\/Packshot-Bracelet-Naga-Serpent-scaled-e1726650519335.jpg","contentUrl":"https:\/\/chakshu.fr\/wp-content\/uploads\/2024\/08\/Packshot-Bracelet-Naga-Serpent-scaled-e1726650519335.jpg","width":1706,"height":1706,"caption":"Bracelet serpent en or, finition brillante, orn\u00e9 dune pierre scintillante, design \u00e9l\u00e9gant et"},{"@type":"BreadcrumbList","@id":"https:\/\/chakshu.fr\/en\/produit\/naga-snake-bracelet\/#breadcrumb","itemListElement":[{"@type":"ListItem","position":1,"name":"Accueil","item":"https:\/\/chakshu.fr\/en\/homepage\/"},{"@type":"ListItem","position":2,"name":"Online Store","item":"https:\/\/chakshu.fr\/en\/shop\/"},{"@type":"ListItem","position":3,"name":"N\u0101ga Snake Bracelet"}]},{"@type":"WebSite","@id":"https:\/\/chakshu.fr\/en\/#website","url":"https:\/\/chakshu.fr\/en\/","name":"Chakshu","description":"Bijoux ethniques modernes","potentialAction":[{"@type":"SearchAction","target":{"@type":"EntryPoint","urlTemplate":"https:\/\/chakshu.fr\/en\/?s={search_term_string}"},"query-input":{"@type":"PropertyValueSpecification","valueRequired":true,"valueName":"search_term_string"}}],"inLanguage":"en-US"}]}},"_links":{"self":[{"href":"https:\/\/chakshu.fr\/en\/wp-json\/wp\/v2\/product\/22741","targetHints":{"allow":["GET"]}}],"collection":[{"href":"https:\/\/chakshu.fr\/en\/wp-json\/wp\/v2\/product"}],"about":[{"href":"https:\/\/chakshu.fr\/en\/wp-json\/wp\/v2\/types\/product"}],"replies":[{"embeddable":true,"href":"https:\/\/chakshu.fr\/en\/wp-json\/wp\/v2\/comments?post=22741"}],"wp:featuredmedia":[{"embeddable":true,"href":"https:\/\/chakshu.fr\/en\/wp-json\/wp\/v2\/media\/22342"}],"wp:attachment":[{"href":"https:\/\/chakshu.fr\/en\/wp-json\/wp\/v2\/media?parent=22741"}],"wp:term":[{"taxonomy":"product_brand","embeddable":true,"href":"https:\/\/chakshu.fr\/en\/wp-json\/wp\/v2\/product_brand?post=22741"},{"taxonomy":"product_cat","embeddable":true,"href":"https:\/\/chakshu.fr\/en\/wp-json\/wp\/v2\/product_cat?post=22741"},{"taxonomy":"product_tag","embeddable":true,"href":"https:\/\/chakshu.fr\/en\/wp-json\/wp\/v2\/product_tag?post=22741"}],"curies":[{"name":"wp","href":"https:\/\/api.w.org\/{rel}","templated":true}]}}