{"id":22752,"date":"2024-08-01T20:17:34","date_gmt":"2024-08-01T18:17:34","guid":{"rendered":"https:\/\/chakshu.fr\/produit\/spiral-loops\/"},"modified":"2024-08-01T20:17:34","modified_gmt":"2024-08-01T18:17:34","slug":"spiral-loops","status":"publish","type":"product","link":"https:\/\/chakshu.fr\/en\/produit\/spiral-loops\/","title":{"rendered":"Spiral loops"},"content":{"rendered":"","protected":false},"excerpt":{"rendered":"<p>The spiral, a universal motif, crosses cultures and eras, from the Maya and Aztec civilizations to modern science. The spiral is everywhere, from the smallest elements of nature such as DNA, with its two intertwined helices, to the swirling galaxies in the infinity of the cosmos. It embodies natural cycles &#8211; life, death, rebirth &#8211; but also spiritual evolution, transformation and connection to the divine.<br \/>\nWearing jewelry from this collection reminds us that we are all walking a path of personal transformation, a growth that is neither linear nor fixed, but cyclical, bringing us back to ourselves, to a higher level of consciousness with each new turn. Double spiral earrings in 24-carat gold-plated brass. Diameter 5.5 cm. Each piece is handmade. There may be slight variations with the model, which is what makes this piece unique. \u2661  <\/p>\n","protected":false},"featured_media":22376,"comment_status":"closed","ping_status":"closed","template":"","meta":{"_acf_changed":false,"om_disable_all_campaigns":false,"_monsterinsights_skip_tracking":false,"_monsterinsights_sitenote_active":false,"_monsterinsights_sitenote_note":"","_monsterinsights_sitenote_category":0,"_uf_show_specific_survey":0,"_uf_disable_surveys":false},"product_brand":[],"product_cat":[145],"product_tag":[],"class_list":{"0":"post-22752","1":"product","2":"type-product","3":"status-publish","4":"has-post-thumbnail","6":"product_cat-uncategorized","8":"first","9":"instock","10":"shipping-taxable","11":"purchasable","12":"product-type-simple"},"acf":[],"yoast_head":"<!-- This site is optimized with the Yoast SEO plugin v27.4 - https:\/\/yoast.com\/product\/yoast-seo-wordpress\/ -->\n<title>Spiral loops - Chakshu<\/title>\n<meta name=\"robots\" content=\"index, follow, max-snippet:-1, max-image-preview:large, max-video-preview:-1\" \/>\n<link rel=\"canonical\" href=\"https:\/\/chakshu.fr\/en\/produit\/spiral-loops\/\" \/>\n<meta property=\"og:locale\" content=\"en_US\" \/>\n<meta property=\"og:type\" content=\"article\" \/>\n<meta property=\"og:title\" content=\"Spiral loops - Chakshu\" \/>\n<meta property=\"og:description\" content=\"The spiral, a universal motif, crosses cultures and eras, from the Maya and Aztec civilizations to modern science. The spiral is everywhere, from the smallest elements of nature such as DNA, with its two intertwined helices, to the swirling galaxies in the infinity of the cosmos. It embodies natural cycles - life, death, rebirth - but also spiritual evolution, transformation and connection to the divine. Wearing jewelry from this collection reminds us that we are all walking a path of personal transformation, a growth that is neither linear nor fixed, but cyclical, bringing us back to ourselves, to a higher level of consciousness with each new turn. Double spiral earrings in 24-carat gold-plated brass. Diameter 5.5 cm. Each piece is handmade. There may be slight variations with the model, which is what makes this piece unique. \u2661\" \/>\n<meta property=\"og:url\" content=\"https:\/\/chakshu.fr\/en\/produit\/spiral-loops\/\" \/>\n<meta property=\"og:site_name\" content=\"Chakshu\" \/>\n<meta property=\"article:publisher\" content=\"https:\/\/www.facebook.com\/chakshucreations\/?locale=fr_FR\" \/>\n<meta property=\"og:image\" content=\"https:\/\/chakshu.fr\/wp-content\/uploads\/2024\/09\/Packshot-Boucles-doreille-spirale-scaled-e1726662613526.jpg\" \/>\n\t<meta property=\"og:image:width\" content=\"1706\" \/>\n\t<meta property=\"og:image:height\" content=\"1706\" \/>\n\t<meta property=\"og:image:type\" content=\"image\/jpeg\" \/>\n<meta name=\"twitter:card\" content=\"summary_large_image\" \/>\n<script type=\"application\/ld+json\" class=\"yoast-schema-graph\">{\"@context\":\"https:\\\/\\\/schema.org\",\"@graph\":[{\"@type\":\"WebPage\",\"@id\":\"https:\\\/\\\/chakshu.fr\\\/en\\\/produit\\\/spiral-loops\\\/\",\"url\":\"https:\\\/\\\/chakshu.fr\\\/en\\\/produit\\\/spiral-loops\\\/\",\"name\":\"Spiral loops - Chakshu\",\"isPartOf\":{\"@id\":\"https:\\\/\\\/chakshu.fr\\\/en\\\/#website\"},\"primaryImageOfPage\":{\"@id\":\"https:\\\/\\\/chakshu.fr\\\/en\\\/produit\\\/spiral-loops\\\/#primaryimage\"},\"image\":{\"@id\":\"https:\\\/\\\/chakshu.fr\\\/en\\\/produit\\\/spiral-loops\\\/#primaryimage\"},\"thumbnailUrl\":\"https:\\\/\\\/chakshu.fr\\\/wp-content\\\/uploads\\\/2024\\\/09\\\/Packshot-Boucles-doreille-spirale-scaled-e1726662613526.jpg\",\"datePublished\":\"2024-08-01T18:17:34+00:00\",\"breadcrumb\":{\"@id\":\"https:\\\/\\\/chakshu.fr\\\/en\\\/produit\\\/spiral-loops\\\/#breadcrumb\"},\"inLanguage\":\"en-US\",\"potentialAction\":[{\"@type\":\"ReadAction\",\"target\":[\"https:\\\/\\\/chakshu.fr\\\/en\\\/produit\\\/spiral-loops\\\/\"]}]},{\"@type\":\"ImageObject\",\"inLanguage\":\"en-US\",\"@id\":\"https:\\\/\\\/chakshu.fr\\\/en\\\/produit\\\/spiral-loops\\\/#primaryimage\",\"url\":\"https:\\\/\\\/chakshu.fr\\\/wp-content\\\/uploads\\\/2024\\\/09\\\/Packshot-Boucles-doreille-spirale-scaled-e1726662613526.jpg\",\"contentUrl\":\"https:\\\/\\\/chakshu.fr\\\/wp-content\\\/uploads\\\/2024\\\/09\\\/Packshot-Boucles-doreille-spirale-scaled-e1726662613526.jpg\",\"width\":1706,\"height\":1706,\"caption\":\"Boucles doreilles en or, ondul\u00e9es et brillantes, ajoutant une touche d\u00e9l\u00e9gance moderne.\"},{\"@type\":\"BreadcrumbList\",\"@id\":\"https:\\\/\\\/chakshu.fr\\\/en\\\/produit\\\/spiral-loops\\\/#breadcrumb\",\"itemListElement\":[{\"@type\":\"ListItem\",\"position\":1,\"name\":\"Accueil\",\"item\":\"https:\\\/\\\/chakshu.fr\\\/en\\\/homepage\\\/\"},{\"@type\":\"ListItem\",\"position\":2,\"name\":\"Online Store\",\"item\":\"https:\\\/\\\/chakshu.fr\\\/en\\\/shop\\\/\"},{\"@type\":\"ListItem\",\"position\":3,\"name\":\"Spiral loops\"}]},{\"@type\":\"WebSite\",\"@id\":\"https:\\\/\\\/chakshu.fr\\\/en\\\/#website\",\"url\":\"https:\\\/\\\/chakshu.fr\\\/en\\\/\",\"name\":\"Chakshu\",\"description\":\"Bijoux ethniques modernes\",\"potentialAction\":[{\"@type\":\"SearchAction\",\"target\":{\"@type\":\"EntryPoint\",\"urlTemplate\":\"https:\\\/\\\/chakshu.fr\\\/en\\\/?s={search_term_string}\"},\"query-input\":{\"@type\":\"PropertyValueSpecification\",\"valueRequired\":true,\"valueName\":\"search_term_string\"}}],\"inLanguage\":\"en-US\"}]}<\/script>\n<!-- \/ Yoast SEO plugin. -->","yoast_head_json":{"title":"Spiral loops - Chakshu","robots":{"index":"index","follow":"follow","max-snippet":"max-snippet:-1","max-image-preview":"max-image-preview:large","max-video-preview":"max-video-preview:-1"},"canonical":"https:\/\/chakshu.fr\/en\/produit\/spiral-loops\/","og_locale":"en_US","og_type":"article","og_title":"Spiral loops - Chakshu","og_description":"The spiral, a universal motif, crosses cultures and eras, from the Maya and Aztec civilizations to modern science. The spiral is everywhere, from the smallest elements of nature such as DNA, with its two intertwined helices, to the swirling galaxies in the infinity of the cosmos. It embodies natural cycles - life, death, rebirth - but also spiritual evolution, transformation and connection to the divine. Wearing jewelry from this collection reminds us that we are all walking a path of personal transformation, a growth that is neither linear nor fixed, but cyclical, bringing us back to ourselves, to a higher level of consciousness with each new turn. Double spiral earrings in 24-carat gold-plated brass. Diameter 5.5 cm. Each piece is handmade. There may be slight variations with the model, which is what makes this piece unique. \u2661","og_url":"https:\/\/chakshu.fr\/en\/produit\/spiral-loops\/","og_site_name":"Chakshu","article_publisher":"https:\/\/www.facebook.com\/chakshucreations\/?locale=fr_FR","og_image":[{"width":1706,"height":1706,"url":"https:\/\/chakshu.fr\/wp-content\/uploads\/2024\/09\/Packshot-Boucles-doreille-spirale-scaled-e1726662613526.jpg","type":"image\/jpeg"}],"twitter_card":"summary_large_image","schema":{"@context":"https:\/\/schema.org","@graph":[{"@type":"WebPage","@id":"https:\/\/chakshu.fr\/en\/produit\/spiral-loops\/","url":"https:\/\/chakshu.fr\/en\/produit\/spiral-loops\/","name":"Spiral loops - Chakshu","isPartOf":{"@id":"https:\/\/chakshu.fr\/en\/#website"},"primaryImageOfPage":{"@id":"https:\/\/chakshu.fr\/en\/produit\/spiral-loops\/#primaryimage"},"image":{"@id":"https:\/\/chakshu.fr\/en\/produit\/spiral-loops\/#primaryimage"},"thumbnailUrl":"https:\/\/chakshu.fr\/wp-content\/uploads\/2024\/09\/Packshot-Boucles-doreille-spirale-scaled-e1726662613526.jpg","datePublished":"2024-08-01T18:17:34+00:00","breadcrumb":{"@id":"https:\/\/chakshu.fr\/en\/produit\/spiral-loops\/#breadcrumb"},"inLanguage":"en-US","potentialAction":[{"@type":"ReadAction","target":["https:\/\/chakshu.fr\/en\/produit\/spiral-loops\/"]}]},{"@type":"ImageObject","inLanguage":"en-US","@id":"https:\/\/chakshu.fr\/en\/produit\/spiral-loops\/#primaryimage","url":"https:\/\/chakshu.fr\/wp-content\/uploads\/2024\/09\/Packshot-Boucles-doreille-spirale-scaled-e1726662613526.jpg","contentUrl":"https:\/\/chakshu.fr\/wp-content\/uploads\/2024\/09\/Packshot-Boucles-doreille-spirale-scaled-e1726662613526.jpg","width":1706,"height":1706,"caption":"Boucles doreilles en or, ondul\u00e9es et brillantes, ajoutant une touche d\u00e9l\u00e9gance moderne."},{"@type":"BreadcrumbList","@id":"https:\/\/chakshu.fr\/en\/produit\/spiral-loops\/#breadcrumb","itemListElement":[{"@type":"ListItem","position":1,"name":"Accueil","item":"https:\/\/chakshu.fr\/en\/homepage\/"},{"@type":"ListItem","position":2,"name":"Online Store","item":"https:\/\/chakshu.fr\/en\/shop\/"},{"@type":"ListItem","position":3,"name":"Spiral loops"}]},{"@type":"WebSite","@id":"https:\/\/chakshu.fr\/en\/#website","url":"https:\/\/chakshu.fr\/en\/","name":"Chakshu","description":"Bijoux ethniques modernes","potentialAction":[{"@type":"SearchAction","target":{"@type":"EntryPoint","urlTemplate":"https:\/\/chakshu.fr\/en\/?s={search_term_string}"},"query-input":{"@type":"PropertyValueSpecification","valueRequired":true,"valueName":"search_term_string"}}],"inLanguage":"en-US"}]}},"_links":{"self":[{"href":"https:\/\/chakshu.fr\/en\/wp-json\/wp\/v2\/product\/22752","targetHints":{"allow":["GET"]}}],"collection":[{"href":"https:\/\/chakshu.fr\/en\/wp-json\/wp\/v2\/product"}],"about":[{"href":"https:\/\/chakshu.fr\/en\/wp-json\/wp\/v2\/types\/product"}],"replies":[{"embeddable":true,"href":"https:\/\/chakshu.fr\/en\/wp-json\/wp\/v2\/comments?post=22752"}],"wp:featuredmedia":[{"embeddable":true,"href":"https:\/\/chakshu.fr\/en\/wp-json\/wp\/v2\/media\/22376"}],"wp:attachment":[{"href":"https:\/\/chakshu.fr\/en\/wp-json\/wp\/v2\/media?parent=22752"}],"wp:term":[{"taxonomy":"product_brand","embeddable":true,"href":"https:\/\/chakshu.fr\/en\/wp-json\/wp\/v2\/product_brand?post=22752"},{"taxonomy":"product_cat","embeddable":true,"href":"https:\/\/chakshu.fr\/en\/wp-json\/wp\/v2\/product_cat?post=22752"},{"taxonomy":"product_tag","embeddable":true,"href":"https:\/\/chakshu.fr\/en\/wp-json\/wp\/v2\/product_tag?post=22752"}],"curies":[{"name":"wp","href":"https:\/\/api.w.org\/{rel}","templated":true}]}}