{"id":22777,"date":"2024-08-01T20:17:33","date_gmt":"2024-08-01T18:17:33","guid":{"rendered":"https:\/\/chakshu.fr\/produit\/opal-bracelet\/"},"modified":"2024-08-01T20:17:33","modified_gmt":"2024-08-01T18:17:33","slug":"opal-bracelet","status":"publish","type":"product","link":"https:\/\/chakshu.fr\/en\/produit\/opal-bracelet\/","title":{"rendered":"Opal bracelet"},"content":{"rendered":"","protected":false},"excerpt":{"rendered":"<div>\n<p>Opal is a stone of transformation and healing, reputed to attract good fortune and promote intuition, clairvoyance and creativity. Carrying all the brilliance of precious stones, the Romans considered opal a powerful talisman to attract good luck and divine protection. In certain shamanic traditions, it is seen as a bridge between different planes of reality, facilitating meditation and spiritual connection. A stone of dreams, opal accompanies its wearer towards inner healing and expansion of consciousness. Bracelet in 24-carat gold-plated brass and genuine opal. As opal is sensitive to water and chemicals, we strongly recommend not wearing it underwater. Width 6 cm, height 5 cm, thickness 0.3 cm. Each piece is handmade by Rajkumar in Jaipur, India. There may be slight variations with the model, which is what makes this piece unique. \u2661   <\/p>\n<\/div>\n<div>\n<p>&nbsp;<\/p>\n<\/div>\n<div><\/div>\n","protected":false},"featured_media":22385,"comment_status":"closed","ping_status":"closed","template":"","meta":{"_acf_changed":false,"om_disable_all_campaigns":false,"_monsterinsights_skip_tracking":false,"_monsterinsights_sitenote_active":false,"_monsterinsights_sitenote_note":"","_monsterinsights_sitenote_category":0,"_uf_show_specific_survey":0,"_uf_disable_surveys":false},"product_brand":[],"product_cat":[140,107,139],"product_tag":[],"class_list":{"0":"post-22777","1":"product","2":"type-product","3":"status-publish","4":"has-post-thumbnail","6":"product_cat-bracelets-en","7":"product_cat-opale-en","8":"product_cat-opale-en-2","10":"first","11":"instock","12":"shipping-taxable","13":"purchasable","14":"product-type-simple"},"acf":[],"yoast_head":"<!-- This site is optimized with the Yoast SEO plugin v27.4 - https:\/\/yoast.com\/product\/yoast-seo-wordpress\/ -->\n<title>Opal bracelet - Chakshu<\/title>\n<meta name=\"robots\" content=\"index, follow, max-snippet:-1, max-image-preview:large, max-video-preview:-1\" \/>\n<link rel=\"canonical\" href=\"https:\/\/chakshu.fr\/en\/produit\/opal-bracelet\/\" \/>\n<meta property=\"og:locale\" content=\"en_US\" \/>\n<meta property=\"og:type\" content=\"article\" \/>\n<meta property=\"og:title\" content=\"Opal bracelet - Chakshu\" \/>\n<meta property=\"og:description\" content=\"Opal is a stone of transformation and healing, reputed to attract good fortune and promote intuition, clairvoyance and creativity. Carrying all the brilliance of precious stones, the Romans considered opal a powerful talisman to attract good luck and divine protection. In certain shamanic traditions, it is seen as a bridge between different planes of reality, facilitating meditation and spiritual connection. A stone of dreams, opal accompanies its wearer towards inner healing and expansion of consciousness. Bracelet in 24-carat gold-plated brass and genuine opal. As opal is sensitive to water and chemicals, we strongly recommend not wearing it underwater. Width 6 cm, height 5 cm, thickness 0.3 cm. Each piece is handmade by Rajkumar in Jaipur, India. There may be slight variations with the model, which is what makes this piece unique. \u2661       &nbsp;\" \/>\n<meta property=\"og:url\" content=\"https:\/\/chakshu.fr\/en\/produit\/opal-bracelet\/\" \/>\n<meta property=\"og:site_name\" content=\"Chakshu\" \/>\n<meta property=\"article:publisher\" content=\"https:\/\/www.facebook.com\/chakshucreations\/?locale=fr_FR\" \/>\n<meta property=\"og:image\" content=\"https:\/\/chakshu.fr\/wp-content\/uploads\/2024\/09\/Packshot-Bracelet-Opale-scaled-e1726664998997.jpg\" \/>\n\t<meta property=\"og:image:width\" content=\"1659\" \/>\n\t<meta property=\"og:image:height\" content=\"1659\" \/>\n\t<meta property=\"og:image:type\" content=\"image\/jpeg\" \/>\n<meta name=\"twitter:card\" content=\"summary_large_image\" \/>\n<script type=\"application\/ld+json\" class=\"yoast-schema-graph\">{\"@context\":\"https:\\\/\\\/schema.org\",\"@graph\":[{\"@type\":\"WebPage\",\"@id\":\"https:\\\/\\\/chakshu.fr\\\/en\\\/produit\\\/opal-bracelet\\\/\",\"url\":\"https:\\\/\\\/chakshu.fr\\\/en\\\/produit\\\/opal-bracelet\\\/\",\"name\":\"Opal bracelet - Chakshu\",\"isPartOf\":{\"@id\":\"https:\\\/\\\/chakshu.fr\\\/en\\\/#website\"},\"primaryImageOfPage\":{\"@id\":\"https:\\\/\\\/chakshu.fr\\\/en\\\/produit\\\/opal-bracelet\\\/#primaryimage\"},\"image\":{\"@id\":\"https:\\\/\\\/chakshu.fr\\\/en\\\/produit\\\/opal-bracelet\\\/#primaryimage\"},\"thumbnailUrl\":\"https:\\\/\\\/chakshu.fr\\\/wp-content\\\/uploads\\\/2024\\\/09\\\/Packshot-Bracelet-Opale-scaled-e1726664998997.jpg\",\"datePublished\":\"2024-08-01T18:17:33+00:00\",\"breadcrumb\":{\"@id\":\"https:\\\/\\\/chakshu.fr\\\/en\\\/produit\\\/opal-bracelet\\\/#breadcrumb\"},\"inLanguage\":\"en-US\",\"potentialAction\":[{\"@type\":\"ReadAction\",\"target\":[\"https:\\\/\\\/chakshu.fr\\\/en\\\/produit\\\/opal-bracelet\\\/\"]}]},{\"@type\":\"ImageObject\",\"inLanguage\":\"en-US\",\"@id\":\"https:\\\/\\\/chakshu.fr\\\/en\\\/produit\\\/opal-bracelet\\\/#primaryimage\",\"url\":\"https:\\\/\\\/chakshu.fr\\\/wp-content\\\/uploads\\\/2024\\\/09\\\/Packshot-Bracelet-Opale-scaled-e1726664998997.jpg\",\"contentUrl\":\"https:\\\/\\\/chakshu.fr\\\/wp-content\\\/uploads\\\/2024\\\/09\\\/Packshot-Bracelet-Opale-scaled-e1726664998997.jpg\",\"width\":1659,\"height\":1659,\"caption\":\"Bracelet en or textur\u00e9, orn\u00e9 dune pierre turquoise, alliant \u00e9l\u00e9gance et originalit\u00e9.\"},{\"@type\":\"BreadcrumbList\",\"@id\":\"https:\\\/\\\/chakshu.fr\\\/en\\\/produit\\\/opal-bracelet\\\/#breadcrumb\",\"itemListElement\":[{\"@type\":\"ListItem\",\"position\":1,\"name\":\"Accueil\",\"item\":\"https:\\\/\\\/chakshu.fr\\\/en\\\/homepage\\\/\"},{\"@type\":\"ListItem\",\"position\":2,\"name\":\"Online Store\",\"item\":\"https:\\\/\\\/chakshu.fr\\\/en\\\/shop\\\/\"},{\"@type\":\"ListItem\",\"position\":3,\"name\":\"Opal bracelet\"}]},{\"@type\":\"WebSite\",\"@id\":\"https:\\\/\\\/chakshu.fr\\\/en\\\/#website\",\"url\":\"https:\\\/\\\/chakshu.fr\\\/en\\\/\",\"name\":\"Chakshu\",\"description\":\"Bijoux ethniques modernes\",\"potentialAction\":[{\"@type\":\"SearchAction\",\"target\":{\"@type\":\"EntryPoint\",\"urlTemplate\":\"https:\\\/\\\/chakshu.fr\\\/en\\\/?s={search_term_string}\"},\"query-input\":{\"@type\":\"PropertyValueSpecification\",\"valueRequired\":true,\"valueName\":\"search_term_string\"}}],\"inLanguage\":\"en-US\"}]}<\/script>\n<!-- \/ Yoast SEO plugin. -->","yoast_head_json":{"title":"Opal bracelet - Chakshu","robots":{"index":"index","follow":"follow","max-snippet":"max-snippet:-1","max-image-preview":"max-image-preview:large","max-video-preview":"max-video-preview:-1"},"canonical":"https:\/\/chakshu.fr\/en\/produit\/opal-bracelet\/","og_locale":"en_US","og_type":"article","og_title":"Opal bracelet - Chakshu","og_description":"Opal is a stone of transformation and healing, reputed to attract good fortune and promote intuition, clairvoyance and creativity. Carrying all the brilliance of precious stones, the Romans considered opal a powerful talisman to attract good luck and divine protection. In certain shamanic traditions, it is seen as a bridge between different planes of reality, facilitating meditation and spiritual connection. A stone of dreams, opal accompanies its wearer towards inner healing and expansion of consciousness. Bracelet in 24-carat gold-plated brass and genuine opal. As opal is sensitive to water and chemicals, we strongly recommend not wearing it underwater. Width 6 cm, height 5 cm, thickness 0.3 cm. Each piece is handmade by Rajkumar in Jaipur, India. There may be slight variations with the model, which is what makes this piece unique. \u2661       &nbsp;","og_url":"https:\/\/chakshu.fr\/en\/produit\/opal-bracelet\/","og_site_name":"Chakshu","article_publisher":"https:\/\/www.facebook.com\/chakshucreations\/?locale=fr_FR","og_image":[{"width":1659,"height":1659,"url":"https:\/\/chakshu.fr\/wp-content\/uploads\/2024\/09\/Packshot-Bracelet-Opale-scaled-e1726664998997.jpg","type":"image\/jpeg"}],"twitter_card":"summary_large_image","schema":{"@context":"https:\/\/schema.org","@graph":[{"@type":"WebPage","@id":"https:\/\/chakshu.fr\/en\/produit\/opal-bracelet\/","url":"https:\/\/chakshu.fr\/en\/produit\/opal-bracelet\/","name":"Opal bracelet - Chakshu","isPartOf":{"@id":"https:\/\/chakshu.fr\/en\/#website"},"primaryImageOfPage":{"@id":"https:\/\/chakshu.fr\/en\/produit\/opal-bracelet\/#primaryimage"},"image":{"@id":"https:\/\/chakshu.fr\/en\/produit\/opal-bracelet\/#primaryimage"},"thumbnailUrl":"https:\/\/chakshu.fr\/wp-content\/uploads\/2024\/09\/Packshot-Bracelet-Opale-scaled-e1726664998997.jpg","datePublished":"2024-08-01T18:17:33+00:00","breadcrumb":{"@id":"https:\/\/chakshu.fr\/en\/produit\/opal-bracelet\/#breadcrumb"},"inLanguage":"en-US","potentialAction":[{"@type":"ReadAction","target":["https:\/\/chakshu.fr\/en\/produit\/opal-bracelet\/"]}]},{"@type":"ImageObject","inLanguage":"en-US","@id":"https:\/\/chakshu.fr\/en\/produit\/opal-bracelet\/#primaryimage","url":"https:\/\/chakshu.fr\/wp-content\/uploads\/2024\/09\/Packshot-Bracelet-Opale-scaled-e1726664998997.jpg","contentUrl":"https:\/\/chakshu.fr\/wp-content\/uploads\/2024\/09\/Packshot-Bracelet-Opale-scaled-e1726664998997.jpg","width":1659,"height":1659,"caption":"Bracelet en or textur\u00e9, orn\u00e9 dune pierre turquoise, alliant \u00e9l\u00e9gance et originalit\u00e9."},{"@type":"BreadcrumbList","@id":"https:\/\/chakshu.fr\/en\/produit\/opal-bracelet\/#breadcrumb","itemListElement":[{"@type":"ListItem","position":1,"name":"Accueil","item":"https:\/\/chakshu.fr\/en\/homepage\/"},{"@type":"ListItem","position":2,"name":"Online Store","item":"https:\/\/chakshu.fr\/en\/shop\/"},{"@type":"ListItem","position":3,"name":"Opal bracelet"}]},{"@type":"WebSite","@id":"https:\/\/chakshu.fr\/en\/#website","url":"https:\/\/chakshu.fr\/en\/","name":"Chakshu","description":"Bijoux ethniques modernes","potentialAction":[{"@type":"SearchAction","target":{"@type":"EntryPoint","urlTemplate":"https:\/\/chakshu.fr\/en\/?s={search_term_string}"},"query-input":{"@type":"PropertyValueSpecification","valueRequired":true,"valueName":"search_term_string"}}],"inLanguage":"en-US"}]}},"_links":{"self":[{"href":"https:\/\/chakshu.fr\/en\/wp-json\/wp\/v2\/product\/22777","targetHints":{"allow":["GET"]}}],"collection":[{"href":"https:\/\/chakshu.fr\/en\/wp-json\/wp\/v2\/product"}],"about":[{"href":"https:\/\/chakshu.fr\/en\/wp-json\/wp\/v2\/types\/product"}],"replies":[{"embeddable":true,"href":"https:\/\/chakshu.fr\/en\/wp-json\/wp\/v2\/comments?post=22777"}],"wp:featuredmedia":[{"embeddable":true,"href":"https:\/\/chakshu.fr\/en\/wp-json\/wp\/v2\/media\/22385"}],"wp:attachment":[{"href":"https:\/\/chakshu.fr\/en\/wp-json\/wp\/v2\/media?parent=22777"}],"wp:term":[{"taxonomy":"product_brand","embeddable":true,"href":"https:\/\/chakshu.fr\/en\/wp-json\/wp\/v2\/product_brand?post=22777"},{"taxonomy":"product_cat","embeddable":true,"href":"https:\/\/chakshu.fr\/en\/wp-json\/wp\/v2\/product_cat?post=22777"},{"taxonomy":"product_tag","embeddable":true,"href":"https:\/\/chakshu.fr\/en\/wp-json\/wp\/v2\/product_tag?post=22777"}],"curies":[{"name":"wp","href":"https:\/\/api.w.org\/{rel}","templated":true}]}}