{"id":22778,"date":"2024-08-01T20:16:49","date_gmt":"2024-08-01T18:16:49","guid":{"rendered":"https:\/\/chakshu.fr\/produit\/green-scarab-pendant-red-tail\/"},"modified":"2025-12-04T19:12:09","modified_gmt":"2025-12-04T18:12:09","slug":"green-scarab-pendant-red-tail","status":"publish","type":"product","link":"https:\/\/chakshu.fr\/en\/produit\/green-scarab-pendant-red-tail\/","title":{"rendered":"Green Scarab Pendant Red Tail"},"content":{"rendered":"","protected":false},"excerpt":{"rendered":"<p>The Scarab\u00e9e collection honors the sacred scarab beetle of ancient Egypt, a symbol of protection, regeneration and transformation of the soul. Associated with the sun and rebirth, it was placed on the hearts of mummies to guide their souls to the afterlife. These jewels embody the cyclical force of life and are amulets reminding us of our ability to be reborn and evolve. Each piece of jewelry in this collection embodies the cyclical force of life and invites profound personal transformation. Pendant in recycled brass and real beetle. Length 4.5 cm Width 1 cm. Sold with 50 cm gold-plated chain. Each piece is handmade by Ahmed in Ouagadougou, Burkina Faso. There may be small scratches, or slight variations with the model, which is what makes this piece unique. \u2661   <\/p>\n<div id=\"fenetremailtotoPopup\" style=\"z-index: 1;\"><\/div>\n<p>&nbsp;<\/p>\n","protected":false},"featured_media":22415,"comment_status":"closed","ping_status":"closed","template":"","meta":{"_acf_changed":false,"om_disable_all_campaigns":false,"_monsterinsights_skip_tracking":false,"_monsterinsights_sitenote_active":false,"_monsterinsights_sitenote_note":"","_monsterinsights_sitenote_category":0,"_uf_show_specific_survey":0,"_uf_disable_surveys":false},"product_brand":[],"product_cat":[145],"product_tag":[],"class_list":{"0":"post-22778","1":"product","2":"type-product","3":"status-publish","4":"has-post-thumbnail","6":"product_cat-uncategorized","8":"first","9":"outofstock","10":"shipping-taxable","11":"purchasable","12":"product-type-simple"},"acf":[],"yoast_head":"<!-- This site is optimized with the Yoast SEO plugin v27.4 - https:\/\/yoast.com\/product\/yoast-seo-wordpress\/ -->\n<title>Green Scarab Pendant Red Tail - Chakshu<\/title>\n<meta name=\"robots\" content=\"index, follow, max-snippet:-1, max-image-preview:large, max-video-preview:-1\" \/>\n<link rel=\"canonical\" href=\"https:\/\/chakshu.fr\/en\/produit\/green-scarab-pendant-red-tail\/\" \/>\n<meta property=\"og:locale\" content=\"en_US\" \/>\n<meta property=\"og:type\" content=\"article\" \/>\n<meta property=\"og:title\" content=\"Green Scarab Pendant Red Tail - Chakshu\" \/>\n<meta property=\"og:description\" content=\"The Scarab\u00e9e collection honors the sacred scarab beetle of ancient Egypt, a symbol of protection, regeneration and transformation of the soul. Associated with the sun and rebirth, it was placed on the hearts of mummies to guide their souls to the afterlife. These jewels embody the cyclical force of life and are amulets reminding us of our ability to be reborn and evolve. Each piece of jewelry in this collection embodies the cyclical force of life and invites profound personal transformation. Pendant in recycled brass and real beetle. Length 4.5 cm Width 1 cm. Sold with 50 cm gold-plated chain. Each piece is handmade by Ahmed in Ouagadougou, Burkina Faso. There may be small scratches, or slight variations with the model, which is what makes this piece unique. \u2661      &nbsp;\" \/>\n<meta property=\"og:url\" content=\"https:\/\/chakshu.fr\/en\/produit\/green-scarab-pendant-red-tail\/\" \/>\n<meta property=\"og:site_name\" content=\"Chakshu\" \/>\n<meta property=\"article:publisher\" content=\"https:\/\/www.facebook.com\/chakshucreations\/?locale=fr_FR\" \/>\n<meta property=\"article:modified_time\" content=\"2025-12-04T18:12:09+00:00\" \/>\n<meta property=\"og:image\" content=\"https:\/\/chakshu.fr\/wp-content\/uploads\/2024\/09\/Packshot-Pendentif-Scarabee-Vert-Metalise-scaled-e1726668431221.jpg\" \/>\n\t<meta property=\"og:image:width\" content=\"1706\" \/>\n\t<meta property=\"og:image:height\" content=\"1706\" \/>\n\t<meta property=\"og:image:type\" content=\"image\/jpeg\" \/>\n<meta name=\"twitter:card\" content=\"summary_large_image\" \/>\n<script type=\"application\/ld+json\" class=\"yoast-schema-graph\">{\"@context\":\"https:\\\/\\\/schema.org\",\"@graph\":[{\"@type\":\"WebPage\",\"@id\":\"https:\\\/\\\/chakshu.fr\\\/en\\\/produit\\\/green-scarab-pendant-red-tail\\\/\",\"url\":\"https:\\\/\\\/chakshu.fr\\\/en\\\/produit\\\/green-scarab-pendant-red-tail\\\/\",\"name\":\"Green Scarab Pendant Red Tail - Chakshu\",\"isPartOf\":{\"@id\":\"https:\\\/\\\/chakshu.fr\\\/en\\\/#website\"},\"primaryImageOfPage\":{\"@id\":\"https:\\\/\\\/chakshu.fr\\\/en\\\/produit\\\/green-scarab-pendant-red-tail\\\/#primaryimage\"},\"image\":{\"@id\":\"https:\\\/\\\/chakshu.fr\\\/en\\\/produit\\\/green-scarab-pendant-red-tail\\\/#primaryimage\"},\"thumbnailUrl\":\"https:\\\/\\\/chakshu.fr\\\/wp-content\\\/uploads\\\/2024\\\/09\\\/Packshot-Pendentif-Scarabee-Vert-Metalise-scaled-e1726668431221.jpg\",\"datePublished\":\"2024-08-01T18:16:49+00:00\",\"dateModified\":\"2025-12-04T18:12:09+00:00\",\"breadcrumb\":{\"@id\":\"https:\\\/\\\/chakshu.fr\\\/en\\\/produit\\\/green-scarab-pendant-red-tail\\\/#breadcrumb\"},\"inLanguage\":\"en-US\",\"potentialAction\":[{\"@type\":\"ReadAction\",\"target\":[\"https:\\\/\\\/chakshu.fr\\\/en\\\/produit\\\/green-scarab-pendant-red-tail\\\/\"]}]},{\"@type\":\"ImageObject\",\"inLanguage\":\"en-US\",\"@id\":\"https:\\\/\\\/chakshu.fr\\\/en\\\/produit\\\/green-scarab-pendant-red-tail\\\/#primaryimage\",\"url\":\"https:\\\/\\\/chakshu.fr\\\/wp-content\\\/uploads\\\/2024\\\/09\\\/Packshot-Pendentif-Scarabee-Vert-Metalise-scaled-e1726668431221.jpg\",\"contentUrl\":\"https:\\\/\\\/chakshu.fr\\\/wp-content\\\/uploads\\\/2024\\\/09\\\/Packshot-Pendentif-Scarabee-Vert-Metalise-scaled-e1726668431221.jpg\",\"width\":1706,\"height\":1706,\"caption\":\"Pendentif \u00e9l\u00e9gant en or, orn\u00e9 dune pierre iris\u00e9e, forme allong\u00e9e et finition brillante.\"},{\"@type\":\"BreadcrumbList\",\"@id\":\"https:\\\/\\\/chakshu.fr\\\/en\\\/produit\\\/green-scarab-pendant-red-tail\\\/#breadcrumb\",\"itemListElement\":[{\"@type\":\"ListItem\",\"position\":1,\"name\":\"Accueil\",\"item\":\"https:\\\/\\\/chakshu.fr\\\/en\\\/homepage\\\/\"},{\"@type\":\"ListItem\",\"position\":2,\"name\":\"Online Store\",\"item\":\"https:\\\/\\\/chakshu.fr\\\/en\\\/shop\\\/\"},{\"@type\":\"ListItem\",\"position\":3,\"name\":\"Green Scarab Pendant Red Tail\"}]},{\"@type\":\"WebSite\",\"@id\":\"https:\\\/\\\/chakshu.fr\\\/en\\\/#website\",\"url\":\"https:\\\/\\\/chakshu.fr\\\/en\\\/\",\"name\":\"Chakshu\",\"description\":\"Bijoux ethniques modernes\",\"potentialAction\":[{\"@type\":\"SearchAction\",\"target\":{\"@type\":\"EntryPoint\",\"urlTemplate\":\"https:\\\/\\\/chakshu.fr\\\/en\\\/?s={search_term_string}\"},\"query-input\":{\"@type\":\"PropertyValueSpecification\",\"valueRequired\":true,\"valueName\":\"search_term_string\"}}],\"inLanguage\":\"en-US\"}]}<\/script>\n<!-- \/ Yoast SEO plugin. -->","yoast_head_json":{"title":"Green Scarab Pendant Red Tail - Chakshu","robots":{"index":"index","follow":"follow","max-snippet":"max-snippet:-1","max-image-preview":"max-image-preview:large","max-video-preview":"max-video-preview:-1"},"canonical":"https:\/\/chakshu.fr\/en\/produit\/green-scarab-pendant-red-tail\/","og_locale":"en_US","og_type":"article","og_title":"Green Scarab Pendant Red Tail - Chakshu","og_description":"The Scarab\u00e9e collection honors the sacred scarab beetle of ancient Egypt, a symbol of protection, regeneration and transformation of the soul. Associated with the sun and rebirth, it was placed on the hearts of mummies to guide their souls to the afterlife. These jewels embody the cyclical force of life and are amulets reminding us of our ability to be reborn and evolve. Each piece of jewelry in this collection embodies the cyclical force of life and invites profound personal transformation. Pendant in recycled brass and real beetle. Length 4.5 cm Width 1 cm. Sold with 50 cm gold-plated chain. Each piece is handmade by Ahmed in Ouagadougou, Burkina Faso. There may be small scratches, or slight variations with the model, which is what makes this piece unique. \u2661      &nbsp;","og_url":"https:\/\/chakshu.fr\/en\/produit\/green-scarab-pendant-red-tail\/","og_site_name":"Chakshu","article_publisher":"https:\/\/www.facebook.com\/chakshucreations\/?locale=fr_FR","article_modified_time":"2025-12-04T18:12:09+00:00","og_image":[{"width":1706,"height":1706,"url":"https:\/\/chakshu.fr\/wp-content\/uploads\/2024\/09\/Packshot-Pendentif-Scarabee-Vert-Metalise-scaled-e1726668431221.jpg","type":"image\/jpeg"}],"twitter_card":"summary_large_image","schema":{"@context":"https:\/\/schema.org","@graph":[{"@type":"WebPage","@id":"https:\/\/chakshu.fr\/en\/produit\/green-scarab-pendant-red-tail\/","url":"https:\/\/chakshu.fr\/en\/produit\/green-scarab-pendant-red-tail\/","name":"Green Scarab Pendant Red Tail - Chakshu","isPartOf":{"@id":"https:\/\/chakshu.fr\/en\/#website"},"primaryImageOfPage":{"@id":"https:\/\/chakshu.fr\/en\/produit\/green-scarab-pendant-red-tail\/#primaryimage"},"image":{"@id":"https:\/\/chakshu.fr\/en\/produit\/green-scarab-pendant-red-tail\/#primaryimage"},"thumbnailUrl":"https:\/\/chakshu.fr\/wp-content\/uploads\/2024\/09\/Packshot-Pendentif-Scarabee-Vert-Metalise-scaled-e1726668431221.jpg","datePublished":"2024-08-01T18:16:49+00:00","dateModified":"2025-12-04T18:12:09+00:00","breadcrumb":{"@id":"https:\/\/chakshu.fr\/en\/produit\/green-scarab-pendant-red-tail\/#breadcrumb"},"inLanguage":"en-US","potentialAction":[{"@type":"ReadAction","target":["https:\/\/chakshu.fr\/en\/produit\/green-scarab-pendant-red-tail\/"]}]},{"@type":"ImageObject","inLanguage":"en-US","@id":"https:\/\/chakshu.fr\/en\/produit\/green-scarab-pendant-red-tail\/#primaryimage","url":"https:\/\/chakshu.fr\/wp-content\/uploads\/2024\/09\/Packshot-Pendentif-Scarabee-Vert-Metalise-scaled-e1726668431221.jpg","contentUrl":"https:\/\/chakshu.fr\/wp-content\/uploads\/2024\/09\/Packshot-Pendentif-Scarabee-Vert-Metalise-scaled-e1726668431221.jpg","width":1706,"height":1706,"caption":"Pendentif \u00e9l\u00e9gant en or, orn\u00e9 dune pierre iris\u00e9e, forme allong\u00e9e et finition brillante."},{"@type":"BreadcrumbList","@id":"https:\/\/chakshu.fr\/en\/produit\/green-scarab-pendant-red-tail\/#breadcrumb","itemListElement":[{"@type":"ListItem","position":1,"name":"Accueil","item":"https:\/\/chakshu.fr\/en\/homepage\/"},{"@type":"ListItem","position":2,"name":"Online Store","item":"https:\/\/chakshu.fr\/en\/shop\/"},{"@type":"ListItem","position":3,"name":"Green Scarab Pendant Red Tail"}]},{"@type":"WebSite","@id":"https:\/\/chakshu.fr\/en\/#website","url":"https:\/\/chakshu.fr\/en\/","name":"Chakshu","description":"Bijoux ethniques modernes","potentialAction":[{"@type":"SearchAction","target":{"@type":"EntryPoint","urlTemplate":"https:\/\/chakshu.fr\/en\/?s={search_term_string}"},"query-input":{"@type":"PropertyValueSpecification","valueRequired":true,"valueName":"search_term_string"}}],"inLanguage":"en-US"}]}},"_links":{"self":[{"href":"https:\/\/chakshu.fr\/en\/wp-json\/wp\/v2\/product\/22778","targetHints":{"allow":["GET"]}}],"collection":[{"href":"https:\/\/chakshu.fr\/en\/wp-json\/wp\/v2\/product"}],"about":[{"href":"https:\/\/chakshu.fr\/en\/wp-json\/wp\/v2\/types\/product"}],"replies":[{"embeddable":true,"href":"https:\/\/chakshu.fr\/en\/wp-json\/wp\/v2\/comments?post=22778"}],"wp:featuredmedia":[{"embeddable":true,"href":"https:\/\/chakshu.fr\/en\/wp-json\/wp\/v2\/media\/22415"}],"wp:attachment":[{"href":"https:\/\/chakshu.fr\/en\/wp-json\/wp\/v2\/media?parent=22778"}],"wp:term":[{"taxonomy":"product_brand","embeddable":true,"href":"https:\/\/chakshu.fr\/en\/wp-json\/wp\/v2\/product_brand?post=22778"},{"taxonomy":"product_cat","embeddable":true,"href":"https:\/\/chakshu.fr\/en\/wp-json\/wp\/v2\/product_cat?post=22778"},{"taxonomy":"product_tag","embeddable":true,"href":"https:\/\/chakshu.fr\/en\/wp-json\/wp\/v2\/product_tag?post=22778"}],"curies":[{"name":"wp","href":"https:\/\/api.w.org\/{rel}","templated":true}]}}