{"id":22788,"date":"2024-08-01T20:17:33","date_gmt":"2024-08-01T18:17:33","guid":{"rendered":"https:\/\/chakshu.fr\/produit\/pearl-bracelet\/"},"modified":"2024-08-01T20:17:33","modified_gmt":"2024-08-01T18:17:33","slug":"pearl-bracelet","status":"publish","type":"product","link":"https:\/\/chakshu.fr\/en\/produit\/pearl-bracelet\/","title":{"rendered":"Pearl Bracelet"},"content":{"rendered":"","protected":false},"excerpt":{"rendered":"<p>The Perle collection celebrates the timeless purity of pearls, symbols of grace and femininity. A lunar symbol associated with water and women, pearls represent the yin principle, the symbol of creative femininity. In Greek tradition, pearls are associated with Aphrodite, the goddess of love and beauty. According to legend, born from the foam of the sea, Aphrodite shook her hair, projecting drops of water into the ocean, which transformed into pearls.    Pearls are also associated with water and its changeable nature, an element of the moon and also of the planet Venus, symbolizing love, sensuality and femininity. Bracelet in 24-carat gold-plated brass and genuine pearls. Width 6.5 cm, height 5.5 cm, thickness 0.6 cm. Each piece is handmade. There may be slight variations with the model, which is what makes this piece unique. \u2661<\/p>\n","protected":false},"featured_media":22198,"comment_status":"closed","ping_status":"closed","template":"","meta":{"_acf_changed":false,"om_disable_all_campaigns":false,"_monsterinsights_skip_tracking":false,"_monsterinsights_sitenote_active":false,"_monsterinsights_sitenote_note":"","_monsterinsights_sitenote_category":0,"_uf_show_specific_survey":0,"_uf_disable_surveys":false},"product_brand":[],"product_cat":[140,124,142],"product_tag":[],"class_list":{"0":"post-22788","1":"product","2":"type-product","3":"status-publish","4":"has-post-thumbnail","6":"product_cat-bracelets-en","7":"product_cat-pearl","8":"product_cat-pearl-en","10":"first","11":"instock","12":"shipping-taxable","13":"purchasable","14":"product-type-simple"},"acf":[],"yoast_head":"<!-- This site is optimized with the Yoast SEO plugin v27.4 - https:\/\/yoast.com\/product\/yoast-seo-wordpress\/ -->\n<title>Pearl Bracelet - Chakshu<\/title>\n<meta name=\"robots\" content=\"index, follow, max-snippet:-1, max-image-preview:large, max-video-preview:-1\" \/>\n<link rel=\"canonical\" href=\"https:\/\/chakshu.fr\/en\/produit\/pearl-bracelet\/\" \/>\n<meta property=\"og:locale\" content=\"en_US\" \/>\n<meta property=\"og:type\" content=\"article\" \/>\n<meta property=\"og:title\" content=\"Pearl Bracelet - Chakshu\" \/>\n<meta property=\"og:description\" content=\"The Perle collection celebrates the timeless purity of pearls, symbols of grace and femininity. A lunar symbol associated with water and women, pearls represent the yin principle, the symbol of creative femininity. In Greek tradition, pearls are associated with Aphrodite, the goddess of love and beauty. According to legend, born from the foam of the sea, Aphrodite shook her hair, projecting drops of water into the ocean, which transformed into pearls.  Pearls are also associated with water and its changeable nature, an element of the moon and also of the planet Venus, symbolizing love, sensuality and femininity. Bracelet in 24-carat gold-plated brass and genuine pearls. Width 6.5 cm, height 5.5 cm, thickness 0.6 cm. Each piece is handmade. There may be slight variations with the model, which is what makes this piece unique. \u2661\" \/>\n<meta property=\"og:url\" content=\"https:\/\/chakshu.fr\/en\/produit\/pearl-bracelet\/\" \/>\n<meta property=\"og:site_name\" content=\"Chakshu\" \/>\n<meta property=\"article:publisher\" content=\"https:\/\/www.facebook.com\/chakshucreations\/?locale=fr_FR\" \/>\n<meta property=\"og:image\" content=\"https:\/\/chakshu.fr\/wp-content\/uploads\/2024\/08\/Bracelet-perle.png\" \/>\n\t<meta property=\"og:image:width\" content=\"945\" \/>\n\t<meta property=\"og:image:height\" content=\"945\" \/>\n\t<meta property=\"og:image:type\" content=\"image\/png\" \/>\n<meta name=\"twitter:card\" content=\"summary_large_image\" \/>\n<script type=\"application\/ld+json\" class=\"yoast-schema-graph\">{\"@context\":\"https:\\\/\\\/schema.org\",\"@graph\":[{\"@type\":\"WebPage\",\"@id\":\"https:\\\/\\\/chakshu.fr\\\/en\\\/produit\\\/pearl-bracelet\\\/\",\"url\":\"https:\\\/\\\/chakshu.fr\\\/en\\\/produit\\\/pearl-bracelet\\\/\",\"name\":\"Pearl Bracelet - Chakshu\",\"isPartOf\":{\"@id\":\"https:\\\/\\\/chakshu.fr\\\/en\\\/#website\"},\"primaryImageOfPage\":{\"@id\":\"https:\\\/\\\/chakshu.fr\\\/en\\\/produit\\\/pearl-bracelet\\\/#primaryimage\"},\"image\":{\"@id\":\"https:\\\/\\\/chakshu.fr\\\/en\\\/produit\\\/pearl-bracelet\\\/#primaryimage\"},\"thumbnailUrl\":\"https:\\\/\\\/chakshu.fr\\\/wp-content\\\/uploads\\\/2024\\\/08\\\/Bracelet-perle.png\",\"datePublished\":\"2024-08-01T18:17:33+00:00\",\"breadcrumb\":{\"@id\":\"https:\\\/\\\/chakshu.fr\\\/en\\\/produit\\\/pearl-bracelet\\\/#breadcrumb\"},\"inLanguage\":\"en-US\",\"potentialAction\":[{\"@type\":\"ReadAction\",\"target\":[\"https:\\\/\\\/chakshu.fr\\\/en\\\/produit\\\/pearl-bracelet\\\/\"]}]},{\"@type\":\"ImageObject\",\"inLanguage\":\"en-US\",\"@id\":\"https:\\\/\\\/chakshu.fr\\\/en\\\/produit\\\/pearl-bracelet\\\/#primaryimage\",\"url\":\"https:\\\/\\\/chakshu.fr\\\/wp-content\\\/uploads\\\/2024\\\/08\\\/Bracelet-perle.png\",\"contentUrl\":\"https:\\\/\\\/chakshu.fr\\\/wp-content\\\/uploads\\\/2024\\\/08\\\/Bracelet-perle.png\",\"width\":945,\"height\":945,\"caption\":\"Bracelet en or martel\u00e9, orn\u00e9 de perles blanches d\u00e9licates, alliant \u00e9l\u00e9gance et modernit\u00e9.\"},{\"@type\":\"BreadcrumbList\",\"@id\":\"https:\\\/\\\/chakshu.fr\\\/en\\\/produit\\\/pearl-bracelet\\\/#breadcrumb\",\"itemListElement\":[{\"@type\":\"ListItem\",\"position\":1,\"name\":\"Accueil\",\"item\":\"https:\\\/\\\/chakshu.fr\\\/en\\\/homepage\\\/\"},{\"@type\":\"ListItem\",\"position\":2,\"name\":\"Online Store\",\"item\":\"https:\\\/\\\/chakshu.fr\\\/en\\\/shop\\\/\"},{\"@type\":\"ListItem\",\"position\":3,\"name\":\"Pearl Bracelet\"}]},{\"@type\":\"WebSite\",\"@id\":\"https:\\\/\\\/chakshu.fr\\\/en\\\/#website\",\"url\":\"https:\\\/\\\/chakshu.fr\\\/en\\\/\",\"name\":\"Chakshu\",\"description\":\"Bijoux ethniques modernes\",\"potentialAction\":[{\"@type\":\"SearchAction\",\"target\":{\"@type\":\"EntryPoint\",\"urlTemplate\":\"https:\\\/\\\/chakshu.fr\\\/en\\\/?s={search_term_string}\"},\"query-input\":{\"@type\":\"PropertyValueSpecification\",\"valueRequired\":true,\"valueName\":\"search_term_string\"}}],\"inLanguage\":\"en-US\"}]}<\/script>\n<!-- \/ Yoast SEO plugin. -->","yoast_head_json":{"title":"Pearl Bracelet - Chakshu","robots":{"index":"index","follow":"follow","max-snippet":"max-snippet:-1","max-image-preview":"max-image-preview:large","max-video-preview":"max-video-preview:-1"},"canonical":"https:\/\/chakshu.fr\/en\/produit\/pearl-bracelet\/","og_locale":"en_US","og_type":"article","og_title":"Pearl Bracelet - Chakshu","og_description":"The Perle collection celebrates the timeless purity of pearls, symbols of grace and femininity. A lunar symbol associated with water and women, pearls represent the yin principle, the symbol of creative femininity. In Greek tradition, pearls are associated with Aphrodite, the goddess of love and beauty. According to legend, born from the foam of the sea, Aphrodite shook her hair, projecting drops of water into the ocean, which transformed into pearls.  Pearls are also associated with water and its changeable nature, an element of the moon and also of the planet Venus, symbolizing love, sensuality and femininity. Bracelet in 24-carat gold-plated brass and genuine pearls. Width 6.5 cm, height 5.5 cm, thickness 0.6 cm. Each piece is handmade. There may be slight variations with the model, which is what makes this piece unique. \u2661","og_url":"https:\/\/chakshu.fr\/en\/produit\/pearl-bracelet\/","og_site_name":"Chakshu","article_publisher":"https:\/\/www.facebook.com\/chakshucreations\/?locale=fr_FR","og_image":[{"width":945,"height":945,"url":"https:\/\/chakshu.fr\/wp-content\/uploads\/2024\/08\/Bracelet-perle.png","type":"image\/png"}],"twitter_card":"summary_large_image","schema":{"@context":"https:\/\/schema.org","@graph":[{"@type":"WebPage","@id":"https:\/\/chakshu.fr\/en\/produit\/pearl-bracelet\/","url":"https:\/\/chakshu.fr\/en\/produit\/pearl-bracelet\/","name":"Pearl Bracelet - Chakshu","isPartOf":{"@id":"https:\/\/chakshu.fr\/en\/#website"},"primaryImageOfPage":{"@id":"https:\/\/chakshu.fr\/en\/produit\/pearl-bracelet\/#primaryimage"},"image":{"@id":"https:\/\/chakshu.fr\/en\/produit\/pearl-bracelet\/#primaryimage"},"thumbnailUrl":"https:\/\/chakshu.fr\/wp-content\/uploads\/2024\/08\/Bracelet-perle.png","datePublished":"2024-08-01T18:17:33+00:00","breadcrumb":{"@id":"https:\/\/chakshu.fr\/en\/produit\/pearl-bracelet\/#breadcrumb"},"inLanguage":"en-US","potentialAction":[{"@type":"ReadAction","target":["https:\/\/chakshu.fr\/en\/produit\/pearl-bracelet\/"]}]},{"@type":"ImageObject","inLanguage":"en-US","@id":"https:\/\/chakshu.fr\/en\/produit\/pearl-bracelet\/#primaryimage","url":"https:\/\/chakshu.fr\/wp-content\/uploads\/2024\/08\/Bracelet-perle.png","contentUrl":"https:\/\/chakshu.fr\/wp-content\/uploads\/2024\/08\/Bracelet-perle.png","width":945,"height":945,"caption":"Bracelet en or martel\u00e9, orn\u00e9 de perles blanches d\u00e9licates, alliant \u00e9l\u00e9gance et modernit\u00e9."},{"@type":"BreadcrumbList","@id":"https:\/\/chakshu.fr\/en\/produit\/pearl-bracelet\/#breadcrumb","itemListElement":[{"@type":"ListItem","position":1,"name":"Accueil","item":"https:\/\/chakshu.fr\/en\/homepage\/"},{"@type":"ListItem","position":2,"name":"Online Store","item":"https:\/\/chakshu.fr\/en\/shop\/"},{"@type":"ListItem","position":3,"name":"Pearl Bracelet"}]},{"@type":"WebSite","@id":"https:\/\/chakshu.fr\/en\/#website","url":"https:\/\/chakshu.fr\/en\/","name":"Chakshu","description":"Bijoux ethniques modernes","potentialAction":[{"@type":"SearchAction","target":{"@type":"EntryPoint","urlTemplate":"https:\/\/chakshu.fr\/en\/?s={search_term_string}"},"query-input":{"@type":"PropertyValueSpecification","valueRequired":true,"valueName":"search_term_string"}}],"inLanguage":"en-US"}]}},"_links":{"self":[{"href":"https:\/\/chakshu.fr\/en\/wp-json\/wp\/v2\/product\/22788","targetHints":{"allow":["GET"]}}],"collection":[{"href":"https:\/\/chakshu.fr\/en\/wp-json\/wp\/v2\/product"}],"about":[{"href":"https:\/\/chakshu.fr\/en\/wp-json\/wp\/v2\/types\/product"}],"replies":[{"embeddable":true,"href":"https:\/\/chakshu.fr\/en\/wp-json\/wp\/v2\/comments?post=22788"}],"wp:featuredmedia":[{"embeddable":true,"href":"https:\/\/chakshu.fr\/en\/wp-json\/wp\/v2\/media\/22198"}],"wp:attachment":[{"href":"https:\/\/chakshu.fr\/en\/wp-json\/wp\/v2\/media?parent=22788"}],"wp:term":[{"taxonomy":"product_brand","embeddable":true,"href":"https:\/\/chakshu.fr\/en\/wp-json\/wp\/v2\/product_brand?post=22788"},{"taxonomy":"product_cat","embeddable":true,"href":"https:\/\/chakshu.fr\/en\/wp-json\/wp\/v2\/product_cat?post=22788"},{"taxonomy":"product_tag","embeddable":true,"href":"https:\/\/chakshu.fr\/en\/wp-json\/wp\/v2\/product_tag?post=22788"}],"curies":[{"name":"wp","href":"https:\/\/api.w.org\/{rel}","templated":true}]}}