{"id":22789,"date":"2024-08-01T20:17:32","date_gmt":"2024-08-01T18:17:32","guid":{"rendered":"https:\/\/chakshu.fr\/produit\/jaguar-ring-2\/"},"modified":"2024-08-01T20:17:32","modified_gmt":"2024-08-01T18:17:32","slug":"jaguar-ring-2","status":"publish","type":"product","link":"https:\/\/chakshu.fr\/en\/produit\/jaguar-ring-2\/","title":{"rendered":"Jaguar ring"},"content":{"rendered":"","protected":false},"excerpt":{"rendered":"<p>The Jaguar collection draws on Native American mythology, where the jaguar embodies strength, fearlessness and transcendence. A symbol of power and inner exploration, each piece of Jaguar jewelry evokes the wild soul and invites deep self-discovery and spirituality. Jaguar head ring in reclaimed brass gilded with 24-carat fine gold. Width 1.4 cm, depth 1.2 cm, total height 3.2 cm. Each piece is handmade. There may be small scratches, or slight variations with the model, which is what makes this piece unique. \u2661 <\/p>\n","protected":false},"featured_media":22322,"comment_status":"closed","ping_status":"closed","template":"","meta":{"_acf_changed":false,"om_disable_all_campaigns":false,"_monsterinsights_skip_tracking":false,"_monsterinsights_sitenote_active":false,"_monsterinsights_sitenote_note":"","_monsterinsights_sitenote_category":0,"_uf_show_specific_survey":0,"_uf_disable_surveys":false},"product_brand":[],"product_cat":[110,119,109,145],"product_tag":[],"class_list":{"0":"post-22789","1":"product","2":"type-product","3":"status-publish","4":"has-post-thumbnail","6":"product_cat-gold-plated-brass","7":"product_cat-jaguar-en","8":"product_cat-rings","9":"product_cat-uncategorized","11":"first","12":"instock","13":"shipping-taxable","14":"purchasable","15":"product-type-variable"},"acf":[],"yoast_head":"<!-- This site is optimized with the Yoast SEO plugin v27.4 - https:\/\/yoast.com\/product\/yoast-seo-wordpress\/ -->\n<title>Jaguar ring - Chakshu<\/title>\n<meta name=\"robots\" content=\"index, follow, max-snippet:-1, max-image-preview:large, max-video-preview:-1\" \/>\n<link rel=\"canonical\" href=\"https:\/\/chakshu.fr\/en\/produit\/jaguar-ring-2\/\" \/>\n<meta property=\"og:locale\" content=\"en_US\" \/>\n<meta property=\"og:type\" content=\"article\" \/>\n<meta property=\"og:title\" content=\"Jaguar ring - Chakshu\" \/>\n<meta property=\"og:description\" content=\"The Jaguar collection draws on Native American mythology, where the jaguar embodies strength, fearlessness and transcendence. A symbol of power and inner exploration, each piece of Jaguar jewelry evokes the wild soul and invites deep self-discovery and spirituality. Jaguar head ring in reclaimed brass gilded with 24-carat fine gold. Width 1.4 cm, depth 1.2 cm, total height 3.2 cm. Each piece is handmade. There may be small scratches, or slight variations with the model, which is what makes this piece unique. \u2661\" \/>\n<meta property=\"og:url\" content=\"https:\/\/chakshu.fr\/en\/produit\/jaguar-ring-2\/\" \/>\n<meta property=\"og:site_name\" content=\"Chakshu\" \/>\n<meta property=\"article:publisher\" content=\"https:\/\/www.facebook.com\/chakshucreations\/?locale=fr_FR\" \/>\n<meta property=\"og:image\" content=\"https:\/\/chakshu.fr\/wp-content\/uploads\/2024\/08\/Packshot-Packshot-Bague-Jaguar-scaled-e1726586940426.jpg\" \/>\n\t<meta property=\"og:image:width\" content=\"1706\" \/>\n\t<meta property=\"og:image:height\" content=\"1706\" \/>\n\t<meta property=\"og:image:type\" content=\"image\/jpeg\" \/>\n<meta name=\"twitter:card\" content=\"summary_large_image\" \/>\n<script type=\"application\/ld+json\" class=\"yoast-schema-graph\">{\"@context\":\"https:\\\/\\\/schema.org\",\"@graph\":[{\"@type\":\"WebPage\",\"@id\":\"https:\\\/\\\/chakshu.fr\\\/en\\\/produit\\\/jaguar-ring-2\\\/\",\"url\":\"https:\\\/\\\/chakshu.fr\\\/en\\\/produit\\\/jaguar-ring-2\\\/\",\"name\":\"Jaguar ring - Chakshu\",\"isPartOf\":{\"@id\":\"https:\\\/\\\/chakshu.fr\\\/en\\\/#website\"},\"primaryImageOfPage\":{\"@id\":\"https:\\\/\\\/chakshu.fr\\\/en\\\/produit\\\/jaguar-ring-2\\\/#primaryimage\"},\"image\":{\"@id\":\"https:\\\/\\\/chakshu.fr\\\/en\\\/produit\\\/jaguar-ring-2\\\/#primaryimage\"},\"thumbnailUrl\":\"https:\\\/\\\/chakshu.fr\\\/wp-content\\\/uploads\\\/2024\\\/08\\\/Packshot-Packshot-Bague-Jaguar-scaled-e1726586940426.jpg\",\"datePublished\":\"2024-08-01T18:17:32+00:00\",\"breadcrumb\":{\"@id\":\"https:\\\/\\\/chakshu.fr\\\/en\\\/produit\\\/jaguar-ring-2\\\/#breadcrumb\"},\"inLanguage\":\"en-US\",\"potentialAction\":[{\"@type\":\"ReadAction\",\"target\":[\"https:\\\/\\\/chakshu.fr\\\/en\\\/produit\\\/jaguar-ring-2\\\/\"]}]},{\"@type\":\"ImageObject\",\"inLanguage\":\"en-US\",\"@id\":\"https:\\\/\\\/chakshu.fr\\\/en\\\/produit\\\/jaguar-ring-2\\\/#primaryimage\",\"url\":\"https:\\\/\\\/chakshu.fr\\\/wp-content\\\/uploads\\\/2024\\\/08\\\/Packshot-Packshot-Bague-Jaguar-scaled-e1726586940426.jpg\",\"contentUrl\":\"https:\\\/\\\/chakshu.fr\\\/wp-content\\\/uploads\\\/2024\\\/08\\\/Packshot-Packshot-Bague-Jaguar-scaled-e1726586940426.jpg\",\"width\":1706,\"height\":1706,\"caption\":\"Bague en laiton dor\u00e9 \u00e0 lor fin, design f\u00e9lin \u00e9l\u00e9gant, finition mate et d\u00e9tails sculpt\u00e9s raffin\u00e9s.\"},{\"@type\":\"BreadcrumbList\",\"@id\":\"https:\\\/\\\/chakshu.fr\\\/en\\\/produit\\\/jaguar-ring-2\\\/#breadcrumb\",\"itemListElement\":[{\"@type\":\"ListItem\",\"position\":1,\"name\":\"Accueil\",\"item\":\"https:\\\/\\\/chakshu.fr\\\/en\\\/homepage\\\/\"},{\"@type\":\"ListItem\",\"position\":2,\"name\":\"Online Store\",\"item\":\"https:\\\/\\\/chakshu.fr\\\/en\\\/shop\\\/\"},{\"@type\":\"ListItem\",\"position\":3,\"name\":\"Jaguar ring\"}]},{\"@type\":\"WebSite\",\"@id\":\"https:\\\/\\\/chakshu.fr\\\/en\\\/#website\",\"url\":\"https:\\\/\\\/chakshu.fr\\\/en\\\/\",\"name\":\"Chakshu\",\"description\":\"Bijoux ethniques modernes\",\"potentialAction\":[{\"@type\":\"SearchAction\",\"target\":{\"@type\":\"EntryPoint\",\"urlTemplate\":\"https:\\\/\\\/chakshu.fr\\\/en\\\/?s={search_term_string}\"},\"query-input\":{\"@type\":\"PropertyValueSpecification\",\"valueRequired\":true,\"valueName\":\"search_term_string\"}}],\"inLanguage\":\"en-US\"}]}<\/script>\n<!-- \/ Yoast SEO plugin. -->","yoast_head_json":{"title":"Jaguar ring - Chakshu","robots":{"index":"index","follow":"follow","max-snippet":"max-snippet:-1","max-image-preview":"max-image-preview:large","max-video-preview":"max-video-preview:-1"},"canonical":"https:\/\/chakshu.fr\/en\/produit\/jaguar-ring-2\/","og_locale":"en_US","og_type":"article","og_title":"Jaguar ring - Chakshu","og_description":"The Jaguar collection draws on Native American mythology, where the jaguar embodies strength, fearlessness and transcendence. A symbol of power and inner exploration, each piece of Jaguar jewelry evokes the wild soul and invites deep self-discovery and spirituality. Jaguar head ring in reclaimed brass gilded with 24-carat fine gold. Width 1.4 cm, depth 1.2 cm, total height 3.2 cm. Each piece is handmade. There may be small scratches, or slight variations with the model, which is what makes this piece unique. \u2661","og_url":"https:\/\/chakshu.fr\/en\/produit\/jaguar-ring-2\/","og_site_name":"Chakshu","article_publisher":"https:\/\/www.facebook.com\/chakshucreations\/?locale=fr_FR","og_image":[{"width":1706,"height":1706,"url":"https:\/\/chakshu.fr\/wp-content\/uploads\/2024\/08\/Packshot-Packshot-Bague-Jaguar-scaled-e1726586940426.jpg","type":"image\/jpeg"}],"twitter_card":"summary_large_image","schema":{"@context":"https:\/\/schema.org","@graph":[{"@type":"WebPage","@id":"https:\/\/chakshu.fr\/en\/produit\/jaguar-ring-2\/","url":"https:\/\/chakshu.fr\/en\/produit\/jaguar-ring-2\/","name":"Jaguar ring - Chakshu","isPartOf":{"@id":"https:\/\/chakshu.fr\/en\/#website"},"primaryImageOfPage":{"@id":"https:\/\/chakshu.fr\/en\/produit\/jaguar-ring-2\/#primaryimage"},"image":{"@id":"https:\/\/chakshu.fr\/en\/produit\/jaguar-ring-2\/#primaryimage"},"thumbnailUrl":"https:\/\/chakshu.fr\/wp-content\/uploads\/2024\/08\/Packshot-Packshot-Bague-Jaguar-scaled-e1726586940426.jpg","datePublished":"2024-08-01T18:17:32+00:00","breadcrumb":{"@id":"https:\/\/chakshu.fr\/en\/produit\/jaguar-ring-2\/#breadcrumb"},"inLanguage":"en-US","potentialAction":[{"@type":"ReadAction","target":["https:\/\/chakshu.fr\/en\/produit\/jaguar-ring-2\/"]}]},{"@type":"ImageObject","inLanguage":"en-US","@id":"https:\/\/chakshu.fr\/en\/produit\/jaguar-ring-2\/#primaryimage","url":"https:\/\/chakshu.fr\/wp-content\/uploads\/2024\/08\/Packshot-Packshot-Bague-Jaguar-scaled-e1726586940426.jpg","contentUrl":"https:\/\/chakshu.fr\/wp-content\/uploads\/2024\/08\/Packshot-Packshot-Bague-Jaguar-scaled-e1726586940426.jpg","width":1706,"height":1706,"caption":"Bague en laiton dor\u00e9 \u00e0 lor fin, design f\u00e9lin \u00e9l\u00e9gant, finition mate et d\u00e9tails sculpt\u00e9s raffin\u00e9s."},{"@type":"BreadcrumbList","@id":"https:\/\/chakshu.fr\/en\/produit\/jaguar-ring-2\/#breadcrumb","itemListElement":[{"@type":"ListItem","position":1,"name":"Accueil","item":"https:\/\/chakshu.fr\/en\/homepage\/"},{"@type":"ListItem","position":2,"name":"Online Store","item":"https:\/\/chakshu.fr\/en\/shop\/"},{"@type":"ListItem","position":3,"name":"Jaguar ring"}]},{"@type":"WebSite","@id":"https:\/\/chakshu.fr\/en\/#website","url":"https:\/\/chakshu.fr\/en\/","name":"Chakshu","description":"Bijoux ethniques modernes","potentialAction":[{"@type":"SearchAction","target":{"@type":"EntryPoint","urlTemplate":"https:\/\/chakshu.fr\/en\/?s={search_term_string}"},"query-input":{"@type":"PropertyValueSpecification","valueRequired":true,"valueName":"search_term_string"}}],"inLanguage":"en-US"}]}},"_links":{"self":[{"href":"https:\/\/chakshu.fr\/en\/wp-json\/wp\/v2\/product\/22789","targetHints":{"allow":["GET"]}}],"collection":[{"href":"https:\/\/chakshu.fr\/en\/wp-json\/wp\/v2\/product"}],"about":[{"href":"https:\/\/chakshu.fr\/en\/wp-json\/wp\/v2\/types\/product"}],"replies":[{"embeddable":true,"href":"https:\/\/chakshu.fr\/en\/wp-json\/wp\/v2\/comments?post=22789"}],"wp:featuredmedia":[{"embeddable":true,"href":"https:\/\/chakshu.fr\/en\/wp-json\/wp\/v2\/media\/22322"}],"wp:attachment":[{"href":"https:\/\/chakshu.fr\/en\/wp-json\/wp\/v2\/media?parent=22789"}],"wp:term":[{"taxonomy":"product_brand","embeddable":true,"href":"https:\/\/chakshu.fr\/en\/wp-json\/wp\/v2\/product_brand?post=22789"},{"taxonomy":"product_cat","embeddable":true,"href":"https:\/\/chakshu.fr\/en\/wp-json\/wp\/v2\/product_cat?post=22789"},{"taxonomy":"product_tag","embeddable":true,"href":"https:\/\/chakshu.fr\/en\/wp-json\/wp\/v2\/product_tag?post=22789"}],"curies":[{"name":"wp","href":"https:\/\/api.w.org\/{rel}","templated":true}]}}