{"id":22805,"date":"2024-08-01T20:15:40","date_gmt":"2024-08-01T18:15:40","guid":{"rendered":"https:\/\/chakshu.fr\/produit\/saa-snake-ring\/"},"modified":"2024-08-01T20:15:40","modified_gmt":"2024-08-01T18:15:40","slug":"saa-snake-ring","status":"publish","type":"product","link":"https:\/\/chakshu.fr\/en\/produit\/saa-snake-ring\/","title":{"rendered":"S\u00e4a Snake Ring"},"content":{"rendered":"","protected":false},"excerpt":{"rendered":"<p>The Serpent collection is inspired by Amerindian and Hindu traditions, where this reptile symbolizes transmutation and regeneration. Embodying kundalini, the vital energy ready to awaken, the serpent is a guide to self-realization and spiritual liberation. S\u00e4a means snake in the Dioula dialect, one of the most widely used in Burkina Faso. Handcrafted with ancestral Tuareg know-how, these jewels become unique amulets, carrying profound meanings. By wearing a piece from the Serpent S\u00e4a collection, you connect with this mystical and transformative energy, an invitation to explore your depths and reveal your inner light. Reclaimed brass ring. Each piece is handmade by Ahmed in Ouagadougou, Burkina Faso. There may be small scratches, or slight variations with the model, which is what makes this piece unique. \u2661  <\/p>\n<div id=\"fenetremailtotoPopup\" style=\"z-index: 1;\">\n<div id=\"fenetremailtopopupContentToModalMail\"><\/div>\n<\/div>\n","protected":false},"featured_media":22642,"comment_status":"closed","ping_status":"closed","template":"","meta":{"_acf_changed":false,"om_disable_all_campaigns":false,"_monsterinsights_skip_tracking":false,"_monsterinsights_sitenote_active":false,"_monsterinsights_sitenote_note":"","_monsterinsights_sitenote_category":0,"_uf_show_specific_survey":0,"_uf_disable_surveys":false},"product_brand":[],"product_cat":[109,137],"product_tag":[],"class_list":{"0":"post-22805","1":"product","2":"type-product","3":"status-publish","4":"has-post-thumbnail","6":"product_cat-rings","7":"product_cat-snake","9":"first","10":"instock","11":"purchasable","12":"product-type-variable"},"acf":[],"yoast_head":"<!-- This site is optimized with the Yoast SEO plugin v27.4 - https:\/\/yoast.com\/product\/yoast-seo-wordpress\/ -->\n<title>S\u00e4a Snake Ring - Chakshu<\/title>\n<meta name=\"robots\" content=\"index, follow, max-snippet:-1, max-image-preview:large, max-video-preview:-1\" \/>\n<link rel=\"canonical\" href=\"https:\/\/chakshu.fr\/en\/produit\/saa-snake-ring\/\" \/>\n<meta property=\"og:locale\" content=\"en_US\" \/>\n<meta property=\"og:type\" content=\"article\" \/>\n<meta property=\"og:title\" content=\"S\u00e4a Snake Ring - Chakshu\" \/>\n<meta property=\"og:description\" content=\"The Serpent collection is inspired by Amerindian and Hindu traditions, where this reptile symbolizes transmutation and regeneration. Embodying kundalini, the vital energy ready to awaken, the serpent is a guide to self-realization and spiritual liberation. S\u00e4a means snake in the Dioula dialect, one of the most widely used in Burkina Faso. Handcrafted with ancestral Tuareg know-how, these jewels become unique amulets, carrying profound meanings. By wearing a piece from the Serpent S\u00e4a collection, you connect with this mystical and transformative energy, an invitation to explore your depths and reveal your inner light. Reclaimed brass ring. Each piece is handmade by Ahmed in Ouagadougou, Burkina Faso. There may be small scratches, or slight variations with the model, which is what makes this piece unique. \u2661\" \/>\n<meta property=\"og:url\" content=\"https:\/\/chakshu.fr\/en\/produit\/saa-snake-ring\/\" \/>\n<meta property=\"og:site_name\" content=\"Chakshu\" \/>\n<meta property=\"article:publisher\" content=\"https:\/\/www.facebook.com\/chakshucreations\/?locale=fr_FR\" \/>\n<meta property=\"og:image\" content=\"https:\/\/chakshu.fr\/wp-content\/uploads\/2024\/10\/Packshot-bague-serpent-Saa-Edited.jpg\" \/>\n\t<meta property=\"og:image:width\" content=\"862\" \/>\n\t<meta property=\"og:image:height\" content=\"862\" \/>\n\t<meta property=\"og:image:type\" content=\"image\/jpeg\" \/>\n<meta name=\"twitter:card\" content=\"summary_large_image\" \/>\n<script type=\"application\/ld+json\" class=\"yoast-schema-graph\">{\"@context\":\"https:\\\/\\\/schema.org\",\"@graph\":[{\"@type\":\"WebPage\",\"@id\":\"https:\\\/\\\/chakshu.fr\\\/en\\\/produit\\\/saa-snake-ring\\\/\",\"url\":\"https:\\\/\\\/chakshu.fr\\\/en\\\/produit\\\/saa-snake-ring\\\/\",\"name\":\"S\u00e4a Snake Ring - Chakshu\",\"isPartOf\":{\"@id\":\"https:\\\/\\\/chakshu.fr\\\/en\\\/#website\"},\"primaryImageOfPage\":{\"@id\":\"https:\\\/\\\/chakshu.fr\\\/en\\\/produit\\\/saa-snake-ring\\\/#primaryimage\"},\"image\":{\"@id\":\"https:\\\/\\\/chakshu.fr\\\/en\\\/produit\\\/saa-snake-ring\\\/#primaryimage\"},\"thumbnailUrl\":\"https:\\\/\\\/chakshu.fr\\\/wp-content\\\/uploads\\\/2024\\\/10\\\/Packshot-bague-serpent-Saa-Edited.jpg\",\"datePublished\":\"2024-08-01T18:15:40+00:00\",\"breadcrumb\":{\"@id\":\"https:\\\/\\\/chakshu.fr\\\/en\\\/produit\\\/saa-snake-ring\\\/#breadcrumb\"},\"inLanguage\":\"en-US\",\"potentialAction\":[{\"@type\":\"ReadAction\",\"target\":[\"https:\\\/\\\/chakshu.fr\\\/en\\\/produit\\\/saa-snake-ring\\\/\"]}]},{\"@type\":\"ImageObject\",\"inLanguage\":\"en-US\",\"@id\":\"https:\\\/\\\/chakshu.fr\\\/en\\\/produit\\\/saa-snake-ring\\\/#primaryimage\",\"url\":\"https:\\\/\\\/chakshu.fr\\\/wp-content\\\/uploads\\\/2024\\\/10\\\/Packshot-bague-serpent-Saa-Edited.jpg\",\"contentUrl\":\"https:\\\/\\\/chakshu.fr\\\/wp-content\\\/uploads\\\/2024\\\/10\\\/Packshot-bague-serpent-Saa-Edited.jpg\",\"width\":862,\"height\":862,\"caption\":\"Bague serpent en or, design \u00e9l\u00e9gant avec d\u00e9tails grav\u00e9s et finition brillante.\"},{\"@type\":\"BreadcrumbList\",\"@id\":\"https:\\\/\\\/chakshu.fr\\\/en\\\/produit\\\/saa-snake-ring\\\/#breadcrumb\",\"itemListElement\":[{\"@type\":\"ListItem\",\"position\":1,\"name\":\"Accueil\",\"item\":\"https:\\\/\\\/chakshu.fr\\\/en\\\/homepage\\\/\"},{\"@type\":\"ListItem\",\"position\":2,\"name\":\"Online Store\",\"item\":\"https:\\\/\\\/chakshu.fr\\\/en\\\/shop\\\/\"},{\"@type\":\"ListItem\",\"position\":3,\"name\":\"S\u00e4a Snake Ring\"}]},{\"@type\":\"WebSite\",\"@id\":\"https:\\\/\\\/chakshu.fr\\\/en\\\/#website\",\"url\":\"https:\\\/\\\/chakshu.fr\\\/en\\\/\",\"name\":\"Chakshu\",\"description\":\"Bijoux ethniques modernes\",\"potentialAction\":[{\"@type\":\"SearchAction\",\"target\":{\"@type\":\"EntryPoint\",\"urlTemplate\":\"https:\\\/\\\/chakshu.fr\\\/en\\\/?s={search_term_string}\"},\"query-input\":{\"@type\":\"PropertyValueSpecification\",\"valueRequired\":true,\"valueName\":\"search_term_string\"}}],\"inLanguage\":\"en-US\"}]}<\/script>\n<!-- \/ Yoast SEO plugin. -->","yoast_head_json":{"title":"S\u00e4a Snake Ring - Chakshu","robots":{"index":"index","follow":"follow","max-snippet":"max-snippet:-1","max-image-preview":"max-image-preview:large","max-video-preview":"max-video-preview:-1"},"canonical":"https:\/\/chakshu.fr\/en\/produit\/saa-snake-ring\/","og_locale":"en_US","og_type":"article","og_title":"S\u00e4a Snake Ring - Chakshu","og_description":"The Serpent collection is inspired by Amerindian and Hindu traditions, where this reptile symbolizes transmutation and regeneration. Embodying kundalini, the vital energy ready to awaken, the serpent is a guide to self-realization and spiritual liberation. S\u00e4a means snake in the Dioula dialect, one of the most widely used in Burkina Faso. Handcrafted with ancestral Tuareg know-how, these jewels become unique amulets, carrying profound meanings. By wearing a piece from the Serpent S\u00e4a collection, you connect with this mystical and transformative energy, an invitation to explore your depths and reveal your inner light. Reclaimed brass ring. Each piece is handmade by Ahmed in Ouagadougou, Burkina Faso. There may be small scratches, or slight variations with the model, which is what makes this piece unique. \u2661","og_url":"https:\/\/chakshu.fr\/en\/produit\/saa-snake-ring\/","og_site_name":"Chakshu","article_publisher":"https:\/\/www.facebook.com\/chakshucreations\/?locale=fr_FR","og_image":[{"width":862,"height":862,"url":"https:\/\/chakshu.fr\/wp-content\/uploads\/2024\/10\/Packshot-bague-serpent-Saa-Edited.jpg","type":"image\/jpeg"}],"twitter_card":"summary_large_image","schema":{"@context":"https:\/\/schema.org","@graph":[{"@type":"WebPage","@id":"https:\/\/chakshu.fr\/en\/produit\/saa-snake-ring\/","url":"https:\/\/chakshu.fr\/en\/produit\/saa-snake-ring\/","name":"S\u00e4a Snake Ring - Chakshu","isPartOf":{"@id":"https:\/\/chakshu.fr\/en\/#website"},"primaryImageOfPage":{"@id":"https:\/\/chakshu.fr\/en\/produit\/saa-snake-ring\/#primaryimage"},"image":{"@id":"https:\/\/chakshu.fr\/en\/produit\/saa-snake-ring\/#primaryimage"},"thumbnailUrl":"https:\/\/chakshu.fr\/wp-content\/uploads\/2024\/10\/Packshot-bague-serpent-Saa-Edited.jpg","datePublished":"2024-08-01T18:15:40+00:00","breadcrumb":{"@id":"https:\/\/chakshu.fr\/en\/produit\/saa-snake-ring\/#breadcrumb"},"inLanguage":"en-US","potentialAction":[{"@type":"ReadAction","target":["https:\/\/chakshu.fr\/en\/produit\/saa-snake-ring\/"]}]},{"@type":"ImageObject","inLanguage":"en-US","@id":"https:\/\/chakshu.fr\/en\/produit\/saa-snake-ring\/#primaryimage","url":"https:\/\/chakshu.fr\/wp-content\/uploads\/2024\/10\/Packshot-bague-serpent-Saa-Edited.jpg","contentUrl":"https:\/\/chakshu.fr\/wp-content\/uploads\/2024\/10\/Packshot-bague-serpent-Saa-Edited.jpg","width":862,"height":862,"caption":"Bague serpent en or, design \u00e9l\u00e9gant avec d\u00e9tails grav\u00e9s et finition brillante."},{"@type":"BreadcrumbList","@id":"https:\/\/chakshu.fr\/en\/produit\/saa-snake-ring\/#breadcrumb","itemListElement":[{"@type":"ListItem","position":1,"name":"Accueil","item":"https:\/\/chakshu.fr\/en\/homepage\/"},{"@type":"ListItem","position":2,"name":"Online Store","item":"https:\/\/chakshu.fr\/en\/shop\/"},{"@type":"ListItem","position":3,"name":"S\u00e4a Snake Ring"}]},{"@type":"WebSite","@id":"https:\/\/chakshu.fr\/en\/#website","url":"https:\/\/chakshu.fr\/en\/","name":"Chakshu","description":"Bijoux ethniques modernes","potentialAction":[{"@type":"SearchAction","target":{"@type":"EntryPoint","urlTemplate":"https:\/\/chakshu.fr\/en\/?s={search_term_string}"},"query-input":{"@type":"PropertyValueSpecification","valueRequired":true,"valueName":"search_term_string"}}],"inLanguage":"en-US"}]}},"_links":{"self":[{"href":"https:\/\/chakshu.fr\/en\/wp-json\/wp\/v2\/product\/22805","targetHints":{"allow":["GET"]}}],"collection":[{"href":"https:\/\/chakshu.fr\/en\/wp-json\/wp\/v2\/product"}],"about":[{"href":"https:\/\/chakshu.fr\/en\/wp-json\/wp\/v2\/types\/product"}],"replies":[{"embeddable":true,"href":"https:\/\/chakshu.fr\/en\/wp-json\/wp\/v2\/comments?post=22805"}],"wp:featuredmedia":[{"embeddable":true,"href":"https:\/\/chakshu.fr\/en\/wp-json\/wp\/v2\/media\/22642"}],"wp:attachment":[{"href":"https:\/\/chakshu.fr\/en\/wp-json\/wp\/v2\/media?parent=22805"}],"wp:term":[{"taxonomy":"product_brand","embeddable":true,"href":"https:\/\/chakshu.fr\/en\/wp-json\/wp\/v2\/product_brand?post=22805"},{"taxonomy":"product_cat","embeddable":true,"href":"https:\/\/chakshu.fr\/en\/wp-json\/wp\/v2\/product_cat?post=22805"},{"taxonomy":"product_tag","embeddable":true,"href":"https:\/\/chakshu.fr\/en\/wp-json\/wp\/v2\/product_tag?post=22805"}],"curies":[{"name":"wp","href":"https:\/\/api.w.org\/{rel}","templated":true}]}}