{"id":22806,"date":"2024-08-01T20:15:41","date_gmt":"2024-08-01T18:15:41","guid":{"rendered":"https:\/\/chakshu.fr\/produit\/ouroboros-loops-2\/"},"modified":"2024-08-01T20:15:41","modified_gmt":"2024-08-01T18:15:41","slug":"ouroboros-loops-2","status":"publish","type":"product","link":"https:\/\/chakshu.fr\/en\/produit\/ouroboros-loops-2\/","title":{"rendered":"Ouroboros loops"},"content":{"rendered":"","protected":false},"excerpt":{"rendered":"<p>The Ouroboros collection is inspired by alchemical and Egyptian traditions, with the snake biting its own tail, symbolizing the infinite cycle of life, death and rebirth. Each piece of jewelry evokes this eternal continuity, celebrating resilience and renewal, while inviting us to reflect on personal evolution.<br \/>\nMade from hammered bronze using ancestral Tuareg techniques, this jewelry pays tribute to authentic craftsmanship. Each Ouroboros jewel is a unique amulet, evoking eternal continuity, the beauty of resilience and the capacity for self-renewal, reminding us that every end is a new beginning, and that transformation is a constant in life. Earrings in reclaimed brass gilded with 24-carat fine gold.   <\/p>\n<p> <span style=\"line-height: 1.5;\">Diameter 3.5 cm.<\/span><\/p>\n<p>Each piece is handmade by Ahmed in Ouagadougou, Burkina Faso. There may be small scratches, or slight variations with the model, which is what makes this piece unique. \u2661<\/p>\n<p>&nbsp;<\/p>\n<div id=\"fenetremailtotoPopup\" style=\"z-index: 1;\">\n<div id=\"fenetremailtopopupContentToModalMail\"><\/div>\n<\/div>\n","protected":false},"featured_media":22477,"comment_status":"closed","ping_status":"closed","template":"","meta":{"_acf_changed":false,"om_disable_all_campaigns":false,"_monsterinsights_skip_tracking":false,"_monsterinsights_sitenote_active":false,"_monsterinsights_sitenote_note":"","_monsterinsights_sitenote_category":0,"_uf_show_specific_survey":0,"_uf_disable_surveys":false},"product_brand":[],"product_cat":[117,144],"product_tag":[],"class_list":{"0":"post-22806","1":"product","2":"type-product","3":"status-publish","4":"has-post-thumbnail","6":"product_cat-earrings","7":"product_cat-ouroboros-en","9":"first","10":"instock","11":"shipping-taxable","12":"purchasable","13":"product-type-simple"},"acf":[],"yoast_head":"<!-- This site is optimized with the Yoast SEO plugin v27.4 - https:\/\/yoast.com\/product\/yoast-seo-wordpress\/ -->\n<title>Ouroboros loops - Chakshu<\/title>\n<meta name=\"robots\" content=\"index, follow, max-snippet:-1, max-image-preview:large, max-video-preview:-1\" \/>\n<link rel=\"canonical\" href=\"https:\/\/chakshu.fr\/en\/produit\/ouroboros-loops-2\/\" \/>\n<meta property=\"og:locale\" content=\"en_US\" \/>\n<meta property=\"og:type\" content=\"article\" \/>\n<meta property=\"og:title\" content=\"Ouroboros loops - Chakshu\" \/>\n<meta property=\"og:description\" content=\"The Ouroboros collection is inspired by alchemical and Egyptian traditions, with the snake biting its own tail, symbolizing the infinite cycle of life, death and rebirth. Each piece of jewelry evokes this eternal continuity, celebrating resilience and renewal, while inviting us to reflect on personal evolution. Made from hammered bronze using ancestral Tuareg techniques, this jewelry pays tribute to authentic craftsmanship. Each Ouroboros jewel is a unique amulet, evoking eternal continuity, the beauty of resilience and the capacity for self-renewal, reminding us that every end is a new beginning, and that transformation is a constant in life. Earrings in reclaimed brass gilded with 24-carat fine gold.   Diameter 3.5 cm. Each piece is handmade by Ahmed in Ouagadougou, Burkina Faso. There may be small scratches, or slight variations with the model, which is what makes this piece unique. \u2661 &nbsp;\" \/>\n<meta property=\"og:url\" content=\"https:\/\/chakshu.fr\/en\/produit\/ouroboros-loops-2\/\" \/>\n<meta property=\"og:site_name\" content=\"Chakshu\" \/>\n<meta property=\"article:publisher\" content=\"https:\/\/www.facebook.com\/chakshucreations\/?locale=fr_FR\" \/>\n<meta property=\"og:image\" content=\"https:\/\/chakshu.fr\/wp-content\/uploads\/2024\/09\/Packshot-Boucles-doreilles-Moyennes-Ouroboros-scaled-e1727104147648.jpg\" \/>\n\t<meta property=\"og:image:width\" content=\"1706\" \/>\n\t<meta property=\"og:image:height\" content=\"1706\" \/>\n\t<meta property=\"og:image:type\" content=\"image\/jpeg\" \/>\n<meta name=\"twitter:card\" content=\"summary_large_image\" \/>\n<script type=\"application\/ld+json\" class=\"yoast-schema-graph\">{\"@context\":\"https:\\\/\\\/schema.org\",\"@graph\":[{\"@type\":\"WebPage\",\"@id\":\"https:\\\/\\\/chakshu.fr\\\/en\\\/produit\\\/ouroboros-loops-2\\\/\",\"url\":\"https:\\\/\\\/chakshu.fr\\\/en\\\/produit\\\/ouroboros-loops-2\\\/\",\"name\":\"Ouroboros loops - Chakshu\",\"isPartOf\":{\"@id\":\"https:\\\/\\\/chakshu.fr\\\/en\\\/#website\"},\"primaryImageOfPage\":{\"@id\":\"https:\\\/\\\/chakshu.fr\\\/en\\\/produit\\\/ouroboros-loops-2\\\/#primaryimage\"},\"image\":{\"@id\":\"https:\\\/\\\/chakshu.fr\\\/en\\\/produit\\\/ouroboros-loops-2\\\/#primaryimage\"},\"thumbnailUrl\":\"https:\\\/\\\/chakshu.fr\\\/wp-content\\\/uploads\\\/2024\\\/09\\\/Packshot-Boucles-doreilles-Moyennes-Ouroboros-scaled-e1727104147648.jpg\",\"datePublished\":\"2024-08-01T18:15:41+00:00\",\"breadcrumb\":{\"@id\":\"https:\\\/\\\/chakshu.fr\\\/en\\\/produit\\\/ouroboros-loops-2\\\/#breadcrumb\"},\"inLanguage\":\"en-US\",\"potentialAction\":[{\"@type\":\"ReadAction\",\"target\":[\"https:\\\/\\\/chakshu.fr\\\/en\\\/produit\\\/ouroboros-loops-2\\\/\"]}]},{\"@type\":\"ImageObject\",\"inLanguage\":\"en-US\",\"@id\":\"https:\\\/\\\/chakshu.fr\\\/en\\\/produit\\\/ouroboros-loops-2\\\/#primaryimage\",\"url\":\"https:\\\/\\\/chakshu.fr\\\/wp-content\\\/uploads\\\/2024\\\/09\\\/Packshot-Boucles-doreilles-Moyennes-Ouroboros-scaled-e1727104147648.jpg\",\"contentUrl\":\"https:\\\/\\\/chakshu.fr\\\/wp-content\\\/uploads\\\/2024\\\/09\\\/Packshot-Boucles-doreilles-Moyennes-Ouroboros-scaled-e1727104147648.jpg\",\"width\":1706,\"height\":1706,\"caption\":\"Bague en or dor\u00e9, design minimaliste, finition lisse, avec une pointe \u00e9l\u00e9gante.\"},{\"@type\":\"BreadcrumbList\",\"@id\":\"https:\\\/\\\/chakshu.fr\\\/en\\\/produit\\\/ouroboros-loops-2\\\/#breadcrumb\",\"itemListElement\":[{\"@type\":\"ListItem\",\"position\":1,\"name\":\"Accueil\",\"item\":\"https:\\\/\\\/chakshu.fr\\\/en\\\/homepage\\\/\"},{\"@type\":\"ListItem\",\"position\":2,\"name\":\"Online Store\",\"item\":\"https:\\\/\\\/chakshu.fr\\\/en\\\/shop\\\/\"},{\"@type\":\"ListItem\",\"position\":3,\"name\":\"Ouroboros loops\"}]},{\"@type\":\"WebSite\",\"@id\":\"https:\\\/\\\/chakshu.fr\\\/en\\\/#website\",\"url\":\"https:\\\/\\\/chakshu.fr\\\/en\\\/\",\"name\":\"Chakshu\",\"description\":\"Bijoux ethniques modernes\",\"potentialAction\":[{\"@type\":\"SearchAction\",\"target\":{\"@type\":\"EntryPoint\",\"urlTemplate\":\"https:\\\/\\\/chakshu.fr\\\/en\\\/?s={search_term_string}\"},\"query-input\":{\"@type\":\"PropertyValueSpecification\",\"valueRequired\":true,\"valueName\":\"search_term_string\"}}],\"inLanguage\":\"en-US\"}]}<\/script>\n<!-- \/ Yoast SEO plugin. -->","yoast_head_json":{"title":"Ouroboros loops - Chakshu","robots":{"index":"index","follow":"follow","max-snippet":"max-snippet:-1","max-image-preview":"max-image-preview:large","max-video-preview":"max-video-preview:-1"},"canonical":"https:\/\/chakshu.fr\/en\/produit\/ouroboros-loops-2\/","og_locale":"en_US","og_type":"article","og_title":"Ouroboros loops - Chakshu","og_description":"The Ouroboros collection is inspired by alchemical and Egyptian traditions, with the snake biting its own tail, symbolizing the infinite cycle of life, death and rebirth. Each piece of jewelry evokes this eternal continuity, celebrating resilience and renewal, while inviting us to reflect on personal evolution. Made from hammered bronze using ancestral Tuareg techniques, this jewelry pays tribute to authentic craftsmanship. Each Ouroboros jewel is a unique amulet, evoking eternal continuity, the beauty of resilience and the capacity for self-renewal, reminding us that every end is a new beginning, and that transformation is a constant in life. Earrings in reclaimed brass gilded with 24-carat fine gold.   Diameter 3.5 cm. Each piece is handmade by Ahmed in Ouagadougou, Burkina Faso. There may be small scratches, or slight variations with the model, which is what makes this piece unique. \u2661 &nbsp;","og_url":"https:\/\/chakshu.fr\/en\/produit\/ouroboros-loops-2\/","og_site_name":"Chakshu","article_publisher":"https:\/\/www.facebook.com\/chakshucreations\/?locale=fr_FR","og_image":[{"width":1706,"height":1706,"url":"https:\/\/chakshu.fr\/wp-content\/uploads\/2024\/09\/Packshot-Boucles-doreilles-Moyennes-Ouroboros-scaled-e1727104147648.jpg","type":"image\/jpeg"}],"twitter_card":"summary_large_image","schema":{"@context":"https:\/\/schema.org","@graph":[{"@type":"WebPage","@id":"https:\/\/chakshu.fr\/en\/produit\/ouroboros-loops-2\/","url":"https:\/\/chakshu.fr\/en\/produit\/ouroboros-loops-2\/","name":"Ouroboros loops - Chakshu","isPartOf":{"@id":"https:\/\/chakshu.fr\/en\/#website"},"primaryImageOfPage":{"@id":"https:\/\/chakshu.fr\/en\/produit\/ouroboros-loops-2\/#primaryimage"},"image":{"@id":"https:\/\/chakshu.fr\/en\/produit\/ouroboros-loops-2\/#primaryimage"},"thumbnailUrl":"https:\/\/chakshu.fr\/wp-content\/uploads\/2024\/09\/Packshot-Boucles-doreilles-Moyennes-Ouroboros-scaled-e1727104147648.jpg","datePublished":"2024-08-01T18:15:41+00:00","breadcrumb":{"@id":"https:\/\/chakshu.fr\/en\/produit\/ouroboros-loops-2\/#breadcrumb"},"inLanguage":"en-US","potentialAction":[{"@type":"ReadAction","target":["https:\/\/chakshu.fr\/en\/produit\/ouroboros-loops-2\/"]}]},{"@type":"ImageObject","inLanguage":"en-US","@id":"https:\/\/chakshu.fr\/en\/produit\/ouroboros-loops-2\/#primaryimage","url":"https:\/\/chakshu.fr\/wp-content\/uploads\/2024\/09\/Packshot-Boucles-doreilles-Moyennes-Ouroboros-scaled-e1727104147648.jpg","contentUrl":"https:\/\/chakshu.fr\/wp-content\/uploads\/2024\/09\/Packshot-Boucles-doreilles-Moyennes-Ouroboros-scaled-e1727104147648.jpg","width":1706,"height":1706,"caption":"Bague en or dor\u00e9, design minimaliste, finition lisse, avec une pointe \u00e9l\u00e9gante."},{"@type":"BreadcrumbList","@id":"https:\/\/chakshu.fr\/en\/produit\/ouroboros-loops-2\/#breadcrumb","itemListElement":[{"@type":"ListItem","position":1,"name":"Accueil","item":"https:\/\/chakshu.fr\/en\/homepage\/"},{"@type":"ListItem","position":2,"name":"Online Store","item":"https:\/\/chakshu.fr\/en\/shop\/"},{"@type":"ListItem","position":3,"name":"Ouroboros loops"}]},{"@type":"WebSite","@id":"https:\/\/chakshu.fr\/en\/#website","url":"https:\/\/chakshu.fr\/en\/","name":"Chakshu","description":"Bijoux ethniques modernes","potentialAction":[{"@type":"SearchAction","target":{"@type":"EntryPoint","urlTemplate":"https:\/\/chakshu.fr\/en\/?s={search_term_string}"},"query-input":{"@type":"PropertyValueSpecification","valueRequired":true,"valueName":"search_term_string"}}],"inLanguage":"en-US"}]}},"_links":{"self":[{"href":"https:\/\/chakshu.fr\/en\/wp-json\/wp\/v2\/product\/22806","targetHints":{"allow":["GET"]}}],"collection":[{"href":"https:\/\/chakshu.fr\/en\/wp-json\/wp\/v2\/product"}],"about":[{"href":"https:\/\/chakshu.fr\/en\/wp-json\/wp\/v2\/types\/product"}],"replies":[{"embeddable":true,"href":"https:\/\/chakshu.fr\/en\/wp-json\/wp\/v2\/comments?post=22806"}],"wp:featuredmedia":[{"embeddable":true,"href":"https:\/\/chakshu.fr\/en\/wp-json\/wp\/v2\/media\/22477"}],"wp:attachment":[{"href":"https:\/\/chakshu.fr\/en\/wp-json\/wp\/v2\/media?parent=22806"}],"wp:term":[{"taxonomy":"product_brand","embeddable":true,"href":"https:\/\/chakshu.fr\/en\/wp-json\/wp\/v2\/product_brand?post=22806"},{"taxonomy":"product_cat","embeddable":true,"href":"https:\/\/chakshu.fr\/en\/wp-json\/wp\/v2\/product_cat?post=22806"},{"taxonomy":"product_tag","embeddable":true,"href":"https:\/\/chakshu.fr\/en\/wp-json\/wp\/v2\/product_tag?post=22806"}],"curies":[{"name":"wp","href":"https:\/\/api.w.org\/{rel}","templated":true}]}}