{"id":22811,"date":"2024-08-01T20:15:42","date_gmt":"2024-08-01T18:15:42","guid":{"rendered":"https:\/\/chakshu.fr\/produit\/four-elements-bracelets\/"},"modified":"2024-08-01T20:15:42","modified_gmt":"2024-08-01T18:15:42","slug":"four-elements-bracelets","status":"publish","type":"product","link":"https:\/\/chakshu.fr\/en\/produit\/four-elements-bracelets\/","title":{"rendered":"Four Elements Bracelets"},"content":{"rendered":"","protected":false},"excerpt":{"rendered":"<p>This jewel is on pre-order and web-exclusive, and will take between 6 and 8 weeks to produce and ship. Immerse yourself in the essence of the Four Elements! Earth, solid as bronze, anchors and stabilizes us. Water, in stainless steel, symbolizes adaptability and purification, inviting us to follow the current of life. Air, light as silver, evokes our emotions and dreams, giving us the freedom to be. And Fire, in copper, embodies creativity and passion, transforming everything in its path.<br \/>\nEach piece of handcrafted jewelry recalls this powerful link with these natural forces. To wear this collection is to invite the balance and harmony of the elements to dance with you every day. Set of 4 stackable bracelets. Earth in bronze, Water in stainless steel, Fire in copper and Air in silver. Each piece is handmade by Ahmed in Ouagadougou, Burkina Faso. There may be small scratches, or slight variations with the model, which is what makes this piece unique. \u2661<\/p>\n<div id=\"fenetremailtotoPopup\" style=\"z-index: 1;\">\n<div id=\"fenetremailtopopupContentToModalMail\"><\/div>\n<\/div>\n","protected":false},"featured_media":22649,"comment_status":"closed","ping_status":"closed","template":"","meta":{"_acf_changed":false,"om_disable_all_campaigns":false,"_monsterinsights_skip_tracking":false,"_monsterinsights_sitenote_active":false,"_monsterinsights_sitenote_note":"","_monsterinsights_sitenote_category":0,"_uf_show_specific_survey":0,"_uf_disable_surveys":false},"product_brand":[],"product_cat":[141,140,146],"product_tag":[],"class_list":{"0":"post-22811","1":"product","2":"type-product","3":"status-publish","4":"has-post-thumbnail","6":"product_cat-ahmad-en","7":"product_cat-bracelets-en","8":"product_cat-four-elements","10":"first","11":"instock","12":"shipping-taxable","13":"purchasable","14":"product-type-simple"},"acf":[],"yoast_head":"<!-- This site is optimized with the Yoast SEO plugin v27.4 - https:\/\/yoast.com\/product\/yoast-seo-wordpress\/ -->\n<title>Four Elements Bracelets - Chakshu<\/title>\n<meta name=\"robots\" content=\"index, follow, max-snippet:-1, max-image-preview:large, max-video-preview:-1\" \/>\n<link rel=\"canonical\" href=\"https:\/\/chakshu.fr\/en\/produit\/four-elements-bracelets\/\" \/>\n<meta property=\"og:locale\" content=\"en_US\" \/>\n<meta property=\"og:type\" content=\"article\" \/>\n<meta property=\"og:title\" content=\"Four Elements Bracelets - Chakshu\" \/>\n<meta property=\"og:description\" content=\"This jewel is on pre-order and web-exclusive, and will take between 6 and 8 weeks to produce and ship. Immerse yourself in the essence of the Four Elements! Earth, solid as bronze, anchors and stabilizes us. Water, in stainless steel, symbolizes adaptability and purification, inviting us to follow the current of life. Air, light as silver, evokes our emotions and dreams, giving us the freedom to be. And Fire, in copper, embodies creativity and passion, transforming everything in its path. Each piece of handcrafted jewelry recalls this powerful link with these natural forces. To wear this collection is to invite the balance and harmony of the elements to dance with you every day. Set of 4 stackable bracelets. Earth in bronze, Water in stainless steel, Fire in copper and Air in silver. Each piece is handmade by Ahmed in Ouagadougou, Burkina Faso. There may be small scratches, or slight variations with the model, which is what makes this piece unique. \u2661\" \/>\n<meta property=\"og:url\" content=\"https:\/\/chakshu.fr\/en\/produit\/four-elements-bracelets\/\" \/>\n<meta property=\"og:site_name\" content=\"Chakshu\" \/>\n<meta property=\"article:publisher\" content=\"https:\/\/www.facebook.com\/chakshucreations\/?locale=fr_FR\" \/>\n<meta property=\"og:image\" content=\"https:\/\/chakshu.fr\/wp-content\/uploads\/2024\/08\/Packshot-Bracelet-quatre-elements-2-last-Edited.jpg\" \/>\n\t<meta property=\"og:image:width\" content=\"1044\" \/>\n\t<meta property=\"og:image:height\" content=\"1004\" \/>\n\t<meta property=\"og:image:type\" content=\"image\/jpeg\" \/>\n<meta name=\"twitter:card\" content=\"summary_large_image\" \/>\n<script type=\"application\/ld+json\" class=\"yoast-schema-graph\">{\"@context\":\"https:\\\/\\\/schema.org\",\"@graph\":[{\"@type\":\"WebPage\",\"@id\":\"https:\\\/\\\/chakshu.fr\\\/en\\\/produit\\\/four-elements-bracelets\\\/\",\"url\":\"https:\\\/\\\/chakshu.fr\\\/en\\\/produit\\\/four-elements-bracelets\\\/\",\"name\":\"Four Elements Bracelets - Chakshu\",\"isPartOf\":{\"@id\":\"https:\\\/\\\/chakshu.fr\\\/en\\\/#website\"},\"primaryImageOfPage\":{\"@id\":\"https:\\\/\\\/chakshu.fr\\\/en\\\/produit\\\/four-elements-bracelets\\\/#primaryimage\"},\"image\":{\"@id\":\"https:\\\/\\\/chakshu.fr\\\/en\\\/produit\\\/four-elements-bracelets\\\/#primaryimage\"},\"thumbnailUrl\":\"https:\\\/\\\/chakshu.fr\\\/wp-content\\\/uploads\\\/2024\\\/08\\\/Packshot-Bracelet-quatre-elements-2-last-Edited.jpg\",\"datePublished\":\"2024-08-01T18:15:42+00:00\",\"breadcrumb\":{\"@id\":\"https:\\\/\\\/chakshu.fr\\\/en\\\/produit\\\/four-elements-bracelets\\\/#breadcrumb\"},\"inLanguage\":\"en-US\",\"potentialAction\":[{\"@type\":\"ReadAction\",\"target\":[\"https:\\\/\\\/chakshu.fr\\\/en\\\/produit\\\/four-elements-bracelets\\\/\"]}]},{\"@type\":\"ImageObject\",\"inLanguage\":\"en-US\",\"@id\":\"https:\\\/\\\/chakshu.fr\\\/en\\\/produit\\\/four-elements-bracelets\\\/#primaryimage\",\"url\":\"https:\\\/\\\/chakshu.fr\\\/wp-content\\\/uploads\\\/2024\\\/08\\\/Packshot-Bracelet-quatre-elements-2-last-Edited.jpg\",\"contentUrl\":\"https:\\\/\\\/chakshu.fr\\\/wp-content\\\/uploads\\\/2024\\\/08\\\/Packshot-Bracelet-quatre-elements-2-last-Edited.jpg\",\"width\":1044,\"height\":1004,\"caption\":\"Bague AHMAD en or rose, couronne d\u00e9licate, orn\u00e9e de pierres brillantes et finitions raffin\u00e9es.\"},{\"@type\":\"BreadcrumbList\",\"@id\":\"https:\\\/\\\/chakshu.fr\\\/en\\\/produit\\\/four-elements-bracelets\\\/#breadcrumb\",\"itemListElement\":[{\"@type\":\"ListItem\",\"position\":1,\"name\":\"Accueil\",\"item\":\"https:\\\/\\\/chakshu.fr\\\/en\\\/homepage\\\/\"},{\"@type\":\"ListItem\",\"position\":2,\"name\":\"Online Store\",\"item\":\"https:\\\/\\\/chakshu.fr\\\/en\\\/shop\\\/\"},{\"@type\":\"ListItem\",\"position\":3,\"name\":\"Four Elements Bracelets\"}]},{\"@type\":\"WebSite\",\"@id\":\"https:\\\/\\\/chakshu.fr\\\/en\\\/#website\",\"url\":\"https:\\\/\\\/chakshu.fr\\\/en\\\/\",\"name\":\"Chakshu\",\"description\":\"Bijoux ethniques modernes\",\"potentialAction\":[{\"@type\":\"SearchAction\",\"target\":{\"@type\":\"EntryPoint\",\"urlTemplate\":\"https:\\\/\\\/chakshu.fr\\\/en\\\/?s={search_term_string}\"},\"query-input\":{\"@type\":\"PropertyValueSpecification\",\"valueRequired\":true,\"valueName\":\"search_term_string\"}}],\"inLanguage\":\"en-US\"}]}<\/script>\n<!-- \/ Yoast SEO plugin. -->","yoast_head_json":{"title":"Four Elements Bracelets - Chakshu","robots":{"index":"index","follow":"follow","max-snippet":"max-snippet:-1","max-image-preview":"max-image-preview:large","max-video-preview":"max-video-preview:-1"},"canonical":"https:\/\/chakshu.fr\/en\/produit\/four-elements-bracelets\/","og_locale":"en_US","og_type":"article","og_title":"Four Elements Bracelets - Chakshu","og_description":"This jewel is on pre-order and web-exclusive, and will take between 6 and 8 weeks to produce and ship. Immerse yourself in the essence of the Four Elements! Earth, solid as bronze, anchors and stabilizes us. Water, in stainless steel, symbolizes adaptability and purification, inviting us to follow the current of life. Air, light as silver, evokes our emotions and dreams, giving us the freedom to be. And Fire, in copper, embodies creativity and passion, transforming everything in its path. Each piece of handcrafted jewelry recalls this powerful link with these natural forces. To wear this collection is to invite the balance and harmony of the elements to dance with you every day. Set of 4 stackable bracelets. Earth in bronze, Water in stainless steel, Fire in copper and Air in silver. Each piece is handmade by Ahmed in Ouagadougou, Burkina Faso. There may be small scratches, or slight variations with the model, which is what makes this piece unique. \u2661","og_url":"https:\/\/chakshu.fr\/en\/produit\/four-elements-bracelets\/","og_site_name":"Chakshu","article_publisher":"https:\/\/www.facebook.com\/chakshucreations\/?locale=fr_FR","og_image":[{"width":1044,"height":1004,"url":"https:\/\/chakshu.fr\/wp-content\/uploads\/2024\/08\/Packshot-Bracelet-quatre-elements-2-last-Edited.jpg","type":"image\/jpeg"}],"twitter_card":"summary_large_image","schema":{"@context":"https:\/\/schema.org","@graph":[{"@type":"WebPage","@id":"https:\/\/chakshu.fr\/en\/produit\/four-elements-bracelets\/","url":"https:\/\/chakshu.fr\/en\/produit\/four-elements-bracelets\/","name":"Four Elements Bracelets - Chakshu","isPartOf":{"@id":"https:\/\/chakshu.fr\/en\/#website"},"primaryImageOfPage":{"@id":"https:\/\/chakshu.fr\/en\/produit\/four-elements-bracelets\/#primaryimage"},"image":{"@id":"https:\/\/chakshu.fr\/en\/produit\/four-elements-bracelets\/#primaryimage"},"thumbnailUrl":"https:\/\/chakshu.fr\/wp-content\/uploads\/2024\/08\/Packshot-Bracelet-quatre-elements-2-last-Edited.jpg","datePublished":"2024-08-01T18:15:42+00:00","breadcrumb":{"@id":"https:\/\/chakshu.fr\/en\/produit\/four-elements-bracelets\/#breadcrumb"},"inLanguage":"en-US","potentialAction":[{"@type":"ReadAction","target":["https:\/\/chakshu.fr\/en\/produit\/four-elements-bracelets\/"]}]},{"@type":"ImageObject","inLanguage":"en-US","@id":"https:\/\/chakshu.fr\/en\/produit\/four-elements-bracelets\/#primaryimage","url":"https:\/\/chakshu.fr\/wp-content\/uploads\/2024\/08\/Packshot-Bracelet-quatre-elements-2-last-Edited.jpg","contentUrl":"https:\/\/chakshu.fr\/wp-content\/uploads\/2024\/08\/Packshot-Bracelet-quatre-elements-2-last-Edited.jpg","width":1044,"height":1004,"caption":"Bague AHMAD en or rose, couronne d\u00e9licate, orn\u00e9e de pierres brillantes et finitions raffin\u00e9es."},{"@type":"BreadcrumbList","@id":"https:\/\/chakshu.fr\/en\/produit\/four-elements-bracelets\/#breadcrumb","itemListElement":[{"@type":"ListItem","position":1,"name":"Accueil","item":"https:\/\/chakshu.fr\/en\/homepage\/"},{"@type":"ListItem","position":2,"name":"Online Store","item":"https:\/\/chakshu.fr\/en\/shop\/"},{"@type":"ListItem","position":3,"name":"Four Elements Bracelets"}]},{"@type":"WebSite","@id":"https:\/\/chakshu.fr\/en\/#website","url":"https:\/\/chakshu.fr\/en\/","name":"Chakshu","description":"Bijoux ethniques modernes","potentialAction":[{"@type":"SearchAction","target":{"@type":"EntryPoint","urlTemplate":"https:\/\/chakshu.fr\/en\/?s={search_term_string}"},"query-input":{"@type":"PropertyValueSpecification","valueRequired":true,"valueName":"search_term_string"}}],"inLanguage":"en-US"}]}},"_links":{"self":[{"href":"https:\/\/chakshu.fr\/en\/wp-json\/wp\/v2\/product\/22811","targetHints":{"allow":["GET"]}}],"collection":[{"href":"https:\/\/chakshu.fr\/en\/wp-json\/wp\/v2\/product"}],"about":[{"href":"https:\/\/chakshu.fr\/en\/wp-json\/wp\/v2\/types\/product"}],"replies":[{"embeddable":true,"href":"https:\/\/chakshu.fr\/en\/wp-json\/wp\/v2\/comments?post=22811"}],"wp:featuredmedia":[{"embeddable":true,"href":"https:\/\/chakshu.fr\/en\/wp-json\/wp\/v2\/media\/22649"}],"wp:attachment":[{"href":"https:\/\/chakshu.fr\/en\/wp-json\/wp\/v2\/media?parent=22811"}],"wp:term":[{"taxonomy":"product_brand","embeddable":true,"href":"https:\/\/chakshu.fr\/en\/wp-json\/wp\/v2\/product_brand?post=22811"},{"taxonomy":"product_cat","embeddable":true,"href":"https:\/\/chakshu.fr\/en\/wp-json\/wp\/v2\/product_cat?post=22811"},{"taxonomy":"product_tag","embeddable":true,"href":"https:\/\/chakshu.fr\/en\/wp-json\/wp\/v2\/product_tag?post=22811"}],"curies":[{"name":"wp","href":"https:\/\/api.w.org\/{rel}","templated":true}]}}