{"id":22813,"date":"2024-08-01T20:15:42","date_gmt":"2024-08-01T18:15:42","guid":{"rendered":"https:\/\/chakshu.fr\/produit\/sapta-ring\/"},"modified":"2024-08-01T20:15:42","modified_gmt":"2024-08-01T18:15:42","slug":"sapta-ring","status":"publish","type":"product","link":"https:\/\/chakshu.fr\/en\/produit\/sapta-ring\/","title":{"rendered":"Sapt\u00e1 ring"},"content":{"rendered":"","protected":false},"excerpt":{"rendered":"<p>Ah, the number 7! A true jewel, it embodies the completeness and perfection of cycles. Think of the 28 days of the moon, divided into four cycles of seven, reminding us of our connection to natural rhythms. In numerology, 7 symbolizes mystery and encourages us to meditate on life&#8217;s great questions. Sapta, in Sanskrit, evokes the seven chakras, keys to our inner harmony.<br \/>\nSapta jewels are not only aesthetically pleasing: they invite us to connect with this mystical energy and embrace the infinite spiritual quest. Set of 7 fine rings in reclaimed brass plated with 24-carat fine gold. Each piece is handmade by Ahmed in Ouagadougou, Burkina Faso. There may be small scratches, or slight variations with the model, which is what makes this piece unique. \u2661    <\/p>\n","protected":false},"featured_media":22499,"comment_status":"closed","ping_status":"closed","template":"","meta":{"_acf_changed":false,"om_disable_all_campaigns":false,"_monsterinsights_skip_tracking":false,"_monsterinsights_sitenote_active":false,"_monsterinsights_sitenote_note":"","_monsterinsights_sitenote_category":0,"_uf_show_specific_survey":0,"_uf_disable_surveys":false},"product_brand":[],"product_cat":[109,147],"product_tag":[],"class_list":{"0":"post-22813","1":"product","2":"type-product","3":"status-publish","4":"has-post-thumbnail","6":"product_cat-rings","7":"product_cat-seven-sapta-magic-number","9":"first","10":"instock","11":"shipping-taxable","12":"purchasable","13":"product-type-variable"},"acf":[],"yoast_head":"<!-- This site is optimized with the Yoast SEO plugin v27.4 - https:\/\/yoast.com\/product\/yoast-seo-wordpress\/ -->\n<title>Sapt\u00e1 ring - Chakshu<\/title>\n<meta name=\"robots\" content=\"index, follow, max-snippet:-1, max-image-preview:large, max-video-preview:-1\" \/>\n<link rel=\"canonical\" href=\"https:\/\/chakshu.fr\/en\/produit\/sapta-ring\/\" \/>\n<meta property=\"og:locale\" content=\"en_US\" \/>\n<meta property=\"og:type\" content=\"article\" \/>\n<meta property=\"og:title\" content=\"Sapt\u00e1 ring - Chakshu\" \/>\n<meta property=\"og:description\" content=\"Ah, the number 7! A true jewel, it embodies the completeness and perfection of cycles. Think of the 28 days of the moon, divided into four cycles of seven, reminding us of our connection to natural rhythms. In numerology, 7 symbolizes mystery and encourages us to meditate on life&#039;s great questions. Sapta, in Sanskrit, evokes the seven chakras, keys to our inner harmony. Sapta jewels are not only aesthetically pleasing: they invite us to connect with this mystical energy and embrace the infinite spiritual quest. Set of 7 fine rings in reclaimed brass plated with 24-carat fine gold. Each piece is handmade by Ahmed in Ouagadougou, Burkina Faso. There may be small scratches, or slight variations with the model, which is what makes this piece unique. \u2661\" \/>\n<meta property=\"og:url\" content=\"https:\/\/chakshu.fr\/en\/produit\/sapta-ring\/\" \/>\n<meta property=\"og:site_name\" content=\"Chakshu\" \/>\n<meta property=\"article:publisher\" content=\"https:\/\/www.facebook.com\/chakshucreations\/?locale=fr_FR\" \/>\n<meta property=\"og:image\" content=\"https:\/\/chakshu.fr\/wp-content\/uploads\/2024\/09\/Packshot-Bague-Sapta-scaled-e1727103102381.jpg\" \/>\n\t<meta property=\"og:image:width\" content=\"1638\" \/>\n\t<meta property=\"og:image:height\" content=\"1638\" \/>\n\t<meta property=\"og:image:type\" content=\"image\/jpeg\" \/>\n<meta name=\"twitter:card\" content=\"summary_large_image\" \/>\n<script type=\"application\/ld+json\" class=\"yoast-schema-graph\">{\"@context\":\"https:\\\/\\\/schema.org\",\"@graph\":[{\"@type\":\"WebPage\",\"@id\":\"https:\\\/\\\/chakshu.fr\\\/en\\\/produit\\\/sapta-ring\\\/\",\"url\":\"https:\\\/\\\/chakshu.fr\\\/en\\\/produit\\\/sapta-ring\\\/\",\"name\":\"Sapt\u00e1 ring - Chakshu\",\"isPartOf\":{\"@id\":\"https:\\\/\\\/chakshu.fr\\\/en\\\/#website\"},\"primaryImageOfPage\":{\"@id\":\"https:\\\/\\\/chakshu.fr\\\/en\\\/produit\\\/sapta-ring\\\/#primaryimage\"},\"image\":{\"@id\":\"https:\\\/\\\/chakshu.fr\\\/en\\\/produit\\\/sapta-ring\\\/#primaryimage\"},\"thumbnailUrl\":\"https:\\\/\\\/chakshu.fr\\\/wp-content\\\/uploads\\\/2024\\\/09\\\/Packshot-Bague-Sapta-scaled-e1727103102381.jpg\",\"datePublished\":\"2024-08-01T18:15:42+00:00\",\"breadcrumb\":{\"@id\":\"https:\\\/\\\/chakshu.fr\\\/en\\\/produit\\\/sapta-ring\\\/#breadcrumb\"},\"inLanguage\":\"en-US\",\"potentialAction\":[{\"@type\":\"ReadAction\",\"target\":[\"https:\\\/\\\/chakshu.fr\\\/en\\\/produit\\\/sapta-ring\\\/\"]}]},{\"@type\":\"ImageObject\",\"inLanguage\":\"en-US\",\"@id\":\"https:\\\/\\\/chakshu.fr\\\/en\\\/produit\\\/sapta-ring\\\/#primaryimage\",\"url\":\"https:\\\/\\\/chakshu.fr\\\/wp-content\\\/uploads\\\/2024\\\/09\\\/Packshot-Bague-Sapta-scaled-e1727103102381.jpg\",\"contentUrl\":\"https:\\\/\\\/chakshu.fr\\\/wp-content\\\/uploads\\\/2024\\\/09\\\/Packshot-Bague-Sapta-scaled-e1727103102381.jpg\",\"width\":1638,\"height\":1638,\"caption\":\"Ensemble de bagues dor\u00e9es, finition lisse et textur\u00e9e, \u00e9l\u00e9gance minimaliste.\"},{\"@type\":\"BreadcrumbList\",\"@id\":\"https:\\\/\\\/chakshu.fr\\\/en\\\/produit\\\/sapta-ring\\\/#breadcrumb\",\"itemListElement\":[{\"@type\":\"ListItem\",\"position\":1,\"name\":\"Accueil\",\"item\":\"https:\\\/\\\/chakshu.fr\\\/en\\\/homepage\\\/\"},{\"@type\":\"ListItem\",\"position\":2,\"name\":\"Online Store\",\"item\":\"https:\\\/\\\/chakshu.fr\\\/en\\\/shop\\\/\"},{\"@type\":\"ListItem\",\"position\":3,\"name\":\"Sapt\u00e1 ring\"}]},{\"@type\":\"WebSite\",\"@id\":\"https:\\\/\\\/chakshu.fr\\\/en\\\/#website\",\"url\":\"https:\\\/\\\/chakshu.fr\\\/en\\\/\",\"name\":\"Chakshu\",\"description\":\"Bijoux ethniques modernes\",\"potentialAction\":[{\"@type\":\"SearchAction\",\"target\":{\"@type\":\"EntryPoint\",\"urlTemplate\":\"https:\\\/\\\/chakshu.fr\\\/en\\\/?s={search_term_string}\"},\"query-input\":{\"@type\":\"PropertyValueSpecification\",\"valueRequired\":true,\"valueName\":\"search_term_string\"}}],\"inLanguage\":\"en-US\"}]}<\/script>\n<!-- \/ Yoast SEO plugin. -->","yoast_head_json":{"title":"Sapt\u00e1 ring - Chakshu","robots":{"index":"index","follow":"follow","max-snippet":"max-snippet:-1","max-image-preview":"max-image-preview:large","max-video-preview":"max-video-preview:-1"},"canonical":"https:\/\/chakshu.fr\/en\/produit\/sapta-ring\/","og_locale":"en_US","og_type":"article","og_title":"Sapt\u00e1 ring - Chakshu","og_description":"Ah, the number 7! A true jewel, it embodies the completeness and perfection of cycles. Think of the 28 days of the moon, divided into four cycles of seven, reminding us of our connection to natural rhythms. In numerology, 7 symbolizes mystery and encourages us to meditate on life's great questions. Sapta, in Sanskrit, evokes the seven chakras, keys to our inner harmony. Sapta jewels are not only aesthetically pleasing: they invite us to connect with this mystical energy and embrace the infinite spiritual quest. Set of 7 fine rings in reclaimed brass plated with 24-carat fine gold. Each piece is handmade by Ahmed in Ouagadougou, Burkina Faso. There may be small scratches, or slight variations with the model, which is what makes this piece unique. \u2661","og_url":"https:\/\/chakshu.fr\/en\/produit\/sapta-ring\/","og_site_name":"Chakshu","article_publisher":"https:\/\/www.facebook.com\/chakshucreations\/?locale=fr_FR","og_image":[{"width":1638,"height":1638,"url":"https:\/\/chakshu.fr\/wp-content\/uploads\/2024\/09\/Packshot-Bague-Sapta-scaled-e1727103102381.jpg","type":"image\/jpeg"}],"twitter_card":"summary_large_image","schema":{"@context":"https:\/\/schema.org","@graph":[{"@type":"WebPage","@id":"https:\/\/chakshu.fr\/en\/produit\/sapta-ring\/","url":"https:\/\/chakshu.fr\/en\/produit\/sapta-ring\/","name":"Sapt\u00e1 ring - Chakshu","isPartOf":{"@id":"https:\/\/chakshu.fr\/en\/#website"},"primaryImageOfPage":{"@id":"https:\/\/chakshu.fr\/en\/produit\/sapta-ring\/#primaryimage"},"image":{"@id":"https:\/\/chakshu.fr\/en\/produit\/sapta-ring\/#primaryimage"},"thumbnailUrl":"https:\/\/chakshu.fr\/wp-content\/uploads\/2024\/09\/Packshot-Bague-Sapta-scaled-e1727103102381.jpg","datePublished":"2024-08-01T18:15:42+00:00","breadcrumb":{"@id":"https:\/\/chakshu.fr\/en\/produit\/sapta-ring\/#breadcrumb"},"inLanguage":"en-US","potentialAction":[{"@type":"ReadAction","target":["https:\/\/chakshu.fr\/en\/produit\/sapta-ring\/"]}]},{"@type":"ImageObject","inLanguage":"en-US","@id":"https:\/\/chakshu.fr\/en\/produit\/sapta-ring\/#primaryimage","url":"https:\/\/chakshu.fr\/wp-content\/uploads\/2024\/09\/Packshot-Bague-Sapta-scaled-e1727103102381.jpg","contentUrl":"https:\/\/chakshu.fr\/wp-content\/uploads\/2024\/09\/Packshot-Bague-Sapta-scaled-e1727103102381.jpg","width":1638,"height":1638,"caption":"Ensemble de bagues dor\u00e9es, finition lisse et textur\u00e9e, \u00e9l\u00e9gance minimaliste."},{"@type":"BreadcrumbList","@id":"https:\/\/chakshu.fr\/en\/produit\/sapta-ring\/#breadcrumb","itemListElement":[{"@type":"ListItem","position":1,"name":"Accueil","item":"https:\/\/chakshu.fr\/en\/homepage\/"},{"@type":"ListItem","position":2,"name":"Online Store","item":"https:\/\/chakshu.fr\/en\/shop\/"},{"@type":"ListItem","position":3,"name":"Sapt\u00e1 ring"}]},{"@type":"WebSite","@id":"https:\/\/chakshu.fr\/en\/#website","url":"https:\/\/chakshu.fr\/en\/","name":"Chakshu","description":"Bijoux ethniques modernes","potentialAction":[{"@type":"SearchAction","target":{"@type":"EntryPoint","urlTemplate":"https:\/\/chakshu.fr\/en\/?s={search_term_string}"},"query-input":{"@type":"PropertyValueSpecification","valueRequired":true,"valueName":"search_term_string"}}],"inLanguage":"en-US"}]}},"_links":{"self":[{"href":"https:\/\/chakshu.fr\/en\/wp-json\/wp\/v2\/product\/22813","targetHints":{"allow":["GET"]}}],"collection":[{"href":"https:\/\/chakshu.fr\/en\/wp-json\/wp\/v2\/product"}],"about":[{"href":"https:\/\/chakshu.fr\/en\/wp-json\/wp\/v2\/types\/product"}],"replies":[{"embeddable":true,"href":"https:\/\/chakshu.fr\/en\/wp-json\/wp\/v2\/comments?post=22813"}],"wp:featuredmedia":[{"embeddable":true,"href":"https:\/\/chakshu.fr\/en\/wp-json\/wp\/v2\/media\/22499"}],"wp:attachment":[{"href":"https:\/\/chakshu.fr\/en\/wp-json\/wp\/v2\/media?parent=22813"}],"wp:term":[{"taxonomy":"product_brand","embeddable":true,"href":"https:\/\/chakshu.fr\/en\/wp-json\/wp\/v2\/product_brand?post=22813"},{"taxonomy":"product_cat","embeddable":true,"href":"https:\/\/chakshu.fr\/en\/wp-json\/wp\/v2\/product_cat?post=22813"},{"taxonomy":"product_tag","embeddable":true,"href":"https:\/\/chakshu.fr\/en\/wp-json\/wp\/v2\/product_tag?post=22813"}],"curies":[{"name":"wp","href":"https:\/\/api.w.org\/{rel}","templated":true}]}}