{"id":22817,"date":"2024-08-01T20:15:42","date_gmt":"2024-08-01T18:15:42","guid":{"rendered":"https:\/\/chakshu.fr\/produit\/fluorescent-green-scarab-pendant\/"},"modified":"2025-11-10T11:30:29","modified_gmt":"2025-11-10T10:30:29","slug":"fluorescent-green-scarab-pendant","status":"publish","type":"product","link":"https:\/\/chakshu.fr\/en\/produit\/fluorescent-green-scarab-pendant\/","title":{"rendered":"Fluorescent Green Scarab Pendant"},"content":{"rendered":"","protected":false},"excerpt":{"rendered":"<p>The Scarab\u00e9e collection honors the sacred scarab beetle of ancient Egypt, a symbol of protection, regeneration and transformation of the soul. Associated with the sun and rebirth, it was placed on the hearts of mummies to guide their souls to the afterlife. These jewels embody the cyclical force of life and are amulets reminding us of our ability to be reborn and evolve. Each piece of jewelry in this collection embodies the cyclical force of life and invites profound personal transformation. Pendant in recycled brass and real beetle. Length 3.8 cm Width 1.5 cm. Sold with 50 cm gold-plated chain. Each piece is handmade by Ahmed in Ouagadougou, Burkina Faso. There may be small scratches, or slight variations with the model, which is what makes this piece unique. \u2661   <\/p>\n<div id=\"fenetremailtotoPopup\" style=\"z-index: 1;\">\n<div id=\"fenetremailtopopupContentToModalMail\"><\/div>\n<\/div>\n<div id=\"fenetremailtotoPopup\" style=\"z-index: 1;\">\n<div id=\"fenetremailtopopupContentToModalMail\"><\/div>\n<\/div>\n","protected":false},"featured_media":22414,"comment_status":"closed","ping_status":"closed","template":"","meta":{"_acf_changed":false,"om_disable_all_campaigns":false,"_monsterinsights_skip_tracking":false,"_monsterinsights_sitenote_active":false,"_monsterinsights_sitenote_note":"","_monsterinsights_sitenote_category":0,"_uf_show_specific_survey":0,"_uf_disable_surveys":false},"product_brand":[],"product_cat":[145],"product_tag":[],"class_list":{"0":"post-22817","1":"product","2":"type-product","3":"status-publish","4":"has-post-thumbnail","6":"product_cat-uncategorized","8":"first","9":"outofstock","10":"shipping-taxable","11":"purchasable","12":"product-type-simple"},"acf":[],"yoast_head":"<!-- This site is optimized with the Yoast SEO plugin v27.4 - https:\/\/yoast.com\/product\/yoast-seo-wordpress\/ -->\n<title>Fluorescent Green Scarab Pendant - Chakshu<\/title>\n<meta name=\"robots\" content=\"index, follow, max-snippet:-1, max-image-preview:large, max-video-preview:-1\" \/>\n<link rel=\"canonical\" href=\"https:\/\/chakshu.fr\/en\/produit\/fluorescent-green-scarab-pendant\/\" \/>\n<meta property=\"og:locale\" content=\"en_US\" \/>\n<meta property=\"og:type\" content=\"article\" \/>\n<meta property=\"og:title\" content=\"Fluorescent Green Scarab Pendant - Chakshu\" \/>\n<meta property=\"og:description\" content=\"The Scarab\u00e9e collection honors the sacred scarab beetle of ancient Egypt, a symbol of protection, regeneration and transformation of the soul. Associated with the sun and rebirth, it was placed on the hearts of mummies to guide their souls to the afterlife. These jewels embody the cyclical force of life and are amulets reminding us of our ability to be reborn and evolve. Each piece of jewelry in this collection embodies the cyclical force of life and invites profound personal transformation. Pendant in recycled brass and real beetle. Length 3.8 cm Width 1.5 cm. Sold with 50 cm gold-plated chain. Each piece is handmade by Ahmed in Ouagadougou, Burkina Faso. There may be small scratches, or slight variations with the model, which is what makes this piece unique. \u2661\" \/>\n<meta property=\"og:url\" content=\"https:\/\/chakshu.fr\/en\/produit\/fluorescent-green-scarab-pendant\/\" \/>\n<meta property=\"og:site_name\" content=\"Chakshu\" \/>\n<meta property=\"article:publisher\" content=\"https:\/\/www.facebook.com\/chakshucreations\/?locale=fr_FR\" \/>\n<meta property=\"article:modified_time\" content=\"2025-11-10T10:30:29+00:00\" \/>\n<meta property=\"og:image\" content=\"https:\/\/chakshu.fr\/wp-content\/uploads\/2024\/09\/Packshot-Pendentif-Scarabee-Vert-Fluo-scaled-e1726668458332.jpg\" \/>\n\t<meta property=\"og:image:width\" content=\"1706\" \/>\n\t<meta property=\"og:image:height\" content=\"1706\" \/>\n\t<meta property=\"og:image:type\" content=\"image\/jpeg\" \/>\n<meta name=\"twitter:card\" content=\"summary_large_image\" \/>\n<script type=\"application\/ld+json\" class=\"yoast-schema-graph\">{\"@context\":\"https:\\\/\\\/schema.org\",\"@graph\":[{\"@type\":\"WebPage\",\"@id\":\"https:\\\/\\\/chakshu.fr\\\/en\\\/produit\\\/fluorescent-green-scarab-pendant\\\/\",\"url\":\"https:\\\/\\\/chakshu.fr\\\/en\\\/produit\\\/fluorescent-green-scarab-pendant\\\/\",\"name\":\"Fluorescent Green Scarab Pendant - Chakshu\",\"isPartOf\":{\"@id\":\"https:\\\/\\\/chakshu.fr\\\/en\\\/#website\"},\"primaryImageOfPage\":{\"@id\":\"https:\\\/\\\/chakshu.fr\\\/en\\\/produit\\\/fluorescent-green-scarab-pendant\\\/#primaryimage\"},\"image\":{\"@id\":\"https:\\\/\\\/chakshu.fr\\\/en\\\/produit\\\/fluorescent-green-scarab-pendant\\\/#primaryimage\"},\"thumbnailUrl\":\"https:\\\/\\\/chakshu.fr\\\/wp-content\\\/uploads\\\/2024\\\/09\\\/Packshot-Pendentif-Scarabee-Vert-Fluo-scaled-e1726668458332.jpg\",\"datePublished\":\"2024-08-01T18:15:42+00:00\",\"dateModified\":\"2025-11-10T10:30:29+00:00\",\"breadcrumb\":{\"@id\":\"https:\\\/\\\/chakshu.fr\\\/en\\\/produit\\\/fluorescent-green-scarab-pendant\\\/#breadcrumb\"},\"inLanguage\":\"en-US\",\"potentialAction\":[{\"@type\":\"ReadAction\",\"target\":[\"https:\\\/\\\/chakshu.fr\\\/en\\\/produit\\\/fluorescent-green-scarab-pendant\\\/\"]}]},{\"@type\":\"ImageObject\",\"inLanguage\":\"en-US\",\"@id\":\"https:\\\/\\\/chakshu.fr\\\/en\\\/produit\\\/fluorescent-green-scarab-pendant\\\/#primaryimage\",\"url\":\"https:\\\/\\\/chakshu.fr\\\/wp-content\\\/uploads\\\/2024\\\/09\\\/Packshot-Pendentif-Scarabee-Vert-Fluo-scaled-e1726668458332.jpg\",\"contentUrl\":\"https:\\\/\\\/chakshu.fr\\\/wp-content\\\/uploads\\\/2024\\\/09\\\/Packshot-Pendentif-Scarabee-Vert-Fluo-scaled-e1726668458332.jpg\",\"width\":1706,\"height\":1706,\"caption\":\"Collier \u00e9l\u00e9gant avec pendentif scarab\u00e9e, finition dor\u00e9e et \u00e9clat vert \u00e9meraude.\"},{\"@type\":\"BreadcrumbList\",\"@id\":\"https:\\\/\\\/chakshu.fr\\\/en\\\/produit\\\/fluorescent-green-scarab-pendant\\\/#breadcrumb\",\"itemListElement\":[{\"@type\":\"ListItem\",\"position\":1,\"name\":\"Accueil\",\"item\":\"https:\\\/\\\/chakshu.fr\\\/en\\\/homepage\\\/\"},{\"@type\":\"ListItem\",\"position\":2,\"name\":\"Online Store\",\"item\":\"https:\\\/\\\/chakshu.fr\\\/en\\\/shop\\\/\"},{\"@type\":\"ListItem\",\"position\":3,\"name\":\"Fluorescent Green Scarab Pendant\"}]},{\"@type\":\"WebSite\",\"@id\":\"https:\\\/\\\/chakshu.fr\\\/en\\\/#website\",\"url\":\"https:\\\/\\\/chakshu.fr\\\/en\\\/\",\"name\":\"Chakshu\",\"description\":\"Bijoux ethniques modernes\",\"potentialAction\":[{\"@type\":\"SearchAction\",\"target\":{\"@type\":\"EntryPoint\",\"urlTemplate\":\"https:\\\/\\\/chakshu.fr\\\/en\\\/?s={search_term_string}\"},\"query-input\":{\"@type\":\"PropertyValueSpecification\",\"valueRequired\":true,\"valueName\":\"search_term_string\"}}],\"inLanguage\":\"en-US\"}]}<\/script>\n<!-- \/ Yoast SEO plugin. -->","yoast_head_json":{"title":"Fluorescent Green Scarab Pendant - Chakshu","robots":{"index":"index","follow":"follow","max-snippet":"max-snippet:-1","max-image-preview":"max-image-preview:large","max-video-preview":"max-video-preview:-1"},"canonical":"https:\/\/chakshu.fr\/en\/produit\/fluorescent-green-scarab-pendant\/","og_locale":"en_US","og_type":"article","og_title":"Fluorescent Green Scarab Pendant - Chakshu","og_description":"The Scarab\u00e9e collection honors the sacred scarab beetle of ancient Egypt, a symbol of protection, regeneration and transformation of the soul. Associated with the sun and rebirth, it was placed on the hearts of mummies to guide their souls to the afterlife. These jewels embody the cyclical force of life and are amulets reminding us of our ability to be reborn and evolve. Each piece of jewelry in this collection embodies the cyclical force of life and invites profound personal transformation. Pendant in recycled brass and real beetle. Length 3.8 cm Width 1.5 cm. Sold with 50 cm gold-plated chain. Each piece is handmade by Ahmed in Ouagadougou, Burkina Faso. There may be small scratches, or slight variations with the model, which is what makes this piece unique. \u2661","og_url":"https:\/\/chakshu.fr\/en\/produit\/fluorescent-green-scarab-pendant\/","og_site_name":"Chakshu","article_publisher":"https:\/\/www.facebook.com\/chakshucreations\/?locale=fr_FR","article_modified_time":"2025-11-10T10:30:29+00:00","og_image":[{"width":1706,"height":1706,"url":"https:\/\/chakshu.fr\/wp-content\/uploads\/2024\/09\/Packshot-Pendentif-Scarabee-Vert-Fluo-scaled-e1726668458332.jpg","type":"image\/jpeg"}],"twitter_card":"summary_large_image","schema":{"@context":"https:\/\/schema.org","@graph":[{"@type":"WebPage","@id":"https:\/\/chakshu.fr\/en\/produit\/fluorescent-green-scarab-pendant\/","url":"https:\/\/chakshu.fr\/en\/produit\/fluorescent-green-scarab-pendant\/","name":"Fluorescent Green Scarab Pendant - Chakshu","isPartOf":{"@id":"https:\/\/chakshu.fr\/en\/#website"},"primaryImageOfPage":{"@id":"https:\/\/chakshu.fr\/en\/produit\/fluorescent-green-scarab-pendant\/#primaryimage"},"image":{"@id":"https:\/\/chakshu.fr\/en\/produit\/fluorescent-green-scarab-pendant\/#primaryimage"},"thumbnailUrl":"https:\/\/chakshu.fr\/wp-content\/uploads\/2024\/09\/Packshot-Pendentif-Scarabee-Vert-Fluo-scaled-e1726668458332.jpg","datePublished":"2024-08-01T18:15:42+00:00","dateModified":"2025-11-10T10:30:29+00:00","breadcrumb":{"@id":"https:\/\/chakshu.fr\/en\/produit\/fluorescent-green-scarab-pendant\/#breadcrumb"},"inLanguage":"en-US","potentialAction":[{"@type":"ReadAction","target":["https:\/\/chakshu.fr\/en\/produit\/fluorescent-green-scarab-pendant\/"]}]},{"@type":"ImageObject","inLanguage":"en-US","@id":"https:\/\/chakshu.fr\/en\/produit\/fluorescent-green-scarab-pendant\/#primaryimage","url":"https:\/\/chakshu.fr\/wp-content\/uploads\/2024\/09\/Packshot-Pendentif-Scarabee-Vert-Fluo-scaled-e1726668458332.jpg","contentUrl":"https:\/\/chakshu.fr\/wp-content\/uploads\/2024\/09\/Packshot-Pendentif-Scarabee-Vert-Fluo-scaled-e1726668458332.jpg","width":1706,"height":1706,"caption":"Collier \u00e9l\u00e9gant avec pendentif scarab\u00e9e, finition dor\u00e9e et \u00e9clat vert \u00e9meraude."},{"@type":"BreadcrumbList","@id":"https:\/\/chakshu.fr\/en\/produit\/fluorescent-green-scarab-pendant\/#breadcrumb","itemListElement":[{"@type":"ListItem","position":1,"name":"Accueil","item":"https:\/\/chakshu.fr\/en\/homepage\/"},{"@type":"ListItem","position":2,"name":"Online Store","item":"https:\/\/chakshu.fr\/en\/shop\/"},{"@type":"ListItem","position":3,"name":"Fluorescent Green Scarab Pendant"}]},{"@type":"WebSite","@id":"https:\/\/chakshu.fr\/en\/#website","url":"https:\/\/chakshu.fr\/en\/","name":"Chakshu","description":"Bijoux ethniques modernes","potentialAction":[{"@type":"SearchAction","target":{"@type":"EntryPoint","urlTemplate":"https:\/\/chakshu.fr\/en\/?s={search_term_string}"},"query-input":{"@type":"PropertyValueSpecification","valueRequired":true,"valueName":"search_term_string"}}],"inLanguage":"en-US"}]}},"_links":{"self":[{"href":"https:\/\/chakshu.fr\/en\/wp-json\/wp\/v2\/product\/22817","targetHints":{"allow":["GET"]}}],"collection":[{"href":"https:\/\/chakshu.fr\/en\/wp-json\/wp\/v2\/product"}],"about":[{"href":"https:\/\/chakshu.fr\/en\/wp-json\/wp\/v2\/types\/product"}],"replies":[{"embeddable":true,"href":"https:\/\/chakshu.fr\/en\/wp-json\/wp\/v2\/comments?post=22817"}],"wp:featuredmedia":[{"embeddable":true,"href":"https:\/\/chakshu.fr\/en\/wp-json\/wp\/v2\/media\/22414"}],"wp:attachment":[{"href":"https:\/\/chakshu.fr\/en\/wp-json\/wp\/v2\/media?parent=22817"}],"wp:term":[{"taxonomy":"product_brand","embeddable":true,"href":"https:\/\/chakshu.fr\/en\/wp-json\/wp\/v2\/product_brand?post=22817"},{"taxonomy":"product_cat","embeddable":true,"href":"https:\/\/chakshu.fr\/en\/wp-json\/wp\/v2\/product_cat?post=22817"},{"taxonomy":"product_tag","embeddable":true,"href":"https:\/\/chakshu.fr\/en\/wp-json\/wp\/v2\/product_tag?post=22817"}],"curies":[{"name":"wp","href":"https:\/\/api.w.org\/{rel}","templated":true}]}}