{"id":22824,"date":"2024-08-01T20:17:33","date_gmt":"2024-08-01T18:17:33","guid":{"rendered":"https:\/\/chakshu.fr\/produit\/opal-earrings\/"},"modified":"2024-08-01T20:17:33","modified_gmt":"2024-08-01T18:17:33","slug":"opal-earrings","status":"publish","type":"product","link":"https:\/\/chakshu.fr\/en\/produit\/opal-earrings\/","title":{"rendered":"Opal earrings"},"content":{"rendered":"","protected":false},"excerpt":{"rendered":"<div>\n<div>\n<p>Opal is a stone of transformation and healing, reputed to attract good fortune and promote intuition, clairvoyance and creativity. Carrying all the brilliance of precious stones, the Romans considered opal a powerful talisman to attract good luck and divine protection. In certain shamanic traditions, it is seen as a bridge between different planes of reality, facilitating meditation and spiritual connection. A stone of dreams, opal accompanies its wearer towards inner healing and the expansion of consciousness. 24-carat gold-plated brass and genuine opal earrings. Opals are sensitive to water and chemicals, so we strongly recommend not wearing them underwater. Diameter 5.2 cm, thickness 0.3 cm. Each piece is handmade. There may be slight variations with the model, which is what makes this piece unique. \u2661   <\/p>\n<\/div>\n<p>&nbsp;<\/p>\n<div>\n<p>&nbsp;<\/p>\n<\/div>\n<div><\/div>\n<\/div>\n","protected":false},"featured_media":22390,"comment_status":"closed","ping_status":"closed","template":"","meta":{"_acf_changed":false,"om_disable_all_campaigns":false,"_monsterinsights_skip_tracking":false,"_monsterinsights_sitenote_active":false,"_monsterinsights_sitenote_note":"","_monsterinsights_sitenote_category":0,"_uf_show_specific_survey":0,"_uf_disable_surveys":false},"product_brand":[],"product_cat":[117,107,139],"product_tag":[],"class_list":{"0":"post-22824","1":"product","2":"type-product","3":"status-publish","4":"has-post-thumbnail","6":"product_cat-earrings","7":"product_cat-opale-en","8":"product_cat-opale-en-2","10":"first","11":"instock","12":"shipping-taxable","13":"purchasable","14":"product-type-simple"},"acf":[],"yoast_head":"<!-- This site is optimized with the Yoast SEO plugin v27.4 - https:\/\/yoast.com\/product\/yoast-seo-wordpress\/ -->\n<title>Opal earrings - Chakshu<\/title>\n<meta name=\"robots\" content=\"index, follow, max-snippet:-1, max-image-preview:large, max-video-preview:-1\" \/>\n<link rel=\"canonical\" href=\"https:\/\/chakshu.fr\/en\/produit\/opal-earrings\/\" \/>\n<meta property=\"og:locale\" content=\"en_US\" \/>\n<meta property=\"og:type\" content=\"article\" \/>\n<meta property=\"og:title\" content=\"Opal earrings - Chakshu\" \/>\n<meta property=\"og:description\" content=\"Opal is a stone of transformation and healing, reputed to attract good fortune and promote intuition, clairvoyance and creativity. Carrying all the brilliance of precious stones, the Romans considered opal a powerful talisman to attract good luck and divine protection. In certain shamanic traditions, it is seen as a bridge between different planes of reality, facilitating meditation and spiritual connection. A stone of dreams, opal accompanies its wearer towards inner healing and the expansion of consciousness. 24-carat gold-plated brass and genuine opal earrings. Opals are sensitive to water and chemicals, so we strongly recommend not wearing them underwater. Diameter 5.2 cm, thickness 0.3 cm. Each piece is handmade. There may be slight variations with the model, which is what makes this piece unique. \u2661      &nbsp;  &nbsp;\" \/>\n<meta property=\"og:url\" content=\"https:\/\/chakshu.fr\/en\/produit\/opal-earrings\/\" \/>\n<meta property=\"og:site_name\" content=\"Chakshu\" \/>\n<meta property=\"article:publisher\" content=\"https:\/\/www.facebook.com\/chakshucreations\/?locale=fr_FR\" \/>\n<meta property=\"og:image\" content=\"https:\/\/chakshu.fr\/wp-content\/uploads\/2024\/08\/Packshot-Boucles-doreilles-Opale-scaled-e1726665568540.jpg\" \/>\n\t<meta property=\"og:image:width\" content=\"1600\" \/>\n\t<meta property=\"og:image:height\" content=\"1600\" \/>\n\t<meta property=\"og:image:type\" content=\"image\/jpeg\" \/>\n<meta name=\"twitter:card\" content=\"summary_large_image\" \/>\n<script type=\"application\/ld+json\" class=\"yoast-schema-graph\">{\"@context\":\"https:\\\/\\\/schema.org\",\"@graph\":[{\"@type\":\"WebPage\",\"@id\":\"https:\\\/\\\/chakshu.fr\\\/en\\\/produit\\\/opal-earrings\\\/\",\"url\":\"https:\\\/\\\/chakshu.fr\\\/en\\\/produit\\\/opal-earrings\\\/\",\"name\":\"Opal earrings - Chakshu\",\"isPartOf\":{\"@id\":\"https:\\\/\\\/chakshu.fr\\\/en\\\/#website\"},\"primaryImageOfPage\":{\"@id\":\"https:\\\/\\\/chakshu.fr\\\/en\\\/produit\\\/opal-earrings\\\/#primaryimage\"},\"image\":{\"@id\":\"https:\\\/\\\/chakshu.fr\\\/en\\\/produit\\\/opal-earrings\\\/#primaryimage\"},\"thumbnailUrl\":\"https:\\\/\\\/chakshu.fr\\\/wp-content\\\/uploads\\\/2024\\\/08\\\/Packshot-Boucles-doreilles-Opale-scaled-e1726665568540.jpg\",\"datePublished\":\"2024-08-01T18:17:33+00:00\",\"breadcrumb\":{\"@id\":\"https:\\\/\\\/chakshu.fr\\\/en\\\/produit\\\/opal-earrings\\\/#breadcrumb\"},\"inLanguage\":\"en-US\",\"potentialAction\":[{\"@type\":\"ReadAction\",\"target\":[\"https:\\\/\\\/chakshu.fr\\\/en\\\/produit\\\/opal-earrings\\\/\"]}]},{\"@type\":\"ImageObject\",\"inLanguage\":\"en-US\",\"@id\":\"https:\\\/\\\/chakshu.fr\\\/en\\\/produit\\\/opal-earrings\\\/#primaryimage\",\"url\":\"https:\\\/\\\/chakshu.fr\\\/wp-content\\\/uploads\\\/2024\\\/08\\\/Packshot-Boucles-doreilles-Opale-scaled-e1726665568540.jpg\",\"contentUrl\":\"https:\\\/\\\/chakshu.fr\\\/wp-content\\\/uploads\\\/2024\\\/08\\\/Packshot-Boucles-doreilles-Opale-scaled-e1726665568540.jpg\",\"width\":1600,\"height\":1600,\"caption\":\"Boucles doreilles dor\u00e9es, forme ondul\u00e9e, orn\u00e9es de pierres opalescentes, finition textur\u00e9e.\"},{\"@type\":\"BreadcrumbList\",\"@id\":\"https:\\\/\\\/chakshu.fr\\\/en\\\/produit\\\/opal-earrings\\\/#breadcrumb\",\"itemListElement\":[{\"@type\":\"ListItem\",\"position\":1,\"name\":\"Accueil\",\"item\":\"https:\\\/\\\/chakshu.fr\\\/en\\\/homepage\\\/\"},{\"@type\":\"ListItem\",\"position\":2,\"name\":\"Online Store\",\"item\":\"https:\\\/\\\/chakshu.fr\\\/en\\\/shop\\\/\"},{\"@type\":\"ListItem\",\"position\":3,\"name\":\"Opal earrings\"}]},{\"@type\":\"WebSite\",\"@id\":\"https:\\\/\\\/chakshu.fr\\\/en\\\/#website\",\"url\":\"https:\\\/\\\/chakshu.fr\\\/en\\\/\",\"name\":\"Chakshu\",\"description\":\"Bijoux ethniques modernes\",\"potentialAction\":[{\"@type\":\"SearchAction\",\"target\":{\"@type\":\"EntryPoint\",\"urlTemplate\":\"https:\\\/\\\/chakshu.fr\\\/en\\\/?s={search_term_string}\"},\"query-input\":{\"@type\":\"PropertyValueSpecification\",\"valueRequired\":true,\"valueName\":\"search_term_string\"}}],\"inLanguage\":\"en-US\"}]}<\/script>\n<!-- \/ Yoast SEO plugin. -->","yoast_head_json":{"title":"Opal earrings - Chakshu","robots":{"index":"index","follow":"follow","max-snippet":"max-snippet:-1","max-image-preview":"max-image-preview:large","max-video-preview":"max-video-preview:-1"},"canonical":"https:\/\/chakshu.fr\/en\/produit\/opal-earrings\/","og_locale":"en_US","og_type":"article","og_title":"Opal earrings - Chakshu","og_description":"Opal is a stone of transformation and healing, reputed to attract good fortune and promote intuition, clairvoyance and creativity. Carrying all the brilliance of precious stones, the Romans considered opal a powerful talisman to attract good luck and divine protection. In certain shamanic traditions, it is seen as a bridge between different planes of reality, facilitating meditation and spiritual connection. A stone of dreams, opal accompanies its wearer towards inner healing and the expansion of consciousness. 24-carat gold-plated brass and genuine opal earrings. Opals are sensitive to water and chemicals, so we strongly recommend not wearing them underwater. Diameter 5.2 cm, thickness 0.3 cm. Each piece is handmade. There may be slight variations with the model, which is what makes this piece unique. \u2661      &nbsp;  &nbsp;","og_url":"https:\/\/chakshu.fr\/en\/produit\/opal-earrings\/","og_site_name":"Chakshu","article_publisher":"https:\/\/www.facebook.com\/chakshucreations\/?locale=fr_FR","og_image":[{"width":1600,"height":1600,"url":"https:\/\/chakshu.fr\/wp-content\/uploads\/2024\/08\/Packshot-Boucles-doreilles-Opale-scaled-e1726665568540.jpg","type":"image\/jpeg"}],"twitter_card":"summary_large_image","schema":{"@context":"https:\/\/schema.org","@graph":[{"@type":"WebPage","@id":"https:\/\/chakshu.fr\/en\/produit\/opal-earrings\/","url":"https:\/\/chakshu.fr\/en\/produit\/opal-earrings\/","name":"Opal earrings - Chakshu","isPartOf":{"@id":"https:\/\/chakshu.fr\/en\/#website"},"primaryImageOfPage":{"@id":"https:\/\/chakshu.fr\/en\/produit\/opal-earrings\/#primaryimage"},"image":{"@id":"https:\/\/chakshu.fr\/en\/produit\/opal-earrings\/#primaryimage"},"thumbnailUrl":"https:\/\/chakshu.fr\/wp-content\/uploads\/2024\/08\/Packshot-Boucles-doreilles-Opale-scaled-e1726665568540.jpg","datePublished":"2024-08-01T18:17:33+00:00","breadcrumb":{"@id":"https:\/\/chakshu.fr\/en\/produit\/opal-earrings\/#breadcrumb"},"inLanguage":"en-US","potentialAction":[{"@type":"ReadAction","target":["https:\/\/chakshu.fr\/en\/produit\/opal-earrings\/"]}]},{"@type":"ImageObject","inLanguage":"en-US","@id":"https:\/\/chakshu.fr\/en\/produit\/opal-earrings\/#primaryimage","url":"https:\/\/chakshu.fr\/wp-content\/uploads\/2024\/08\/Packshot-Boucles-doreilles-Opale-scaled-e1726665568540.jpg","contentUrl":"https:\/\/chakshu.fr\/wp-content\/uploads\/2024\/08\/Packshot-Boucles-doreilles-Opale-scaled-e1726665568540.jpg","width":1600,"height":1600,"caption":"Boucles doreilles dor\u00e9es, forme ondul\u00e9e, orn\u00e9es de pierres opalescentes, finition textur\u00e9e."},{"@type":"BreadcrumbList","@id":"https:\/\/chakshu.fr\/en\/produit\/opal-earrings\/#breadcrumb","itemListElement":[{"@type":"ListItem","position":1,"name":"Accueil","item":"https:\/\/chakshu.fr\/en\/homepage\/"},{"@type":"ListItem","position":2,"name":"Online Store","item":"https:\/\/chakshu.fr\/en\/shop\/"},{"@type":"ListItem","position":3,"name":"Opal earrings"}]},{"@type":"WebSite","@id":"https:\/\/chakshu.fr\/en\/#website","url":"https:\/\/chakshu.fr\/en\/","name":"Chakshu","description":"Bijoux ethniques modernes","potentialAction":[{"@type":"SearchAction","target":{"@type":"EntryPoint","urlTemplate":"https:\/\/chakshu.fr\/en\/?s={search_term_string}"},"query-input":{"@type":"PropertyValueSpecification","valueRequired":true,"valueName":"search_term_string"}}],"inLanguage":"en-US"}]}},"_links":{"self":[{"href":"https:\/\/chakshu.fr\/en\/wp-json\/wp\/v2\/product\/22824","targetHints":{"allow":["GET"]}}],"collection":[{"href":"https:\/\/chakshu.fr\/en\/wp-json\/wp\/v2\/product"}],"about":[{"href":"https:\/\/chakshu.fr\/en\/wp-json\/wp\/v2\/types\/product"}],"replies":[{"embeddable":true,"href":"https:\/\/chakshu.fr\/en\/wp-json\/wp\/v2\/comments?post=22824"}],"wp:featuredmedia":[{"embeddable":true,"href":"https:\/\/chakshu.fr\/en\/wp-json\/wp\/v2\/media\/22390"}],"wp:attachment":[{"href":"https:\/\/chakshu.fr\/en\/wp-json\/wp\/v2\/media?parent=22824"}],"wp:term":[{"taxonomy":"product_brand","embeddable":true,"href":"https:\/\/chakshu.fr\/en\/wp-json\/wp\/v2\/product_brand?post=22824"},{"taxonomy":"product_cat","embeddable":true,"href":"https:\/\/chakshu.fr\/en\/wp-json\/wp\/v2\/product_cat?post=22824"},{"taxonomy":"product_tag","embeddable":true,"href":"https:\/\/chakshu.fr\/en\/wp-json\/wp\/v2\/product_tag?post=22824"}],"curies":[{"name":"wp","href":"https:\/\/api.w.org\/{rel}","templated":true}]}}