{"id":23393,"date":"2024-12-14T13:04:05","date_gmt":"2024-12-14T12:04:05","guid":{"rendered":"https:\/\/chakshu.fr\/?post_type=product&#038;p=23393"},"modified":"2025-12-12T12:28:09","modified_gmt":"2025-12-12T11:28:09","slug":"ex-voto-opal-pendant-copie","status":"publish","type":"product","link":"https:\/\/chakshu.fr\/en\/produit\/ex-voto-opal-pendant-copie\/","title":{"rendered":"Ex-Voto Opal earrings"},"content":{"rendered":"","protected":false},"excerpt":{"rendered":"<p>The<em>ex-voto<\/em> comes from ancient Rome, where people offered objects to deities to say thank you for having their prayers answered. The term, &#8220;ex voto suscepto&#8221;, literally means &#8220;according to the vow made&#8221;. Each <em>ex-voto<\/em> tells a story of gratitude, hope, faith and trust in life, even in the midst of storms.  <\/p>\n<p>Each <em>Ex-Voto<\/em> pendant is a true amulet, imbued with positive intentions. It&#8217;s there to remind you that, even in difficult times, there&#8217;s always a light, a reason to say thank you. It accompanies you, like a little guardian, in your daily gratitude and those moments of grace that light your way.  <\/p>\n<p>24-carat gold-plated brass earrings with genuine opals. Opals are sensitive to water and products, so we strongly recommend that you do not put them underwater. Width 2 cm, height 2.5 cm, thickness 0.6 cm.  <\/p>\n<p>Each piece is handmade. There may be slight variations with the model, which is what makes this piece unique. \u2661<\/p>\n","protected":false},"featured_media":23870,"comment_status":"open","ping_status":"closed","template":"","meta":{"_acf_changed":false,"om_disable_all_campaigns":false,"_monsterinsights_skip_tracking":false,"_monsterinsights_sitenote_active":false,"_monsterinsights_sitenote_note":"","_monsterinsights_sitenote_category":0,"_uf_show_specific_survey":0,"_uf_disable_surveys":false},"product_brand":[],"product_cat":[117,108,167,107],"product_tag":[],"class_list":{"0":"post-23393","1":"product","2":"type-product","3":"status-publish","4":"has-post-thumbnail","6":"product_cat-earrings","7":"product_cat-ex-voto-en","8":"product_cat-my-little-magics","9":"product_cat-opale-en","11":"first","12":"instock","13":"shipping-taxable","14":"purchasable","15":"product-type-simple"},"acf":[],"yoast_head":"<!-- This site is optimized with the Yoast SEO plugin v27.4 - https:\/\/yoast.com\/product\/yoast-seo-wordpress\/ -->\n<title>Ex-Voto Opal earrings - Chakshu<\/title>\n<meta name=\"description\" content=\"Ex-Voto pendant in fine gold-plated brass and opal, a symbol of protection and gratitude. A jewel charged with intention and positive energy.\" \/>\n<meta name=\"robots\" content=\"index, follow, max-snippet:-1, max-image-preview:large, max-video-preview:-1\" \/>\n<link rel=\"canonical\" href=\"https:\/\/chakshu.fr\/en\/produit\/ex-voto-opal-pendant-copie\/\" \/>\n<meta property=\"og:locale\" content=\"en_US\" \/>\n<meta property=\"og:type\" content=\"article\" \/>\n<meta property=\"og:title\" content=\"Ex-Voto Opal earrings - Chakshu\" \/>\n<meta property=\"og:description\" content=\"Ex-Voto pendant in fine gold-plated brass and opal, a symbol of protection and gratitude. A jewel charged with intention and positive energy.\" \/>\n<meta property=\"og:url\" content=\"https:\/\/chakshu.fr\/en\/produit\/ex-voto-opal-pendant-copie\/\" \/>\n<meta property=\"og:site_name\" content=\"Chakshu\" \/>\n<meta property=\"article:publisher\" content=\"https:\/\/www.facebook.com\/chakshucreations\/?locale=fr_FR\" \/>\n<meta property=\"article:modified_time\" content=\"2025-12-12T11:28:09+00:00\" \/>\n<meta property=\"og:image\" content=\"https:\/\/chakshu.fr\/wp-content\/uploads\/2025\/05\/52-1024x1024.png\" \/>\n\t<meta property=\"og:image:width\" content=\"1024\" \/>\n\t<meta property=\"og:image:height\" content=\"1024\" \/>\n\t<meta property=\"og:image:type\" content=\"image\/png\" \/>\n<meta name=\"twitter:card\" content=\"summary_large_image\" \/>\n<script type=\"application\/ld+json\" class=\"yoast-schema-graph\">{\"@context\":\"https:\\\/\\\/schema.org\",\"@graph\":[{\"@type\":\"WebPage\",\"@id\":\"https:\\\/\\\/chakshu.fr\\\/en\\\/produit\\\/ex-voto-opal-pendant-copie\\\/\",\"url\":\"https:\\\/\\\/chakshu.fr\\\/en\\\/produit\\\/ex-voto-opal-pendant-copie\\\/\",\"name\":\"Ex-Voto Opal earrings - Chakshu\",\"isPartOf\":{\"@id\":\"https:\\\/\\\/chakshu.fr\\\/en\\\/#website\"},\"primaryImageOfPage\":{\"@id\":\"https:\\\/\\\/chakshu.fr\\\/en\\\/produit\\\/ex-voto-opal-pendant-copie\\\/#primaryimage\"},\"image\":{\"@id\":\"https:\\\/\\\/chakshu.fr\\\/en\\\/produit\\\/ex-voto-opal-pendant-copie\\\/#primaryimage\"},\"thumbnailUrl\":\"https:\\\/\\\/chakshu.fr\\\/wp-content\\\/uploads\\\/2025\\\/05\\\/52.png\",\"datePublished\":\"2024-12-14T12:04:05+00:00\",\"dateModified\":\"2025-12-12T11:28:09+00:00\",\"description\":\"Ex-Voto pendant in fine gold-plated brass and opal, a symbol of protection and gratitude. A jewel charged with intention and positive energy.\",\"breadcrumb\":{\"@id\":\"https:\\\/\\\/chakshu.fr\\\/en\\\/produit\\\/ex-voto-opal-pendant-copie\\\/#breadcrumb\"},\"inLanguage\":\"en-US\",\"potentialAction\":[{\"@type\":\"ReadAction\",\"target\":[\"https:\\\/\\\/chakshu.fr\\\/en\\\/produit\\\/ex-voto-opal-pendant-copie\\\/\"]}]},{\"@type\":\"ImageObject\",\"inLanguage\":\"en-US\",\"@id\":\"https:\\\/\\\/chakshu.fr\\\/en\\\/produit\\\/ex-voto-opal-pendant-copie\\\/#primaryimage\",\"url\":\"https:\\\/\\\/chakshu.fr\\\/wp-content\\\/uploads\\\/2025\\\/05\\\/52.png\",\"contentUrl\":\"https:\\\/\\\/chakshu.fr\\\/wp-content\\\/uploads\\\/2025\\\/05\\\/52.png\",\"width\":1100,\"height\":1100,\"caption\":\"Collier et boucles doreilles dor\u00e9s, orn\u00e9s dopales \u00e9clatantes, style floral d\u00e9licat.\"},{\"@type\":\"BreadcrumbList\",\"@id\":\"https:\\\/\\\/chakshu.fr\\\/en\\\/produit\\\/ex-voto-opal-pendant-copie\\\/#breadcrumb\",\"itemListElement\":[{\"@type\":\"ListItem\",\"position\":1,\"name\":\"Accueil\",\"item\":\"https:\\\/\\\/chakshu.fr\\\/en\\\/homepage\\\/\"},{\"@type\":\"ListItem\",\"position\":2,\"name\":\"Online Store\",\"item\":\"https:\\\/\\\/chakshu.fr\\\/en\\\/shop\\\/\"},{\"@type\":\"ListItem\",\"position\":3,\"name\":\"Ex-Voto Opal earrings\"}]},{\"@type\":\"WebSite\",\"@id\":\"https:\\\/\\\/chakshu.fr\\\/en\\\/#website\",\"url\":\"https:\\\/\\\/chakshu.fr\\\/en\\\/\",\"name\":\"Chakshu\",\"description\":\"Bijoux ethniques modernes\",\"potentialAction\":[{\"@type\":\"SearchAction\",\"target\":{\"@type\":\"EntryPoint\",\"urlTemplate\":\"https:\\\/\\\/chakshu.fr\\\/en\\\/?s={search_term_string}\"},\"query-input\":{\"@type\":\"PropertyValueSpecification\",\"valueRequired\":true,\"valueName\":\"search_term_string\"}}],\"inLanguage\":\"en-US\"}]}<\/script>\n<!-- \/ Yoast SEO plugin. -->","yoast_head_json":{"title":"Ex-Voto Opal earrings - Chakshu","description":"Ex-Voto pendant in fine gold-plated brass and opal, a symbol of protection and gratitude. A jewel charged with intention and positive energy.","robots":{"index":"index","follow":"follow","max-snippet":"max-snippet:-1","max-image-preview":"max-image-preview:large","max-video-preview":"max-video-preview:-1"},"canonical":"https:\/\/chakshu.fr\/en\/produit\/ex-voto-opal-pendant-copie\/","og_locale":"en_US","og_type":"article","og_title":"Ex-Voto Opal earrings - Chakshu","og_description":"Ex-Voto pendant in fine gold-plated brass and opal, a symbol of protection and gratitude. A jewel charged with intention and positive energy.","og_url":"https:\/\/chakshu.fr\/en\/produit\/ex-voto-opal-pendant-copie\/","og_site_name":"Chakshu","article_publisher":"https:\/\/www.facebook.com\/chakshucreations\/?locale=fr_FR","article_modified_time":"2025-12-12T11:28:09+00:00","og_image":[{"width":1024,"height":1024,"url":"https:\/\/chakshu.fr\/wp-content\/uploads\/2025\/05\/52-1024x1024.png","type":"image\/png"}],"twitter_card":"summary_large_image","schema":{"@context":"https:\/\/schema.org","@graph":[{"@type":"WebPage","@id":"https:\/\/chakshu.fr\/en\/produit\/ex-voto-opal-pendant-copie\/","url":"https:\/\/chakshu.fr\/en\/produit\/ex-voto-opal-pendant-copie\/","name":"Ex-Voto Opal earrings - Chakshu","isPartOf":{"@id":"https:\/\/chakshu.fr\/en\/#website"},"primaryImageOfPage":{"@id":"https:\/\/chakshu.fr\/en\/produit\/ex-voto-opal-pendant-copie\/#primaryimage"},"image":{"@id":"https:\/\/chakshu.fr\/en\/produit\/ex-voto-opal-pendant-copie\/#primaryimage"},"thumbnailUrl":"https:\/\/chakshu.fr\/wp-content\/uploads\/2025\/05\/52.png","datePublished":"2024-12-14T12:04:05+00:00","dateModified":"2025-12-12T11:28:09+00:00","description":"Ex-Voto pendant in fine gold-plated brass and opal, a symbol of protection and gratitude. A jewel charged with intention and positive energy.","breadcrumb":{"@id":"https:\/\/chakshu.fr\/en\/produit\/ex-voto-opal-pendant-copie\/#breadcrumb"},"inLanguage":"en-US","potentialAction":[{"@type":"ReadAction","target":["https:\/\/chakshu.fr\/en\/produit\/ex-voto-opal-pendant-copie\/"]}]},{"@type":"ImageObject","inLanguage":"en-US","@id":"https:\/\/chakshu.fr\/en\/produit\/ex-voto-opal-pendant-copie\/#primaryimage","url":"https:\/\/chakshu.fr\/wp-content\/uploads\/2025\/05\/52.png","contentUrl":"https:\/\/chakshu.fr\/wp-content\/uploads\/2025\/05\/52.png","width":1100,"height":1100,"caption":"Collier et boucles doreilles dor\u00e9s, orn\u00e9s dopales \u00e9clatantes, style floral d\u00e9licat."},{"@type":"BreadcrumbList","@id":"https:\/\/chakshu.fr\/en\/produit\/ex-voto-opal-pendant-copie\/#breadcrumb","itemListElement":[{"@type":"ListItem","position":1,"name":"Accueil","item":"https:\/\/chakshu.fr\/en\/homepage\/"},{"@type":"ListItem","position":2,"name":"Online Store","item":"https:\/\/chakshu.fr\/en\/shop\/"},{"@type":"ListItem","position":3,"name":"Ex-Voto Opal earrings"}]},{"@type":"WebSite","@id":"https:\/\/chakshu.fr\/en\/#website","url":"https:\/\/chakshu.fr\/en\/","name":"Chakshu","description":"Bijoux ethniques modernes","potentialAction":[{"@type":"SearchAction","target":{"@type":"EntryPoint","urlTemplate":"https:\/\/chakshu.fr\/en\/?s={search_term_string}"},"query-input":{"@type":"PropertyValueSpecification","valueRequired":true,"valueName":"search_term_string"}}],"inLanguage":"en-US"}]}},"_links":{"self":[{"href":"https:\/\/chakshu.fr\/en\/wp-json\/wp\/v2\/product\/23393","targetHints":{"allow":["GET"]}}],"collection":[{"href":"https:\/\/chakshu.fr\/en\/wp-json\/wp\/v2\/product"}],"about":[{"href":"https:\/\/chakshu.fr\/en\/wp-json\/wp\/v2\/types\/product"}],"replies":[{"embeddable":true,"href":"https:\/\/chakshu.fr\/en\/wp-json\/wp\/v2\/comments?post=23393"}],"wp:featuredmedia":[{"embeddable":true,"href":"https:\/\/chakshu.fr\/en\/wp-json\/wp\/v2\/media\/23870"}],"wp:attachment":[{"href":"https:\/\/chakshu.fr\/en\/wp-json\/wp\/v2\/media?parent=23393"}],"wp:term":[{"taxonomy":"product_brand","embeddable":true,"href":"https:\/\/chakshu.fr\/en\/wp-json\/wp\/v2\/product_brand?post=23393"},{"taxonomy":"product_cat","embeddable":true,"href":"https:\/\/chakshu.fr\/en\/wp-json\/wp\/v2\/product_cat?post=23393"},{"taxonomy":"product_tag","embeddable":true,"href":"https:\/\/chakshu.fr\/en\/wp-json\/wp\/v2\/product_tag?post=23393"}],"curies":[{"name":"wp","href":"https:\/\/api.w.org\/{rel}","templated":true}]}}