{"id":23566,"date":"2025-02-04T22:32:31","date_gmt":"2025-02-04T21:32:31","guid":{"rendered":"https:\/\/chakshu.fr\/?post_type=product&#038;p=23566"},"modified":"2025-12-12T12:18:24","modified_gmt":"2025-12-12T11:18:24","slug":"chin-mudra-mala-opale-copie-2","status":"publish","type":"product","link":"https:\/\/chakshu.fr\/en\/produit\/chin-mudra-mala-opale-copie-2\/","title":{"rendered":"Chin Mudra Mala Opale"},"content":{"rendered":"","protected":false},"excerpt":{"rendered":"<p data-start=\"172\" data-end=\"223\"><strong data-start=\"172\" data-end=\"223\">The CHIN MUDRA collection symbolizes a return to basics.<\/strong><\/p>\n<p data-start=\"225\" data-end=\"557\">At the heart of this simple gesture &#8211; thumb and forefinger touching &#8211; lies a thousand-year-old wisdom. The <strong data-start=\"327\" data-end=\"341\">Chin Mudra<\/strong>, a gesture of awareness, seals the union between body, soul and universe. It symbolizes inner alignment, the sacred loop between the individual self and the universal Self. A mudra of anchoring, peace and presence.   <\/p>\n<p data-start=\"559\" data-end=\"883\">This mala, composed of <strong data-start=\"579\" data-end=\"593\">108<\/strong> <strong data-start=\"597\" data-end=\"606\">opal<\/strong> or <strong data-start=\"613\" data-end=\"628\">labradorite<\/strong> <strong data-start=\"579\" data-end=\"593\">beads<\/strong>, invites conscious repetition, meditation and the breath that always returns to the center. Each stone becomes a step on the path. And the <strong data-start=\"775\" data-end=\"800\">sculpted golden mudra<\/strong>, suspended like a silent reminder, guides us: here and now, it&#8217;s all there.  <\/p>\n<p data-start=\"885\" data-end=\"1150\">To wear this <strong data-start=\"904\" data-end=\"918\">Chin Mudra<\/strong> talisman is to choose to return to oneself. To the essential. It&#8217;s an inner compass, a sacred tool for those who want to cultivate presence, alignment and a conscious path &#8211; bead by bead, breath by breath.  <\/p>\n<p>Indian prayer mala with 108 opals, with a chin mudra hand sculpture in brass gilded with 24-carat fine gold. Approx. 80cm long, it falls to the level of the solar plexus. Hand: height 3.5 cm, width 2 cm, thickness 1.5 cm.  <\/p>\n<p>Each piece is handmade. There may be small scratches, or slight variations with the model, this is what makes this piece unique. \u2661<\/p>\n","protected":false},"featured_media":22284,"comment_status":"closed","ping_status":"closed","template":"","meta":{"_acf_changed":false,"om_disable_all_campaigns":false,"_monsterinsights_skip_tracking":false,"_monsterinsights_sitenote_active":false,"_monsterinsights_sitenote_note":"","_monsterinsights_sitenote_category":0,"_uf_show_specific_survey":0,"_uf_disable_surveys":false},"product_brand":[],"product_cat":[130,126,163,106,107],"product_tag":[],"class_list":{"0":"post-23566","1":"product","2":"type-product","3":"status-publish","4":"has-post-thumbnail","6":"product_cat-chin-mudra-en","7":"product_cat-mudra-en","8":"product_cat-my-great-talismans","9":"product_cat-necklaces","10":"product_cat-opale-en","12":"first","13":"instock","14":"shipping-taxable","15":"purchasable","16":"product-type-simple"},"acf":[],"yoast_head":"<!-- This site is optimized with the Yoast SEO plugin v27.4 - https:\/\/yoast.com\/product\/yoast-seo-wordpress\/ -->\n<title>Chin Mudra Mala Opale - Chakshu<\/title>\n<meta name=\"robots\" content=\"index, follow, max-snippet:-1, max-image-preview:large, max-video-preview:-1\" \/>\n<link rel=\"canonical\" href=\"https:\/\/chakshu.fr\/en\/produit\/chin-mudra-mala-opale-copie-2\/\" \/>\n<meta property=\"og:locale\" content=\"en_US\" \/>\n<meta property=\"og:type\" content=\"article\" \/>\n<meta property=\"og:title\" content=\"Chin Mudra Mala Opale - Chakshu\" \/>\n<meta property=\"og:description\" content=\"The CHIN MUDRA collection symbolizes a return to basics. At the heart of this simple gesture - thumb and forefinger touching - lies a thousand-year-old wisdom. The Chin Mudra, a gesture of awareness, seals the union between body, soul and universe. It symbolizes inner alignment, the sacred loop between the individual self and the universal Self. A mudra of anchoring, peace and presence.  This mala, composed of 108 opal or labradorite beads, invites conscious repetition, meditation and the breath that always returns to the center. Each stone becomes a step on the path. And the sculpted golden mudra, suspended like a silent reminder, guides us: here and now, it&#039;s all there.  To wear this Chin Mudra talisman is to choose to return to oneself. To the essential. It&#039;s an inner compass, a sacred tool for those who want to cultivate presence, alignment and a conscious path - bead by bead, breath by breath.  Indian prayer mala with 108 opals, with a chin mudra hand sculpture in brass gilded with 24-carat fine gold. Approx. 80cm long, it falls to the level of the solar plexus. Hand: height 3.5 cm, width 2 cm, thickness 1.5 cm.  Each piece is handmade. There may be small scratches, or slight variations with the model, this is what makes this piece unique. \u2661\" \/>\n<meta property=\"og:url\" content=\"https:\/\/chakshu.fr\/en\/produit\/chin-mudra-mala-opale-copie-2\/\" \/>\n<meta property=\"og:site_name\" content=\"Chakshu\" \/>\n<meta property=\"article:publisher\" content=\"https:\/\/www.facebook.com\/chakshucreations\/?locale=fr_FR\" \/>\n<meta property=\"article:modified_time\" content=\"2025-12-12T11:18:24+00:00\" \/>\n<meta property=\"og:image\" content=\"https:\/\/chakshu.fr\/wp-content\/uploads\/2024\/08\/Packshot-Mala-Chin-Mudra-Opale-scaled-e1726583694648.jpg\" \/>\n\t<meta property=\"og:image:width\" content=\"1706\" \/>\n\t<meta property=\"og:image:height\" content=\"1706\" \/>\n\t<meta property=\"og:image:type\" content=\"image\/jpeg\" \/>\n<meta name=\"twitter:card\" content=\"summary_large_image\" \/>\n<script type=\"application\/ld+json\" class=\"yoast-schema-graph\">{\"@context\":\"https:\\\/\\\/schema.org\",\"@graph\":[{\"@type\":\"WebPage\",\"@id\":\"https:\\\/\\\/chakshu.fr\\\/en\\\/produit\\\/chin-mudra-mala-opale-copie-2\\\/\",\"url\":\"https:\\\/\\\/chakshu.fr\\\/en\\\/produit\\\/chin-mudra-mala-opale-copie-2\\\/\",\"name\":\"Chin Mudra Mala Opale - Chakshu\",\"isPartOf\":{\"@id\":\"https:\\\/\\\/chakshu.fr\\\/en\\\/#website\"},\"primaryImageOfPage\":{\"@id\":\"https:\\\/\\\/chakshu.fr\\\/en\\\/produit\\\/chin-mudra-mala-opale-copie-2\\\/#primaryimage\"},\"image\":{\"@id\":\"https:\\\/\\\/chakshu.fr\\\/en\\\/produit\\\/chin-mudra-mala-opale-copie-2\\\/#primaryimage\"},\"thumbnailUrl\":\"https:\\\/\\\/chakshu.fr\\\/wp-content\\\/uploads\\\/2024\\\/08\\\/Packshot-Mala-Chin-Mudra-Opale-scaled-e1726583694648.jpg\",\"datePublished\":\"2025-02-04T21:32:31+00:00\",\"dateModified\":\"2025-12-12T11:18:24+00:00\",\"breadcrumb\":{\"@id\":\"https:\\\/\\\/chakshu.fr\\\/en\\\/produit\\\/chin-mudra-mala-opale-copie-2\\\/#breadcrumb\"},\"inLanguage\":\"en-US\",\"potentialAction\":[{\"@type\":\"ReadAction\",\"target\":[\"https:\\\/\\\/chakshu.fr\\\/en\\\/produit\\\/chin-mudra-mala-opale-copie-2\\\/\"]}]},{\"@type\":\"ImageObject\",\"inLanguage\":\"en-US\",\"@id\":\"https:\\\/\\\/chakshu.fr\\\/en\\\/produit\\\/chin-mudra-mala-opale-copie-2\\\/#primaryimage\",\"url\":\"https:\\\/\\\/chakshu.fr\\\/wp-content\\\/uploads\\\/2024\\\/08\\\/Packshot-Mala-Chin-Mudra-Opale-scaled-e1726583694648.jpg\",\"contentUrl\":\"https:\\\/\\\/chakshu.fr\\\/wp-content\\\/uploads\\\/2024\\\/08\\\/Packshot-Mala-Chin-Mudra-Opale-scaled-e1726583694648.jpg\",\"width\":1706,\"height\":1706,\"caption\":\"Pendentif Chin Mudra en or, main d\u00e9licate, orn\u00e9e de pierres opalescentes et perles color\u00e9es.\"},{\"@type\":\"BreadcrumbList\",\"@id\":\"https:\\\/\\\/chakshu.fr\\\/en\\\/produit\\\/chin-mudra-mala-opale-copie-2\\\/#breadcrumb\",\"itemListElement\":[{\"@type\":\"ListItem\",\"position\":1,\"name\":\"Accueil\",\"item\":\"https:\\\/\\\/chakshu.fr\\\/en\\\/homepage\\\/\"},{\"@type\":\"ListItem\",\"position\":2,\"name\":\"Online Store\",\"item\":\"https:\\\/\\\/chakshu.fr\\\/en\\\/shop\\\/\"},{\"@type\":\"ListItem\",\"position\":3,\"name\":\"Chin Mudra Mala Opale\"}]},{\"@type\":\"WebSite\",\"@id\":\"https:\\\/\\\/chakshu.fr\\\/en\\\/#website\",\"url\":\"https:\\\/\\\/chakshu.fr\\\/en\\\/\",\"name\":\"Chakshu\",\"description\":\"Bijoux ethniques modernes\",\"potentialAction\":[{\"@type\":\"SearchAction\",\"target\":{\"@type\":\"EntryPoint\",\"urlTemplate\":\"https:\\\/\\\/chakshu.fr\\\/en\\\/?s={search_term_string}\"},\"query-input\":{\"@type\":\"PropertyValueSpecification\",\"valueRequired\":true,\"valueName\":\"search_term_string\"}}],\"inLanguage\":\"en-US\"}]}<\/script>\n<!-- \/ Yoast SEO plugin. -->","yoast_head_json":{"title":"Chin Mudra Mala Opale - Chakshu","robots":{"index":"index","follow":"follow","max-snippet":"max-snippet:-1","max-image-preview":"max-image-preview:large","max-video-preview":"max-video-preview:-1"},"canonical":"https:\/\/chakshu.fr\/en\/produit\/chin-mudra-mala-opale-copie-2\/","og_locale":"en_US","og_type":"article","og_title":"Chin Mudra Mala Opale - Chakshu","og_description":"The CHIN MUDRA collection symbolizes a return to basics. At the heart of this simple gesture - thumb and forefinger touching - lies a thousand-year-old wisdom. The Chin Mudra, a gesture of awareness, seals the union between body, soul and universe. It symbolizes inner alignment, the sacred loop between the individual self and the universal Self. A mudra of anchoring, peace and presence.  This mala, composed of 108 opal or labradorite beads, invites conscious repetition, meditation and the breath that always returns to the center. Each stone becomes a step on the path. And the sculpted golden mudra, suspended like a silent reminder, guides us: here and now, it's all there.  To wear this Chin Mudra talisman is to choose to return to oneself. To the essential. It's an inner compass, a sacred tool for those who want to cultivate presence, alignment and a conscious path - bead by bead, breath by breath.  Indian prayer mala with 108 opals, with a chin mudra hand sculpture in brass gilded with 24-carat fine gold. Approx. 80cm long, it falls to the level of the solar plexus. Hand: height 3.5 cm, width 2 cm, thickness 1.5 cm.  Each piece is handmade. There may be small scratches, or slight variations with the model, this is what makes this piece unique. \u2661","og_url":"https:\/\/chakshu.fr\/en\/produit\/chin-mudra-mala-opale-copie-2\/","og_site_name":"Chakshu","article_publisher":"https:\/\/www.facebook.com\/chakshucreations\/?locale=fr_FR","article_modified_time":"2025-12-12T11:18:24+00:00","og_image":[{"width":1706,"height":1706,"url":"https:\/\/chakshu.fr\/wp-content\/uploads\/2024\/08\/Packshot-Mala-Chin-Mudra-Opale-scaled-e1726583694648.jpg","type":"image\/jpeg"}],"twitter_card":"summary_large_image","schema":{"@context":"https:\/\/schema.org","@graph":[{"@type":"WebPage","@id":"https:\/\/chakshu.fr\/en\/produit\/chin-mudra-mala-opale-copie-2\/","url":"https:\/\/chakshu.fr\/en\/produit\/chin-mudra-mala-opale-copie-2\/","name":"Chin Mudra Mala Opale - Chakshu","isPartOf":{"@id":"https:\/\/chakshu.fr\/en\/#website"},"primaryImageOfPage":{"@id":"https:\/\/chakshu.fr\/en\/produit\/chin-mudra-mala-opale-copie-2\/#primaryimage"},"image":{"@id":"https:\/\/chakshu.fr\/en\/produit\/chin-mudra-mala-opale-copie-2\/#primaryimage"},"thumbnailUrl":"https:\/\/chakshu.fr\/wp-content\/uploads\/2024\/08\/Packshot-Mala-Chin-Mudra-Opale-scaled-e1726583694648.jpg","datePublished":"2025-02-04T21:32:31+00:00","dateModified":"2025-12-12T11:18:24+00:00","breadcrumb":{"@id":"https:\/\/chakshu.fr\/en\/produit\/chin-mudra-mala-opale-copie-2\/#breadcrumb"},"inLanguage":"en-US","potentialAction":[{"@type":"ReadAction","target":["https:\/\/chakshu.fr\/en\/produit\/chin-mudra-mala-opale-copie-2\/"]}]},{"@type":"ImageObject","inLanguage":"en-US","@id":"https:\/\/chakshu.fr\/en\/produit\/chin-mudra-mala-opale-copie-2\/#primaryimage","url":"https:\/\/chakshu.fr\/wp-content\/uploads\/2024\/08\/Packshot-Mala-Chin-Mudra-Opale-scaled-e1726583694648.jpg","contentUrl":"https:\/\/chakshu.fr\/wp-content\/uploads\/2024\/08\/Packshot-Mala-Chin-Mudra-Opale-scaled-e1726583694648.jpg","width":1706,"height":1706,"caption":"Pendentif Chin Mudra en or, main d\u00e9licate, orn\u00e9e de pierres opalescentes et perles color\u00e9es."},{"@type":"BreadcrumbList","@id":"https:\/\/chakshu.fr\/en\/produit\/chin-mudra-mala-opale-copie-2\/#breadcrumb","itemListElement":[{"@type":"ListItem","position":1,"name":"Accueil","item":"https:\/\/chakshu.fr\/en\/homepage\/"},{"@type":"ListItem","position":2,"name":"Online Store","item":"https:\/\/chakshu.fr\/en\/shop\/"},{"@type":"ListItem","position":3,"name":"Chin Mudra Mala Opale"}]},{"@type":"WebSite","@id":"https:\/\/chakshu.fr\/en\/#website","url":"https:\/\/chakshu.fr\/en\/","name":"Chakshu","description":"Bijoux ethniques modernes","potentialAction":[{"@type":"SearchAction","target":{"@type":"EntryPoint","urlTemplate":"https:\/\/chakshu.fr\/en\/?s={search_term_string}"},"query-input":{"@type":"PropertyValueSpecification","valueRequired":true,"valueName":"search_term_string"}}],"inLanguage":"en-US"}]}},"_links":{"self":[{"href":"https:\/\/chakshu.fr\/en\/wp-json\/wp\/v2\/product\/23566","targetHints":{"allow":["GET"]}}],"collection":[{"href":"https:\/\/chakshu.fr\/en\/wp-json\/wp\/v2\/product"}],"about":[{"href":"https:\/\/chakshu.fr\/en\/wp-json\/wp\/v2\/types\/product"}],"replies":[{"embeddable":true,"href":"https:\/\/chakshu.fr\/en\/wp-json\/wp\/v2\/comments?post=23566"}],"wp:featuredmedia":[{"embeddable":true,"href":"https:\/\/chakshu.fr\/en\/wp-json\/wp\/v2\/media\/22284"}],"wp:attachment":[{"href":"https:\/\/chakshu.fr\/en\/wp-json\/wp\/v2\/media?parent=23566"}],"wp:term":[{"taxonomy":"product_brand","embeddable":true,"href":"https:\/\/chakshu.fr\/en\/wp-json\/wp\/v2\/product_brand?post=23566"},{"taxonomy":"product_cat","embeddable":true,"href":"https:\/\/chakshu.fr\/en\/wp-json\/wp\/v2\/product_cat?post=23566"},{"taxonomy":"product_tag","embeddable":true,"href":"https:\/\/chakshu.fr\/en\/wp-json\/wp\/v2\/product_tag?post=23566"}],"curies":[{"name":"wp","href":"https:\/\/api.w.org\/{rel}","templated":true}]}}