{"id":24775,"date":"2025-12-04T17:35:27","date_gmt":"2025-12-04T16:35:27","guid":{"rendered":"https:\/\/chakshu.fr\/?post_type=product&#038;p=24775"},"modified":"2025-12-04T20:21:38","modified_gmt":"2025-12-04T19:21:38","slug":"blue-green-scarab-pendant-copie-copie-copie-copie-copie","status":"publish","type":"product","link":"https:\/\/chakshu.fr\/en\/produit\/blue-green-scarab-pendant-copie-copie-copie-copie-copie\/","title":{"rendered":"Scarab\u00e9e Pendant Blue metallic mini"},"content":{"rendered":"","protected":false},"excerpt":{"rendered":"<p data-start=\"137\" data-end=\"186\"><strong data-start=\"137\" data-end=\"186\">Collection SCARAB\u00c9E &#8211; The amulet of renewal<\/strong><\/p>\n<p data-start=\"188\" data-end=\"501\">A thousand-year-old symbol from ancient Egypt, the <strong data-start=\"234\" data-end=\"246\">scarab<\/strong> is much more than a sacred insect: it&#8217;s the <strong data-start=\"290\" data-end=\"354\">guardian of the sun, protector of the heart and master of renewal<\/strong>. Every morning, it rolls the solar disk across the sky, like a craftsman of light, reminding us that every day is a possible rebirth. <\/p>\n<p data-start=\"503\" data-end=\"805\">In its quiet, tenacious strength, the beetle embodies <strong data-start=\"559\" data-end=\"602\">the ability to transform shadow into gold<\/strong>, chaos into movement. It speaks to us of resilience, inner alignment and <g id=\"gid_1\">creative power<\/g>. Traditionally, the beetle is also the <strong data-start=\"739\" data-end=\"777\">guardian of the soul&#8217;s passage<\/strong>, the companion of metamorphosis.  <\/p>\n<p data-start=\"807\" data-end=\"1024\">To wear this talisman is to <strong data-start=\"833\" data-end=\"876\">invoke the power of new beginnings<\/strong>, <strong data-start=\"878\" data-end=\"894\">the vital impulse<\/strong> that drives you forward with faith, even in the unseen. It&#8217;s also about <strong data-start=\"966\" data-end=\"998\">honoring your own light<\/strong>, even when it flickers. <\/p>\n<p data-start=\"1026\" data-end=\"1161\">A bead jewel is a <strong data-start=\"1054\" data-end=\"1071\">solar ally<\/strong>, reminding you with every heartbeat that <strong data-start=\"1122\" data-end=\"1160\">you are in sacred transformation<\/strong>.<\/p>\n<p>Recycled brass pendant with real beetle. Length 1.3 cm width 0.8 cm. Sold with 50cm or 70cm gold-plated chain (specify in order notes). This model is very rare and not often in stock.   <\/p>\n<p>Each piece is handmade. There may be small scratches, or slight variations with the model, this is what makes this piece unique. \u2661<\/p>\n","protected":false},"featured_media":24729,"comment_status":"closed","ping_status":"closed","template":"","meta":{"_acf_changed":false,"om_disable_all_campaigns":false,"_monsterinsights_skip_tracking":false,"_monsterinsights_sitenote_active":false,"_monsterinsights_sitenote_note":"","_monsterinsights_sitenote_category":0,"_uf_show_specific_survey":0,"_uf_disable_surveys":false},"product_brand":[],"product_cat":[134,135,162,106],"product_tag":[],"class_list":{"0":"post-24775","1":"product","2":"type-product","3":"status-publish","4":"has-post-thumbnail","6":"product_cat-beetle","7":"product_cat-beetle-en","8":"product_cat-my-totems","9":"product_cat-necklaces","11":"first","12":"instock","13":"shipping-taxable","14":"purchasable","15":"product-type-simple"},"acf":[],"yoast_head":"<!-- This site is optimized with the Yoast SEO plugin v27.4 - https:\/\/yoast.com\/product\/yoast-seo-wordpress\/ -->\n<title>Scarab\u00e9e Pendant Blue metallic mini - Chakshu<\/title>\n<meta name=\"description\" content=\"Blue-green scarab pendant in brass and genuine scarab beetle, symbol of rebirth and protection. A unique piece of jewelry imbued with positive energy.\" \/>\n<meta name=\"robots\" content=\"index, follow, max-snippet:-1, max-image-preview:large, max-video-preview:-1\" \/>\n<link rel=\"canonical\" href=\"https:\/\/chakshu.fr\/en\/produit\/blue-green-scarab-pendant-copie-copie-copie-copie-copie\/\" \/>\n<meta property=\"og:locale\" content=\"en_US\" \/>\n<meta property=\"og:type\" content=\"article\" \/>\n<meta property=\"og:title\" content=\"Scarab\u00e9e Pendant Blue metallic mini - Chakshu\" \/>\n<meta property=\"og:description\" content=\"Blue-green scarab pendant in brass and genuine scarab beetle, symbol of rebirth and protection. A unique piece of jewelry imbued with positive energy.\" \/>\n<meta property=\"og:url\" content=\"https:\/\/chakshu.fr\/en\/produit\/blue-green-scarab-pendant-copie-copie-copie-copie-copie\/\" \/>\n<meta property=\"og:site_name\" content=\"Chakshu\" \/>\n<meta property=\"article:publisher\" content=\"https:\/\/www.facebook.com\/chakshucreations\/?locale=fr_FR\" \/>\n<meta property=\"article:modified_time\" content=\"2025-12-04T19:21:38+00:00\" \/>\n<meta property=\"og:image\" content=\"https:\/\/chakshu.fr\/wp-content\/uploads\/2025\/12\/WhatsApp-Image-2025-12-04-at-17.09.48-3.jpeg\" \/>\n\t<meta property=\"og:image:width\" content=\"1600\" \/>\n\t<meta property=\"og:image:height\" content=\"1600\" \/>\n\t<meta property=\"og:image:type\" content=\"image\/jpeg\" \/>\n<meta name=\"twitter:card\" content=\"summary_large_image\" \/>\n<script type=\"application\/ld+json\" class=\"yoast-schema-graph\">{\"@context\":\"https:\\\/\\\/schema.org\",\"@graph\":[{\"@type\":\"WebPage\",\"@id\":\"https:\\\/\\\/chakshu.fr\\\/en\\\/produit\\\/blue-green-scarab-pendant-copie-copie-copie-copie-copie\\\/\",\"url\":\"https:\\\/\\\/chakshu.fr\\\/en\\\/produit\\\/blue-green-scarab-pendant-copie-copie-copie-copie-copie\\\/\",\"name\":\"Scarab\u00e9e Pendant Blue metallic mini - Chakshu\",\"isPartOf\":{\"@id\":\"https:\\\/\\\/chakshu.fr\\\/en\\\/#website\"},\"primaryImageOfPage\":{\"@id\":\"https:\\\/\\\/chakshu.fr\\\/en\\\/produit\\\/blue-green-scarab-pendant-copie-copie-copie-copie-copie\\\/#primaryimage\"},\"image\":{\"@id\":\"https:\\\/\\\/chakshu.fr\\\/en\\\/produit\\\/blue-green-scarab-pendant-copie-copie-copie-copie-copie\\\/#primaryimage\"},\"thumbnailUrl\":\"https:\\\/\\\/chakshu.fr\\\/wp-content\\\/uploads\\\/2025\\\/12\\\/WhatsApp-Image-2025-12-04-at-17.09.48-3.jpeg\",\"datePublished\":\"2025-12-04T16:35:27+00:00\",\"dateModified\":\"2025-12-04T19:21:38+00:00\",\"description\":\"Blue-green scarab pendant in brass and genuine scarab beetle, symbol of rebirth and protection. A unique piece of jewelry imbued with positive energy.\",\"breadcrumb\":{\"@id\":\"https:\\\/\\\/chakshu.fr\\\/en\\\/produit\\\/blue-green-scarab-pendant-copie-copie-copie-copie-copie\\\/#breadcrumb\"},\"inLanguage\":\"en-US\",\"potentialAction\":[{\"@type\":\"ReadAction\",\"target\":[\"https:\\\/\\\/chakshu.fr\\\/en\\\/produit\\\/blue-green-scarab-pendant-copie-copie-copie-copie-copie\\\/\"]}]},{\"@type\":\"ImageObject\",\"inLanguage\":\"en-US\",\"@id\":\"https:\\\/\\\/chakshu.fr\\\/en\\\/produit\\\/blue-green-scarab-pendant-copie-copie-copie-copie-copie\\\/#primaryimage\",\"url\":\"https:\\\/\\\/chakshu.fr\\\/wp-content\\\/uploads\\\/2025\\\/12\\\/WhatsApp-Image-2025-12-04-at-17.09.48-3.jpeg\",\"contentUrl\":\"https:\\\/\\\/chakshu.fr\\\/wp-content\\\/uploads\\\/2025\\\/12\\\/WhatsApp-Image-2025-12-04-at-17.09.48-3.jpeg\",\"width\":1600,\"height\":1600,\"caption\":\"Pendentif ovale en or, orn\u00e9 dune pierre verte iris\u00e9e, finition brillante et \u00e9l\u00e9gante.\"},{\"@type\":\"BreadcrumbList\",\"@id\":\"https:\\\/\\\/chakshu.fr\\\/en\\\/produit\\\/blue-green-scarab-pendant-copie-copie-copie-copie-copie\\\/#breadcrumb\",\"itemListElement\":[{\"@type\":\"ListItem\",\"position\":1,\"name\":\"Accueil\",\"item\":\"https:\\\/\\\/chakshu.fr\\\/en\\\/homepage\\\/\"},{\"@type\":\"ListItem\",\"position\":2,\"name\":\"Online Store\",\"item\":\"https:\\\/\\\/chakshu.fr\\\/en\\\/shop\\\/\"},{\"@type\":\"ListItem\",\"position\":3,\"name\":\"Scarab\u00e9e Pendant Blue metallic mini\"}]},{\"@type\":\"WebSite\",\"@id\":\"https:\\\/\\\/chakshu.fr\\\/en\\\/#website\",\"url\":\"https:\\\/\\\/chakshu.fr\\\/en\\\/\",\"name\":\"Chakshu\",\"description\":\"Bijoux ethniques modernes\",\"potentialAction\":[{\"@type\":\"SearchAction\",\"target\":{\"@type\":\"EntryPoint\",\"urlTemplate\":\"https:\\\/\\\/chakshu.fr\\\/en\\\/?s={search_term_string}\"},\"query-input\":{\"@type\":\"PropertyValueSpecification\",\"valueRequired\":true,\"valueName\":\"search_term_string\"}}],\"inLanguage\":\"en-US\"}]}<\/script>\n<!-- \/ Yoast SEO plugin. -->","yoast_head_json":{"title":"Scarab\u00e9e Pendant Blue metallic mini - Chakshu","description":"Blue-green scarab pendant in brass and genuine scarab beetle, symbol of rebirth and protection. A unique piece of jewelry imbued with positive energy.","robots":{"index":"index","follow":"follow","max-snippet":"max-snippet:-1","max-image-preview":"max-image-preview:large","max-video-preview":"max-video-preview:-1"},"canonical":"https:\/\/chakshu.fr\/en\/produit\/blue-green-scarab-pendant-copie-copie-copie-copie-copie\/","og_locale":"en_US","og_type":"article","og_title":"Scarab\u00e9e Pendant Blue metallic mini - Chakshu","og_description":"Blue-green scarab pendant in brass and genuine scarab beetle, symbol of rebirth and protection. A unique piece of jewelry imbued with positive energy.","og_url":"https:\/\/chakshu.fr\/en\/produit\/blue-green-scarab-pendant-copie-copie-copie-copie-copie\/","og_site_name":"Chakshu","article_publisher":"https:\/\/www.facebook.com\/chakshucreations\/?locale=fr_FR","article_modified_time":"2025-12-04T19:21:38+00:00","og_image":[{"width":1600,"height":1600,"url":"https:\/\/chakshu.fr\/wp-content\/uploads\/2025\/12\/WhatsApp-Image-2025-12-04-at-17.09.48-3.jpeg","type":"image\/jpeg"}],"twitter_card":"summary_large_image","schema":{"@context":"https:\/\/schema.org","@graph":[{"@type":"WebPage","@id":"https:\/\/chakshu.fr\/en\/produit\/blue-green-scarab-pendant-copie-copie-copie-copie-copie\/","url":"https:\/\/chakshu.fr\/en\/produit\/blue-green-scarab-pendant-copie-copie-copie-copie-copie\/","name":"Scarab\u00e9e Pendant Blue metallic mini - Chakshu","isPartOf":{"@id":"https:\/\/chakshu.fr\/en\/#website"},"primaryImageOfPage":{"@id":"https:\/\/chakshu.fr\/en\/produit\/blue-green-scarab-pendant-copie-copie-copie-copie-copie\/#primaryimage"},"image":{"@id":"https:\/\/chakshu.fr\/en\/produit\/blue-green-scarab-pendant-copie-copie-copie-copie-copie\/#primaryimage"},"thumbnailUrl":"https:\/\/chakshu.fr\/wp-content\/uploads\/2025\/12\/WhatsApp-Image-2025-12-04-at-17.09.48-3.jpeg","datePublished":"2025-12-04T16:35:27+00:00","dateModified":"2025-12-04T19:21:38+00:00","description":"Blue-green scarab pendant in brass and genuine scarab beetle, symbol of rebirth and protection. A unique piece of jewelry imbued with positive energy.","breadcrumb":{"@id":"https:\/\/chakshu.fr\/en\/produit\/blue-green-scarab-pendant-copie-copie-copie-copie-copie\/#breadcrumb"},"inLanguage":"en-US","potentialAction":[{"@type":"ReadAction","target":["https:\/\/chakshu.fr\/en\/produit\/blue-green-scarab-pendant-copie-copie-copie-copie-copie\/"]}]},{"@type":"ImageObject","inLanguage":"en-US","@id":"https:\/\/chakshu.fr\/en\/produit\/blue-green-scarab-pendant-copie-copie-copie-copie-copie\/#primaryimage","url":"https:\/\/chakshu.fr\/wp-content\/uploads\/2025\/12\/WhatsApp-Image-2025-12-04-at-17.09.48-3.jpeg","contentUrl":"https:\/\/chakshu.fr\/wp-content\/uploads\/2025\/12\/WhatsApp-Image-2025-12-04-at-17.09.48-3.jpeg","width":1600,"height":1600,"caption":"Pendentif ovale en or, orn\u00e9 dune pierre verte iris\u00e9e, finition brillante et \u00e9l\u00e9gante."},{"@type":"BreadcrumbList","@id":"https:\/\/chakshu.fr\/en\/produit\/blue-green-scarab-pendant-copie-copie-copie-copie-copie\/#breadcrumb","itemListElement":[{"@type":"ListItem","position":1,"name":"Accueil","item":"https:\/\/chakshu.fr\/en\/homepage\/"},{"@type":"ListItem","position":2,"name":"Online Store","item":"https:\/\/chakshu.fr\/en\/shop\/"},{"@type":"ListItem","position":3,"name":"Scarab\u00e9e Pendant Blue metallic mini"}]},{"@type":"WebSite","@id":"https:\/\/chakshu.fr\/en\/#website","url":"https:\/\/chakshu.fr\/en\/","name":"Chakshu","description":"Bijoux ethniques modernes","potentialAction":[{"@type":"SearchAction","target":{"@type":"EntryPoint","urlTemplate":"https:\/\/chakshu.fr\/en\/?s={search_term_string}"},"query-input":{"@type":"PropertyValueSpecification","valueRequired":true,"valueName":"search_term_string"}}],"inLanguage":"en-US"}]}},"_links":{"self":[{"href":"https:\/\/chakshu.fr\/en\/wp-json\/wp\/v2\/product\/24775","targetHints":{"allow":["GET"]}}],"collection":[{"href":"https:\/\/chakshu.fr\/en\/wp-json\/wp\/v2\/product"}],"about":[{"href":"https:\/\/chakshu.fr\/en\/wp-json\/wp\/v2\/types\/product"}],"replies":[{"embeddable":true,"href":"https:\/\/chakshu.fr\/en\/wp-json\/wp\/v2\/comments?post=24775"}],"wp:featuredmedia":[{"embeddable":true,"href":"https:\/\/chakshu.fr\/en\/wp-json\/wp\/v2\/media\/24729"}],"wp:attachment":[{"href":"https:\/\/chakshu.fr\/en\/wp-json\/wp\/v2\/media?parent=24775"}],"wp:term":[{"taxonomy":"product_brand","embeddable":true,"href":"https:\/\/chakshu.fr\/en\/wp-json\/wp\/v2\/product_brand?post=24775"},{"taxonomy":"product_cat","embeddable":true,"href":"https:\/\/chakshu.fr\/en\/wp-json\/wp\/v2\/product_cat?post=24775"},{"taxonomy":"product_tag","embeddable":true,"href":"https:\/\/chakshu.fr\/en\/wp-json\/wp\/v2\/product_tag?post=24775"}],"curies":[{"name":"wp","href":"https:\/\/api.w.org\/{rel}","templated":true}]}}