{"id":24811,"date":"2025-12-05T12:59:07","date_gmt":"2025-12-05T11:59:07","guid":{"rendered":"https:\/\/chakshu.fr\/?post_type=product&#038;p=24811"},"modified":"2025-12-05T13:54:30","modified_gmt":"2025-12-05T12:54:30","slug":"kundalini-snake-bracelet-copie","status":"publish","type":"product","link":"https:\/\/chakshu.fr\/en\/produit\/kundalini-snake-bracelet-copie\/","title":{"rendered":"Bracelet Serpent Kundalini plaqu\u00e9 or"},"content":{"rendered":"","protected":false},"excerpt":{"rendered":"<p data-start=\"176\" data-end=\"214\"><strong data-start=\"176\" data-end=\"214\">The SERPENT collection represents the sacred moult.<\/strong><\/p>\n<p data-start=\"216\" data-end=\"518\">Ancient, universal, hypnotic&#8230; The <strong data-start=\"250\" data-end=\"261\">snake<\/strong> is a <strong data-start=\"269\" data-end=\"339\">symbol of transformation, regeneration and intuitive wisdom<\/strong>. In many traditions &#8211; Amerindian, Hindu, Egyptian or Greek &#8211; it embodies <strong data-start=\"431\" data-end=\"441\">moulting<\/strong>, that precious moment when we let the old die in order to be reborn as ourselves. <\/p>\n<p data-start=\"520\" data-end=\"747\">Gliding between worlds, he links earth to sky, <strong data-start=\"574\" data-end=\"594\">body to soul<\/strong>, <strong data-start=\"596\" data-end=\"626\">instinct to consciousness<\/strong>. He teaches us the art of renewal, inner flexibility and the ability to listen to the signals of the living within us. <\/p>\n<p data-start=\"749\" data-end=\"1013\">This snake talisman invites you to <strong data-start=\"783\" data-end=\"821\">let go of what is no longer<\/strong> and embrace your naked truth. It watches over your passages, helps you honor your cycles, and reminds you that every transformation, however uncomfortable, is a promise of growth. <\/p>\n<p data-start=\"1015\" data-end=\"1095\">Carried against you, he murmurs: <em data-start=\"1047\" data-end=\"1095\">You&#8217;re constantly evolving. Dare your own moult. <\/em><\/p>\n<p data-start=\"1015\" data-end=\"1095\"><strong data-start=\"1299\" data-end=\"1340\">Exceptional jewelry-making expertise<\/strong><br data-start=\"1340\" data-end=\"1343\">Each articulated snake is entirely handcrafted, link by link.<br data-start=\"1423\" data-end=\"1426\">Each ring is shaped, adjusted, fixed with a metal rod and then invisibly welded, one by one, to provide the fluid, supple movement that is the jewel&#8217;s signature.<br data-start=\"1606\" data-end=\"1609\">This goldsmith&#8217;s work requires <strong data-start=\"1638\" data-end=\"1663\">dozens of hours<\/strong>, extreme precision and a level of craftsmanship usually found only in haute joaillerie.<br data-start=\"1764\" data-end=\"1767\">This is a rare, articulated piece of jewelry, made using traditional methods that have almost disappeared.<\/p>\n<p>Articulated bracelet in gold-plated brass and zirkons. Head width 1.2 cm, length 19 cm. <\/p>\n<p>Each piece is handmade. There may be slight variations with the model, which is what makes this piece unique. \u2661<\/p>\n","protected":false},"featured_media":24829,"comment_status":"open","ping_status":"closed","template":"","meta":{"_acf_changed":false,"om_disable_all_campaigns":false,"_monsterinsights_skip_tracking":false,"_monsterinsights_sitenote_active":false,"_monsterinsights_sitenote_note":"","_monsterinsights_sitenote_category":0,"_uf_show_specific_survey":0,"_uf_disable_surveys":false},"product_brand":[],"product_cat":[140,163,137],"product_tag":[],"class_list":{"0":"post-24811","1":"product","2":"type-product","3":"status-publish","4":"has-post-thumbnail","6":"product_cat-bracelets-en","7":"product_cat-my-great-talismans","8":"product_cat-snake","10":"first","11":"onbackorder","12":"shipping-taxable","13":"purchasable","14":"product-type-simple"},"acf":[],"yoast_head":"<!-- This site is optimized with the Yoast SEO plugin v27.4 - https:\/\/yoast.com\/product\/yoast-seo-wordpress\/ -->\n<title>Bracelet Serpent Kundalini plaqu\u00e9 or - Chakshu<\/title>\n<meta name=\"robots\" content=\"index, follow, max-snippet:-1, max-image-preview:large, max-video-preview:-1\" \/>\n<link rel=\"canonical\" href=\"https:\/\/chakshu.fr\/en\/produit\/kundalini-snake-bracelet-copie\/\" \/>\n<meta property=\"og:locale\" content=\"en_US\" \/>\n<meta property=\"og:type\" content=\"article\" \/>\n<meta property=\"og:title\" content=\"Bracelet Serpent Kundalini plaqu\u00e9 or - Chakshu\" \/>\n<meta property=\"og:description\" content=\"The SERPENT collection represents the sacred moult. Ancient, universal, hypnotic... The snake is a symbol of transformation, regeneration and intuitive wisdom. In many traditions - Amerindian, Hindu, Egyptian or Greek - it embodies moulting, that precious moment when we let the old die in order to be reborn as ourselves. Gliding between worlds, he links earth to sky, body to soul, instinct to consciousness. He teaches us the art of renewal, inner flexibility and the ability to listen to the signals of the living within us. This snake talisman invites you to let go of what is no longer and embrace your naked truth. It watches over your passages, helps you honor your cycles, and reminds you that every transformation, however uncomfortable, is a promise of growth. Carried against you, he murmurs: You&#039;re constantly evolving. Dare your own moult. Exceptional jewelry-making expertiseEach articulated snake is entirely handcrafted, link by link.Each ring is shaped, adjusted, fixed with a metal rod and then invisibly welded, one by one, to provide the fluid, supple movement that is the jewel&#039;s signature.This goldsmith&#039;s work requires dozens of hours, extreme precision and a level of craftsmanship usually found only in haute joaillerie.This is a rare, articulated piece of jewelry, made using traditional methods that have almost disappeared. Articulated bracelet in gold-plated brass and zirkons. Head width 1.2 cm, length 19 cm.  Each piece is handmade. There may be slight variations with the model, which is what makes this piece unique. \u2661\" \/>\n<meta property=\"og:url\" content=\"https:\/\/chakshu.fr\/en\/produit\/kundalini-snake-bracelet-copie\/\" \/>\n<meta property=\"og:site_name\" content=\"Chakshu\" \/>\n<meta property=\"article:publisher\" content=\"https:\/\/www.facebook.com\/chakshucreations\/?locale=fr_FR\" \/>\n<meta property=\"article:modified_time\" content=\"2025-12-05T12:54:30+00:00\" \/>\n<meta property=\"og:image\" content=\"https:\/\/chakshu.fr\/wp-content\/uploads\/2025\/12\/WhatsApp-Image-2025-12-05-at-12.20.47-2.jpeg\" \/>\n\t<meta property=\"og:image:width\" content=\"1600\" \/>\n\t<meta property=\"og:image:height\" content=\"1600\" \/>\n\t<meta property=\"og:image:type\" content=\"image\/jpeg\" \/>\n<meta name=\"twitter:card\" content=\"summary_large_image\" \/>\n<script type=\"application\/ld+json\" class=\"yoast-schema-graph\">{\"@context\":\"https:\\\/\\\/schema.org\",\"@graph\":[{\"@type\":\"WebPage\",\"@id\":\"https:\\\/\\\/chakshu.fr\\\/en\\\/produit\\\/kundalini-snake-bracelet-copie\\\/\",\"url\":\"https:\\\/\\\/chakshu.fr\\\/en\\\/produit\\\/kundalini-snake-bracelet-copie\\\/\",\"name\":\"Bracelet Serpent Kundalini plaqu\u00e9 or - Chakshu\",\"isPartOf\":{\"@id\":\"https:\\\/\\\/chakshu.fr\\\/en\\\/#website\"},\"primaryImageOfPage\":{\"@id\":\"https:\\\/\\\/chakshu.fr\\\/en\\\/produit\\\/kundalini-snake-bracelet-copie\\\/#primaryimage\"},\"image\":{\"@id\":\"https:\\\/\\\/chakshu.fr\\\/en\\\/produit\\\/kundalini-snake-bracelet-copie\\\/#primaryimage\"},\"thumbnailUrl\":\"https:\\\/\\\/chakshu.fr\\\/wp-content\\\/uploads\\\/2025\\\/12\\\/WhatsApp-Image-2025-12-05-at-12.20.47-2.jpeg\",\"datePublished\":\"2025-12-05T11:59:07+00:00\",\"dateModified\":\"2025-12-05T12:54:30+00:00\",\"breadcrumb\":{\"@id\":\"https:\\\/\\\/chakshu.fr\\\/en\\\/produit\\\/kundalini-snake-bracelet-copie\\\/#breadcrumb\"},\"inLanguage\":\"en-US\",\"potentialAction\":[{\"@type\":\"ReadAction\",\"target\":[\"https:\\\/\\\/chakshu.fr\\\/en\\\/produit\\\/kundalini-snake-bracelet-copie\\\/\"]}]},{\"@type\":\"ImageObject\",\"inLanguage\":\"en-US\",\"@id\":\"https:\\\/\\\/chakshu.fr\\\/en\\\/produit\\\/kundalini-snake-bracelet-copie\\\/#primaryimage\",\"url\":\"https:\\\/\\\/chakshu.fr\\\/wp-content\\\/uploads\\\/2025\\\/12\\\/WhatsApp-Image-2025-12-05-at-12.20.47-2.jpeg\",\"contentUrl\":\"https:\\\/\\\/chakshu.fr\\\/wp-content\\\/uploads\\\/2025\\\/12\\\/WhatsApp-Image-2025-12-05-at-12.20.47-2.jpeg\",\"width\":1600,\"height\":1600,\"caption\":\"Bracelet serpent dor\u00e9, orn\u00e9 de pierres scintillantes et dun design \u00e9l\u00e9gant et audacieux.\"},{\"@type\":\"BreadcrumbList\",\"@id\":\"https:\\\/\\\/chakshu.fr\\\/en\\\/produit\\\/kundalini-snake-bracelet-copie\\\/#breadcrumb\",\"itemListElement\":[{\"@type\":\"ListItem\",\"position\":1,\"name\":\"Accueil\",\"item\":\"https:\\\/\\\/chakshu.fr\\\/en\\\/homepage\\\/\"},{\"@type\":\"ListItem\",\"position\":2,\"name\":\"Online Store\",\"item\":\"https:\\\/\\\/chakshu.fr\\\/en\\\/shop\\\/\"},{\"@type\":\"ListItem\",\"position\":3,\"name\":\"Bracelet Serpent Kundalini plaqu\u00e9 or\"}]},{\"@type\":\"WebSite\",\"@id\":\"https:\\\/\\\/chakshu.fr\\\/en\\\/#website\",\"url\":\"https:\\\/\\\/chakshu.fr\\\/en\\\/\",\"name\":\"Chakshu\",\"description\":\"Bijoux ethniques modernes\",\"potentialAction\":[{\"@type\":\"SearchAction\",\"target\":{\"@type\":\"EntryPoint\",\"urlTemplate\":\"https:\\\/\\\/chakshu.fr\\\/en\\\/?s={search_term_string}\"},\"query-input\":{\"@type\":\"PropertyValueSpecification\",\"valueRequired\":true,\"valueName\":\"search_term_string\"}}],\"inLanguage\":\"en-US\"}]}<\/script>\n<!-- \/ Yoast SEO plugin. -->","yoast_head_json":{"title":"Bracelet Serpent Kundalini plaqu\u00e9 or - Chakshu","robots":{"index":"index","follow":"follow","max-snippet":"max-snippet:-1","max-image-preview":"max-image-preview:large","max-video-preview":"max-video-preview:-1"},"canonical":"https:\/\/chakshu.fr\/en\/produit\/kundalini-snake-bracelet-copie\/","og_locale":"en_US","og_type":"article","og_title":"Bracelet Serpent Kundalini plaqu\u00e9 or - Chakshu","og_description":"The SERPENT collection represents the sacred moult. Ancient, universal, hypnotic... The snake is a symbol of transformation, regeneration and intuitive wisdom. In many traditions - Amerindian, Hindu, Egyptian or Greek - it embodies moulting, that precious moment when we let the old die in order to be reborn as ourselves. Gliding between worlds, he links earth to sky, body to soul, instinct to consciousness. He teaches us the art of renewal, inner flexibility and the ability to listen to the signals of the living within us. This snake talisman invites you to let go of what is no longer and embrace your naked truth. It watches over your passages, helps you honor your cycles, and reminds you that every transformation, however uncomfortable, is a promise of growth. Carried against you, he murmurs: You're constantly evolving. Dare your own moult. Exceptional jewelry-making expertiseEach articulated snake is entirely handcrafted, link by link.Each ring is shaped, adjusted, fixed with a metal rod and then invisibly welded, one by one, to provide the fluid, supple movement that is the jewel's signature.This goldsmith's work requires dozens of hours, extreme precision and a level of craftsmanship usually found only in haute joaillerie.This is a rare, articulated piece of jewelry, made using traditional methods that have almost disappeared. Articulated bracelet in gold-plated brass and zirkons. Head width 1.2 cm, length 19 cm.  Each piece is handmade. There may be slight variations with the model, which is what makes this piece unique. \u2661","og_url":"https:\/\/chakshu.fr\/en\/produit\/kundalini-snake-bracelet-copie\/","og_site_name":"Chakshu","article_publisher":"https:\/\/www.facebook.com\/chakshucreations\/?locale=fr_FR","article_modified_time":"2025-12-05T12:54:30+00:00","og_image":[{"width":1600,"height":1600,"url":"https:\/\/chakshu.fr\/wp-content\/uploads\/2025\/12\/WhatsApp-Image-2025-12-05-at-12.20.47-2.jpeg","type":"image\/jpeg"}],"twitter_card":"summary_large_image","schema":{"@context":"https:\/\/schema.org","@graph":[{"@type":"WebPage","@id":"https:\/\/chakshu.fr\/en\/produit\/kundalini-snake-bracelet-copie\/","url":"https:\/\/chakshu.fr\/en\/produit\/kundalini-snake-bracelet-copie\/","name":"Bracelet Serpent Kundalini plaqu\u00e9 or - Chakshu","isPartOf":{"@id":"https:\/\/chakshu.fr\/en\/#website"},"primaryImageOfPage":{"@id":"https:\/\/chakshu.fr\/en\/produit\/kundalini-snake-bracelet-copie\/#primaryimage"},"image":{"@id":"https:\/\/chakshu.fr\/en\/produit\/kundalini-snake-bracelet-copie\/#primaryimage"},"thumbnailUrl":"https:\/\/chakshu.fr\/wp-content\/uploads\/2025\/12\/WhatsApp-Image-2025-12-05-at-12.20.47-2.jpeg","datePublished":"2025-12-05T11:59:07+00:00","dateModified":"2025-12-05T12:54:30+00:00","breadcrumb":{"@id":"https:\/\/chakshu.fr\/en\/produit\/kundalini-snake-bracelet-copie\/#breadcrumb"},"inLanguage":"en-US","potentialAction":[{"@type":"ReadAction","target":["https:\/\/chakshu.fr\/en\/produit\/kundalini-snake-bracelet-copie\/"]}]},{"@type":"ImageObject","inLanguage":"en-US","@id":"https:\/\/chakshu.fr\/en\/produit\/kundalini-snake-bracelet-copie\/#primaryimage","url":"https:\/\/chakshu.fr\/wp-content\/uploads\/2025\/12\/WhatsApp-Image-2025-12-05-at-12.20.47-2.jpeg","contentUrl":"https:\/\/chakshu.fr\/wp-content\/uploads\/2025\/12\/WhatsApp-Image-2025-12-05-at-12.20.47-2.jpeg","width":1600,"height":1600,"caption":"Bracelet serpent dor\u00e9, orn\u00e9 de pierres scintillantes et dun design \u00e9l\u00e9gant et audacieux."},{"@type":"BreadcrumbList","@id":"https:\/\/chakshu.fr\/en\/produit\/kundalini-snake-bracelet-copie\/#breadcrumb","itemListElement":[{"@type":"ListItem","position":1,"name":"Accueil","item":"https:\/\/chakshu.fr\/en\/homepage\/"},{"@type":"ListItem","position":2,"name":"Online Store","item":"https:\/\/chakshu.fr\/en\/shop\/"},{"@type":"ListItem","position":3,"name":"Bracelet Serpent Kundalini plaqu\u00e9 or"}]},{"@type":"WebSite","@id":"https:\/\/chakshu.fr\/en\/#website","url":"https:\/\/chakshu.fr\/en\/","name":"Chakshu","description":"Bijoux ethniques modernes","potentialAction":[{"@type":"SearchAction","target":{"@type":"EntryPoint","urlTemplate":"https:\/\/chakshu.fr\/en\/?s={search_term_string}"},"query-input":{"@type":"PropertyValueSpecification","valueRequired":true,"valueName":"search_term_string"}}],"inLanguage":"en-US"}]}},"_links":{"self":[{"href":"https:\/\/chakshu.fr\/en\/wp-json\/wp\/v2\/product\/24811","targetHints":{"allow":["GET"]}}],"collection":[{"href":"https:\/\/chakshu.fr\/en\/wp-json\/wp\/v2\/product"}],"about":[{"href":"https:\/\/chakshu.fr\/en\/wp-json\/wp\/v2\/types\/product"}],"replies":[{"embeddable":true,"href":"https:\/\/chakshu.fr\/en\/wp-json\/wp\/v2\/comments?post=24811"}],"wp:featuredmedia":[{"embeddable":true,"href":"https:\/\/chakshu.fr\/en\/wp-json\/wp\/v2\/media\/24829"}],"wp:attachment":[{"href":"https:\/\/chakshu.fr\/en\/wp-json\/wp\/v2\/media?parent=24811"}],"wp:term":[{"taxonomy":"product_brand","embeddable":true,"href":"https:\/\/chakshu.fr\/en\/wp-json\/wp\/v2\/product_brand?post=24811"},{"taxonomy":"product_cat","embeddable":true,"href":"https:\/\/chakshu.fr\/en\/wp-json\/wp\/v2\/product_cat?post=24811"},{"taxonomy":"product_tag","embeddable":true,"href":"https:\/\/chakshu.fr\/en\/wp-json\/wp\/v2\/product_tag?post=24811"}],"curies":[{"name":"wp","href":"https:\/\/api.w.org\/{rel}","templated":true}]}}