{"id":24843,"date":"2025-05-20T17:11:14","date_gmt":"2025-05-20T15:11:14","guid":{"rendered":"https:\/\/chakshu.fr\/produit\/inner-weather-turquoise-earrings\/"},"modified":"2025-05-20T17:11:14","modified_gmt":"2025-05-20T15:11:14","slug":"inner-weather-turquoise-earrings","status":"publish","type":"product","link":"https:\/\/chakshu.fr\/en\/produit\/inner-weather-turquoise-earrings\/","title":{"rendered":"Inner Weather Turquoise Earrings"},"content":{"rendered":"","protected":false},"excerpt":{"rendered":"<p>The M\u00e9t\u00e9o Int\u00e9rieure collection is an invitation to listen to your feelings, to welcome your emotions as you would observe the sky: without judgment. Are you feeling cloudy today? Gentle rain? Radiant sun? Or contemplative moon? Each pair of earrings in this collection is an amulet, a mirror of your heart&#8217;s weather.     <\/p>\n<p>The cloud evokes gentleness, reverie and perpetual change. Rain liberates, purifies and waters your hidden emotions to help them blossom. The sun gives you energy, clarity and inner vitality. And the moon, all roundness and mystery, connects you to your inner world, your intuitions, your cycles, your tides.<br data-start=\"865\" data-end=\"868\">These semi-precious stone jewels are here to accompany you on your emotional journey, to celebrate each state as a precious step on your path. Wearing an &#8220;Inner Weather&#8221; jewel is to connect with yourself with tenderness, to honor your highs, lows and in-betweens, and to make every day a ritual of self-presence.    <\/p>\n<p>Asymmetrical cloud &amp; sun\/moon earrings in 24-carat gold-plated brass with turquoise, yellow jade, labradorite and glass. Each piece is handmade and dimensions may vary slightly: width approx. 3 cm, height approx. 2 cm, thickness 0.5 cm. <\/p>\n<p>Each piece is handmade. There may be slight variations with the model, which is what makes this piece unique. \u2661<\/p>\n","protected":false},"featured_media":24574,"comment_status":"open","ping_status":"closed","template":"","meta":{"_acf_changed":false,"om_disable_all_campaigns":false,"_monsterinsights_skip_tracking":false,"_monsterinsights_sitenote_active":false,"_monsterinsights_sitenote_note":"","_monsterinsights_sitenote_category":0,"_uf_show_specific_survey":0,"_uf_disable_surveys":false},"product_brand":[],"product_cat":[117,166,133,163],"product_tag":[],"class_list":{"0":"post-24843","1":"product","2":"type-product","3":"status-publish","4":"has-post-thumbnail","6":"product_cat-earrings","7":"product_cat-indoor-weather","8":"product_cat-labradorite","9":"product_cat-my-great-talismans","11":"first","12":"onbackorder","13":"shipping-taxable","14":"purchasable","15":"product-type-simple"},"acf":[],"yoast_head":"<!-- This site is optimized with the Yoast SEO plugin v27.4 - https:\/\/yoast.com\/product\/yoast-seo-wordpress\/ -->\n<title>Inner Weather Turquoise Earrings - Chakshu<\/title>\n<meta name=\"robots\" content=\"index, follow, max-snippet:-1, max-image-preview:large, max-video-preview:-1\" \/>\n<link rel=\"canonical\" href=\"https:\/\/chakshu.fr\/en\/produit\/inner-weather-turquoise-earrings\/\" \/>\n<meta property=\"og:locale\" content=\"en_US\" \/>\n<meta property=\"og:type\" content=\"article\" \/>\n<meta property=\"og:title\" content=\"Inner Weather Turquoise Earrings - Chakshu\" \/>\n<meta property=\"og:description\" content=\"The M\u00e9t\u00e9o Int\u00e9rieure collection is an invitation to listen to your feelings, to welcome your emotions as you would observe the sky: without judgment. Are you feeling cloudy today? Gentle rain? Radiant sun? Or contemplative moon? Each pair of earrings in this collection is an amulet, a mirror of your heart&#039;s weather.    The cloud evokes gentleness, reverie and perpetual change. Rain liberates, purifies and waters your hidden emotions to help them blossom. The sun gives you energy, clarity and inner vitality. And the moon, all roundness and mystery, connects you to your inner world, your intuitions, your cycles, your tides.These semi-precious stone jewels are here to accompany you on your emotional journey, to celebrate each state as a precious step on your path. Wearing an &quot;Inner Weather&quot; jewel is to connect with yourself with tenderness, to honor your highs, lows and in-betweens, and to make every day a ritual of self-presence.   Asymmetrical cloud &amp; sun\/moon earrings in 24-carat gold-plated brass with turquoise, yellow jade, labradorite and glass. Each piece is handmade and dimensions may vary slightly: width approx. 3 cm, height approx. 2 cm, thickness 0.5 cm.  Each piece is handmade. There may be slight variations with the model, which is what makes this piece unique. \u2661\" \/>\n<meta property=\"og:url\" content=\"https:\/\/chakshu.fr\/en\/produit\/inner-weather-turquoise-earrings\/\" \/>\n<meta property=\"og:site_name\" content=\"Chakshu\" \/>\n<meta property=\"article:publisher\" content=\"https:\/\/www.facebook.com\/chakshucreations\/?locale=fr_FR\" \/>\n<meta property=\"og:image\" content=\"https:\/\/chakshu.fr\/wp-content\/uploads\/2025\/07\/14-1-1024x1024.png\" \/>\n\t<meta property=\"og:image:width\" content=\"1024\" \/>\n\t<meta property=\"og:image:height\" content=\"1024\" \/>\n\t<meta property=\"og:image:type\" content=\"image\/png\" \/>\n<meta name=\"twitter:card\" content=\"summary_large_image\" \/>\n<script type=\"application\/ld+json\" class=\"yoast-schema-graph\">{\"@context\":\"https:\\\/\\\/schema.org\",\"@graph\":[{\"@type\":\"WebPage\",\"@id\":\"https:\\\/\\\/chakshu.fr\\\/en\\\/produit\\\/inner-weather-turquoise-earrings\\\/\",\"url\":\"https:\\\/\\\/chakshu.fr\\\/en\\\/produit\\\/inner-weather-turquoise-earrings\\\/\",\"name\":\"Inner Weather Turquoise Earrings - Chakshu\",\"isPartOf\":{\"@id\":\"https:\\\/\\\/chakshu.fr\\\/en\\\/#website\"},\"primaryImageOfPage\":{\"@id\":\"https:\\\/\\\/chakshu.fr\\\/en\\\/produit\\\/inner-weather-turquoise-earrings\\\/#primaryimage\"},\"image\":{\"@id\":\"https:\\\/\\\/chakshu.fr\\\/en\\\/produit\\\/inner-weather-turquoise-earrings\\\/#primaryimage\"},\"thumbnailUrl\":\"https:\\\/\\\/chakshu.fr\\\/wp-content\\\/uploads\\\/2025\\\/07\\\/14-1.png\",\"datePublished\":\"2025-05-20T15:11:14+00:00\",\"breadcrumb\":{\"@id\":\"https:\\\/\\\/chakshu.fr\\\/en\\\/produit\\\/inner-weather-turquoise-earrings\\\/#breadcrumb\"},\"inLanguage\":\"en-US\",\"potentialAction\":[{\"@type\":\"ReadAction\",\"target\":[\"https:\\\/\\\/chakshu.fr\\\/en\\\/produit\\\/inner-weather-turquoise-earrings\\\/\"]}]},{\"@type\":\"ImageObject\",\"inLanguage\":\"en-US\",\"@id\":\"https:\\\/\\\/chakshu.fr\\\/en\\\/produit\\\/inner-weather-turquoise-earrings\\\/#primaryimage\",\"url\":\"https:\\\/\\\/chakshu.fr\\\/wp-content\\\/uploads\\\/2025\\\/07\\\/14-1.png\",\"contentUrl\":\"https:\\\/\\\/chakshu.fr\\\/wp-content\\\/uploads\\\/2025\\\/07\\\/14-1.png\",\"width\":1100,\"height\":1100,\"caption\":\"Boucles doreilles en or, turquoise \u00e9clatante et pierres multicolores suspendues, \u00e9l\u00e9gance boh\u00e8me.\"},{\"@type\":\"BreadcrumbList\",\"@id\":\"https:\\\/\\\/chakshu.fr\\\/en\\\/produit\\\/inner-weather-turquoise-earrings\\\/#breadcrumb\",\"itemListElement\":[{\"@type\":\"ListItem\",\"position\":1,\"name\":\"Accueil\",\"item\":\"https:\\\/\\\/chakshu.fr\\\/en\\\/homepage\\\/\"},{\"@type\":\"ListItem\",\"position\":2,\"name\":\"Online Store\",\"item\":\"https:\\\/\\\/chakshu.fr\\\/en\\\/shop\\\/\"},{\"@type\":\"ListItem\",\"position\":3,\"name\":\"Inner Weather Turquoise Earrings\"}]},{\"@type\":\"WebSite\",\"@id\":\"https:\\\/\\\/chakshu.fr\\\/en\\\/#website\",\"url\":\"https:\\\/\\\/chakshu.fr\\\/en\\\/\",\"name\":\"Chakshu\",\"description\":\"Bijoux ethniques modernes\",\"potentialAction\":[{\"@type\":\"SearchAction\",\"target\":{\"@type\":\"EntryPoint\",\"urlTemplate\":\"https:\\\/\\\/chakshu.fr\\\/en\\\/?s={search_term_string}\"},\"query-input\":{\"@type\":\"PropertyValueSpecification\",\"valueRequired\":true,\"valueName\":\"search_term_string\"}}],\"inLanguage\":\"en-US\"}]}<\/script>\n<!-- \/ Yoast SEO plugin. -->","yoast_head_json":{"title":"Inner Weather Turquoise Earrings - Chakshu","robots":{"index":"index","follow":"follow","max-snippet":"max-snippet:-1","max-image-preview":"max-image-preview:large","max-video-preview":"max-video-preview:-1"},"canonical":"https:\/\/chakshu.fr\/en\/produit\/inner-weather-turquoise-earrings\/","og_locale":"en_US","og_type":"article","og_title":"Inner Weather Turquoise Earrings - Chakshu","og_description":"The M\u00e9t\u00e9o Int\u00e9rieure collection is an invitation to listen to your feelings, to welcome your emotions as you would observe the sky: without judgment. Are you feeling cloudy today? Gentle rain? Radiant sun? Or contemplative moon? Each pair of earrings in this collection is an amulet, a mirror of your heart's weather.    The cloud evokes gentleness, reverie and perpetual change. Rain liberates, purifies and waters your hidden emotions to help them blossom. The sun gives you energy, clarity and inner vitality. And the moon, all roundness and mystery, connects you to your inner world, your intuitions, your cycles, your tides.These semi-precious stone jewels are here to accompany you on your emotional journey, to celebrate each state as a precious step on your path. Wearing an \"Inner Weather\" jewel is to connect with yourself with tenderness, to honor your highs, lows and in-betweens, and to make every day a ritual of self-presence.   Asymmetrical cloud &amp; sun\/moon earrings in 24-carat gold-plated brass with turquoise, yellow jade, labradorite and glass. Each piece is handmade and dimensions may vary slightly: width approx. 3 cm, height approx. 2 cm, thickness 0.5 cm.  Each piece is handmade. There may be slight variations with the model, which is what makes this piece unique. \u2661","og_url":"https:\/\/chakshu.fr\/en\/produit\/inner-weather-turquoise-earrings\/","og_site_name":"Chakshu","article_publisher":"https:\/\/www.facebook.com\/chakshucreations\/?locale=fr_FR","og_image":[{"width":1024,"height":1024,"url":"https:\/\/chakshu.fr\/wp-content\/uploads\/2025\/07\/14-1-1024x1024.png","type":"image\/png"}],"twitter_card":"summary_large_image","schema":{"@context":"https:\/\/schema.org","@graph":[{"@type":"WebPage","@id":"https:\/\/chakshu.fr\/en\/produit\/inner-weather-turquoise-earrings\/","url":"https:\/\/chakshu.fr\/en\/produit\/inner-weather-turquoise-earrings\/","name":"Inner Weather Turquoise Earrings - Chakshu","isPartOf":{"@id":"https:\/\/chakshu.fr\/en\/#website"},"primaryImageOfPage":{"@id":"https:\/\/chakshu.fr\/en\/produit\/inner-weather-turquoise-earrings\/#primaryimage"},"image":{"@id":"https:\/\/chakshu.fr\/en\/produit\/inner-weather-turquoise-earrings\/#primaryimage"},"thumbnailUrl":"https:\/\/chakshu.fr\/wp-content\/uploads\/2025\/07\/14-1.png","datePublished":"2025-05-20T15:11:14+00:00","breadcrumb":{"@id":"https:\/\/chakshu.fr\/en\/produit\/inner-weather-turquoise-earrings\/#breadcrumb"},"inLanguage":"en-US","potentialAction":[{"@type":"ReadAction","target":["https:\/\/chakshu.fr\/en\/produit\/inner-weather-turquoise-earrings\/"]}]},{"@type":"ImageObject","inLanguage":"en-US","@id":"https:\/\/chakshu.fr\/en\/produit\/inner-weather-turquoise-earrings\/#primaryimage","url":"https:\/\/chakshu.fr\/wp-content\/uploads\/2025\/07\/14-1.png","contentUrl":"https:\/\/chakshu.fr\/wp-content\/uploads\/2025\/07\/14-1.png","width":1100,"height":1100,"caption":"Boucles doreilles en or, turquoise \u00e9clatante et pierres multicolores suspendues, \u00e9l\u00e9gance boh\u00e8me."},{"@type":"BreadcrumbList","@id":"https:\/\/chakshu.fr\/en\/produit\/inner-weather-turquoise-earrings\/#breadcrumb","itemListElement":[{"@type":"ListItem","position":1,"name":"Accueil","item":"https:\/\/chakshu.fr\/en\/homepage\/"},{"@type":"ListItem","position":2,"name":"Online Store","item":"https:\/\/chakshu.fr\/en\/shop\/"},{"@type":"ListItem","position":3,"name":"Inner Weather Turquoise Earrings"}]},{"@type":"WebSite","@id":"https:\/\/chakshu.fr\/en\/#website","url":"https:\/\/chakshu.fr\/en\/","name":"Chakshu","description":"Bijoux ethniques modernes","potentialAction":[{"@type":"SearchAction","target":{"@type":"EntryPoint","urlTemplate":"https:\/\/chakshu.fr\/en\/?s={search_term_string}"},"query-input":{"@type":"PropertyValueSpecification","valueRequired":true,"valueName":"search_term_string"}}],"inLanguage":"en-US"}]}},"_links":{"self":[{"href":"https:\/\/chakshu.fr\/en\/wp-json\/wp\/v2\/product\/24843","targetHints":{"allow":["GET"]}}],"collection":[{"href":"https:\/\/chakshu.fr\/en\/wp-json\/wp\/v2\/product"}],"about":[{"href":"https:\/\/chakshu.fr\/en\/wp-json\/wp\/v2\/types\/product"}],"replies":[{"embeddable":true,"href":"https:\/\/chakshu.fr\/en\/wp-json\/wp\/v2\/comments?post=24843"}],"wp:featuredmedia":[{"embeddable":true,"href":"https:\/\/chakshu.fr\/en\/wp-json\/wp\/v2\/media\/24574"}],"wp:attachment":[{"href":"https:\/\/chakshu.fr\/en\/wp-json\/wp\/v2\/media?parent=24843"}],"wp:term":[{"taxonomy":"product_brand","embeddable":true,"href":"https:\/\/chakshu.fr\/en\/wp-json\/wp\/v2\/product_brand?post=24843"},{"taxonomy":"product_cat","embeddable":true,"href":"https:\/\/chakshu.fr\/en\/wp-json\/wp\/v2\/product_cat?post=24843"},{"taxonomy":"product_tag","embeddable":true,"href":"https:\/\/chakshu.fr\/en\/wp-json\/wp\/v2\/product_tag?post=24843"}],"curies":[{"name":"wp","href":"https:\/\/api.w.org\/{rel}","templated":true}]}}