{"id":24847,"date":"2025-05-20T16:49:10","date_gmt":"2025-05-20T14:49:10","guid":{"rendered":"https:\/\/chakshu.fr\/produit\/onyx-inner-weather-loops\/"},"modified":"2025-05-20T16:49:10","modified_gmt":"2025-05-20T14:49:10","slug":"onyx-inner-weather-loops","status":"publish","type":"product","link":"https:\/\/chakshu.fr\/en\/produit\/onyx-inner-weather-loops\/","title":{"rendered":"Onyx Inner Weather Loops"},"content":{"rendered":"","protected":false},"excerpt":{"rendered":"<p>The M\u00e9t\u00e9o Int\u00e9rieure collection is an invitation to listen to your feelings, to welcome your emotions as you would observe the sky: without judgment. Are you feeling cloudy today? Gentle rain? Radiant sun? Or contemplative moon? Each pair of earrings in this collection is an amulet, a mirror of your heart&#8217;s weather.     <\/p>\n<p>The cloud evokes gentleness, reverie and perpetual change. Rain liberates, purifies and waters your hidden emotions to help them blossom. The sun gives you energy, clarity and inner vitality. And the moon, all roundness and mystery, connects you to your inner world, your intuitions, your cycles, your tides.<br data-start=\"865\" data-end=\"868\">These semi-precious stone jewels are here to accompany you on your emotional journey, to celebrate each state as a precious step on your path. Wearing an &#8220;Inner Weather&#8221; jewel is to connect with yourself with tenderness, to honor your highs, lows and in-betweens, and to make every day a ritual of self-presence.    <\/p>\n<p>Asymmetrical sun\/moon cloud earrings in 24-carat gold-plated brass with onyx, labradorite, blue Tahitian pearls and opals. Each piece is handmade and dimensions may vary slightly: width approx. 3 cm, height approx. 2 cm, thickness 0.5 cm. <\/p>\n<p>Each piece is handmade. There may be slight variations with the model, which is what makes this piece unique. \u2661<\/p>\n","protected":false},"featured_media":24596,"comment_status":"open","ping_status":"closed","template":"","meta":{"_acf_changed":false,"om_disable_all_campaigns":false,"_monsterinsights_skip_tracking":false,"_monsterinsights_sitenote_active":false,"_monsterinsights_sitenote_note":"","_monsterinsights_sitenote_category":0,"_uf_show_specific_survey":0,"_uf_disable_surveys":false},"product_brand":[],"product_cat":[117,166,133,163,107],"product_tag":[],"class_list":{"0":"post-24847","1":"product","2":"type-product","3":"status-publish","4":"has-post-thumbnail","6":"product_cat-earrings","7":"product_cat-indoor-weather","8":"product_cat-labradorite","9":"product_cat-my-great-talismans","10":"product_cat-opale-en","12":"first","13":"instock","14":"shipping-taxable","15":"purchasable","16":"product-type-simple"},"acf":[],"yoast_head":"<!-- This site is optimized with the Yoast SEO plugin v27.4 - https:\/\/yoast.com\/product\/yoast-seo-wordpress\/ -->\n<title>Onyx Inner Weather Loops - Chakshu<\/title>\n<meta name=\"robots\" content=\"index, follow, max-snippet:-1, max-image-preview:large, max-video-preview:-1\" \/>\n<link rel=\"canonical\" href=\"https:\/\/chakshu.fr\/en\/produit\/onyx-inner-weather-loops\/\" \/>\n<meta property=\"og:locale\" content=\"en_US\" \/>\n<meta property=\"og:type\" content=\"article\" \/>\n<meta property=\"og:title\" content=\"Onyx Inner Weather Loops - Chakshu\" \/>\n<meta property=\"og:description\" content=\"The M\u00e9t\u00e9o Int\u00e9rieure collection is an invitation to listen to your feelings, to welcome your emotions as you would observe the sky: without judgment. Are you feeling cloudy today? Gentle rain? Radiant sun? Or contemplative moon? Each pair of earrings in this collection is an amulet, a mirror of your heart&#039;s weather.    The cloud evokes gentleness, reverie and perpetual change. Rain liberates, purifies and waters your hidden emotions to help them blossom. The sun gives you energy, clarity and inner vitality. And the moon, all roundness and mystery, connects you to your inner world, your intuitions, your cycles, your tides.These semi-precious stone jewels are here to accompany you on your emotional journey, to celebrate each state as a precious step on your path. Wearing an &quot;Inner Weather&quot; jewel is to connect with yourself with tenderness, to honor your highs, lows and in-betweens, and to make every day a ritual of self-presence.   Asymmetrical sun\/moon cloud earrings in 24-carat gold-plated brass with onyx, labradorite, blue Tahitian pearls and opals. Each piece is handmade and dimensions may vary slightly: width approx. 3 cm, height approx. 2 cm, thickness 0.5 cm.  Each piece is handmade. There may be slight variations with the model, which is what makes this piece unique. \u2661\" \/>\n<meta property=\"og:url\" content=\"https:\/\/chakshu.fr\/en\/produit\/onyx-inner-weather-loops\/\" \/>\n<meta property=\"og:site_name\" content=\"Chakshu\" \/>\n<meta property=\"article:publisher\" content=\"https:\/\/www.facebook.com\/chakshucreations\/?locale=fr_FR\" \/>\n<meta property=\"og:image\" content=\"https:\/\/chakshu.fr\/wp-content\/uploads\/2025\/07\/10-2-768x768.png\" \/>\n\t<meta property=\"og:image:width\" content=\"768\" \/>\n\t<meta property=\"og:image:height\" content=\"768\" \/>\n\t<meta property=\"og:image:type\" content=\"image\/png\" \/>\n<meta name=\"twitter:card\" content=\"summary_large_image\" \/>\n<script type=\"application\/ld+json\" class=\"yoast-schema-graph\">{\"@context\":\"https:\\\/\\\/schema.org\",\"@graph\":[{\"@type\":\"WebPage\",\"@id\":\"https:\\\/\\\/chakshu.fr\\\/en\\\/produit\\\/onyx-inner-weather-loops\\\/\",\"url\":\"https:\\\/\\\/chakshu.fr\\\/en\\\/produit\\\/onyx-inner-weather-loops\\\/\",\"name\":\"Onyx Inner Weather Loops - Chakshu\",\"isPartOf\":{\"@id\":\"https:\\\/\\\/chakshu.fr\\\/en\\\/#website\"},\"primaryImageOfPage\":{\"@id\":\"https:\\\/\\\/chakshu.fr\\\/en\\\/produit\\\/onyx-inner-weather-loops\\\/#primaryimage\"},\"image\":{\"@id\":\"https:\\\/\\\/chakshu.fr\\\/en\\\/produit\\\/onyx-inner-weather-loops\\\/#primaryimage\"},\"thumbnailUrl\":\"https:\\\/\\\/chakshu.fr\\\/wp-content\\\/uploads\\\/2025\\\/07\\\/10-2.png\",\"datePublished\":\"2025-05-20T14:49:10+00:00\",\"breadcrumb\":{\"@id\":\"https:\\\/\\\/chakshu.fr\\\/en\\\/produit\\\/onyx-inner-weather-loops\\\/#breadcrumb\"},\"inLanguage\":\"en-US\",\"potentialAction\":[{\"@type\":\"ReadAction\",\"target\":[\"https:\\\/\\\/chakshu.fr\\\/en\\\/produit\\\/onyx-inner-weather-loops\\\/\"]}]},{\"@type\":\"ImageObject\",\"inLanguage\":\"en-US\",\"@id\":\"https:\\\/\\\/chakshu.fr\\\/en\\\/produit\\\/onyx-inner-weather-loops\\\/#primaryimage\",\"url\":\"https:\\\/\\\/chakshu.fr\\\/wp-content\\\/uploads\\\/2025\\\/07\\\/10-2.png\",\"contentUrl\":\"https:\\\/\\\/chakshu.fr\\\/wp-content\\\/uploads\\\/2025\\\/07\\\/10-2.png\",\"width\":1100,\"height\":1100,\"caption\":\"Boucles doreilles asym\u00e9triques en or, nuage noir, pierres pr\u00e9cieuses color\u00e9es et finition d\u00e9licate.\"},{\"@type\":\"BreadcrumbList\",\"@id\":\"https:\\\/\\\/chakshu.fr\\\/en\\\/produit\\\/onyx-inner-weather-loops\\\/#breadcrumb\",\"itemListElement\":[{\"@type\":\"ListItem\",\"position\":1,\"name\":\"Accueil\",\"item\":\"https:\\\/\\\/chakshu.fr\\\/en\\\/homepage\\\/\"},{\"@type\":\"ListItem\",\"position\":2,\"name\":\"Online Store\",\"item\":\"https:\\\/\\\/chakshu.fr\\\/en\\\/shop\\\/\"},{\"@type\":\"ListItem\",\"position\":3,\"name\":\"Onyx Inner Weather Loops\"}]},{\"@type\":\"WebSite\",\"@id\":\"https:\\\/\\\/chakshu.fr\\\/en\\\/#website\",\"url\":\"https:\\\/\\\/chakshu.fr\\\/en\\\/\",\"name\":\"Chakshu\",\"description\":\"Bijoux ethniques modernes\",\"potentialAction\":[{\"@type\":\"SearchAction\",\"target\":{\"@type\":\"EntryPoint\",\"urlTemplate\":\"https:\\\/\\\/chakshu.fr\\\/en\\\/?s={search_term_string}\"},\"query-input\":{\"@type\":\"PropertyValueSpecification\",\"valueRequired\":true,\"valueName\":\"search_term_string\"}}],\"inLanguage\":\"en-US\"}]}<\/script>\n<!-- \/ Yoast SEO plugin. -->","yoast_head_json":{"title":"Onyx Inner Weather Loops - Chakshu","robots":{"index":"index","follow":"follow","max-snippet":"max-snippet:-1","max-image-preview":"max-image-preview:large","max-video-preview":"max-video-preview:-1"},"canonical":"https:\/\/chakshu.fr\/en\/produit\/onyx-inner-weather-loops\/","og_locale":"en_US","og_type":"article","og_title":"Onyx Inner Weather Loops - Chakshu","og_description":"The M\u00e9t\u00e9o Int\u00e9rieure collection is an invitation to listen to your feelings, to welcome your emotions as you would observe the sky: without judgment. Are you feeling cloudy today? Gentle rain? Radiant sun? Or contemplative moon? Each pair of earrings in this collection is an amulet, a mirror of your heart's weather.    The cloud evokes gentleness, reverie and perpetual change. Rain liberates, purifies and waters your hidden emotions to help them blossom. The sun gives you energy, clarity and inner vitality. And the moon, all roundness and mystery, connects you to your inner world, your intuitions, your cycles, your tides.These semi-precious stone jewels are here to accompany you on your emotional journey, to celebrate each state as a precious step on your path. Wearing an \"Inner Weather\" jewel is to connect with yourself with tenderness, to honor your highs, lows and in-betweens, and to make every day a ritual of self-presence.   Asymmetrical sun\/moon cloud earrings in 24-carat gold-plated brass with onyx, labradorite, blue Tahitian pearls and opals. Each piece is handmade and dimensions may vary slightly: width approx. 3 cm, height approx. 2 cm, thickness 0.5 cm.  Each piece is handmade. There may be slight variations with the model, which is what makes this piece unique. \u2661","og_url":"https:\/\/chakshu.fr\/en\/produit\/onyx-inner-weather-loops\/","og_site_name":"Chakshu","article_publisher":"https:\/\/www.facebook.com\/chakshucreations\/?locale=fr_FR","og_image":[{"width":768,"height":768,"url":"https:\/\/chakshu.fr\/wp-content\/uploads\/2025\/07\/10-2-768x768.png","type":"image\/png"}],"twitter_card":"summary_large_image","schema":{"@context":"https:\/\/schema.org","@graph":[{"@type":"WebPage","@id":"https:\/\/chakshu.fr\/en\/produit\/onyx-inner-weather-loops\/","url":"https:\/\/chakshu.fr\/en\/produit\/onyx-inner-weather-loops\/","name":"Onyx Inner Weather Loops - Chakshu","isPartOf":{"@id":"https:\/\/chakshu.fr\/en\/#website"},"primaryImageOfPage":{"@id":"https:\/\/chakshu.fr\/en\/produit\/onyx-inner-weather-loops\/#primaryimage"},"image":{"@id":"https:\/\/chakshu.fr\/en\/produit\/onyx-inner-weather-loops\/#primaryimage"},"thumbnailUrl":"https:\/\/chakshu.fr\/wp-content\/uploads\/2025\/07\/10-2.png","datePublished":"2025-05-20T14:49:10+00:00","breadcrumb":{"@id":"https:\/\/chakshu.fr\/en\/produit\/onyx-inner-weather-loops\/#breadcrumb"},"inLanguage":"en-US","potentialAction":[{"@type":"ReadAction","target":["https:\/\/chakshu.fr\/en\/produit\/onyx-inner-weather-loops\/"]}]},{"@type":"ImageObject","inLanguage":"en-US","@id":"https:\/\/chakshu.fr\/en\/produit\/onyx-inner-weather-loops\/#primaryimage","url":"https:\/\/chakshu.fr\/wp-content\/uploads\/2025\/07\/10-2.png","contentUrl":"https:\/\/chakshu.fr\/wp-content\/uploads\/2025\/07\/10-2.png","width":1100,"height":1100,"caption":"Boucles doreilles asym\u00e9triques en or, nuage noir, pierres pr\u00e9cieuses color\u00e9es et finition d\u00e9licate."},{"@type":"BreadcrumbList","@id":"https:\/\/chakshu.fr\/en\/produit\/onyx-inner-weather-loops\/#breadcrumb","itemListElement":[{"@type":"ListItem","position":1,"name":"Accueil","item":"https:\/\/chakshu.fr\/en\/homepage\/"},{"@type":"ListItem","position":2,"name":"Online Store","item":"https:\/\/chakshu.fr\/en\/shop\/"},{"@type":"ListItem","position":3,"name":"Onyx Inner Weather Loops"}]},{"@type":"WebSite","@id":"https:\/\/chakshu.fr\/en\/#website","url":"https:\/\/chakshu.fr\/en\/","name":"Chakshu","description":"Bijoux ethniques modernes","potentialAction":[{"@type":"SearchAction","target":{"@type":"EntryPoint","urlTemplate":"https:\/\/chakshu.fr\/en\/?s={search_term_string}"},"query-input":{"@type":"PropertyValueSpecification","valueRequired":true,"valueName":"search_term_string"}}],"inLanguage":"en-US"}]}},"_links":{"self":[{"href":"https:\/\/chakshu.fr\/en\/wp-json\/wp\/v2\/product\/24847","targetHints":{"allow":["GET"]}}],"collection":[{"href":"https:\/\/chakshu.fr\/en\/wp-json\/wp\/v2\/product"}],"about":[{"href":"https:\/\/chakshu.fr\/en\/wp-json\/wp\/v2\/types\/product"}],"replies":[{"embeddable":true,"href":"https:\/\/chakshu.fr\/en\/wp-json\/wp\/v2\/comments?post=24847"}],"wp:featuredmedia":[{"embeddable":true,"href":"https:\/\/chakshu.fr\/en\/wp-json\/wp\/v2\/media\/24596"}],"wp:attachment":[{"href":"https:\/\/chakshu.fr\/en\/wp-json\/wp\/v2\/media?parent=24847"}],"wp:term":[{"taxonomy":"product_brand","embeddable":true,"href":"https:\/\/chakshu.fr\/en\/wp-json\/wp\/v2\/product_brand?post=24847"},{"taxonomy":"product_cat","embeddable":true,"href":"https:\/\/chakshu.fr\/en\/wp-json\/wp\/v2\/product_cat?post=24847"},{"taxonomy":"product_tag","embeddable":true,"href":"https:\/\/chakshu.fr\/en\/wp-json\/wp\/v2\/product_tag?post=24847"}],"curies":[{"name":"wp","href":"https:\/\/api.w.org\/{rel}","templated":true}]}}