{"id":24854,"date":"2025-05-20T18:26:58","date_gmt":"2025-05-20T16:26:58","guid":{"rendered":"https:\/\/chakshu.fr\/produit\/dodecahedron-vial-necklace\/"},"modified":"2025-05-20T18:26:58","modified_gmt":"2025-05-20T16:26:58","slug":"dodecahedron-vial-necklace","status":"publish","type":"product","link":"https:\/\/chakshu.fr\/en\/produit\/dodecahedron-vial-necklace\/","title":{"rendered":"Dodecahedron vial necklace"},"content":{"rendered":"","protected":false},"excerpt":{"rendered":"<p data-start=\"178\" data-end=\"452\">The Dodecahedron collection represents the sacred geometry of the soul. A mysterious figure among Plato&#8217;s solids, the dodecahedron embodies cosmic harmony. Composed of 12 pentagonal faces, it&#8217;s linked to the ether, that subtle element that we can&#8217;t see but which connects everything. It symbolizes the universe, the invisible, the very essence of consciousness.   <\/p>\n<p data-start=\"454\" data-end=\"860\">To wear a dodecahedron is to connect with the sacred geometry of life. It activates an inner compass that helps align thoughts, emotions and actions in a clearer, higher vibration. This talisman invites us to step back and perceive situations with perspective, intuition and clarity. It reconnects us with that which is beyond us, while powerfully anchoring our own presence in the world.   <\/p>\n<p data-start=\"862\" data-end=\"1235\">And that&#8217;s not all: this dodecahedron is also a <strong data-start=\"913\" data-end=\"930\">secret vial<\/strong>, a precious case in which to slip a drop of perfume, a grain of salt, an intention, a love elixir or a wish whispered to the universe. A jewel for those who walk with the invisible at their side, who feel the need for order in chaos, beauty in balance, and meaning in their path. <\/p>\n<p data-start=\"1237\" data-end=\"1355\">A talisman to remind us that, even in the blur, there is a secret architecture at the service of our expansion.<\/p>\n<p>Pendant in 24-carat gold-plated brass and rose quartz cut in the shape of a dodecahedron. Each stone is hand-cut and dimensions may vary slightly: width 2.2 cm, height 3 cm. <\/p>\n<p>Each piece is handmade. There may be slight variations with the model, which is what makes this piece unique. \u2661<\/p>\n","protected":false},"featured_media":23819,"comment_status":"open","ping_status":"closed","template":"","meta":{"_acf_changed":false,"om_disable_all_campaigns":false,"_monsterinsights_skip_tracking":false,"_monsterinsights_sitenote_active":false,"_monsterinsights_sitenote_note":"","_monsterinsights_sitenote_category":0,"_uf_show_specific_survey":0,"_uf_disable_surveys":false},"product_brand":[],"product_cat":[170,167,106],"product_tag":[],"class_list":{"0":"post-24854","1":"product","2":"type-product","3":"status-publish","4":"has-post-thumbnail","6":"product_cat-dodecahedron","7":"product_cat-my-little-magics","8":"product_cat-necklaces","10":"first","11":"instock","12":"shipping-taxable","13":"purchasable","14":"product-type-simple"},"acf":[],"yoast_head":"<!-- This site is optimized with the Yoast SEO plugin v27.4 - https:\/\/yoast.com\/product\/yoast-seo-wordpress\/ -->\n<title>Dodecahedron vial necklace - Chakshu<\/title>\n<meta name=\"robots\" content=\"index, follow, max-snippet:-1, max-image-preview:large, max-video-preview:-1\" \/>\n<link rel=\"canonical\" href=\"https:\/\/chakshu.fr\/en\/produit\/dodecahedron-vial-necklace\/\" \/>\n<meta property=\"og:locale\" content=\"en_US\" \/>\n<meta property=\"og:type\" content=\"article\" \/>\n<meta property=\"og:title\" content=\"Dodecahedron vial necklace - Chakshu\" \/>\n<meta property=\"og:description\" content=\"The Dodecahedron collection represents the sacred geometry of the soul. A mysterious figure among Plato&#039;s solids, the dodecahedron embodies cosmic harmony. Composed of 12 pentagonal faces, it&#039;s linked to the ether, that subtle element that we can&#039;t see but which connects everything. It symbolizes the universe, the invisible, the very essence of consciousness.  To wear a dodecahedron is to connect with the sacred geometry of life. It activates an inner compass that helps align thoughts, emotions and actions in a clearer, higher vibration. This talisman invites us to step back and perceive situations with perspective, intuition and clarity. It reconnects us with that which is beyond us, while powerfully anchoring our own presence in the world.  And that&#039;s not all: this dodecahedron is also a secret vial, a precious case in which to slip a drop of perfume, a grain of salt, an intention, a love elixir or a wish whispered to the universe. A jewel for those who walk with the invisible at their side, who feel the need for order in chaos, beauty in balance, and meaning in their path. A talisman to remind us that, even in the blur, there is a secret architecture at the service of our expansion. Pendant in 24-carat gold-plated brass and rose quartz cut in the shape of a dodecahedron. Each stone is hand-cut and dimensions may vary slightly: width 2.2 cm, height 3 cm.  Each piece is handmade. There may be slight variations with the model, which is what makes this piece unique. \u2661\" \/>\n<meta property=\"og:url\" content=\"https:\/\/chakshu.fr\/en\/produit\/dodecahedron-vial-necklace\/\" \/>\n<meta property=\"og:site_name\" content=\"Chakshu\" \/>\n<meta property=\"article:publisher\" content=\"https:\/\/www.facebook.com\/chakshucreations\/?locale=fr_FR\" \/>\n<meta property=\"og:image\" content=\"https:\/\/chakshu.fr\/wp-content\/uploads\/2025\/05\/27-1024x1024.png\" \/>\n\t<meta property=\"og:image:width\" content=\"1024\" \/>\n\t<meta property=\"og:image:height\" content=\"1024\" \/>\n\t<meta property=\"og:image:type\" content=\"image\/png\" \/>\n<meta name=\"twitter:card\" content=\"summary_large_image\" \/>\n<script type=\"application\/ld+json\" class=\"yoast-schema-graph\">{\"@context\":\"https:\\\/\\\/schema.org\",\"@graph\":[{\"@type\":\"WebPage\",\"@id\":\"https:\\\/\\\/chakshu.fr\\\/en\\\/produit\\\/dodecahedron-vial-necklace\\\/\",\"url\":\"https:\\\/\\\/chakshu.fr\\\/en\\\/produit\\\/dodecahedron-vial-necklace\\\/\",\"name\":\"Dodecahedron vial necklace - Chakshu\",\"isPartOf\":{\"@id\":\"https:\\\/\\\/chakshu.fr\\\/en\\\/#website\"},\"primaryImageOfPage\":{\"@id\":\"https:\\\/\\\/chakshu.fr\\\/en\\\/produit\\\/dodecahedron-vial-necklace\\\/#primaryimage\"},\"image\":{\"@id\":\"https:\\\/\\\/chakshu.fr\\\/en\\\/produit\\\/dodecahedron-vial-necklace\\\/#primaryimage\"},\"thumbnailUrl\":\"https:\\\/\\\/chakshu.fr\\\/wp-content\\\/uploads\\\/2025\\\/05\\\/27.png\",\"datePublished\":\"2025-05-20T16:26:58+00:00\",\"breadcrumb\":{\"@id\":\"https:\\\/\\\/chakshu.fr\\\/en\\\/produit\\\/dodecahedron-vial-necklace\\\/#breadcrumb\"},\"inLanguage\":\"en-US\",\"potentialAction\":[{\"@type\":\"ReadAction\",\"target\":[\"https:\\\/\\\/chakshu.fr\\\/en\\\/produit\\\/dodecahedron-vial-necklace\\\/\"]}]},{\"@type\":\"ImageObject\",\"inLanguage\":\"en-US\",\"@id\":\"https:\\\/\\\/chakshu.fr\\\/en\\\/produit\\\/dodecahedron-vial-necklace\\\/#primaryimage\",\"url\":\"https:\\\/\\\/chakshu.fr\\\/wp-content\\\/uploads\\\/2025\\\/05\\\/27.png\",\"contentUrl\":\"https:\\\/\\\/chakshu.fr\\\/wp-content\\\/uploads\\\/2025\\\/05\\\/27.png\",\"width\":1100,\"height\":1100,\"caption\":\"Collier d\u00e9licat avec pendentif en quartz rose facett\u00e9, mont\u00e9 sur cha\u00eene dor\u00e9e. \u00c9l\u00e9gance florale.\"},{\"@type\":\"BreadcrumbList\",\"@id\":\"https:\\\/\\\/chakshu.fr\\\/en\\\/produit\\\/dodecahedron-vial-necklace\\\/#breadcrumb\",\"itemListElement\":[{\"@type\":\"ListItem\",\"position\":1,\"name\":\"Accueil\",\"item\":\"https:\\\/\\\/chakshu.fr\\\/en\\\/homepage\\\/\"},{\"@type\":\"ListItem\",\"position\":2,\"name\":\"Online Store\",\"item\":\"https:\\\/\\\/chakshu.fr\\\/en\\\/shop\\\/\"},{\"@type\":\"ListItem\",\"position\":3,\"name\":\"Dodecahedron vial necklace\"}]},{\"@type\":\"WebSite\",\"@id\":\"https:\\\/\\\/chakshu.fr\\\/en\\\/#website\",\"url\":\"https:\\\/\\\/chakshu.fr\\\/en\\\/\",\"name\":\"Chakshu\",\"description\":\"Bijoux ethniques modernes\",\"potentialAction\":[{\"@type\":\"SearchAction\",\"target\":{\"@type\":\"EntryPoint\",\"urlTemplate\":\"https:\\\/\\\/chakshu.fr\\\/en\\\/?s={search_term_string}\"},\"query-input\":{\"@type\":\"PropertyValueSpecification\",\"valueRequired\":true,\"valueName\":\"search_term_string\"}}],\"inLanguage\":\"en-US\"}]}<\/script>\n<!-- \/ Yoast SEO plugin. -->","yoast_head_json":{"title":"Dodecahedron vial necklace - Chakshu","robots":{"index":"index","follow":"follow","max-snippet":"max-snippet:-1","max-image-preview":"max-image-preview:large","max-video-preview":"max-video-preview:-1"},"canonical":"https:\/\/chakshu.fr\/en\/produit\/dodecahedron-vial-necklace\/","og_locale":"en_US","og_type":"article","og_title":"Dodecahedron vial necklace - Chakshu","og_description":"The Dodecahedron collection represents the sacred geometry of the soul. A mysterious figure among Plato's solids, the dodecahedron embodies cosmic harmony. Composed of 12 pentagonal faces, it's linked to the ether, that subtle element that we can't see but which connects everything. It symbolizes the universe, the invisible, the very essence of consciousness.  To wear a dodecahedron is to connect with the sacred geometry of life. It activates an inner compass that helps align thoughts, emotions and actions in a clearer, higher vibration. This talisman invites us to step back and perceive situations with perspective, intuition and clarity. It reconnects us with that which is beyond us, while powerfully anchoring our own presence in the world.  And that's not all: this dodecahedron is also a secret vial, a precious case in which to slip a drop of perfume, a grain of salt, an intention, a love elixir or a wish whispered to the universe. A jewel for those who walk with the invisible at their side, who feel the need for order in chaos, beauty in balance, and meaning in their path. A talisman to remind us that, even in the blur, there is a secret architecture at the service of our expansion. Pendant in 24-carat gold-plated brass and rose quartz cut in the shape of a dodecahedron. Each stone is hand-cut and dimensions may vary slightly: width 2.2 cm, height 3 cm.  Each piece is handmade. There may be slight variations with the model, which is what makes this piece unique. \u2661","og_url":"https:\/\/chakshu.fr\/en\/produit\/dodecahedron-vial-necklace\/","og_site_name":"Chakshu","article_publisher":"https:\/\/www.facebook.com\/chakshucreations\/?locale=fr_FR","og_image":[{"width":1024,"height":1024,"url":"https:\/\/chakshu.fr\/wp-content\/uploads\/2025\/05\/27-1024x1024.png","type":"image\/png"}],"twitter_card":"summary_large_image","schema":{"@context":"https:\/\/schema.org","@graph":[{"@type":"WebPage","@id":"https:\/\/chakshu.fr\/en\/produit\/dodecahedron-vial-necklace\/","url":"https:\/\/chakshu.fr\/en\/produit\/dodecahedron-vial-necklace\/","name":"Dodecahedron vial necklace - Chakshu","isPartOf":{"@id":"https:\/\/chakshu.fr\/en\/#website"},"primaryImageOfPage":{"@id":"https:\/\/chakshu.fr\/en\/produit\/dodecahedron-vial-necklace\/#primaryimage"},"image":{"@id":"https:\/\/chakshu.fr\/en\/produit\/dodecahedron-vial-necklace\/#primaryimage"},"thumbnailUrl":"https:\/\/chakshu.fr\/wp-content\/uploads\/2025\/05\/27.png","datePublished":"2025-05-20T16:26:58+00:00","breadcrumb":{"@id":"https:\/\/chakshu.fr\/en\/produit\/dodecahedron-vial-necklace\/#breadcrumb"},"inLanguage":"en-US","potentialAction":[{"@type":"ReadAction","target":["https:\/\/chakshu.fr\/en\/produit\/dodecahedron-vial-necklace\/"]}]},{"@type":"ImageObject","inLanguage":"en-US","@id":"https:\/\/chakshu.fr\/en\/produit\/dodecahedron-vial-necklace\/#primaryimage","url":"https:\/\/chakshu.fr\/wp-content\/uploads\/2025\/05\/27.png","contentUrl":"https:\/\/chakshu.fr\/wp-content\/uploads\/2025\/05\/27.png","width":1100,"height":1100,"caption":"Collier d\u00e9licat avec pendentif en quartz rose facett\u00e9, mont\u00e9 sur cha\u00eene dor\u00e9e. \u00c9l\u00e9gance florale."},{"@type":"BreadcrumbList","@id":"https:\/\/chakshu.fr\/en\/produit\/dodecahedron-vial-necklace\/#breadcrumb","itemListElement":[{"@type":"ListItem","position":1,"name":"Accueil","item":"https:\/\/chakshu.fr\/en\/homepage\/"},{"@type":"ListItem","position":2,"name":"Online Store","item":"https:\/\/chakshu.fr\/en\/shop\/"},{"@type":"ListItem","position":3,"name":"Dodecahedron vial necklace"}]},{"@type":"WebSite","@id":"https:\/\/chakshu.fr\/en\/#website","url":"https:\/\/chakshu.fr\/en\/","name":"Chakshu","description":"Bijoux ethniques modernes","potentialAction":[{"@type":"SearchAction","target":{"@type":"EntryPoint","urlTemplate":"https:\/\/chakshu.fr\/en\/?s={search_term_string}"},"query-input":{"@type":"PropertyValueSpecification","valueRequired":true,"valueName":"search_term_string"}}],"inLanguage":"en-US"}]}},"_links":{"self":[{"href":"https:\/\/chakshu.fr\/en\/wp-json\/wp\/v2\/product\/24854","targetHints":{"allow":["GET"]}}],"collection":[{"href":"https:\/\/chakshu.fr\/en\/wp-json\/wp\/v2\/product"}],"about":[{"href":"https:\/\/chakshu.fr\/en\/wp-json\/wp\/v2\/types\/product"}],"replies":[{"embeddable":true,"href":"https:\/\/chakshu.fr\/en\/wp-json\/wp\/v2\/comments?post=24854"}],"wp:featuredmedia":[{"embeddable":true,"href":"https:\/\/chakshu.fr\/en\/wp-json\/wp\/v2\/media\/23819"}],"wp:attachment":[{"href":"https:\/\/chakshu.fr\/en\/wp-json\/wp\/v2\/media?parent=24854"}],"wp:term":[{"taxonomy":"product_brand","embeddable":true,"href":"https:\/\/chakshu.fr\/en\/wp-json\/wp\/v2\/product_brand?post=24854"},{"taxonomy":"product_cat","embeddable":true,"href":"https:\/\/chakshu.fr\/en\/wp-json\/wp\/v2\/product_cat?post=24854"},{"taxonomy":"product_tag","embeddable":true,"href":"https:\/\/chakshu.fr\/en\/wp-json\/wp\/v2\/product_tag?post=24854"}],"curies":[{"name":"wp","href":"https:\/\/api.w.org\/{rel}","templated":true}]}}